{"id":35161,"date":"2026-05-11T11:53:37","date_gmt":"2026-05-11T16:53:37","guid":{"rendered":"https:\/\/upec.edu.ec\/?page_id=35161"},"modified":"2026-05-11T12:13:06","modified_gmt":"2026-05-11T17:13:06","slug":"boletin-012-2026","status":"publish","type":"page","link":"https:\/\/upec.edu.ec\/index.php\/boletin-012-2026\/","title":{"rendered":"Bolet\u00edn 012 2026"},"content":{"rendered":"\t\t<div data-elementor-type=\"wp-page\" data-elementor-id=\"35161\" class=\"elementor elementor-35161\">\n\t\t\t\t\t\t<section class=\"elementor-section elementor-top-section elementor-element elementor-element-86c772d elementor-section-full_width elementor-section-height-min-height elementor-section-items-top elementor-section-height-default\" data-id=\"86c772d\" data-element_type=\"section\">\n\t\t\t\t\t\t<div class=\"elementor-container elementor-column-gap-no\">\n\t\t\t\t\t<div class=\"elementor-column elementor-col-100 elementor-top-column elementor-element elementor-element-6caf56e\" data-id=\"6caf56e\" data-element_type=\"column\">\n\t\t\t<div class=\"elementor-widget-wrap elementor-element-populated\">\n\t\t\t\t\t\t<div class=\"elementor-element elementor-element-9fe77fd elementor-widget__width-auto elementor-widget elementor-widget-heading\" data-id=\"9fe77fd\" data-element_type=\"widget\" data-widget_type=\"heading.default\">\n\t\t\t\t<div class=\"elementor-widget-container\">\n\t\t\t\t\t<h2 class=\"elementor-heading-title elementor-size-default\">ESTUDIANTES DE LA UPEC OBTIENEN DOS PRIMEROS LUGARES EN ENCUENTRO BINACIONAL REDEC 2026 REALIZADO EN COLOMBIA<\/h2>\t\t\t\t<\/div>\n\t\t\t\t<\/div>\n\t\t\t\t<div class=\"elementor-element elementor-element-6256772 elementor-widget elementor-widget-heading\" data-id=\"6256772\" data-element_type=\"widget\" data-widget_type=\"heading.default\">\n\t\t\t\t<div class=\"elementor-widget-container\">\n\t\t\t\t\t<h2 class=\"elementor-heading-title elementor-size-default\">Estudiantes de la Universidad Polit\u00e9cnica Estatal del Carchi (UPEC) participaron en el VI Encuentro Binacional de Estudiantes Destacados de Administraci\u00f3n de Empresas y Carreras Afines REDEC 2026 \u201cIn Omnia Paratus\u201d, desarrollado del 27 al 30 de abril en la Universidad CESMAG, en la ciudad de Pasto, Colombia.<br><br>\n\nEl encuentro acad\u00e9mico reuni\u00f3 a delegaciones universitarias de Ecuador y Colombia en un espacio orientado al desarrollo de competencias estrat\u00e9gicas, innovaci\u00f3n y an\u00e1lisis empresarial, donde los participantes enfrentaron escenarios reales del \u00e1mbito corporativo mediante la resoluci\u00f3n de retos empresariales.<br><br>\n\nEn esta edici\u00f3n, el desaf\u00edo principal se desarroll\u00f3 en alianza con la empresa KLIN \u2013 Productos de Aseo, planteando a los estudiantes la necesidad de dise\u00f1ar propuestas innovadoras y aplicables para la soluci\u00f3n de problem\u00e1ticas empresariales reales, incorporando herramientas de Inteligencia Artificial, transformaci\u00f3n digital y automatizaci\u00f3n de procesos.<br><br>\n\nDurante las jornadas acad\u00e9micas se desarrollaron conferencias magistrales enfocadas en aplicaciones pr\u00e1cticas de Inteligencia Artificial en administraci\u00f3n empresarial, herramientas tecnol\u00f3gicas para la toma de decisiones estrat\u00e9gicas y procesos de innovaci\u00f3n digital. Asimismo, los estudiantes participaron en actividades de an\u00e1lisis colaborativo, identificaci\u00f3n de variables cr\u00edticas, sesiones de brainstorming y presentaci\u00f3n formal de propuestas frente a jurados especializados.<br><br>\n\nComo resultado del trabajo desarrollado, estudiantes de la UPEC obtuvieron dos primeros lugares en diferentes categor\u00edas, gracias a la pertinencia, creatividad, innovaci\u00f3n y adaptabilidad de las propuestas presentadas frente al reto empresarial planteado.<br><br>\n\nLa participaci\u00f3n institucional evidenci\u00f3 el nivel acad\u00e9mico y competitivo de los estudiantes de la UPEC, quienes demostraron capacidades para generar soluciones estrat\u00e9gicas orientadas a escenarios reales de gesti\u00f3n empresarial. <br><br><\/h2>\t\t\t\t<\/div>\n\t\t\t\t<\/div>\n\t\t\t\t\t<\/div>\n\t\t<\/div>\n\t\t\t\t\t<\/div>\n\t\t<\/section>\n\t\t\t\t<section class=\"elementor-section elementor-top-section elementor-element elementor-element-2cd4369 elementor-section-full_width elementor-section-height-min-height elementor-section-items-top elementor-section-height-default\" data-id=\"2cd4369\" data-element_type=\"section\">\n\t\t\t\t\t\t<div class=\"elementor-container elementor-column-gap-no\">\n\t\t\t\t\t<div class=\"elementor-column elementor-col-100 elementor-top-column elementor-element elementor-element-a7fd849\" data-id=\"a7fd849\" data-element_type=\"column\">\n\t\t\t<div class=\"elementor-widget-wrap elementor-element-populated\">\n\t\t\t\t\t\t<div class=\"elementor-element elementor-element-d6101c1 elementor-widget__width-initial elementor-widget elementor-widget-image\" data-id=\"d6101c1\" data-element_type=\"widget\" data-widget_type=\"image.default\">\n\t\t\t\t<div class=\"elementor-widget-container\">\n\t\t\t\t\t\t\t\t\t\t\t\t\t\t\t<img fetchpriority=\"high\" decoding=\"async\" width=\"2048\" height=\"1365\" src=\"https:\/\/upec.edu.ec\/wp-content\/uploads\/2026\/05\/boletin_12_01_2026_portada.jpg\" class=\"attachment-full size-full wp-image-35165\" alt=\"\" srcset=\"https:\/\/upec.edu.ec\/wp-content\/uploads\/2026\/05\/boletin_12_01_2026_portada.jpg 2048w, https:\/\/upec.edu.ec\/wp-content\/uploads\/2026\/05\/boletin_12_01_2026_portada-300x200.jpg 300w, https:\/\/upec.edu.ec\/wp-content\/uploads\/2026\/05\/boletin_12_01_2026_portada-1024x683.jpg 1024w, https:\/\/upec.edu.ec\/wp-content\/uploads\/2026\/05\/boletin_12_01_2026_portada-768x512.jpg 768w, https:\/\/upec.edu.ec\/wp-content\/uploads\/2026\/05\/boletin_12_01_2026_portada-1536x1024.jpg 1536w, https:\/\/upec.edu.ec\/wp-content\/uploads\/2026\/05\/boletin_12_01_2026_portada-600x400.jpg 600w\" sizes=\"(max-width: 2048px) 100vw, 2048px\" \/>\t\t\t\t\t\t\t\t\t\t\t\t\t\t\t<\/div>\n\t\t\t\t<\/div>\n\t\t\t\t<div class=\"elementor-element elementor-element-4b172a4 elementor-widget__width-initial elementor-widget elementor-widget-image\" data-id=\"4b172a4\" data-element_type=\"widget\" data-widget_type=\"image.default\">\n\t\t\t\t<div class=\"elementor-widget-container\">\n\t\t\t\t\t\t\t\t\t\t\t\t\t\t\t<img decoding=\"async\" width=\"2560\" height=\"1440\" src=\"https:\/\/upec.edu.ec\/wp-content\/uploads\/2026\/05\/boletin_12_02_2026-scaled.jpg\" class=\"attachment-full size-full wp-image-35163\" alt=\"\" srcset=\"https:\/\/upec.edu.ec\/wp-content\/uploads\/2026\/05\/boletin_12_02_2026-scaled.jpg 2560w, https:\/\/upec.edu.ec\/wp-content\/uploads\/2026\/05\/boletin_12_02_2026-300x169.jpg 300w, https:\/\/upec.edu.ec\/wp-content\/uploads\/2026\/05\/boletin_12_02_2026-1024x576.jpg 1024w, https:\/\/upec.edu.ec\/wp-content\/uploads\/2026\/05\/boletin_12_02_2026-768x432.jpg 768w, https:\/\/upec.edu.ec\/wp-content\/uploads\/2026\/05\/boletin_12_02_2026-1536x864.jpg 1536w, https:\/\/upec.edu.ec\/wp-content\/uploads\/2026\/05\/boletin_12_02_2026-2048x1152.jpg 2048w, https:\/\/upec.edu.ec\/wp-content\/uploads\/2026\/05\/boletin_12_02_2026-600x338.jpg 600w\" sizes=\"(max-width: 2560px) 100vw, 2560px\" \/>\t\t\t\t\t\t\t\t\t\t\t\t\t\t\t<\/div>\n\t\t\t\t<\/div>\n\t\t\t\t<div class=\"elementor-element elementor-element-a59b7d3 elementor-widget__width-initial elementor-widget elementor-widget-image\" data-id=\"a59b7d3\" data-element_type=\"widget\" data-widget_type=\"image.default\">\n\t\t\t\t<div class=\"elementor-widget-container\">\n\t\t\t\t\t\t\t\t\t\t\t\t\t\t\t<img decoding=\"async\" width=\"2533\" height=\"1425\" src=\"https:\/\/upec.edu.ec\/wp-content\/uploads\/2026\/05\/boletin_12_03_2026.jpg\" class=\"attachment-full size-full wp-image-35164\" alt=\"\" srcset=\"https:\/\/upec.edu.ec\/wp-content\/uploads\/2026\/05\/boletin_12_03_2026.jpg 2533w, https:\/\/upec.edu.ec\/wp-content\/uploads\/2026\/05\/boletin_12_03_2026-300x169.jpg 300w, https:\/\/upec.edu.ec\/wp-content\/uploads\/2026\/05\/boletin_12_03_2026-1024x576.jpg 1024w, https:\/\/upec.edu.ec\/wp-content\/uploads\/2026\/05\/boletin_12_03_2026-768x432.jpg 768w, https:\/\/upec.edu.ec\/wp-content\/uploads\/2026\/05\/boletin_12_03_2026-1536x864.jpg 1536w, https:\/\/upec.edu.ec\/wp-content\/uploads\/2026\/05\/boletin_12_03_2026-2048x1152.jpg 2048w, https:\/\/upec.edu.ec\/wp-content\/uploads\/2026\/05\/boletin_12_03_2026-600x338.jpg 600w\" sizes=\"(max-width: 2533px) 100vw, 2533px\" \/>\t\t\t\t\t\t\t\t\t\t\t\t\t\t\t<\/div>\n\t\t\t\t<\/div>\n\t\t\t\t\t<\/div>\n\t\t<\/div>\n\t\t\t\t\t<\/div>\n\t\t<\/section>\n\t\t\t\t<section class=\"elementor-section elementor-top-section elementor-element elementor-element-b1f7cd2 elementor-section-full_width elementor-section-height-min-height elementor-section-items-top elementor-section-height-default\" data-id=\"b1f7cd2\" data-element_type=\"section\">\n\t\t\t\t\t\t<div class=\"elementor-container elementor-column-gap-no\">\n\t\t\t\t\t<div class=\"elementor-column elementor-col-100 elementor-top-column elementor-element elementor-element-2b2b894\" data-id=\"2b2b894\" data-element_type=\"column\">\n\t\t\t<div class=\"elementor-widget-wrap elementor-element-populated\">\n\t\t\t\t\t\t<div class=\"elementor-element elementor-element-e6cd8cf elementor-widget elementor-widget-text-editor\" data-id=\"e6cd8cf\" data-element_type=\"widget\" data-widget_type=\"text-editor.default\">\n\t\t\t\t<div class=\"elementor-widget-container\">\n\t\t\t\t\t\t\t\t\t<p style=\"text-align: center;\"><span style=\"color: #999999;\"><strong>Pie de foto:<\/strong> <span data-olk-copy-source=\"MessageBody\">Esta participaci\u00f3n en espacios acad\u00e9micos internacionales evidencia la formaci\u00f3n de profesionales capaces de responder a los desaf\u00edos actuales del sector empresarial mediante la innovaci\u00f3n y el uso de tecnolog\u00edas emergentes.<\/span><\/span><\/p><p><!--StartFragment--><!--EndFragment--><\/p>\t\t\t\t\t\t\t\t<\/div>\n\t\t\t\t<\/div>\n\t\t\t\t\t<\/div>\n\t\t<\/div>\n\t\t\t\t\t<\/div>\n\t\t<\/section>\n\t\t\t\t<section class=\"elementor-section elementor-top-section elementor-element elementor-element-3d0f6cb elementor-section-boxed elementor-section-height-default elementor-section-height-default\" data-id=\"3d0f6cb\" data-element_type=\"section\">\n\t\t\t\t\t\t<div class=\"elementor-container elementor-column-gap-default\">\n\t\t\t\t\t<div class=\"elementor-column elementor-col-100 elementor-top-column elementor-element elementor-element-ae879ca\" data-id=\"ae879ca\" data-element_type=\"column\">\n\t\t\t<div class=\"elementor-widget-wrap\">\n\t\t\t\t\t\t\t<\/div>\n\t\t<\/div>\n\t\t\t\t\t<\/div>\n\t\t<\/section>\n\t\t\t\t<\/div>\n\t\t","protected":false},"excerpt":{"rendered":"<p>ESTUDIANTES DE LA UPEC OBTIENEN DOS PRIMEROS LUGARES EN ENCUENTRO BINACIONAL REDEC 2026 REALIZADO EN COLOMBIA Estudiantes de la Universidad Polit\u00e9cnica Estatal del Carchi (UPEC) participaron en el VI Encuentro Binacional de Estudiantes Destacados de Administraci\u00f3n de Empresas y Carreras Afines REDEC 2026 \u201cIn Omnia Paratus\u201d, desarrollado del 27 al 30 de abril en la [&hellip;]<\/p>\n","protected":false},"author":2,"featured_media":0,"parent":0,"menu_order":0,"comment_status":"closed","ping_status":"closed","template":"","meta":{"site-sidebar-layout":"default","site-content-layout":"","ast-site-content-layout":"default","site-content-style":"default","site-sidebar-style":"default","ast-global-header-display":"","ast-banner-title-visibility":"","ast-main-header-display":"","ast-hfb-above-header-display":"","ast-hfb-below-header-display":"","ast-hfb-mobile-header-display":"","site-post-title":"disabled","ast-breadcrumbs-content":"","ast-featured-img":"","footer-sml-layout":"","theme-transparent-header-meta":"","adv-header-id-meta":"","stick-header-meta":"","header-above-stick-meta":"","header-main-stick-meta":"","header-below-stick-meta":"","astra-migrate-meta-layouts":"set","ast-page-background-enabled":"default","ast-page-background-meta":{"desktop":{"background-color":"var(--ast-global-color-4)","background-image":"","background-repeat":"repeat","background-position":"center center","background-size":"auto","background-attachment":"scroll","background-type":"","background-media":"","overlay-type":"","overlay-color":"","overlay-opacity":"","overlay-gradient":""},"tablet":{"background-color":"","background-image":"","background-repeat":"repeat","background-position":"center center","background-size":"auto","background-attachment":"scroll","background-type":"","background-media":"","overlay-type":"","overlay-color":"","overlay-opacity":"","overlay-gradient":""},"mobile":{"background-color":"","background-image":"","background-repeat":"repeat","background-position":"center center","background-size":"auto","background-attachment":"scroll","background-type":"","background-media":"","overlay-type":"","overlay-color":"","overlay-opacity":"","overlay-gradient":""}},"ast-content-background-meta":{"desktop":{"background-color":"var(--ast-global-color-5)","background-image":"","background-repeat":"repeat","background-position":"center center","background-size":"auto","background-attachment":"scroll","background-type":"","background-media":"","overlay-type":"","overlay-color":"","overlay-opacity":"","overlay-gradient":""},"tablet":{"background-color":"var(--ast-global-color-5)","background-image":"","background-repeat":"repeat","background-position":"center center","background-size":"auto","background-attachment":"scroll","background-type":"","background-media":"","overlay-type":"","overlay-color":"","overlay-opacity":"","overlay-gradient":""},"mobile":{"background-color":"var(--ast-global-color-5)","background-image":"","background-repeat":"repeat","background-position":"center center","background-size":"auto","background-attachment":"scroll","background-type":"","background-media":"","overlay-type":"","overlay-color":"","overlay-opacity":"","overlay-gradient":""}},"footnotes":""},"class_list":["post-35161","page","type-page","status-publish","hentry"],"_links":{"self":[{"href":"https:\/\/upec.edu.ec\/index.php\/wp-json\/wp\/v2\/pages\/35161","targetHints":{"allow":["GET"]}}],"collection":[{"href":"https:\/\/upec.edu.ec\/index.php\/wp-json\/wp\/v2\/pages"}],"about":[{"href":"https:\/\/upec.edu.ec\/index.php\/wp-json\/wp\/v2\/types\/page"}],"author":[{"embeddable":true,"href":"https:\/\/upec.edu.ec\/index.php\/wp-json\/wp\/v2\/users\/2"}],"replies":[{"embeddable":true,"href":"https:\/\/upec.edu.ec\/index.php\/wp-json\/wp\/v2\/comments?post=35161"}],"version-history":[{"count":10,"href":"https:\/\/upec.edu.ec\/index.php\/wp-json\/wp\/v2\/pages\/35161\/revisions"}],"predecessor-version":[{"id":35175,"href":"https:\/\/upec.edu.ec\/index.php\/wp-json\/wp\/v2\/pages\/35161\/revisions\/35175"}],"wp:attachment":[{"href":"https:\/\/upec.edu.ec\/index.php\/wp-json\/wp\/v2\/media?parent=35161"}],"curies":[{"name":"wp","href":"https:\/\/api.w.org\/{rel}","templated":true}]}}