{"id":35130,"date":"2026-05-08T16:59:31","date_gmt":"2026-05-08T21:59:31","guid":{"rendered":"https:\/\/upec.edu.ec\/?page_id=35130"},"modified":"2026-05-08T17:07:28","modified_gmt":"2026-05-08T22:07:28","slug":"boletin-011-2026","status":"publish","type":"page","link":"https:\/\/upec.edu.ec\/index.php\/boletin-011-2026\/","title":{"rendered":"Bolet\u00edn 011 2026"},"content":{"rendered":"\t\t<div data-elementor-type=\"wp-page\" data-elementor-id=\"35130\" class=\"elementor elementor-35130\">\n\t\t\t\t\t\t<section class=\"elementor-section elementor-top-section elementor-element elementor-element-86c772d elementor-section-full_width elementor-section-height-min-height elementor-section-items-top elementor-section-height-default\" data-id=\"86c772d\" data-element_type=\"section\">\n\t\t\t\t\t\t<div class=\"elementor-container elementor-column-gap-no\">\n\t\t\t\t\t<div class=\"elementor-column elementor-col-100 elementor-top-column elementor-element elementor-element-6caf56e\" data-id=\"6caf56e\" data-element_type=\"column\">\n\t\t\t<div class=\"elementor-widget-wrap elementor-element-populated\">\n\t\t\t\t\t\t<div class=\"elementor-element elementor-element-9fe77fd elementor-widget__width-auto elementor-widget elementor-widget-heading\" data-id=\"9fe77fd\" data-element_type=\"widget\" data-widget_type=\"heading.default\">\n\t\t\t\t<div class=\"elementor-widget-container\">\n\t\t\t\t\t<h2 class=\"elementor-heading-title elementor-size-default\">UPEC FORTALECE SU INTERNACIONALIZACI\u00d3N A TRAV\u00c9S DE MOVILIDAD ACAD\u00c9MICA EN ESPA\u00d1A<\/h2>\t\t\t\t<\/div>\n\t\t\t\t<\/div>\n\t\t\t\t<div class=\"elementor-element elementor-element-6256772 elementor-widget elementor-widget-heading\" data-id=\"6256772\" data-element_type=\"widget\" data-widget_type=\"heading.default\">\n\t\t\t\t<div class=\"elementor-widget-container\">\n\t\t\t\t\t<h2 class=\"elementor-heading-title elementor-size-default\">La Universidad Polit\u00e9cnica Estatal del Carchi (UPEC), a trav\u00e9s de la carrera de Turismo, desarroll\u00f3 una destacada agenda acad\u00e9mica internacional en el marco del programa Erasmus+ KA171, en colaboraci\u00f3n con la Universidad de Girona, Espa\u00f1a, entre el 14 y el 30 de abril de 2026.<br><br>\n\nEsta movilidad acad\u00e9mica permiti\u00f3 consolidar los procesos de cooperaci\u00f3n internacional, intercambio docente e investigaci\u00f3n, enfocados en \u00e1reas estrat\u00e9gicas como turismo sostenible, patrimonio cultural, innovaci\u00f3n tecnol\u00f3gica y gesti\u00f3n territorial. Durante la estancia, se llevaron a cabo diversas salidas de campo acad\u00e9micas, orientadas al an\u00e1lisis de modelos europeos de gesti\u00f3n del patrimonio, planificaci\u00f3n urbana y din\u00e1micas transfronterizas, identificando experiencias aplicables al contexto ecuatoriano y, especialmente, a la provincia del Carchi.<br><br>\n\nEn el \u00e1mbito acad\u00e9mico, los docentes de la UPEC Jaime Iturralde y Dennys Bola\u00f1os participaron como profesores invitados en distintas asignaturas de la Universidad de Girona, donde impartieron clases y conferencias en ingl\u00e9s y castellano sobre gesti\u00f3n tur\u00edstica del patrimonio cultural, sostenibilidad e inteligencia artificial aplicada al turismo. Estas actividades promovieron el intercambio de conocimientos y el fortalecimiento del di\u00e1logo intercultural.<br><br>\n\nAdem\u00e1s, como parte de la agenda, se desarrollaron reuniones institucionales y sesiones de trabajo con investigadores, doctorandos y grupos de investigaci\u00f3n especializados en turismo, lo que permiti\u00f3 establecer v\u00ednculos estrat\u00e9gicos para futuras movilidades, proyectos conjuntos y publicaciones cient\u00edficas internacionales.<br><br>\n\nEl director de la carrera de Turismo, Jaime Iturralde, destac\u00f3 la importancia de esta experiencia para el fortalecimiento acad\u00e9mico: \u201cEsta movilidad ha sido una oportunidad clave para intercambiar conocimientos, conocer de cerca modelos exitosos de gesti\u00f3n tur\u00edstica en Europa y proyectar a la UPEC en escenarios internacionales\u201d.<br><br>\n\nPor su parte, el docente Dennys Bola\u00f1os resalt\u00f3 el impacto del intercambio acad\u00e9mico: \u201cLa experiencia en la Universidad de Girona nos permiti\u00f3 compartir nuestras perspectivas, pero tambi\u00e9n aprender de otras realidades. Las reuniones con investigadores y grupos acad\u00e9micos abren puertas para futuras investigaciones y fortalecen la internacionalizaci\u00f3n de nuestra carrera\u201d. <br><br>\n\nLa movilidad acad\u00e9mica concluy\u00f3 con la sistematizaci\u00f3n de aprendizajes y la socializaci\u00f3n preliminar de resultados con la comunidad acad\u00e9mica de la UPEC, contribuyendo al fortalecimiento institucional y consolidando la proyecci\u00f3n internacional de la carrera de Turismo. Promoviendo espacios que enriquecen la formaci\u00f3n profesional y aportan al desarrollo sostenible del territorio.<\/h2>\t\t\t\t<\/div>\n\t\t\t\t<\/div>\n\t\t\t\t\t<\/div>\n\t\t<\/div>\n\t\t\t\t\t<\/div>\n\t\t<\/section>\n\t\t\t\t<section class=\"elementor-section elementor-top-section elementor-element elementor-element-2cd4369 elementor-section-full_width elementor-section-height-min-height elementor-section-items-top elementor-section-height-default\" data-id=\"2cd4369\" data-element_type=\"section\">\n\t\t\t\t\t\t<div class=\"elementor-container elementor-column-gap-no\">\n\t\t\t\t\t<div class=\"elementor-column elementor-col-100 elementor-top-column elementor-element elementor-element-a7fd849\" data-id=\"a7fd849\" data-element_type=\"column\">\n\t\t\t<div class=\"elementor-widget-wrap elementor-element-populated\">\n\t\t\t\t\t\t<div class=\"elementor-element elementor-element-d6101c1 elementor-widget__width-initial elementor-widget elementor-widget-image\" data-id=\"d6101c1\" data-element_type=\"widget\" data-widget_type=\"image.default\">\n\t\t\t\t<div class=\"elementor-widget-container\">\n\t\t\t\t\t\t\t\t\t\t\t\t\t\t\t<img fetchpriority=\"high\" decoding=\"async\" width=\"1280\" height=\"720\" src=\"https:\/\/upec.edu.ec\/wp-content\/uploads\/2026\/05\/boletin_11_01_2026.jpeg\" class=\"attachment-full size-full wp-image-35126\" alt=\"\" srcset=\"https:\/\/upec.edu.ec\/wp-content\/uploads\/2026\/05\/boletin_11_01_2026.jpeg 1280w, https:\/\/upec.edu.ec\/wp-content\/uploads\/2026\/05\/boletin_11_01_2026-300x169.jpeg 300w, https:\/\/upec.edu.ec\/wp-content\/uploads\/2026\/05\/boletin_11_01_2026-1024x576.jpeg 1024w, https:\/\/upec.edu.ec\/wp-content\/uploads\/2026\/05\/boletin_11_01_2026-768x432.jpeg 768w, https:\/\/upec.edu.ec\/wp-content\/uploads\/2026\/05\/boletin_11_01_2026-600x338.jpeg 600w\" sizes=\"(max-width: 1280px) 100vw, 1280px\" \/>\t\t\t\t\t\t\t\t\t\t\t\t\t\t\t<\/div>\n\t\t\t\t<\/div>\n\t\t\t\t<div class=\"elementor-element elementor-element-4b172a4 elementor-widget__width-initial elementor-widget elementor-widget-image\" data-id=\"4b172a4\" data-element_type=\"widget\" data-widget_type=\"image.default\">\n\t\t\t\t<div class=\"elementor-widget-container\">\n\t\t\t\t\t\t\t\t\t\t\t\t\t\t\t<img decoding=\"async\" width=\"2048\" height=\"1365\" src=\"https:\/\/upec.edu.ec\/wp-content\/uploads\/2026\/05\/boletin_11_02_2026.jpg\" class=\"attachment-full size-full wp-image-35127\" alt=\"\" srcset=\"https:\/\/upec.edu.ec\/wp-content\/uploads\/2026\/05\/boletin_11_02_2026.jpg 2048w, https:\/\/upec.edu.ec\/wp-content\/uploads\/2026\/05\/boletin_11_02_2026-300x200.jpg 300w, https:\/\/upec.edu.ec\/wp-content\/uploads\/2026\/05\/boletin_11_02_2026-1024x683.jpg 1024w, https:\/\/upec.edu.ec\/wp-content\/uploads\/2026\/05\/boletin_11_02_2026-768x512.jpg 768w, https:\/\/upec.edu.ec\/wp-content\/uploads\/2026\/05\/boletin_11_02_2026-1536x1024.jpg 1536w, https:\/\/upec.edu.ec\/wp-content\/uploads\/2026\/05\/boletin_11_02_2026-600x400.jpg 600w\" sizes=\"(max-width: 2048px) 100vw, 2048px\" \/>\t\t\t\t\t\t\t\t\t\t\t\t\t\t\t<\/div>\n\t\t\t\t<\/div>\n\t\t\t\t<div class=\"elementor-element elementor-element-a59b7d3 elementor-widget__width-initial elementor-widget elementor-widget-image\" data-id=\"a59b7d3\" data-element_type=\"widget\" data-widget_type=\"image.default\">\n\t\t\t\t<div class=\"elementor-widget-container\">\n\t\t\t\t\t\t\t\t\t\t\t\t\t\t\t<img decoding=\"async\" width=\"2560\" height=\"1773\" src=\"https:\/\/upec.edu.ec\/wp-content\/uploads\/2026\/05\/boletin_11_03_2026-scaled.jpg\" class=\"attachment-full size-full wp-image-35128\" alt=\"\" srcset=\"https:\/\/upec.edu.ec\/wp-content\/uploads\/2026\/05\/boletin_11_03_2026-scaled.jpg 2560w, https:\/\/upec.edu.ec\/wp-content\/uploads\/2026\/05\/boletin_11_03_2026-300x208.jpg 300w, https:\/\/upec.edu.ec\/wp-content\/uploads\/2026\/05\/boletin_11_03_2026-1024x709.jpg 1024w, https:\/\/upec.edu.ec\/wp-content\/uploads\/2026\/05\/boletin_11_03_2026-768x532.jpg 768w, https:\/\/upec.edu.ec\/wp-content\/uploads\/2026\/05\/boletin_11_03_2026-1536x1064.jpg 1536w, https:\/\/upec.edu.ec\/wp-content\/uploads\/2026\/05\/boletin_11_03_2026-2048x1418.jpg 2048w, https:\/\/upec.edu.ec\/wp-content\/uploads\/2026\/05\/boletin_11_03_2026-600x415.jpg 600w\" sizes=\"(max-width: 2560px) 100vw, 2560px\" \/>\t\t\t\t\t\t\t\t\t\t\t\t\t\t\t<\/div>\n\t\t\t\t<\/div>\n\t\t\t\t<div class=\"elementor-element elementor-element-8f070c2 elementor-widget__width-initial elementor-widget elementor-widget-image\" data-id=\"8f070c2\" data-element_type=\"widget\" data-widget_type=\"image.default\">\n\t\t\t\t<div class=\"elementor-widget-container\">\n\t\t\t\t\t\t\t\t\t\t\t\t\t\t\t<img loading=\"lazy\" decoding=\"async\" width=\"2560\" height=\"1920\" src=\"https:\/\/upec.edu.ec\/wp-content\/uploads\/2026\/05\/boletin_11_04_2026-scaled.jpg\" class=\"attachment-full size-full wp-image-35129\" alt=\"\" srcset=\"https:\/\/upec.edu.ec\/wp-content\/uploads\/2026\/05\/boletin_11_04_2026-scaled.jpg 2560w, https:\/\/upec.edu.ec\/wp-content\/uploads\/2026\/05\/boletin_11_04_2026-300x225.jpg 300w, https:\/\/upec.edu.ec\/wp-content\/uploads\/2026\/05\/boletin_11_04_2026-1024x768.jpg 1024w, https:\/\/upec.edu.ec\/wp-content\/uploads\/2026\/05\/boletin_11_04_2026-768x576.jpg 768w, https:\/\/upec.edu.ec\/wp-content\/uploads\/2026\/05\/boletin_11_04_2026-1536x1152.jpg 1536w, https:\/\/upec.edu.ec\/wp-content\/uploads\/2026\/05\/boletin_11_04_2026-2048x1536.jpg 2048w, https:\/\/upec.edu.ec\/wp-content\/uploads\/2026\/05\/boletin_11_04_2026-600x450.jpg 600w\" sizes=\"(max-width: 2560px) 100vw, 2560px\" \/>\t\t\t\t\t\t\t\t\t\t\t\t\t\t\t<\/div>\n\t\t\t\t<\/div>\n\t\t\t\t\t<\/div>\n\t\t<\/div>\n\t\t\t\t\t<\/div>\n\t\t<\/section>\n\t\t\t\t<section class=\"elementor-section elementor-top-section elementor-element elementor-element-b1f7cd2 elementor-section-full_width elementor-section-height-min-height elementor-section-items-top elementor-section-height-default\" data-id=\"b1f7cd2\" data-element_type=\"section\">\n\t\t\t\t\t\t<div class=\"elementor-container elementor-column-gap-no\">\n\t\t\t\t\t<div class=\"elementor-column elementor-col-100 elementor-top-column elementor-element elementor-element-2b2b894\" data-id=\"2b2b894\" data-element_type=\"column\">\n\t\t\t<div class=\"elementor-widget-wrap elementor-element-populated\">\n\t\t\t\t\t\t<div class=\"elementor-element elementor-element-e6cd8cf elementor-widget elementor-widget-text-editor\" data-id=\"e6cd8cf\" data-element_type=\"widget\" data-widget_type=\"text-editor.default\">\n\t\t\t\t<div class=\"elementor-widget-container\">\n\t\t\t\t\t\t\t\t\t<p style=\"text-align: center;\"><span style=\"color: #999999;\"><strong>Pie de foto:<\/strong> <span data-olk-copy-source=\"MessageBody\">Los docentes de la UPEC Jaime Iturralde y Dennys Bola\u00f1os participaron como profesores invitados en la Universidad de Girona \u2013 Espa\u00f1a.<\/span><\/span><\/p><p><!--StartFragment--><!--EndFragment--><\/p>\t\t\t\t\t\t\t\t<\/div>\n\t\t\t\t<\/div>\n\t\t\t\t\t<\/div>\n\t\t<\/div>\n\t\t\t\t\t<\/div>\n\t\t<\/section>\n\t\t\t\t<section class=\"elementor-section elementor-top-section elementor-element elementor-element-3d0f6cb elementor-section-boxed elementor-section-height-default elementor-section-height-default\" data-id=\"3d0f6cb\" data-element_type=\"section\">\n\t\t\t\t\t\t<div class=\"elementor-container elementor-column-gap-default\">\n\t\t\t\t\t<div class=\"elementor-column elementor-col-100 elementor-top-column elementor-element elementor-element-ae879ca\" data-id=\"ae879ca\" data-element_type=\"column\">\n\t\t\t<div class=\"elementor-widget-wrap\">\n\t\t\t\t\t\t\t<\/div>\n\t\t<\/div>\n\t\t\t\t\t<\/div>\n\t\t<\/section>\n\t\t\t\t<\/div>\n\t\t","protected":false},"excerpt":{"rendered":"<p>UPEC FORTALECE SU INTERNACIONALIZACI\u00d3N A TRAV\u00c9S DE MOVILIDAD ACAD\u00c9MICA EN ESPA\u00d1A La Universidad Polit\u00e9cnica Estatal del Carchi (UPEC), a trav\u00e9s de la carrera de Turismo, desarroll\u00f3 una destacada agenda acad\u00e9mica internacional en el marco del programa Erasmus+ KA171, en colaboraci\u00f3n con la Universidad de Girona, Espa\u00f1a, entre el 14 y el 30 de abril de [&hellip;]<\/p>\n","protected":false},"author":2,"featured_media":0,"parent":0,"menu_order":0,"comment_status":"closed","ping_status":"closed","template":"","meta":{"site-sidebar-layout":"default","site-content-layout":"","ast-site-content-layout":"default","site-content-style":"default","site-sidebar-style":"default","ast-global-header-display":"","ast-banner-title-visibility":"","ast-main-header-display":"","ast-hfb-above-header-display":"","ast-hfb-below-header-display":"","ast-hfb-mobile-header-display":"","site-post-title":"disabled","ast-breadcrumbs-content":"","ast-featured-img":"","footer-sml-layout":"","theme-transparent-header-meta":"","adv-header-id-meta":"","stick-header-meta":"","header-above-stick-meta":"","header-main-stick-meta":"","header-below-stick-meta":"","astra-migrate-meta-layouts":"set","ast-page-background-enabled":"default","ast-page-background-meta":{"desktop":{"background-color":"var(--ast-global-color-4)","background-image":"","background-repeat":"repeat","background-position":"center center","background-size":"auto","background-attachment":"scroll","background-type":"","background-media":"","overlay-type":"","overlay-color":"","overlay-opacity":"","overlay-gradient":""},"tablet":{"background-color":"","background-image":"","background-repeat":"repeat","background-position":"center center","background-size":"auto","background-attachment":"scroll","background-type":"","background-media":"","overlay-type":"","overlay-color":"","overlay-opacity":"","overlay-gradient":""},"mobile":{"background-color":"","background-image":"","background-repeat":"repeat","background-position":"center center","background-size":"auto","background-attachment":"scroll","background-type":"","background-media":"","overlay-type":"","overlay-color":"","overlay-opacity":"","overlay-gradient":""}},"ast-content-background-meta":{"desktop":{"background-color":"var(--ast-global-color-5)","background-image":"","background-repeat":"repeat","background-position":"center center","background-size":"auto","background-attachment":"scroll","background-type":"","background-media":"","overlay-type":"","overlay-color":"","overlay-opacity":"","overlay-gradient":""},"tablet":{"background-color":"var(--ast-global-color-5)","background-image":"","background-repeat":"repeat","background-position":"center center","background-size":"auto","background-attachment":"scroll","background-type":"","background-media":"","overlay-type":"","overlay-color":"","overlay-opacity":"","overlay-gradient":""},"mobile":{"background-color":"var(--ast-global-color-5)","background-image":"","background-repeat":"repeat","background-position":"center center","background-size":"auto","background-attachment":"scroll","background-type":"","background-media":"","overlay-type":"","overlay-color":"","overlay-opacity":"","overlay-gradient":""}},"footnotes":""},"class_list":["post-35130","page","type-page","status-publish","hentry"],"_links":{"self":[{"href":"https:\/\/upec.edu.ec\/index.php\/wp-json\/wp\/v2\/pages\/35130","targetHints":{"allow":["GET"]}}],"collection":[{"href":"https:\/\/upec.edu.ec\/index.php\/wp-json\/wp\/v2\/pages"}],"about":[{"href":"https:\/\/upec.edu.ec\/index.php\/wp-json\/wp\/v2\/types\/page"}],"author":[{"embeddable":true,"href":"https:\/\/upec.edu.ec\/index.php\/wp-json\/wp\/v2\/users\/2"}],"replies":[{"embeddable":true,"href":"https:\/\/upec.edu.ec\/index.php\/wp-json\/wp\/v2\/comments?post=35130"}],"version-history":[{"count":16,"href":"https:\/\/upec.edu.ec\/index.php\/wp-json\/wp\/v2\/pages\/35130\/revisions"}],"predecessor-version":[{"id":35148,"href":"https:\/\/upec.edu.ec\/index.php\/wp-json\/wp\/v2\/pages\/35130\/revisions\/35148"}],"wp:attachment":[{"href":"https:\/\/upec.edu.ec\/index.php\/wp-json\/wp\/v2\/media?parent=35130"}],"curies":[{"name":"wp","href":"https:\/\/api.w.org\/{rel}","templated":true}]}}