{"id":35028,"date":"2026-05-06T14:59:39","date_gmt":"2026-05-06T19:59:39","guid":{"rendered":"https:\/\/upec.edu.ec\/?page_id=35028"},"modified":"2026-05-06T15:11:48","modified_gmt":"2026-05-06T20:11:48","slug":"boletin-010-2026","status":"publish","type":"page","link":"https:\/\/upec.edu.ec\/index.php\/boletin-010-2026\/","title":{"rendered":"Bolet\u00edn 010 2026"},"content":{"rendered":"\t\t<div data-elementor-type=\"wp-page\" data-elementor-id=\"35028\" class=\"elementor elementor-35028\">\n\t\t\t\t\t\t<section class=\"elementor-section elementor-top-section elementor-element elementor-element-86c772d elementor-section-full_width elementor-section-height-min-height elementor-section-items-top elementor-section-height-default\" data-id=\"86c772d\" data-element_type=\"section\">\n\t\t\t\t\t\t<div class=\"elementor-container elementor-column-gap-no\">\n\t\t\t\t\t<div class=\"elementor-column elementor-col-100 elementor-top-column elementor-element elementor-element-6caf56e\" data-id=\"6caf56e\" data-element_type=\"column\">\n\t\t\t<div class=\"elementor-widget-wrap elementor-element-populated\">\n\t\t\t\t\t\t<div class=\"elementor-element elementor-element-9fe77fd elementor-widget__width-auto elementor-widget elementor-widget-heading\" data-id=\"9fe77fd\" data-element_type=\"widget\" data-widget_type=\"heading.default\">\n\t\t\t\t<div class=\"elementor-widget-container\">\n\t\t\t\t\t<h2 class=\"elementor-heading-title elementor-size-default\">JORNADA ELECTORAL EN LA UPEC SE DESARROLLA CON ALTA PARTICIPACI\u00d3N Y PROCLAMACI\u00d3N DE RESULTADOS<\/h2>\t\t\t\t<\/div>\n\t\t\t\t<\/div>\n\t\t\t\t<div class=\"elementor-element elementor-element-6256772 elementor-widget elementor-widget-heading\" data-id=\"6256772\" data-element_type=\"widget\" data-widget_type=\"heading.default\">\n\t\t\t\t<div class=\"elementor-widget-container\">\n\t\t\t\t\t<h2 class=\"elementor-heading-title elementor-size-default\">La Universidad Polit\u00e9cnica Estatal del Carchi (UPEC) cumpli\u00f3 con la jornada electoral este 5 de mayo, en el marco del proceso para la elecci\u00f3n de representantes al Consejo Superior Universitario Polit\u00e9cnico (CSUP), registrando una amplia participaci\u00f3n de la comunidad universitaria y un ambiente de respeto y transparencia.<br><br>\n\nDurante la jornada, 3899 miembros de la comunidad universitaria pertenecientes a los estamentos de docentes, estudiantes, empleados y trabajadores se encontraban empadronados para ejercer su derecho al voto. Una jornada que se desarroll\u00f3 en un ambiente democr\u00e1tico y con amplia participaci\u00f3n activa en la toma de decisiones.<br><br>\n\nDe acuerdo con los resultados, la lista \u00fanica \u201cTodos Hacemos la UPEC\u201d alcanz\u00f3 un respaldo mayoritario en los distintos estamentos, con los siguientes porcentajes: docentes 86,11%, estudiantes 81,67% y empleados y trabajadores 81,89%, reflejando un amplio nivel de aceptaci\u00f3n. <br><br>\n\nEl proceso cont\u00f3 con la veedur\u00eda permanente del Consejo Nacional Electoral, garantizando la transparencia, legalidad y confiabilidad de la jornada electoral. La directora de la Delegaci\u00f3n Provincial Electoral de Carchi, Janneth Ojeda, resalt\u00f3 la organizaci\u00f3n del proceso: \u201cHemos acompa\u00f1ado esta jornada como veedores, constatando que se ha desarrollado con orden, transparencia y apego a la normativa. Felicitamos a la Universidad Polit\u00e9cnica Estatal del Carchi por promover estos espacios democr\u00e1ticos que fortalecen la participaci\u00f3n ciudadana\u201d.<br><br>\n\nPor su parte, la presidenta del Tribunal Electoral de la UPEC, Beatriz Realpe, destac\u00f3 el desarrollo del proceso: \u201cLa jornada electoral se desarroll\u00f3 con total normalidad y una importante participaci\u00f3n de los distintos estamentos universitarios. Este proceso refleja el compromiso de nuestra comunidad con los principios democr\u00e1ticos y el fortalecimiento institucional, respaldado adem\u00e1s por la veedur\u00eda del Consejo Nacional Electoral\u201d.<br><br>\n\nConforme al cronograma electoral, el 6 de mayo se da paso a la presentaci\u00f3n de impugnaciones, el 7 de mayo se emitir\u00e1 la resoluci\u00f3n correspondiente; mientras que el 11 de mayo se realizar\u00e1 la entrega de credenciales a las autoridades electas, con la presencia del Consejo Nacional Electoral, y finalmente, el 15 de mayo se llevar\u00e1 a cabo la posesi\u00f3n oficial.<br><br>\n<\/h2>\t\t\t\t<\/div>\n\t\t\t\t<\/div>\n\t\t\t\t\t<\/div>\n\t\t<\/div>\n\t\t\t\t\t<\/div>\n\t\t<\/section>\n\t\t\t\t<section class=\"elementor-section elementor-top-section elementor-element elementor-element-2cd4369 elementor-section-full_width elementor-section-height-min-height elementor-section-items-top elementor-section-height-default\" data-id=\"2cd4369\" data-element_type=\"section\">\n\t\t\t\t\t\t<div class=\"elementor-container elementor-column-gap-no\">\n\t\t\t\t\t<div class=\"elementor-column elementor-col-100 elementor-top-column elementor-element elementor-element-a7fd849\" data-id=\"a7fd849\" data-element_type=\"column\">\n\t\t\t<div class=\"elementor-widget-wrap elementor-element-populated\">\n\t\t\t\t\t\t<div class=\"elementor-element elementor-element-d6101c1 elementor-widget__width-initial elementor-widget elementor-widget-image\" data-id=\"d6101c1\" data-element_type=\"widget\" data-widget_type=\"image.default\">\n\t\t\t\t<div class=\"elementor-widget-container\">\n\t\t\t\t\t\t\t\t\t\t\t\t\t\t\t<img fetchpriority=\"high\" decoding=\"async\" width=\"1088\" height=\"388\" src=\"https:\/\/upec.edu.ec\/wp-content\/uploads\/2026\/05\/boletin_10_01_2026_portada.jpeg\" class=\"attachment-full size-full wp-image-35038\" alt=\"\" srcset=\"https:\/\/upec.edu.ec\/wp-content\/uploads\/2026\/05\/boletin_10_01_2026_portada.jpeg 1088w, https:\/\/upec.edu.ec\/wp-content\/uploads\/2026\/05\/boletin_10_01_2026_portada-300x107.jpeg 300w, https:\/\/upec.edu.ec\/wp-content\/uploads\/2026\/05\/boletin_10_01_2026_portada-1024x365.jpeg 1024w, https:\/\/upec.edu.ec\/wp-content\/uploads\/2026\/05\/boletin_10_01_2026_portada-768x274.jpeg 768w, https:\/\/upec.edu.ec\/wp-content\/uploads\/2026\/05\/boletin_10_01_2026_portada-600x214.jpeg 600w\" sizes=\"(max-width: 1088px) 100vw, 1088px\" \/>\t\t\t\t\t\t\t\t\t\t\t\t\t\t\t<\/div>\n\t\t\t\t<\/div>\n\t\t\t\t<div class=\"elementor-element elementor-element-4b172a4 elementor-widget__width-initial elementor-widget elementor-widget-image\" data-id=\"4b172a4\" data-element_type=\"widget\" data-widget_type=\"image.default\">\n\t\t\t\t<div class=\"elementor-widget-container\">\n\t\t\t\t\t\t\t\t\t\t\t\t\t\t\t<img decoding=\"async\" width=\"2560\" height=\"1707\" src=\"https:\/\/upec.edu.ec\/wp-content\/uploads\/2026\/05\/boletin_10_01_2026-scaled.jpg\" class=\"attachment-full size-full wp-image-35039\" alt=\"\" srcset=\"https:\/\/upec.edu.ec\/wp-content\/uploads\/2026\/05\/boletin_10_01_2026-scaled.jpg 2560w, https:\/\/upec.edu.ec\/wp-content\/uploads\/2026\/05\/boletin_10_01_2026-300x200.jpg 300w, https:\/\/upec.edu.ec\/wp-content\/uploads\/2026\/05\/boletin_10_01_2026-1024x683.jpg 1024w, https:\/\/upec.edu.ec\/wp-content\/uploads\/2026\/05\/boletin_10_01_2026-768x512.jpg 768w, https:\/\/upec.edu.ec\/wp-content\/uploads\/2026\/05\/boletin_10_01_2026-1536x1024.jpg 1536w, https:\/\/upec.edu.ec\/wp-content\/uploads\/2026\/05\/boletin_10_01_2026-2048x1365.jpg 2048w, https:\/\/upec.edu.ec\/wp-content\/uploads\/2026\/05\/boletin_10_01_2026-600x400.jpg 600w\" sizes=\"(max-width: 2560px) 100vw, 2560px\" \/>\t\t\t\t\t\t\t\t\t\t\t\t\t\t\t<\/div>\n\t\t\t\t<\/div>\n\t\t\t\t<div class=\"elementor-element elementor-element-a59b7d3 elementor-widget__width-initial elementor-widget elementor-widget-image\" data-id=\"a59b7d3\" data-element_type=\"widget\" data-widget_type=\"image.default\">\n\t\t\t\t<div class=\"elementor-widget-container\">\n\t\t\t\t\t\t\t\t\t\t\t\t\t\t\t<img decoding=\"async\" width=\"2560\" height=\"1707\" src=\"https:\/\/upec.edu.ec\/wp-content\/uploads\/2026\/05\/boletin_10_02_2026-scaled.jpg\" class=\"attachment-full size-full wp-image-35040\" alt=\"\" srcset=\"https:\/\/upec.edu.ec\/wp-content\/uploads\/2026\/05\/boletin_10_02_2026-scaled.jpg 2560w, https:\/\/upec.edu.ec\/wp-content\/uploads\/2026\/05\/boletin_10_02_2026-300x200.jpg 300w, https:\/\/upec.edu.ec\/wp-content\/uploads\/2026\/05\/boletin_10_02_2026-1024x683.jpg 1024w, https:\/\/upec.edu.ec\/wp-content\/uploads\/2026\/05\/boletin_10_02_2026-768x512.jpg 768w, https:\/\/upec.edu.ec\/wp-content\/uploads\/2026\/05\/boletin_10_02_2026-1536x1024.jpg 1536w, https:\/\/upec.edu.ec\/wp-content\/uploads\/2026\/05\/boletin_10_02_2026-2048x1365.jpg 2048w, https:\/\/upec.edu.ec\/wp-content\/uploads\/2026\/05\/boletin_10_02_2026-600x400.jpg 600w\" sizes=\"(max-width: 2560px) 100vw, 2560px\" \/>\t\t\t\t\t\t\t\t\t\t\t\t\t\t\t<\/div>\n\t\t\t\t<\/div>\n\t\t\t\t<div class=\"elementor-element elementor-element-8f070c2 elementor-widget__width-initial elementor-widget elementor-widget-image\" data-id=\"8f070c2\" data-element_type=\"widget\" data-widget_type=\"image.default\">\n\t\t\t\t<div class=\"elementor-widget-container\">\n\t\t\t\t\t\t\t\t\t\t\t\t\t\t\t<img loading=\"lazy\" decoding=\"async\" width=\"2560\" height=\"1707\" src=\"https:\/\/upec.edu.ec\/wp-content\/uploads\/2026\/05\/boletin_10_03_2026-scaled.jpg\" class=\"attachment-full size-full wp-image-35037\" alt=\"\" srcset=\"https:\/\/upec.edu.ec\/wp-content\/uploads\/2026\/05\/boletin_10_03_2026-scaled.jpg 2560w, https:\/\/upec.edu.ec\/wp-content\/uploads\/2026\/05\/boletin_10_03_2026-300x200.jpg 300w, https:\/\/upec.edu.ec\/wp-content\/uploads\/2026\/05\/boletin_10_03_2026-1024x683.jpg 1024w, https:\/\/upec.edu.ec\/wp-content\/uploads\/2026\/05\/boletin_10_03_2026-768x512.jpg 768w, https:\/\/upec.edu.ec\/wp-content\/uploads\/2026\/05\/boletin_10_03_2026-1536x1024.jpg 1536w, https:\/\/upec.edu.ec\/wp-content\/uploads\/2026\/05\/boletin_10_03_2026-2048x1365.jpg 2048w, https:\/\/upec.edu.ec\/wp-content\/uploads\/2026\/05\/boletin_10_03_2026-600x400.jpg 600w\" sizes=\"(max-width: 2560px) 100vw, 2560px\" \/>\t\t\t\t\t\t\t\t\t\t\t\t\t\t\t<\/div>\n\t\t\t\t<\/div>\n\t\t\t\t\t<\/div>\n\t\t<\/div>\n\t\t\t\t\t<\/div>\n\t\t<\/section>\n\t\t\t\t<section class=\"elementor-section elementor-top-section elementor-element elementor-element-b1f7cd2 elementor-section-full_width elementor-section-height-min-height elementor-section-items-top elementor-section-height-default\" data-id=\"b1f7cd2\" data-element_type=\"section\">\n\t\t\t\t\t\t<div class=\"elementor-container elementor-column-gap-no\">\n\t\t\t\t\t<div class=\"elementor-column elementor-col-100 elementor-top-column elementor-element elementor-element-2b2b894\" data-id=\"2b2b894\" data-element_type=\"column\">\n\t\t\t<div class=\"elementor-widget-wrap elementor-element-populated\">\n\t\t\t\t\t\t<div class=\"elementor-element elementor-element-e6cd8cf elementor-widget elementor-widget-text-editor\" data-id=\"e6cd8cf\" data-element_type=\"widget\" data-widget_type=\"text-editor.default\">\n\t\t\t\t<div class=\"elementor-widget-container\">\n\t\t\t\t\t\t\t\t\t<p style=\"text-align: center;\"><span style=\"color: #999999;\"><strong>Pie de foto:<\/strong> <span data-olk-copy-source=\"MessageBody\">La comunidad universitaria ejerci\u00f3 su derecho al voto para elegir a sus representantes ante el CSUP.<\/span><\/span><\/p><p><!--StartFragment--><!--EndFragment--><\/p>\t\t\t\t\t\t\t\t<\/div>\n\t\t\t\t<\/div>\n\t\t\t\t\t<\/div>\n\t\t<\/div>\n\t\t\t\t\t<\/div>\n\t\t<\/section>\n\t\t\t\t<section class=\"elementor-section elementor-top-section elementor-element elementor-element-3d0f6cb elementor-section-boxed elementor-section-height-default elementor-section-height-default\" data-id=\"3d0f6cb\" data-element_type=\"section\">\n\t\t\t\t\t\t<div class=\"elementor-container elementor-column-gap-default\">\n\t\t\t\t\t<div class=\"elementor-column elementor-col-100 elementor-top-column elementor-element elementor-element-ae879ca\" data-id=\"ae879ca\" data-element_type=\"column\">\n\t\t\t<div class=\"elementor-widget-wrap\">\n\t\t\t\t\t\t\t<\/div>\n\t\t<\/div>\n\t\t\t\t\t<\/div>\n\t\t<\/section>\n\t\t\t\t<\/div>\n\t\t","protected":false},"excerpt":{"rendered":"<p>JORNADA ELECTORAL EN LA UPEC SE DESARROLLA CON ALTA PARTICIPACI\u00d3N Y PROCLAMACI\u00d3N DE RESULTADOS La Universidad Polit\u00e9cnica Estatal del Carchi (UPEC) cumpli\u00f3 con la jornada electoral este 5 de mayo, en el marco del proceso para la elecci\u00f3n de representantes al Consejo Superior Universitario Polit\u00e9cnico (CSUP), registrando una amplia participaci\u00f3n de la comunidad universitaria y [&hellip;]<\/p>\n","protected":false},"author":2,"featured_media":0,"parent":0,"menu_order":0,"comment_status":"closed","ping_status":"closed","template":"","meta":{"site-sidebar-layout":"default","site-content-layout":"","ast-site-content-layout":"default","site-content-style":"default","site-sidebar-style":"default","ast-global-header-display":"","ast-banner-title-visibility":"","ast-main-header-display":"","ast-hfb-above-header-display":"","ast-hfb-below-header-display":"","ast-hfb-mobile-header-display":"","site-post-title":"disabled","ast-breadcrumbs-content":"","ast-featured-img":"","footer-sml-layout":"","theme-transparent-header-meta":"","adv-header-id-meta":"","stick-header-meta":"","header-above-stick-meta":"","header-main-stick-meta":"","header-below-stick-meta":"","astra-migrate-meta-layouts":"set","ast-page-background-enabled":"default","ast-page-background-meta":{"desktop":{"background-color":"var(--ast-global-color-4)","background-image":"","background-repeat":"repeat","background-position":"center center","background-size":"auto","background-attachment":"scroll","background-type":"","background-media":"","overlay-type":"","overlay-color":"","overlay-opacity":"","overlay-gradient":""},"tablet":{"background-color":"","background-image":"","background-repeat":"repeat","background-position":"center center","background-size":"auto","background-attachment":"scroll","background-type":"","background-media":"","overlay-type":"","overlay-color":"","overlay-opacity":"","overlay-gradient":""},"mobile":{"background-color":"","background-image":"","background-repeat":"repeat","background-position":"center center","background-size":"auto","background-attachment":"scroll","background-type":"","background-media":"","overlay-type":"","overlay-color":"","overlay-opacity":"","overlay-gradient":""}},"ast-content-background-meta":{"desktop":{"background-color":"var(--ast-global-color-5)","background-image":"","background-repeat":"repeat","background-position":"center center","background-size":"auto","background-attachment":"scroll","background-type":"","background-media":"","overlay-type":"","overlay-color":"","overlay-opacity":"","overlay-gradient":""},"tablet":{"background-color":"var(--ast-global-color-5)","background-image":"","background-repeat":"repeat","background-position":"center center","background-size":"auto","background-attachment":"scroll","background-type":"","background-media":"","overlay-type":"","overlay-color":"","overlay-opacity":"","overlay-gradient":""},"mobile":{"background-color":"var(--ast-global-color-5)","background-image":"","background-repeat":"repeat","background-position":"center center","background-size":"auto","background-attachment":"scroll","background-type":"","background-media":"","overlay-type":"","overlay-color":"","overlay-opacity":"","overlay-gradient":""}},"footnotes":""},"class_list":["post-35028","page","type-page","status-publish","hentry"],"_links":{"self":[{"href":"https:\/\/upec.edu.ec\/index.php\/wp-json\/wp\/v2\/pages\/35028","targetHints":{"allow":["GET"]}}],"collection":[{"href":"https:\/\/upec.edu.ec\/index.php\/wp-json\/wp\/v2\/pages"}],"about":[{"href":"https:\/\/upec.edu.ec\/index.php\/wp-json\/wp\/v2\/types\/page"}],"author":[{"embeddable":true,"href":"https:\/\/upec.edu.ec\/index.php\/wp-json\/wp\/v2\/users\/2"}],"replies":[{"embeddable":true,"href":"https:\/\/upec.edu.ec\/index.php\/wp-json\/wp\/v2\/comments?post=35028"}],"version-history":[{"count":10,"href":"https:\/\/upec.edu.ec\/index.php\/wp-json\/wp\/v2\/pages\/35028\/revisions"}],"predecessor-version":[{"id":35043,"href":"https:\/\/upec.edu.ec\/index.php\/wp-json\/wp\/v2\/pages\/35028\/revisions\/35043"}],"wp:attachment":[{"href":"https:\/\/upec.edu.ec\/index.php\/wp-json\/wp\/v2\/media?parent=35028"}],"curies":[{"name":"wp","href":"https:\/\/api.w.org\/{rel}","templated":true}]}}