{"id":34813,"date":"2026-04-22T12:39:52","date_gmt":"2026-04-22T17:39:52","guid":{"rendered":"https:\/\/upec.edu.ec\/?page_id=34813"},"modified":"2026-04-22T12:46:59","modified_gmt":"2026-04-22T17:46:59","slug":"boletin-009-2026","status":"publish","type":"page","link":"https:\/\/upec.edu.ec\/index.php\/boletin-009-2026\/","title":{"rendered":"Bolet\u00edn 009 2026"},"content":{"rendered":"\t\t<div data-elementor-type=\"wp-page\" data-elementor-id=\"34813\" class=\"elementor elementor-34813\">\n\t\t\t\t\t\t<section class=\"elementor-section elementor-top-section elementor-element elementor-element-86c772d elementor-section-full_width elementor-section-height-min-height elementor-section-items-top elementor-section-height-default\" data-id=\"86c772d\" data-element_type=\"section\">\n\t\t\t\t\t\t<div class=\"elementor-container elementor-column-gap-no\">\n\t\t\t\t\t<div class=\"elementor-column elementor-col-100 elementor-top-column elementor-element elementor-element-6caf56e\" data-id=\"6caf56e\" data-element_type=\"column\">\n\t\t\t<div class=\"elementor-widget-wrap elementor-element-populated\">\n\t\t\t\t\t\t<div class=\"elementor-element elementor-element-9fe77fd elementor-widget__width-auto elementor-widget elementor-widget-heading\" data-id=\"9fe77fd\" data-element_type=\"widget\" data-widget_type=\"heading.default\">\n\t\t\t\t<div class=\"elementor-widget-container\">\n\t\t\t\t\t<h2 class=\"elementor-heading-title elementor-size-default\">EN DESARROLLO PROCESO ELECTORAL PARA REPRESENTANTES A CONSEJO SUPERIOR UNIVERSITARIO POLIT\u00c9CNICO<\/h2>\t\t\t\t<\/div>\n\t\t\t\t<\/div>\n\t\t\t\t<div class=\"elementor-element elementor-element-6256772 elementor-widget elementor-widget-heading\" data-id=\"6256772\" data-element_type=\"widget\" data-widget_type=\"heading.default\">\n\t\t\t\t<div class=\"elementor-widget-container\">\n\t\t\t\t\t<h2 class=\"elementor-heading-title elementor-size-default\">El Tribunal Electoral del proceso de elecci\u00f3n para la designaci\u00f3n de representantes del personal acad\u00e9mico, estudiantes, empleados y trabajadores ante el Consejo Superior Universitario Polit\u00e9cnico (CSUP) periodo 2026-2028, inici\u00f3 el pasado 13 de abril y recept\u00f3 la inscripci\u00f3n oficial de candidaturas del 14 al 16 de abril, conforme al cronograma electoral establecido.<br><br>\n\nDurante este per\u00edodo, el movimiento Todos Hacemos la UPEC (THU) formaliz\u00f3 el registro de sus candidaturas a cada una de las dignidades contempladas en el proceso democr\u00e1tico institucional, cumpliendo con los requisitos y disposiciones establecidos por el Tribunal Electoral.<br><br>\n\nDe acuerdo con el calendario electoral, el 23 de abril el Tribunal Electoral emitir\u00e1 la resoluci\u00f3n de calificaci\u00f3n y notificaci\u00f3n de candidaturas, etapa que oficializar\u00e1 a los participantes que formar\u00e1n parte del proceso electoral. Posteriormente, las elecciones se desarrollar\u00e1n el pr\u00f3ximo 5 de mayo, jornada en la que la comunidad universitaria ejercer\u00e1 su derecho al voto para elegir a sus representantes. <br><br>\n\nLa presidenta del Tribunal Electoral de la Universidad Polit\u00e9cnica Estatal del Carchi, Beatriz Realpe, destac\u00f3 la importancia de garantizar un proceso transparente, inclusivo y participativo para todos los miembros de la comunidad universitaria. \u201cEstamos cumpliendo cada una de las fases del cronograma electoral con total responsabilidad y transparencia, asegurando que la comunidad universitaria participe activamente en este proceso democr\u00e1tico que fortalece la institucionalidad y la gobernanza universitaria\u201d, manifest\u00f3.<br><br>\n\nAsimismo, la autoridad inform\u00f3 que las votaciones se desarrollar\u00e1n bajo modalidad presencial, garantizando espacios adecuados para la participaci\u00f3n de los diferentes estamentos universitarios. De manera complementaria, se habilitar\u00e1 el voto telem\u00e1tico para las carreras en modalidad semipresencial y virtual, as\u00ed como para docentes y estudiantes que se encuentren en procesos de movilidad acad\u00e9mica debidamente justificada, con el objetivo de asegurar la participaci\u00f3n equitativa y accesible de todos los estamentos universitarios.<br><br>\n\nEl proceso electoral institucional cuenta adem\u00e1s con la veedur\u00eda del Consejo Nacional Electoral, entidad que acompa\u00f1ar\u00e1 las distintas fases del proceso para garantizar el cumplimiento de la normativa vigente y fortalecer la transparencia y legitimidad de los resultados.<br><br>\n\nEl calendario electoral culminar\u00e1 con la entrega de credenciales a los representantes electos el 11 de mayo, seguida de la posesi\u00f3n oficial de las autoridades y representantes electos el 15 de mayo, marcando el cierre formal de este proceso democr\u00e1tico institucional. <br><br><\/h2>\t\t\t\t<\/div>\n\t\t\t\t<\/div>\n\t\t\t\t\t<\/div>\n\t\t<\/div>\n\t\t\t\t\t<\/div>\n\t\t<\/section>\n\t\t\t\t<section class=\"elementor-section elementor-top-section elementor-element elementor-element-2cd4369 elementor-section-full_width elementor-section-height-min-height elementor-section-items-top elementor-section-height-default\" data-id=\"2cd4369\" data-element_type=\"section\">\n\t\t\t\t\t\t<div class=\"elementor-container elementor-column-gap-no\">\n\t\t\t\t\t<div class=\"elementor-column elementor-col-100 elementor-top-column elementor-element elementor-element-a7fd849\" data-id=\"a7fd849\" data-element_type=\"column\">\n\t\t\t<div class=\"elementor-widget-wrap elementor-element-populated\">\n\t\t\t\t\t\t<div class=\"elementor-element elementor-element-d6101c1 elementor-widget__width-initial elementor-widget elementor-widget-image\" data-id=\"d6101c1\" data-element_type=\"widget\" data-widget_type=\"image.default\">\n\t\t\t\t<div class=\"elementor-widget-container\">\n\t\t\t\t\t\t\t\t\t\t\t\t\t\t\t<img fetchpriority=\"high\" decoding=\"async\" width=\"1326\" height=\"887\" src=\"https:\/\/upec.edu.ec\/wp-content\/uploads\/2026\/04\/boletin_09_01_2026_actual.jpg\" class=\"attachment-full size-full wp-image-34819\" alt=\"\" srcset=\"https:\/\/upec.edu.ec\/wp-content\/uploads\/2026\/04\/boletin_09_01_2026_actual.jpg 1326w, https:\/\/upec.edu.ec\/wp-content\/uploads\/2026\/04\/boletin_09_01_2026_actual-300x201.jpg 300w, https:\/\/upec.edu.ec\/wp-content\/uploads\/2026\/04\/boletin_09_01_2026_actual-1024x685.jpg 1024w, https:\/\/upec.edu.ec\/wp-content\/uploads\/2026\/04\/boletin_09_01_2026_actual-768x514.jpg 768w, https:\/\/upec.edu.ec\/wp-content\/uploads\/2026\/04\/boletin_09_01_2026_actual-600x401.jpg 600w\" sizes=\"(max-width: 1326px) 100vw, 1326px\" \/>\t\t\t\t\t\t\t\t\t\t\t\t\t\t\t<\/div>\n\t\t\t\t<\/div>\n\t\t\t\t<div class=\"elementor-element elementor-element-4b172a4 elementor-widget__width-initial elementor-widget elementor-widget-image\" data-id=\"4b172a4\" data-element_type=\"widget\" data-widget_type=\"image.default\">\n\t\t\t\t<div class=\"elementor-widget-container\">\n\t\t\t\t\t\t\t\t\t\t\t\t\t\t\t<img decoding=\"async\" width=\"1156\" height=\"655\" src=\"https:\/\/upec.edu.ec\/wp-content\/uploads\/2026\/04\/boletin_09_02_2026.jpg\" class=\"attachment-full size-full wp-image-34820\" alt=\"\" srcset=\"https:\/\/upec.edu.ec\/wp-content\/uploads\/2026\/04\/boletin_09_02_2026.jpg 1156w, https:\/\/upec.edu.ec\/wp-content\/uploads\/2026\/04\/boletin_09_02_2026-300x170.jpg 300w, https:\/\/upec.edu.ec\/wp-content\/uploads\/2026\/04\/boletin_09_02_2026-1024x580.jpg 1024w, https:\/\/upec.edu.ec\/wp-content\/uploads\/2026\/04\/boletin_09_02_2026-768x435.jpg 768w, https:\/\/upec.edu.ec\/wp-content\/uploads\/2026\/04\/boletin_09_02_2026-600x340.jpg 600w\" sizes=\"(max-width: 1156px) 100vw, 1156px\" \/>\t\t\t\t\t\t\t\t\t\t\t\t\t\t\t<\/div>\n\t\t\t\t<\/div>\n\t\t\t\t\t<\/div>\n\t\t<\/div>\n\t\t\t\t\t<\/div>\n\t\t<\/section>\n\t\t\t\t<section class=\"elementor-section elementor-top-section elementor-element elementor-element-b1f7cd2 elementor-section-full_width elementor-section-height-min-height elementor-section-items-top elementor-section-height-default\" data-id=\"b1f7cd2\" data-element_type=\"section\">\n\t\t\t\t\t\t<div class=\"elementor-container elementor-column-gap-no\">\n\t\t\t\t\t<div class=\"elementor-column elementor-col-100 elementor-top-column elementor-element elementor-element-2b2b894\" data-id=\"2b2b894\" data-element_type=\"column\">\n\t\t\t<div class=\"elementor-widget-wrap elementor-element-populated\">\n\t\t\t\t\t\t<div class=\"elementor-element elementor-element-e6cd8cf elementor-widget elementor-widget-text-editor\" data-id=\"e6cd8cf\" data-element_type=\"widget\" data-widget_type=\"text-editor.default\">\n\t\t\t\t<div class=\"elementor-widget-container\">\n\t\t\t\t\t\t\t\t\t<p style=\"text-align: center;\"><span style=\"color: #999999;\"><strong>Pie de foto:<\/strong> <span data-olk-copy-source=\"MessageBody\">El tribunal electoral socializa las diferentes etapas del proceso para garantizar una elecci\u00f3n democr\u00e1tica y participativa de todos los integrantes de la comunidad universitaria<\/span><\/span><\/p><p><!--StartFragment--><!--EndFragment--><\/p>\t\t\t\t\t\t\t\t<\/div>\n\t\t\t\t<\/div>\n\t\t\t\t\t<\/div>\n\t\t<\/div>\n\t\t\t\t\t<\/div>\n\t\t<\/section>\n\t\t\t\t<section class=\"elementor-section elementor-top-section elementor-element elementor-element-3d0f6cb elementor-section-boxed elementor-section-height-default elementor-section-height-default\" data-id=\"3d0f6cb\" data-element_type=\"section\">\n\t\t\t\t\t\t<div class=\"elementor-container elementor-column-gap-default\">\n\t\t\t\t\t<div class=\"elementor-column elementor-col-100 elementor-top-column elementor-element elementor-element-ae879ca\" data-id=\"ae879ca\" data-element_type=\"column\">\n\t\t\t<div class=\"elementor-widget-wrap\">\n\t\t\t\t\t\t\t<\/div>\n\t\t<\/div>\n\t\t\t\t\t<\/div>\n\t\t<\/section>\n\t\t\t\t<\/div>\n\t\t","protected":false},"excerpt":{"rendered":"<p>EN DESARROLLO PROCESO ELECTORAL PARA REPRESENTANTES A CONSEJO SUPERIOR UNIVERSITARIO POLIT\u00c9CNICO El Tribunal Electoral del proceso de elecci\u00f3n para la designaci\u00f3n de representantes del personal acad\u00e9mico, estudiantes, empleados y trabajadores ante el Consejo Superior Universitario Polit\u00e9cnico (CSUP) periodo 2026-2028, inici\u00f3 el pasado 13 de abril y recept\u00f3 la inscripci\u00f3n oficial de candidaturas del 14 al [&hellip;]<\/p>\n","protected":false},"author":2,"featured_media":0,"parent":0,"menu_order":0,"comment_status":"closed","ping_status":"closed","template":"","meta":{"site-sidebar-layout":"default","site-content-layout":"","ast-site-content-layout":"default","site-content-style":"default","site-sidebar-style":"default","ast-global-header-display":"","ast-banner-title-visibility":"","ast-main-header-display":"","ast-hfb-above-header-display":"","ast-hfb-below-header-display":"","ast-hfb-mobile-header-display":"","site-post-title":"disabled","ast-breadcrumbs-content":"","ast-featured-img":"","footer-sml-layout":"","theme-transparent-header-meta":"","adv-header-id-meta":"","stick-header-meta":"","header-above-stick-meta":"","header-main-stick-meta":"","header-below-stick-meta":"","astra-migrate-meta-layouts":"set","ast-page-background-enabled":"default","ast-page-background-meta":{"desktop":{"background-color":"var(--ast-global-color-4)","background-image":"","background-repeat":"repeat","background-position":"center center","background-size":"auto","background-attachment":"scroll","background-type":"","background-media":"","overlay-type":"","overlay-color":"","overlay-opacity":"","overlay-gradient":""},"tablet":{"background-color":"","background-image":"","background-repeat":"repeat","background-position":"center center","background-size":"auto","background-attachment":"scroll","background-type":"","background-media":"","overlay-type":"","overlay-color":"","overlay-opacity":"","overlay-gradient":""},"mobile":{"background-color":"","background-image":"","background-repeat":"repeat","background-position":"center center","background-size":"auto","background-attachment":"scroll","background-type":"","background-media":"","overlay-type":"","overlay-color":"","overlay-opacity":"","overlay-gradient":""}},"ast-content-background-meta":{"desktop":{"background-color":"var(--ast-global-color-5)","background-image":"","background-repeat":"repeat","background-position":"center center","background-size":"auto","background-attachment":"scroll","background-type":"","background-media":"","overlay-type":"","overlay-color":"","overlay-opacity":"","overlay-gradient":""},"tablet":{"background-color":"var(--ast-global-color-5)","background-image":"","background-repeat":"repeat","background-position":"center center","background-size":"auto","background-attachment":"scroll","background-type":"","background-media":"","overlay-type":"","overlay-color":"","overlay-opacity":"","overlay-gradient":""},"mobile":{"background-color":"var(--ast-global-color-5)","background-image":"","background-repeat":"repeat","background-position":"center center","background-size":"auto","background-attachment":"scroll","background-type":"","background-media":"","overlay-type":"","overlay-color":"","overlay-opacity":"","overlay-gradient":""}},"footnotes":""},"class_list":["post-34813","page","type-page","status-publish","hentry"],"_links":{"self":[{"href":"https:\/\/upec.edu.ec\/index.php\/wp-json\/wp\/v2\/pages\/34813","targetHints":{"allow":["GET"]}}],"collection":[{"href":"https:\/\/upec.edu.ec\/index.php\/wp-json\/wp\/v2\/pages"}],"about":[{"href":"https:\/\/upec.edu.ec\/index.php\/wp-json\/wp\/v2\/types\/page"}],"author":[{"embeddable":true,"href":"https:\/\/upec.edu.ec\/index.php\/wp-json\/wp\/v2\/users\/2"}],"replies":[{"embeddable":true,"href":"https:\/\/upec.edu.ec\/index.php\/wp-json\/wp\/v2\/comments?post=34813"}],"version-history":[{"count":7,"href":"https:\/\/upec.edu.ec\/index.php\/wp-json\/wp\/v2\/pages\/34813\/revisions"}],"predecessor-version":[{"id":34823,"href":"https:\/\/upec.edu.ec\/index.php\/wp-json\/wp\/v2\/pages\/34813\/revisions\/34823"}],"wp:attachment":[{"href":"https:\/\/upec.edu.ec\/index.php\/wp-json\/wp\/v2\/media?parent=34813"}],"curies":[{"name":"wp","href":"https:\/\/api.w.org\/{rel}","templated":true}]}}