{"id":34636,"date":"2026-04-20T11:43:56","date_gmt":"2026-04-20T16:43:56","guid":{"rendered":"https:\/\/upec.edu.ec\/?page_id=34636"},"modified":"2026-04-20T12:00:03","modified_gmt":"2026-04-20T17:00:03","slug":"boletin-008-2026","status":"publish","type":"page","link":"https:\/\/upec.edu.ec\/index.php\/boletin-008-2026\/","title":{"rendered":"Bolet\u00edn 008 2026"},"content":{"rendered":"\t\t<div data-elementor-type=\"wp-page\" data-elementor-id=\"34636\" class=\"elementor elementor-34636\">\n\t\t\t\t\t\t<section class=\"elementor-section elementor-top-section elementor-element elementor-element-86c772d elementor-section-full_width elementor-section-height-min-height elementor-section-items-top elementor-section-height-default\" data-id=\"86c772d\" data-element_type=\"section\">\n\t\t\t\t\t\t<div class=\"elementor-container elementor-column-gap-no\">\n\t\t\t\t\t<div class=\"elementor-column elementor-col-100 elementor-top-column elementor-element elementor-element-6caf56e\" data-id=\"6caf56e\" data-element_type=\"column\">\n\t\t\t<div class=\"elementor-widget-wrap elementor-element-populated\">\n\t\t\t\t\t\t<div class=\"elementor-element elementor-element-9fe77fd elementor-widget__width-auto elementor-widget elementor-widget-heading\" data-id=\"9fe77fd\" data-element_type=\"widget\" data-widget_type=\"heading.default\">\n\t\t\t\t<div class=\"elementor-widget-container\">\n\t\t\t\t\t<h2 class=\"elementor-heading-title elementor-size-default\">LA UPEC MARCA UN HITO INSTITUCIONAL CON LA ENTREGA DE LOS PRIMEROS DOCTORADOS HONORIS CAUSA<\/h2>\t\t\t\t<\/div>\n\t\t\t\t<\/div>\n\t\t\t\t<div class=\"elementor-element elementor-element-6256772 elementor-widget elementor-widget-heading\" data-id=\"6256772\" data-element_type=\"widget\" data-widget_type=\"heading.default\">\n\t\t\t\t<div class=\"elementor-widget-container\">\n\t\t\t\t\t<h2 class=\"elementor-heading-title elementor-size-default\">La Universidad Polit\u00e9cnica Estatal del Carchi (UPEC) vivi\u00f3 un momento hist\u00f3rico al otorgar por primera vez en su trayectoria el Doctorado Honoris Causa, m\u00e1xima distinci\u00f3n acad\u00e9mica que reconoce trayectorias ejemplares que inspiran, transforman y trascienden fronteras. En esta ocasi\u00f3n, el reconocimiento fue entregado a dos figuras que representan la excelencia desde distintos \u00e1mbitos: el destacado acad\u00e9mico Carles Rami\u00f3 Matas y el \u00edcono del deporte ecuatoriano Richard Carapaz..<br><br>\n\nEste acto solemne exalt\u00f3 la trayectoria acad\u00e9mica y el pensamiento cr\u00edtico de Carles Rami\u00f3 Matas, reconocido referente en el campo de la administraci\u00f3n p\u00fablica, con m\u00e1s de 35 a\u00f1os de experiencia docente e investigativa y una producci\u00f3n acad\u00e9mica que supera las 33 publicaciones especializadas. Su aporte al estudio de la innovaci\u00f3n institucional, la gobernanza y la modernizaci\u00f3n del Estado lo posiciona como una figura clave del pensamiento acad\u00e9mico iberoamericano.<br><br>\n\nDe igual manera, la UPEC rindi\u00f3 homenaje a Richard Carapaz, orgullo tulcane\u00f1o y s\u00edmbolo del esfuerzo y la perseverancia ecuatoriana, cuya carrera deportiva ha marcado hitos hist\u00f3ricos para el pa\u00eds, destac\u00e1ndose como campe\u00f3n del Giro de Italia 2019 y medallista ol\u00edmpico en los Tokyo 2020 Olympic Games, logros que lo han convertido en referente internacional de disciplina y superaci\u00f3n. <br><br>\n\nDurante la ceremonia, el rector de la UPEC, PhD. Jorge Mina, destac\u00f3 la trascendencia de este acto acad\u00e9mico para la instituci\u00f3n y la comunidad universitaria, se\u00f1alando que la entrega del primer Doctorado Honoris Causa constituye un precedente significativo en la historia de la universidad.<br><br>\n\n\"Este es un precedente que llena de orgullo a nuestra comunidad universitaria y que, sin duda, deja una vara muy alta para la entrega de estos galardones en el futuro. Reconocer trayectorias como las de nuestros distinguidos homenajeados fortalece la identidad institucional y reafirma nuestro compromiso con la excelencia acad\u00e9mica y humana\", manifest\u00f3 la autoridad universitaria.<br><br>\n\nPor su parte, Richard Carapaz comparti\u00f3 un emotivo mensaje dirigido especialmente a los estudiantes y j\u00f3venes presentes, resaltando los valores que han guiado su camino hacia el \u00e9xito deportivo.<br><br>\n\n\"Mi trayectoria no ha sido producto del azar, sino del resultado de abrazar firmemente dos valores inquebrantables: la disciplina y la responsabilidad (...)\", expres\u00f3 el deportista, motivando a la comunidad universitaria a perseguir sus metas con determinaci\u00f3n y compromiso. <br><br>\n\nEn su intervenci\u00f3n, Carles Rami\u00f3 Matas, ofreci\u00f3 un discurso reflexivo y cercano, en el que destac\u00f3 el crecimiento institucional de la UPEC y su impacto en la regi\u00f3n. En un momento especialmente simb\u00f3lico, realiz\u00f3 una emotiva similitud que reson\u00f3 entre los asistentes, se\u00f1alando que hoy el Carchi no cuenta con una sola locomotora, sino con dos: <br><br>\n\n\"Hoy ya no solo existe una Locomotora del Carchi, sino dos: una es Richard Carapaz y la segunda es la UPEC\", expres\u00f3, resaltando el papel de la universidad como motor de desarrollo, conocimiento y transformaci\u00f3n social. <br><br>\n\nEste acto acad\u00e9mico no solo honr\u00f3 el pensamiento cr\u00edtico y la producci\u00f3n intelectual de Carles Rami\u00f3 Matas, sino tambi\u00e9n la disciplina, constancia, tenacidad y orgullo ol\u00edmpico del carchense Richard Carapaz, valores que hoy se convierten en referentes para la juventud universitaria y para toda la sociedad. <br><br>\nLa entrega de estos primeros Doctorados Honoris Causa se consolida como un hito institucional que reafirma el compromiso de la Universidad Polit\u00e9cnica Estatal del Carchi con la promoci\u00f3n del conocimiento, la excelencia acad\u00e9mica y el reconocimiento de trayectorias que inspiran a nuevas generaciones.\n<\/h2>\t\t\t\t<\/div>\n\t\t\t\t<\/div>\n\t\t\t\t\t<\/div>\n\t\t<\/div>\n\t\t\t\t\t<\/div>\n\t\t<\/section>\n\t\t\t\t<section class=\"elementor-section elementor-top-section elementor-element elementor-element-2cd4369 elementor-section-full_width elementor-section-height-min-height elementor-section-items-top elementor-section-height-default\" data-id=\"2cd4369\" data-element_type=\"section\">\n\t\t\t\t\t\t<div class=\"elementor-container elementor-column-gap-no\">\n\t\t\t\t\t<div class=\"elementor-column elementor-col-100 elementor-top-column elementor-element elementor-element-a7fd849\" data-id=\"a7fd849\" data-element_type=\"column\">\n\t\t\t<div class=\"elementor-widget-wrap elementor-element-populated\">\n\t\t\t\t\t\t<div class=\"elementor-element elementor-element-d6101c1 elementor-widget__width-initial elementor-widget elementor-widget-image\" data-id=\"d6101c1\" data-element_type=\"widget\" data-widget_type=\"image.default\">\n\t\t\t\t<div class=\"elementor-widget-container\">\n\t\t\t\t\t\t\t\t\t\t\t\t\t\t\t<img fetchpriority=\"high\" decoding=\"async\" width=\"2560\" height=\"1707\" src=\"https:\/\/upec.edu.ec\/wp-content\/uploads\/2026\/04\/boletin_08_01_2026-scaled.jpg\" class=\"attachment-full size-full wp-image-34648\" alt=\"\" srcset=\"https:\/\/upec.edu.ec\/wp-content\/uploads\/2026\/04\/boletin_08_01_2026-scaled.jpg 2560w, https:\/\/upec.edu.ec\/wp-content\/uploads\/2026\/04\/boletin_08_01_2026-300x200.jpg 300w, https:\/\/upec.edu.ec\/wp-content\/uploads\/2026\/04\/boletin_08_01_2026-1024x683.jpg 1024w, https:\/\/upec.edu.ec\/wp-content\/uploads\/2026\/04\/boletin_08_01_2026-768x512.jpg 768w, https:\/\/upec.edu.ec\/wp-content\/uploads\/2026\/04\/boletin_08_01_2026-1536x1024.jpg 1536w, https:\/\/upec.edu.ec\/wp-content\/uploads\/2026\/04\/boletin_08_01_2026-2048x1365.jpg 2048w, https:\/\/upec.edu.ec\/wp-content\/uploads\/2026\/04\/boletin_08_01_2026-600x400.jpg 600w\" sizes=\"(max-width: 2560px) 100vw, 2560px\" \/>\t\t\t\t\t\t\t\t\t\t\t\t\t\t\t<\/div>\n\t\t\t\t<\/div>\n\t\t\t\t<div class=\"elementor-element elementor-element-4b172a4 elementor-widget__width-initial elementor-widget elementor-widget-image\" data-id=\"4b172a4\" data-element_type=\"widget\" data-widget_type=\"image.default\">\n\t\t\t\t<div class=\"elementor-widget-container\">\n\t\t\t\t\t\t\t\t\t\t\t\t\t\t\t<img decoding=\"async\" src=\"https:\/\/upec.edu.ec\/images\/stories\/Boletines\/2026\/boletin_08_02_2026.jpg\" title=\"\" alt=\"\" loading=\"lazy\" \/>\t\t\t\t\t\t\t\t\t\t\t\t\t\t\t<\/div>\n\t\t\t\t<\/div>\n\t\t\t\t<div class=\"elementor-element elementor-element-4229dfd elementor-widget__width-initial elementor-widget elementor-widget-image\" data-id=\"4229dfd\" data-element_type=\"widget\" data-widget_type=\"image.default\">\n\t\t\t\t<div class=\"elementor-widget-container\">\n\t\t\t\t\t\t\t\t\t\t\t\t\t\t\t<img decoding=\"async\" src=\"https:\/\/upec.edu.ec\/images\/stories\/Boletines\/2026\/boletin_08_03_2026.jpg\" title=\"\" alt=\"\" loading=\"lazy\" \/>\t\t\t\t\t\t\t\t\t\t\t\t\t\t\t<\/div>\n\t\t\t\t<\/div>\n\t\t\t\t\t<\/div>\n\t\t<\/div>\n\t\t\t\t\t<\/div>\n\t\t<\/section>\n\t\t\t\t<section class=\"elementor-section elementor-top-section elementor-element elementor-element-b1f7cd2 elementor-section-full_width elementor-section-height-min-height elementor-section-items-top elementor-section-height-default\" data-id=\"b1f7cd2\" data-element_type=\"section\">\n\t\t\t\t\t\t<div class=\"elementor-container elementor-column-gap-no\">\n\t\t\t\t\t<div class=\"elementor-column elementor-col-100 elementor-top-column elementor-element elementor-element-2b2b894\" data-id=\"2b2b894\" data-element_type=\"column\">\n\t\t\t<div class=\"elementor-widget-wrap elementor-element-populated\">\n\t\t\t\t\t\t<div class=\"elementor-element elementor-element-e6cd8cf elementor-widget elementor-widget-text-editor\" data-id=\"e6cd8cf\" data-element_type=\"widget\" data-widget_type=\"text-editor.default\">\n\t\t\t\t<div class=\"elementor-widget-container\">\n\t\t\t\t\t\t\t\t\t<p style=\"text-align: center;\"><span style=\"color: #999999;\"><strong>Pie de foto:<\/strong> <span data-olk-copy-source=\"MessageBody\">Carles Rami\u00f3 y Richard Carapaz son los dos personajes que, por sus importantes aportes acad\u00e9micos y deportivos, respectivamente, recibieron los primeros doctorados Honoris Causa entregados por la UPEC<\/span><\/span><\/p><p><!--StartFragment--><!--EndFragment--><\/p>\t\t\t\t\t\t\t\t<\/div>\n\t\t\t\t<\/div>\n\t\t\t\t\t<\/div>\n\t\t<\/div>\n\t\t\t\t\t<\/div>\n\t\t<\/section>\n\t\t\t\t<section class=\"elementor-section elementor-top-section elementor-element elementor-element-3d0f6cb elementor-section-boxed elementor-section-height-default elementor-section-height-default\" data-id=\"3d0f6cb\" data-element_type=\"section\">\n\t\t\t\t\t\t<div class=\"elementor-container elementor-column-gap-default\">\n\t\t\t\t\t<div class=\"elementor-column elementor-col-100 elementor-top-column elementor-element elementor-element-ae879ca\" data-id=\"ae879ca\" data-element_type=\"column\">\n\t\t\t<div class=\"elementor-widget-wrap\">\n\t\t\t\t\t\t\t<\/div>\n\t\t<\/div>\n\t\t\t\t\t<\/div>\n\t\t<\/section>\n\t\t\t\t<\/div>\n\t\t","protected":false},"excerpt":{"rendered":"<p>LA UPEC MARCA UN HITO INSTITUCIONAL CON LA ENTREGA DE LOS PRIMEROS DOCTORADOS HONORIS CAUSA La Universidad Polit\u00e9cnica Estatal del Carchi (UPEC) vivi\u00f3 un momento hist\u00f3rico al otorgar por primera vez en su trayectoria el Doctorado Honoris Causa, m\u00e1xima distinci\u00f3n acad\u00e9mica que reconoce trayectorias ejemplares que inspiran, transforman y trascienden fronteras. En esta ocasi\u00f3n, el [&hellip;]<\/p>\n","protected":false},"author":2,"featured_media":0,"parent":0,"menu_order":0,"comment_status":"closed","ping_status":"closed","template":"","meta":{"site-sidebar-layout":"default","site-content-layout":"","ast-site-content-layout":"default","site-content-style":"default","site-sidebar-style":"default","ast-global-header-display":"","ast-banner-title-visibility":"","ast-main-header-display":"","ast-hfb-above-header-display":"","ast-hfb-below-header-display":"","ast-hfb-mobile-header-display":"","site-post-title":"disabled","ast-breadcrumbs-content":"","ast-featured-img":"","footer-sml-layout":"","theme-transparent-header-meta":"","adv-header-id-meta":"","stick-header-meta":"","header-above-stick-meta":"","header-main-stick-meta":"","header-below-stick-meta":"","astra-migrate-meta-layouts":"set","ast-page-background-enabled":"default","ast-page-background-meta":{"desktop":{"background-color":"var(--ast-global-color-4)","background-image":"","background-repeat":"repeat","background-position":"center center","background-size":"auto","background-attachment":"scroll","background-type":"","background-media":"","overlay-type":"","overlay-color":"","overlay-opacity":"","overlay-gradient":""},"tablet":{"background-color":"","background-image":"","background-repeat":"repeat","background-position":"center center","background-size":"auto","background-attachment":"scroll","background-type":"","background-media":"","overlay-type":"","overlay-color":"","overlay-opacity":"","overlay-gradient":""},"mobile":{"background-color":"","background-image":"","background-repeat":"repeat","background-position":"center center","background-size":"auto","background-attachment":"scroll","background-type":"","background-media":"","overlay-type":"","overlay-color":"","overlay-opacity":"","overlay-gradient":""}},"ast-content-background-meta":{"desktop":{"background-color":"var(--ast-global-color-5)","background-image":"","background-repeat":"repeat","background-position":"center center","background-size":"auto","background-attachment":"scroll","background-type":"","background-media":"","overlay-type":"","overlay-color":"","overlay-opacity":"","overlay-gradient":""},"tablet":{"background-color":"var(--ast-global-color-5)","background-image":"","background-repeat":"repeat","background-position":"center center","background-size":"auto","background-attachment":"scroll","background-type":"","background-media":"","overlay-type":"","overlay-color":"","overlay-opacity":"","overlay-gradient":""},"mobile":{"background-color":"var(--ast-global-color-5)","background-image":"","background-repeat":"repeat","background-position":"center center","background-size":"auto","background-attachment":"scroll","background-type":"","background-media":"","overlay-type":"","overlay-color":"","overlay-opacity":"","overlay-gradient":""}},"footnotes":""},"class_list":["post-34636","page","type-page","status-publish","hentry"],"_links":{"self":[{"href":"https:\/\/upec.edu.ec\/index.php\/wp-json\/wp\/v2\/pages\/34636","targetHints":{"allow":["GET"]}}],"collection":[{"href":"https:\/\/upec.edu.ec\/index.php\/wp-json\/wp\/v2\/pages"}],"about":[{"href":"https:\/\/upec.edu.ec\/index.php\/wp-json\/wp\/v2\/types\/page"}],"author":[{"embeddable":true,"href":"https:\/\/upec.edu.ec\/index.php\/wp-json\/wp\/v2\/users\/2"}],"replies":[{"embeddable":true,"href":"https:\/\/upec.edu.ec\/index.php\/wp-json\/wp\/v2\/comments?post=34636"}],"version-history":[{"count":19,"href":"https:\/\/upec.edu.ec\/index.php\/wp-json\/wp\/v2\/pages\/34636\/revisions"}],"predecessor-version":[{"id":34658,"href":"https:\/\/upec.edu.ec\/index.php\/wp-json\/wp\/v2\/pages\/34636\/revisions\/34658"}],"wp:attachment":[{"href":"https:\/\/upec.edu.ec\/index.php\/wp-json\/wp\/v2\/media?parent=34636"}],"curies":[{"name":"wp","href":"https:\/\/api.w.org\/{rel}","templated":true}]}}