{"id":34327,"date":"2026-04-14T16:40:31","date_gmt":"2026-04-14T21:40:31","guid":{"rendered":"https:\/\/upec.edu.ec\/?page_id=34327"},"modified":"2026-04-15T14:04:27","modified_gmt":"2026-04-15T19:04:27","slug":"laboratorio-ldv","status":"publish","type":"page","link":"https:\/\/upec.edu.ec\/index.php\/laboratorio-ldv\/","title":{"rendered":"Laboratorio ldv 2026"},"content":{"rendered":"\t\t<div data-elementor-type=\"wp-page\" data-elementor-id=\"34327\" class=\"elementor elementor-34327\">\n\t\t\t\t\t\t<section class=\"elementor-section elementor-top-section elementor-element elementor-element-a42ec8d elementor-section-full_width elementor-section-height-default elementor-section-height-default\" data-id=\"a42ec8d\" data-element_type=\"section\">\n\t\t\t\t\t\t<div class=\"elementor-container elementor-column-gap-no\">\n\t\t\t\t\t<div class=\"elementor-column elementor-col-100 elementor-top-column elementor-element elementor-element-e41ce4c\" data-id=\"e41ce4c\" data-element_type=\"column\">\n\t\t\t<div class=\"elementor-widget-wrap elementor-element-populated\">\n\t\t\t\t\t\t<div class=\"elementor-element elementor-element-27e2215 elementor-widget elementor-widget-image\" data-id=\"27e2215\" data-element_type=\"widget\" data-widget_type=\"image.default\">\n\t\t\t\t<div class=\"elementor-widget-container\">\n\t\t\t\t\t\t\t\t\t\t\t\t\t\t\t<img decoding=\"async\" src=\"\/images\/stories\/Laboratorio_LDV\/LDV%201.jpg\" title=\"\" alt=\"\" loading=\"lazy\" \/>\t\t\t\t\t\t\t\t\t\t\t\t\t\t\t<\/div>\n\t\t\t\t<\/div>\n\t\t\t\t\t<\/div>\n\t\t<\/div>\n\t\t\t\t\t<\/div>\n\t\t<\/section>\n\t\t\t\t<section class=\"elementor-section elementor-top-section elementor-element elementor-element-86c772d elementor-section-height-min-height elementor-section-boxed elementor-section-height-default elementor-section-items-middle\" data-id=\"86c772d\" data-element_type=\"section\" data-settings=\"{&quot;background_background&quot;:&quot;classic&quot;}\">\n\t\t\t\t\t\t\t<div class=\"elementor-background-overlay\"><\/div>\n\t\t\t\t\t\t\t<div class=\"elementor-container elementor-column-gap-no\">\n\t\t\t\t\t<div class=\"elementor-column elementor-col-50 elementor-top-column elementor-element elementor-element-6caf56e\" data-id=\"6caf56e\" data-element_type=\"column\">\n\t\t\t<div class=\"elementor-widget-wrap elementor-element-populated\">\n\t\t\t\t\t\t<div class=\"elementor-element elementor-element-8bc6797 elementor-widget__width-initial elementor-widget elementor-widget-image\" data-id=\"8bc6797\" data-element_type=\"widget\" data-widget_type=\"image.default\">\n\t\t\t\t<div class=\"elementor-widget-container\">\n\t\t\t\t\t\t\t\t\t\t\t\t\t\t\t<img decoding=\"async\" src=\"https:\/\/upec.edu.ec\/images\/stories\/Laboratorio_LDV\/logo_LDV_sin_fondo.png\" title=\"\" alt=\"\" loading=\"lazy\" \/>\t\t\t\t\t\t\t\t\t\t\t\t\t\t\t<\/div>\n\t\t\t\t<\/div>\n\t\t\t\t\t<\/div>\n\t\t<\/div>\n\t\t\t\t<div class=\"elementor-column elementor-col-50 elementor-top-column elementor-element elementor-element-ff50cda\" data-id=\"ff50cda\" data-element_type=\"column\">\n\t\t\t<div class=\"elementor-widget-wrap elementor-element-populated\">\n\t\t\t\t\t\t<div class=\"elementor-element elementor-element-8e735ec elementor-widget__width-initial elementor-widget elementor-widget-html\" data-id=\"8e735ec\" data-element_type=\"widget\" data-widget_type=\"html.default\">\n\t\t\t\t<div class=\"elementor-widget-container\">\n\t\t\t\t\t<div class=\"servicios\"> <div class=\"card\"> <h3>LABORATORIO DE DIAGN\u00d3STICO VETERINARIO<\/h3> \t\t\t\t<\/div>\n\t\t\t\t<\/div>\n\t\t\t\t\t<\/div>\n\t\t<\/div>\n\t\t\t\t\t<\/div>\n\t\t<\/section>\n\t\t\t\t<section class=\"elementor-section elementor-top-section elementor-element elementor-element-c84ddd8 elementor-section-height-min-height elementor-section-items-top elementor-section-boxed elementor-section-height-default\" data-id=\"c84ddd8\" data-element_type=\"section\">\n\t\t\t\t\t\t<div class=\"elementor-container elementor-column-gap-no\">\n\t\t\t\t\t<div class=\"elementor-column elementor-col-50 elementor-top-column elementor-element elementor-element-851da80\" data-id=\"851da80\" data-element_type=\"column\">\n\t\t\t<div class=\"elementor-widget-wrap elementor-element-populated\">\n\t\t\t\t\t\t<div class=\"elementor-element elementor-element-150ec32 elementor-widget__width-initial elementor-widget-mobile__width-initial elementor-widget elementor-widget-heading\" data-id=\"150ec32\" data-element_type=\"widget\" data-widget_type=\"heading.default\">\n\t\t\t\t<div class=\"elementor-widget-container\">\n\t\t\t\t\t<h2 class=\"elementor-heading-title elementor-size-default\">IMPLEMENTACI\u00d3N<\/h2>\t\t\t\t<\/div>\n\t\t\t\t<\/div>\n\t\t\t\t<div class=\"elementor-element elementor-element-ecd34cb elementor-widget elementor-widget-heading\" data-id=\"ecd34cb\" data-element_type=\"widget\" data-widget_type=\"heading.default\">\n\t\t\t\t<div class=\"elementor-widget-container\">\n\t\t\t\t\t<h2 class=\"elementor-heading-title elementor-size-default\">La UPEC es la \u00fanica universidad a nivel nacional en tener el primer Laboratorio de Diagn\u00f3stico Veterinario con la Acreditaci\u00f3n Inicial bajo la Norma INEN-ISO\/17025:2017, y pertenece a la Red de Laboratorios Autorizados por AGROCALIDAD. El laboratorio se implement\u00f3 con el objetivo de brindar el servicio de detecci\u00f3n de enfermedades zoon\u00f3ticas, principalmente Brucelosis y Tuberculosis Bovina, para mejorar la producci\u00f3n ganadera de peque\u00f1os y medianos agricultores del Carchi. El laboratorio beneficiar\u00e1 a 9.000 medianos y grandes productores de la provincia, con el acceso a pruebas y an\u00e1lisis t\u00e9cnicos especializados para evaluar la salud animal. Un aporte invaluable que propende a la calidad de la leche, fuente de desarrollo productivo de la regi\u00f3n.<\/h2>\t\t\t\t<\/div>\n\t\t\t\t<\/div>\n\t\t\t\t\t<\/div>\n\t\t<\/div>\n\t\t\t\t<div class=\"elementor-column elementor-col-50 elementor-top-column elementor-element elementor-element-b46d203\" data-id=\"b46d203\" data-element_type=\"column\">\n\t\t\t<div class=\"elementor-widget-wrap elementor-element-populated\">\n\t\t\t\t\t\t<div class=\"elementor-element elementor-element-fdb52e6 elementor-widget__width-initial elementor-widget-mobile__width-initial elementor-widget elementor-widget-heading\" data-id=\"fdb52e6\" data-element_type=\"widget\" data-widget_type=\"heading.default\">\n\t\t\t\t<div class=\"elementor-widget-container\">\n\t\t\t\t\t<h2 class=\"elementor-heading-title elementor-size-default\">ACREDITACI\u00d3N<\/h2>\t\t\t\t<\/div>\n\t\t\t\t<\/div>\n\t\t\t\t<div class=\"elementor-element elementor-element-9faa094 elementor-widget__width-initial elementor-widget elementor-widget-image\" data-id=\"9faa094\" data-element_type=\"widget\" data-widget_type=\"image.default\">\n\t\t\t\t<div class=\"elementor-widget-container\">\n\t\t\t\t\t\t\t\t\t\t\t\t\t\t\t<img fetchpriority=\"high\" decoding=\"async\" width=\"2560\" height=\"1440\" src=\"https:\/\/upec.edu.ec\/wp-content\/uploads\/2026\/04\/LDV-2_actual_acreditacion-scaled.jpg\" class=\"attachment-full size-full wp-image-34405\" alt=\"\" srcset=\"https:\/\/upec.edu.ec\/wp-content\/uploads\/2026\/04\/LDV-2_actual_acreditacion-scaled.jpg 2560w, https:\/\/upec.edu.ec\/wp-content\/uploads\/2026\/04\/LDV-2_actual_acreditacion-300x169.jpg 300w, https:\/\/upec.edu.ec\/wp-content\/uploads\/2026\/04\/LDV-2_actual_acreditacion-1024x576.jpg 1024w, https:\/\/upec.edu.ec\/wp-content\/uploads\/2026\/04\/LDV-2_actual_acreditacion-768x432.jpg 768w, https:\/\/upec.edu.ec\/wp-content\/uploads\/2026\/04\/LDV-2_actual_acreditacion-1536x864.jpg 1536w, https:\/\/upec.edu.ec\/wp-content\/uploads\/2026\/04\/LDV-2_actual_acreditacion-2048x1152.jpg 2048w, https:\/\/upec.edu.ec\/wp-content\/uploads\/2026\/04\/LDV-2_actual_acreditacion-600x338.jpg 600w\" sizes=\"(max-width: 2560px) 100vw, 2560px\" \/>\t\t\t\t\t\t\t\t\t\t\t\t\t\t\t<\/div>\n\t\t\t\t<\/div>\n\t\t\t\t\t<\/div>\n\t\t<\/div>\n\t\t\t\t\t<\/div>\n\t\t<\/section>\n\t\t\t\t<section class=\"elementor-section elementor-top-section elementor-element elementor-element-b1230b9 elementor-section-full_width elementor-section-height-min-height elementor-section-items-top elementor-section-height-default\" data-id=\"b1230b9\" data-element_type=\"section\" data-settings=\"{&quot;background_background&quot;:&quot;classic&quot;}\">\n\t\t\t\t\t\t\t<div class=\"elementor-background-overlay\"><\/div>\n\t\t\t\t\t\t\t<div class=\"elementor-container elementor-column-gap-no\">\n\t\t\t\t\t<div class=\"elementor-column elementor-col-100 elementor-top-column elementor-element elementor-element-84f86fe\" data-id=\"84f86fe\" data-element_type=\"column\">\n\t\t\t<div class=\"elementor-widget-wrap elementor-element-populated\">\n\t\t\t\t\t\t<div class=\"elementor-element elementor-element-38a6ff0 elementor-widget__width-auto elementor-widget elementor-widget-heading\" data-id=\"38a6ff0\" data-element_type=\"widget\" data-widget_type=\"heading.default\">\n\t\t\t\t<div class=\"elementor-widget-container\">\n\t\t\t\t\t<h2 class=\"elementor-heading-title elementor-size-default\">SERVICIOS LDV<\/h2>\t\t\t\t<\/div>\n\t\t\t\t<\/div>\n\t\t\t\t\t<\/div>\n\t\t<\/div>\n\t\t\t\t\t<\/div>\n\t\t<\/section>\n\t\t\t\t<section class=\"elementor-section elementor-top-section elementor-element elementor-element-94c8164 elementor-section-height-min-height elementor-section-items-top elementor-section-boxed elementor-section-height-default\" data-id=\"94c8164\" data-element_type=\"section\" data-settings=\"{&quot;background_background&quot;:&quot;classic&quot;}\">\n\t\t\t\t\t\t\t<div class=\"elementor-background-overlay\"><\/div>\n\t\t\t\t\t\t\t<div class=\"elementor-container elementor-column-gap-default\">\n\t\t\t\t\t<div class=\"elementor-column elementor-col-100 elementor-top-column elementor-element elementor-element-d12d505\" data-id=\"d12d505\" data-element_type=\"column\">\n\t\t\t<div class=\"elementor-widget-wrap elementor-element-populated\">\n\t\t\t\t\t\t<div class=\"elementor-element elementor-element-ce271d7 elementor-widget-mobile__width-initial elementor-widget elementor-widget-image\" data-id=\"ce271d7\" data-element_type=\"widget\" data-widget_type=\"image.default\">\n\t\t\t\t<div class=\"elementor-widget-container\">\n\t\t\t\t\t\t\t\t\t\t\t\t\t\t\t<img decoding=\"async\" src=\"https:\/\/upec.edu.ec\/images\/stories\/Laboratorio_LDV\/banner_principal_horizontal.jpeg\" title=\"\" alt=\"\" loading=\"lazy\" \/>\t\t\t\t\t\t\t\t\t\t\t\t\t\t\t<\/div>\n\t\t\t\t<\/div>\n\t\t\t\t\t<\/div>\n\t\t<\/div>\n\t\t\t\t\t<\/div>\n\t\t<\/section>\n\t\t\t\t<section class=\"elementor-section elementor-top-section elementor-element elementor-element-354160d elementor-section-full_width elementor-section-height-min-height elementor-section-items-top elementor-section-height-default\" data-id=\"354160d\" data-element_type=\"section\" data-settings=\"{&quot;background_background&quot;:&quot;classic&quot;}\">\n\t\t\t\t\t\t\t<div class=\"elementor-background-overlay\"><\/div>\n\t\t\t\t\t\t\t<div class=\"elementor-container elementor-column-gap-no\">\n\t\t\t\t\t<div class=\"elementor-column elementor-col-100 elementor-top-column elementor-element elementor-element-c69f2cf\" data-id=\"c69f2cf\" data-element_type=\"column\">\n\t\t\t<div class=\"elementor-widget-wrap elementor-element-populated\">\n\t\t\t\t\t\t<div class=\"elementor-element elementor-element-d5a73a9 elementor-widget__width-auto elementor-widget elementor-widget-heading\" data-id=\"d5a73a9\" data-element_type=\"widget\" data-widget_type=\"heading.default\">\n\t\t\t\t<div class=\"elementor-widget-container\">\n\t\t\t\t\t<h2 class=\"elementor-heading-title elementor-size-default\">BUZ\u00d3N DE QUEJAS Y SUGERENCIAS<\/h2>\t\t\t\t<\/div>\n\t\t\t\t<\/div>\n\t\t\t\t\t<\/div>\n\t\t<\/div>\n\t\t\t\t\t<\/div>\n\t\t<\/section>\n\t\t\t\t<section class=\"elementor-section elementor-top-section elementor-element elementor-element-5ae47d6 elementor-section-full_width elementor-section-height-min-height elementor-section-items-top elementor-section-height-default\" data-id=\"5ae47d6\" data-element_type=\"section\" data-settings=\"{&quot;background_background&quot;:&quot;classic&quot;}\">\n\t\t\t\t\t\t\t<div class=\"elementor-background-overlay\"><\/div>\n\t\t\t\t\t\t\t<div class=\"elementor-container elementor-column-gap-no\">\n\t\t\t\t\t<div class=\"elementor-column elementor-col-100 elementor-top-column elementor-element elementor-element-ecb9192\" data-id=\"ecb9192\" data-element_type=\"column\">\n\t\t\t<div class=\"elementor-widget-wrap elementor-element-populated\">\n\t\t\t\t\t\t<section class=\"elementor-section elementor-inner-section elementor-element elementor-element-86f8ebe elementor-section-boxed elementor-section-height-default elementor-section-height-default\" data-id=\"86f8ebe\" data-element_type=\"section\">\n\t\t\t\t\t\t<div class=\"elementor-container elementor-column-gap-custom\">\n\t\t\t\t\t<div class=\"elementor-column elementor-col-50 elementor-inner-column elementor-element elementor-element-fdaab72\" data-id=\"fdaab72\" data-element_type=\"column\">\n\t\t\t<div class=\"elementor-widget-wrap elementor-element-populated\">\n\t\t\t\t\t\t<div class=\"elementor-element elementor-element-aaf9fb0 elementor-widget elementor-widget-heading\" data-id=\"aaf9fb0\" data-element_type=\"widget\" data-widget_type=\"heading.default\">\n\t\t\t\t<div class=\"elementor-widget-container\">\n\t\t\t\t\t<h2 class=\"elementor-heading-title elementor-size-default\">Agradecemos sus comentarios, quejas, sugerencias y felicitaciones para fortalecer nuestro servicio:<\/h2>\t\t\t\t<\/div>\n\t\t\t\t<\/div>\n\t\t\t\t<div class=\"elementor-element elementor-element-ce32a47 elementor-widget elementor-widget-image\" data-id=\"ce32a47\" data-element_type=\"widget\" data-widget_type=\"image.default\">\n\t\t\t\t<div class=\"elementor-widget-container\">\n\t\t\t\t\t\t\t\t\t\t\t\t\t\t\t\t<a href=\"https:\/\/forms.office.com\/r\/1eiWdsvPiH\" target=\"_blank\">\n\t\t\t\t\t\t\t<img decoding=\"async\" width=\"315\" height=\"462\" src=\"https:\/\/upec.edu.ec\/wp-content\/uploads\/2024\/10\/Buzon_alumni_portada.webp\" class=\"attachment-medium_large size-medium_large wp-image-26341\" alt=\"\" srcset=\"https:\/\/upec.edu.ec\/wp-content\/uploads\/2024\/10\/Buzon_alumni_portada.webp 315w, https:\/\/upec.edu.ec\/wp-content\/uploads\/2024\/10\/Buzon_alumni_portada-205x300.webp 205w\" sizes=\"(max-width: 315px) 100vw, 315px\" \/>\t\t\t\t\t\t\t\t<\/a>\n\t\t\t\t\t\t\t\t\t\t\t\t\t\t\t<\/div>\n\t\t\t\t<\/div>\n\t\t\t\t\t<\/div>\n\t\t<\/div>\n\t\t\t\t<div class=\"elementor-column elementor-col-50 elementor-inner-column elementor-element elementor-element-de527f4\" data-id=\"de527f4\" data-element_type=\"column\">\n\t\t\t<div class=\"elementor-widget-wrap elementor-element-populated\">\n\t\t\t\t\t\t<div class=\"elementor-element elementor-element-1937ddd eael-contact-form-7-button-full-width elementor-widget elementor-widget-eael-contact-form-7\" data-id=\"1937ddd\" data-element_type=\"widget\" data-widget_type=\"eael-contact-form-7.default\">\n\t\t\t\t<div class=\"elementor-widget-container\">\n\t\t\t\t\t<div class=\"eael-contact-form-7-wrapper\">\n                <div class=\"eael-contact-form eael-contact-form-7 eael-contact-form-1937ddd placeholder-show eael-contact-form-align-left\"><div class=\"eael-contact-form-7-heading\"><h3 class=\"eael-contact-form-title eael-contact-form-7-title\">\n                                    Completa nuestro formulario de Contacto\n                                <\/h3><\/div>\n<div class=\"wpcf7 no-js\" id=\"wpcf7-f34533-o1\" lang=\"es-EC\" dir=\"ltr\" data-wpcf7-id=\"34533\">\n<div class=\"screen-reader-response\"><p role=\"status\" aria-live=\"polite\" aria-atomic=\"true\"><\/p> <ul><\/ul><\/div>\n<form action=\"\/index.php\/wp-json\/wp\/v2\/pages\/34327#wpcf7-f34533-o1\" method=\"post\" class=\"wpcf7-form init\" aria-label=\"Contact form\" novalidate=\"novalidate\" data-status=\"init\">\n<div style=\"display: none;\">\n<input type=\"hidden\" name=\"_wpcf7\" value=\"34533\" \/>\n<input type=\"hidden\" name=\"_wpcf7_version\" value=\"6.0.6\" \/>\n<input type=\"hidden\" name=\"_wpcf7_locale\" value=\"es_EC\" \/>\n<input type=\"hidden\" name=\"_wpcf7_unit_tag\" value=\"wpcf7-f34533-o1\" \/>\n<input type=\"hidden\" name=\"_wpcf7_container_post\" value=\"0\" \/>\n<input type=\"hidden\" name=\"_wpcf7_posted_data_hash\" value=\"\" \/>\n<\/div>\n<p><span class=\"wpcf7-form-control-wrap\" data-name=\"tipo_formulario\"><select class=\"wpcf7-form-control wpcf7-select\" aria-invalid=\"false\" name=\"tipo_formulario\"><option value=\"Quejas\">Quejas<\/option><option value=\"Sugerencias\">Sugerencias<\/option><option value=\"Felicitaci\u00f3n\">Felicitaci\u00f3n<\/option><\/select><\/span>\n<\/p>\n<p><label> Descripci\u00f3n<br \/>\n<span class=\"wpcf7-form-control-wrap\" data-name=\"descripcion\"><textarea cols=\"40\" rows=\"3\" maxlength=\"2000\" class=\"wpcf7-form-control wpcf7-textarea wpcf7-validates-as-required\" aria-required=\"true\" aria-invalid=\"false\" name=\"descripcion\"><\/textarea><\/span> <\/label>\n<\/p>\n<p><label> \u00c1rea o lugar involucrado<br \/>\n<span class=\"wpcf7-form-control-wrap\" data-name=\"area\"><input size=\"40\" maxlength=\"400\" class=\"wpcf7-form-control wpcf7-text wpcf7-validates-as-required\" aria-required=\"true\" aria-invalid=\"false\" value=\"\" type=\"text\" name=\"area\" \/><\/span> <\/label>\n<\/p>\n<p><label> Fecha<br \/>\n<span class=\"wpcf7-form-control-wrap\" data-name=\"fecha\"><input class=\"wpcf7-form-control wpcf7-date wpcf7-validates-as-required wpcf7-validates-as-date\" aria-required=\"true\" aria-invalid=\"false\" value=\"\" type=\"date\" name=\"fecha\" \/><\/span> <\/label>\n<\/p>\n<p><label> Datos del usuario (opcional)<br \/>\n<span class=\"wpcf7-form-control-wrap\" data-name=\"datos_usuario\"><input size=\"40\" maxlength=\"400\" class=\"wpcf7-form-control wpcf7-text\" aria-invalid=\"false\" value=\"\" type=\"text\" name=\"datos_usuario\" \/><\/span> <\/label>\n<\/p>\n<p><span class=\"wpcf7-form-control-wrap\" data-name=\"acceptance-664\"><span class=\"wpcf7-form-control wpcf7-acceptance\"><span class=\"wpcf7-list-item\"><label><input type=\"checkbox\" name=\"acceptance-664\" value=\"1\" aria-invalid=\"false\" \/><span class=\"wpcf7-list-item-label\">En cumplimiento de la Ley Org\u00e1nica de Protecci\u00f3n de Datos Personales, autorizo el tratamiento de mis datos para fines de contacto y gesti\u00f3n del formulario.<\/span><\/label><\/span><\/span><\/span>\n<\/p>\n<p><input class=\"wpcf7-form-control wpcf7-submit has-spinner\" type=\"submit\" value=\"ENVIAR\" \/>\n<\/p><div class=\"wpcf7-response-output\" aria-hidden=\"true\"><\/div>\n<\/form>\n<\/div>\n<\/div>\n            <\/div>\t\t\t\t<\/div>\n\t\t\t\t<\/div>\n\t\t\t\t\t<\/div>\n\t\t<\/div>\n\t\t\t\t\t<\/div>\n\t\t<\/section>\n\t\t\t\t\t<\/div>\n\t\t<\/div>\n\t\t\t\t\t<\/div>\n\t\t<\/section>\n\t\t\t\t<\/div>\n\t\t","protected":false},"excerpt":{"rendered":"<p>LABORATORIO DE DIAGN\u00d3STICO VETERINARIO IMPLEMENTACI\u00d3N La UPEC es la \u00fanica universidad a nivel nacional en tener el primer Laboratorio de Diagn\u00f3stico Veterinario con la Acreditaci\u00f3n Inicial bajo la Norma INEN-ISO\/17025:2017, y pertenece a la Red de Laboratorios Autorizados por AGROCALIDAD. El laboratorio se implement\u00f3 con el objetivo de brindar el servicio de detecci\u00f3n de enfermedades [&hellip;]<\/p>\n","protected":false},"author":2,"featured_media":0,"parent":0,"menu_order":0,"comment_status":"closed","ping_status":"closed","template":"","meta":{"site-sidebar-layout":"no-sidebar","site-content-layout":"page-builder","ast-site-content-layout":"full-width-container","site-content-style":"unboxed","site-sidebar-style":"unboxed","ast-global-header-display":"","ast-banner-title-visibility":"","ast-main-header-display":"","ast-hfb-above-header-display":"","ast-hfb-below-header-display":"","ast-hfb-mobile-header-display":"","site-post-title":"disabled","ast-breadcrumbs-content":"","ast-featured-img":"disabled","footer-sml-layout":"","theme-transparent-header-meta":"","adv-header-id-meta":"","stick-header-meta":"","header-above-stick-meta":"","header-main-stick-meta":"","header-below-stick-meta":"","astra-migrate-meta-layouts":"set","ast-page-background-enabled":"default","ast-page-background-meta":{"desktop":{"background-color":"var(--ast-global-color-4)","background-image":"","background-repeat":"repeat","background-position":"center center","background-size":"auto","background-attachment":"scroll","background-type":"","background-media":"","overlay-type":"","overlay-color":"","overlay-opacity":"","overlay-gradient":""},"tablet":{"background-color":"","background-image":"","background-repeat":"repeat","background-position":"center center","background-size":"auto","background-attachment":"scroll","background-type":"","background-media":"","overlay-type":"","overlay-color":"","overlay-opacity":"","overlay-gradient":""},"mobile":{"background-color":"","background-image":"","background-repeat":"repeat","background-position":"center center","background-size":"auto","background-attachment":"scroll","background-type":"","background-media":"","overlay-type":"","overlay-color":"","overlay-opacity":"","overlay-gradient":""}},"ast-content-background-meta":{"desktop":{"background-color":"var(--ast-global-color-5)","background-image":"","background-repeat":"repeat","background-position":"center center","background-size":"auto","background-attachment":"scroll","background-type":"","background-media":"","overlay-type":"","overlay-color":"","overlay-opacity":"","overlay-gradient":""},"tablet":{"background-color":"var(--ast-global-color-5)","background-image":"","background-repeat":"repeat","background-position":"center center","background-size":"auto","background-attachment":"scroll","background-type":"","background-media":"","overlay-type":"","overlay-color":"","overlay-opacity":"","overlay-gradient":""},"mobile":{"background-color":"var(--ast-global-color-5)","background-image":"","background-repeat":"repeat","background-position":"center center","background-size":"auto","background-attachment":"scroll","background-type":"","background-media":"","overlay-type":"","overlay-color":"","overlay-opacity":"","overlay-gradient":""}},"footnotes":""},"class_list":["post-34327","page","type-page","status-publish","hentry"],"_links":{"self":[{"href":"https:\/\/upec.edu.ec\/index.php\/wp-json\/wp\/v2\/pages\/34327","targetHints":{"allow":["GET"]}}],"collection":[{"href":"https:\/\/upec.edu.ec\/index.php\/wp-json\/wp\/v2\/pages"}],"about":[{"href":"https:\/\/upec.edu.ec\/index.php\/wp-json\/wp\/v2\/types\/page"}],"author":[{"embeddable":true,"href":"https:\/\/upec.edu.ec\/index.php\/wp-json\/wp\/v2\/users\/2"}],"replies":[{"embeddable":true,"href":"https:\/\/upec.edu.ec\/index.php\/wp-json\/wp\/v2\/comments?post=34327"}],"version-history":[{"count":232,"href":"https:\/\/upec.edu.ec\/index.php\/wp-json\/wp\/v2\/pages\/34327\/revisions"}],"predecessor-version":[{"id":34572,"href":"https:\/\/upec.edu.ec\/index.php\/wp-json\/wp\/v2\/pages\/34327\/revisions\/34572"}],"wp:attachment":[{"href":"https:\/\/upec.edu.ec\/index.php\/wp-json\/wp\/v2\/media?parent=34327"}],"curies":[{"name":"wp","href":"https:\/\/api.w.org\/{rel}","templated":true}]}}