{"id":34202,"date":"2026-04-09T10:01:31","date_gmt":"2026-04-09T15:01:31","guid":{"rendered":"https:\/\/upec.edu.ec\/?page_id=34202"},"modified":"2026-04-09T11:50:23","modified_gmt":"2026-04-09T16:50:23","slug":"boletin-007-2026","status":"publish","type":"page","link":"https:\/\/upec.edu.ec\/index.php\/boletin-007-2026\/","title":{"rendered":"Bolet\u00edn 007 2026"},"content":{"rendered":"\t\t<div data-elementor-type=\"wp-page\" data-elementor-id=\"34202\" class=\"elementor elementor-34202\">\n\t\t\t\t\t\t<section class=\"elementor-section elementor-top-section elementor-element elementor-element-86c772d elementor-section-full_width elementor-section-height-min-height elementor-section-items-top elementor-section-height-default\" data-id=\"86c772d\" data-element_type=\"section\">\n\t\t\t\t\t\t<div class=\"elementor-container elementor-column-gap-no\">\n\t\t\t\t\t<div class=\"elementor-column elementor-col-100 elementor-top-column elementor-element elementor-element-6caf56e\" data-id=\"6caf56e\" data-element_type=\"column\">\n\t\t\t<div class=\"elementor-widget-wrap elementor-element-populated\">\n\t\t\t\t\t\t<div class=\"elementor-element elementor-element-9fe77fd elementor-widget__width-auto elementor-widget elementor-widget-heading\" data-id=\"9fe77fd\" data-element_type=\"widget\" data-widget_type=\"heading.default\">\n\t\t\t\t<div class=\"elementor-widget-container\">\n\t\t\t\t\t<h2 class=\"elementor-heading-title elementor-size-default\">UPEC CONMEMOR\u00d3 SU VIG\u00c9SIMO ANIVERSARIO CON SOLEMNE ACTO QUE DESTAC\u00d3 SU CRECIMIENTO ACAD\u00c9MICO, CIENT\u00cdFICO Y SOSTENIBLE<\/h2>\t\t\t\t<\/div>\n\t\t\t\t<\/div>\n\t\t\t\t<div class=\"elementor-element elementor-element-6256772 elementor-widget elementor-widget-heading\" data-id=\"6256772\" data-element_type=\"widget\" data-widget_type=\"heading.default\">\n\t\t\t\t<div class=\"elementor-widget-container\">\n\t\t\t\t\t<h2 class=\"elementor-heading-title elementor-size-default\">En un ambiente de solemnidad y orgullo institucional, la Universidad Polit\u00e9cnica Estatal del Carchi (UPEC) conmemor\u00f3 su vig\u00e9simo aniversario de vida institucional mediante una sesi\u00f3n solemne que reuni\u00f3 a docentes, personal administrativo y trabajadores, junto a invitados del gobierno central, gobiernos municipales, asamble\u00edstas y autoridades de universidades del Ecuador y Colombia.<br><br>\n\nDurante el acto se rindi\u00f3 homenaje a los servidores universitarios por su trayectoria de 20, 15, 10 y 5 a\u00f1os, reconociendo su compromiso con el crecimiento institucional. Asimismo, se entregaron reconocimientos al m\u00e9rito por investigaci\u00f3n a docentes y estudiantes por su destacada actividad acad\u00e9mica.<br><br>\n\nEl discurso de orden estuvo a cargo del MSc. Denys Bola\u00f1os, docente de la UPEC, quien destac\u00f3 los principales hitos alcanzados durante estos 20 a\u00f1os de trabajo acad\u00e9mico y el esfuerzo colectivo que ha permitido consolidar a la universidad como referente educativo en la regi\u00f3n. <br><br>\n\nDurante la ceremonia se recibi\u00f3 con gratitud la donaci\u00f3n de siete hect\u00e1reas para el Campus UPEC \u2013 Cayambe \u201cLa Buena Esperanza\u201d, realizada por la comunidad de Guachal\u00e1, as\u00ed como el aporte econ\u00f3mico del Municipio de Cayambe por un cuarto de mill\u00f3n de d\u00f3lares para fortalecer este proyecto.<br><br>\n\nEn su intervenci\u00f3n, el rector Jorge Mina resalt\u00f3 los logros alcanzados en los \u00faltimos a\u00f1os, se\u00f1alando que al cierre de 2025 la UPEC registr\u00f3 una matr\u00edcula aproximada de 7.000 estudiantes en carreras de grado, maestr\u00edas y doctorado, y otorg\u00f3 641 t\u00edtulos profesionales, fortaleciendo su misi\u00f3n formativa. Tambi\u00e9n destac\u00f3 el incremento de docentes con t\u00edtulo de doctorado, las reformas a la normativa interna institucional y el inicio del proceso para la obtenci\u00f3n de las certificaciones internacionales ISO 9001:2015 e ISO 21001:2018, orientadas a fortalecer la calidad institucional.<br><br>\n\nEntre las principales acciones estrat\u00e9gicas se destacaron la puesta en marcha del campus Cayambe, la adquisici\u00f3n de un terreno de 20 hect\u00e1reas en la ciudad de Tulc\u00e1n, la construcci\u00f3n del Centro de Convenciones y Auditorio Universitario, el inicio del Centro Internacional de Investigaci\u00f3n e Innovaci\u00f3n, as\u00ed como la rehabilitaci\u00f3n del Complejo Acu\u00e1tico UPEC \u2013 U.E. Bol\u00edvar y los estudios para el Campus Norte.<br><br>\n\nEn el \u00e1mbito acad\u00e9mico e investigativo, se destac\u00f3 la cualificaci\u00f3n docente mediante becas de posgrado, la ampliaci\u00f3n del sistema de becas estudiantiles y el incremento superior al 350% en producci\u00f3n cient\u00edfica respecto al 2024, consolidando adem\u00e1s la designaci\u00f3n de la UPEC como sede del Congreso Internacional de Semilleros de Investigaci\u00f3n 2026. <br><br>\n\nDurante el 2025, la vinculaci\u00f3n con la sociedad permiti\u00f3 ejecutar 20 proyectos en 32 cantones de 12 provincias, beneficiando a 28.650 ciudadanos, mientras que en internacionalizaci\u00f3n 94 docentes y 449 estudiantes participaron en procesos de movilidad acad\u00e9mica en distintos pa\u00edses. <br><br>\n\nFinalmente, se resalt\u00f3 el proyecto del parque fotovoltaico universitario, que permitir\u00e1 generar el 100% del consumo el\u00e9ctrico institucional mediante energ\u00eda renovable, consolidando el compromiso de la UPEC con la sostenibilidad y el desarrollo del territorio. <br><br>\n\nLa conmemoraci\u00f3n del vig\u00e9simo aniversario reafirma el compromiso de la UPEC con la excelencia acad\u00e9mica, la investigaci\u00f3n y el desarrollo sostenible del pa\u00eds.\n<\/h2>\t\t\t\t<\/div>\n\t\t\t\t<\/div>\n\t\t\t\t\t<\/div>\n\t\t<\/div>\n\t\t\t\t\t<\/div>\n\t\t<\/section>\n\t\t\t\t<section class=\"elementor-section elementor-top-section elementor-element elementor-element-2cd4369 elementor-section-full_width elementor-section-height-min-height elementor-section-items-top elementor-section-height-default\" data-id=\"2cd4369\" data-element_type=\"section\">\n\t\t\t\t\t\t<div class=\"elementor-container elementor-column-gap-no\">\n\t\t\t\t\t<div class=\"elementor-column elementor-col-100 elementor-top-column elementor-element elementor-element-a7fd849\" data-id=\"a7fd849\" data-element_type=\"column\">\n\t\t\t<div class=\"elementor-widget-wrap elementor-element-populated\">\n\t\t\t\t\t\t<div class=\"elementor-element elementor-element-d6101c1 elementor-widget__width-initial elementor-widget elementor-widget-image\" data-id=\"d6101c1\" data-element_type=\"widget\" data-widget_type=\"image.default\">\n\t\t\t\t<div class=\"elementor-widget-container\">\n\t\t\t\t\t\t\t\t\t\t\t\t\t\t\t<img decoding=\"async\" src=\"https:\/\/upec.edu.ec\/wp-content\/uploads\/elementor\/thumbs\/boletin_07_01_2026_portada-rlrbtayw0pr9x6dprib4t3592b2kimptl8604l2xwo.jpg\" title=\"boletin_07_01_2026_portada\" alt=\"boletin_07_01_2026_portada\" loading=\"lazy\" \/>\t\t\t\t\t\t\t\t\t\t\t\t\t\t\t<\/div>\n\t\t\t\t<\/div>\n\t\t\t\t<div class=\"elementor-element elementor-element-4b172a4 elementor-widget__width-initial elementor-widget elementor-widget-image\" data-id=\"4b172a4\" data-element_type=\"widget\" data-widget_type=\"image.default\">\n\t\t\t\t<div class=\"elementor-widget-container\">\n\t\t\t\t\t\t\t\t\t\t\t\t\t\t\t<img decoding=\"async\" src=\"https:\/\/upec.edu.ec\/wp-content\/uploads\/elementor\/thumbs\/boletin_07_01_2026-rlrbtayu6xlh725jn912fmmq32ffftv0nrizxx5kz2.jpg\" title=\"boletin_07_01_2026\" alt=\"boletin_07_01_2026\" loading=\"lazy\" \/>\t\t\t\t\t\t\t\t\t\t\t\t\t\t\t<\/div>\n\t\t\t\t<\/div>\n\t\t\t\t<div class=\"elementor-element elementor-element-4229dfd elementor-widget__width-initial elementor-widget elementor-widget-image\" data-id=\"4229dfd\" data-element_type=\"widget\" data-widget_type=\"image.default\">\n\t\t\t\t<div class=\"elementor-widget-container\">\n\t\t\t\t\t\t\t\t\t\t\t\t\t\t\t<img decoding=\"async\" src=\"https:\/\/upec.edu.ec\/wp-content\/uploads\/elementor\/thumbs\/boletin_07_02_2026-rlrbtayu6xlh725jn912fmmq32ffftv0nrizxx5kys.jpg\" title=\"boletin_07_02_2026\" alt=\"boletin_07_02_2026\" loading=\"lazy\" \/>\t\t\t\t\t\t\t\t\t\t\t\t\t\t\t<\/div>\n\t\t\t\t<\/div>\n\t\t\t\t<div class=\"elementor-element elementor-element-689be29 elementor-widget__width-initial elementor-widget elementor-widget-image\" data-id=\"689be29\" data-element_type=\"widget\" data-widget_type=\"image.default\">\n\t\t\t\t<div class=\"elementor-widget-container\">\n\t\t\t\t\t\t\t\t\t\t\t\t\t\t\t<img decoding=\"async\" src=\"https:\/\/upec.edu.ec\/wp-content\/uploads\/elementor\/thumbs\/boletin_07_03_2026-rlrbtbwodrmrio46hrfp04e6ogasniyqzw6hf746su.jpg\" title=\"boletin_07_03_2026\" alt=\"boletin_07_03_2026\" loading=\"lazy\" \/>\t\t\t\t\t\t\t\t\t\t\t\t\t\t\t<\/div>\n\t\t\t\t<\/div>\n\t\t\t\t\t<\/div>\n\t\t<\/div>\n\t\t\t\t\t<\/div>\n\t\t<\/section>\n\t\t\t\t<section class=\"elementor-section elementor-top-section elementor-element elementor-element-b1f7cd2 elementor-section-full_width elementor-section-height-min-height elementor-section-items-top elementor-section-height-default\" data-id=\"b1f7cd2\" data-element_type=\"section\">\n\t\t\t\t\t\t<div class=\"elementor-container elementor-column-gap-no\">\n\t\t\t\t\t<div class=\"elementor-column elementor-col-100 elementor-top-column elementor-element elementor-element-2b2b894\" data-id=\"2b2b894\" data-element_type=\"column\">\n\t\t\t<div class=\"elementor-widget-wrap elementor-element-populated\">\n\t\t\t\t\t\t<div class=\"elementor-element elementor-element-e6cd8cf elementor-widget elementor-widget-text-editor\" data-id=\"e6cd8cf\" data-element_type=\"widget\" data-widget_type=\"text-editor.default\">\n\t\t\t\t<div class=\"elementor-widget-container\">\n\t\t\t\t\t\t\t\t\t<p style=\"text-align: center;\"><span style=\"color: #999999;\"><strong>Pie de foto:<\/strong> <span data-olk-copy-source=\"MessageBody\">La sesi\u00f3n solemne por el vig\u00e9simo aniversario de la UPEC se desarrollo en el nuevo auditorio del Centro de Convenciones<\/span><span data-olk-copy-source=\"MessageBody\">.<\/span><\/span><\/p><p><!--StartFragment--><!--EndFragment--><\/p>\t\t\t\t\t\t\t\t<\/div>\n\t\t\t\t<\/div>\n\t\t\t\t\t<\/div>\n\t\t<\/div>\n\t\t\t\t\t<\/div>\n\t\t<\/section>\n\t\t\t\t<section class=\"elementor-section elementor-top-section elementor-element elementor-element-3d0f6cb elementor-section-boxed elementor-section-height-default elementor-section-height-default\" data-id=\"3d0f6cb\" data-element_type=\"section\">\n\t\t\t\t\t\t<div class=\"elementor-container elementor-column-gap-default\">\n\t\t\t\t\t<div class=\"elementor-column elementor-col-100 elementor-top-column elementor-element elementor-element-ae879ca\" data-id=\"ae879ca\" data-element_type=\"column\">\n\t\t\t<div class=\"elementor-widget-wrap\">\n\t\t\t\t\t\t\t<\/div>\n\t\t<\/div>\n\t\t\t\t\t<\/div>\n\t\t<\/section>\n\t\t\t\t<\/div>\n\t\t","protected":false},"excerpt":{"rendered":"<p>UPEC CONMEMOR\u00d3 SU VIG\u00c9SIMO ANIVERSARIO CON SOLEMNE ACTO QUE DESTAC\u00d3 SU CRECIMIENTO ACAD\u00c9MICO, CIENT\u00cdFICO Y SOSTENIBLE En un ambiente de solemnidad y orgullo institucional, la Universidad Polit\u00e9cnica Estatal del Carchi (UPEC) conmemor\u00f3 su vig\u00e9simo aniversario de vida institucional mediante una sesi\u00f3n solemne que reuni\u00f3 a docentes, personal administrativo y trabajadores, junto a invitados del gobierno [&hellip;]<\/p>\n","protected":false},"author":2,"featured_media":0,"parent":0,"menu_order":0,"comment_status":"closed","ping_status":"closed","template":"","meta":{"site-sidebar-layout":"default","site-content-layout":"","ast-site-content-layout":"default","site-content-style":"default","site-sidebar-style":"default","ast-global-header-display":"","ast-banner-title-visibility":"","ast-main-header-display":"","ast-hfb-above-header-display":"","ast-hfb-below-header-display":"","ast-hfb-mobile-header-display":"","site-post-title":"disabled","ast-breadcrumbs-content":"","ast-featured-img":"","footer-sml-layout":"","theme-transparent-header-meta":"","adv-header-id-meta":"","stick-header-meta":"","header-above-stick-meta":"","header-main-stick-meta":"","header-below-stick-meta":"","astra-migrate-meta-layouts":"set","ast-page-background-enabled":"default","ast-page-background-meta":{"desktop":{"background-color":"var(--ast-global-color-4)","background-image":"","background-repeat":"repeat","background-position":"center center","background-size":"auto","background-attachment":"scroll","background-type":"","background-media":"","overlay-type":"","overlay-color":"","overlay-opacity":"","overlay-gradient":""},"tablet":{"background-color":"","background-image":"","background-repeat":"repeat","background-position":"center center","background-size":"auto","background-attachment":"scroll","background-type":"","background-media":"","overlay-type":"","overlay-color":"","overlay-opacity":"","overlay-gradient":""},"mobile":{"background-color":"","background-image":"","background-repeat":"repeat","background-position":"center center","background-size":"auto","background-attachment":"scroll","background-type":"","background-media":"","overlay-type":"","overlay-color":"","overlay-opacity":"","overlay-gradient":""}},"ast-content-background-meta":{"desktop":{"background-color":"var(--ast-global-color-5)","background-image":"","background-repeat":"repeat","background-position":"center center","background-size":"auto","background-attachment":"scroll","background-type":"","background-media":"","overlay-type":"","overlay-color":"","overlay-opacity":"","overlay-gradient":""},"tablet":{"background-color":"var(--ast-global-color-5)","background-image":"","background-repeat":"repeat","background-position":"center center","background-size":"auto","background-attachment":"scroll","background-type":"","background-media":"","overlay-type":"","overlay-color":"","overlay-opacity":"","overlay-gradient":""},"mobile":{"background-color":"var(--ast-global-color-5)","background-image":"","background-repeat":"repeat","background-position":"center center","background-size":"auto","background-attachment":"scroll","background-type":"","background-media":"","overlay-type":"","overlay-color":"","overlay-opacity":"","overlay-gradient":""}},"footnotes":""},"class_list":["post-34202","page","type-page","status-publish","hentry"],"_links":{"self":[{"href":"https:\/\/upec.edu.ec\/index.php\/wp-json\/wp\/v2\/pages\/34202","targetHints":{"allow":["GET"]}}],"collection":[{"href":"https:\/\/upec.edu.ec\/index.php\/wp-json\/wp\/v2\/pages"}],"about":[{"href":"https:\/\/upec.edu.ec\/index.php\/wp-json\/wp\/v2\/types\/page"}],"author":[{"embeddable":true,"href":"https:\/\/upec.edu.ec\/index.php\/wp-json\/wp\/v2\/users\/2"}],"replies":[{"embeddable":true,"href":"https:\/\/upec.edu.ec\/index.php\/wp-json\/wp\/v2\/comments?post=34202"}],"version-history":[{"count":16,"href":"https:\/\/upec.edu.ec\/index.php\/wp-json\/wp\/v2\/pages\/34202\/revisions"}],"predecessor-version":[{"id":34223,"href":"https:\/\/upec.edu.ec\/index.php\/wp-json\/wp\/v2\/pages\/34202\/revisions\/34223"}],"wp:attachment":[{"href":"https:\/\/upec.edu.ec\/index.php\/wp-json\/wp\/v2\/media?parent=34202"}],"curies":[{"name":"wp","href":"https:\/\/api.w.org\/{rel}","templated":true}]}}