{"id":34142,"date":"2026-04-02T17:44:49","date_gmt":"2026-04-02T22:44:49","guid":{"rendered":"https:\/\/upec.edu.ec\/?page_id=34142"},"modified":"2026-04-02T17:56:54","modified_gmt":"2026-04-02T22:56:54","slug":"boletin-006-2026","status":"publish","type":"page","link":"https:\/\/upec.edu.ec\/index.php\/boletin-006-2026\/","title":{"rendered":"Bolet\u00edn 006 2026"},"content":{"rendered":"\t\t<div data-elementor-type=\"wp-page\" data-elementor-id=\"34142\" class=\"elementor elementor-34142\">\n\t\t\t\t\t\t<section class=\"elementor-section elementor-top-section elementor-element elementor-element-86c772d elementor-section-full_width elementor-section-height-min-height elementor-section-items-top elementor-section-height-default\" data-id=\"86c772d\" data-element_type=\"section\">\n\t\t\t\t\t\t<div class=\"elementor-container elementor-column-gap-no\">\n\t\t\t\t\t<div class=\"elementor-column elementor-col-100 elementor-top-column elementor-element elementor-element-6caf56e\" data-id=\"6caf56e\" data-element_type=\"column\">\n\t\t\t<div class=\"elementor-widget-wrap elementor-element-populated\">\n\t\t\t\t\t\t<div class=\"elementor-element elementor-element-9fe77fd elementor-widget__width-auto elementor-widget elementor-widget-heading\" data-id=\"9fe77fd\" data-element_type=\"widget\" data-widget_type=\"heading.default\">\n\t\t\t\t<div class=\"elementor-widget-container\">\n\t\t\t\t\t<h2 class=\"elementor-heading-title elementor-size-default\">UPEC DESARROLL\u00d3 EL 1ER ENCUENTRO DE INVESTIGACI\u00d3N CONTABLE Y FISCAL CON LA PARTICIPACI\u00d3N DE INSTITUCIONES ALIADAS<\/h2>\t\t\t\t<\/div>\n\t\t\t\t<\/div>\n\t\t\t\t<div class=\"elementor-element elementor-element-6256772 elementor-widget elementor-widget-heading\" data-id=\"6256772\" data-element_type=\"widget\" data-widget_type=\"heading.default\">\n\t\t\t\t<div class=\"elementor-widget-container\">\n\t\t\t\t\t<h2 class=\"elementor-heading-title elementor-size-default\">Con el objetivo de fortalecer los conocimientos acad\u00e9micos y profesionales de los estudiantes en temas clave del \u00e1mbito contable y fiscal, la carrera de Contabilidad y Auditor\u00eda de la Universidad Polit\u00e9cnica Estatal del Carchi (UPEC) desarroll\u00f3 el 1er Encuentro de Investigaci\u00f3n Contable y Fiscal, un espacio acad\u00e9mico que permiti\u00f3 el intercambio de conocimientos y la actualizaci\u00f3n profesional en \u00e1reas estrat\u00e9gicas para la formaci\u00f3n de futuros profesionales.<br><br>\n\nEste importante encuentro acad\u00e9mico se realiz\u00f3 en modalidad h\u00edbrida, permitiendo la participaci\u00f3n, tanto presencial como virtual, de alrededor de 300 estudiantes pertenecientes a la Facultad de Comercio Internacional, Integraci\u00f3n, Administraci\u00f3n y Econom\u00eda Empresarial, quienes accedieron a contenidos actualizados y de gran relevancia para su formaci\u00f3n acad\u00e9mica y profesional.<br><br>\n\nDurante la jornada se abordaron tem\u00e1ticas fundamentales como servicios tributarios, seguridad social y transformaci\u00f3n digital en las micro, peque\u00f1as y medianas empresas (MIPYMES), \u00e1reas que actualmente representan desaf\u00edos y oportunidades para el desarrollo empresarial y la correcta gesti\u00f3n financiera y administrativa en el pa\u00eds. <br><br>\n\nEl evento cont\u00f3 con la participaci\u00f3n de destacadas instituciones aliadas, que aportaron con ponencias especializadas y experiencias pr\u00e1cticas que enriquecieron el aprendizaje de los asistentes. Entre ellas se destacaron el Servicio de Rentas Internas (SRI), el Instituto Ecuatoriano de Seguridad Social (IESS) y la Pontificia Universidad Cat\u00f3lica del Ecuador Sede Ibarra (PUCE Ibarra), cuyos representantes compartieron informaci\u00f3n actualizada y resolvieron inquietudes de los estudiantes en torno a los procesos tributarios, obligaciones patronales y el impacto de la digitalizaci\u00f3n en la gesti\u00f3n empresarial.<br><br>\n\nLa directora de la carrera de Contabilidad y Auditor\u00eda de la UPEC, Milena Guti\u00e9rrez, destac\u00f3 la importancia de este encuentro como un espacio que fortalece la formaci\u00f3n acad\u00e9mica y acerca a los estudiantes a la realidad profesional.<br><br>\n\n\"Este primer encuentro representa una oportunidad significativa para nuestros estudiantes, ya que les permite actualizar sus conocimientos y conocer de primera mano los cambios y desaf\u00edos que se presentan en el \u00e1mbito contable y fiscal. Desde la carrera de Contabilidad y Auditor\u00eda trabajamos permanentemente en generar espacios acad\u00e9micos que fortalezcan sus competencias profesionales y les permitan responder a las necesidades actuales del entorno empresarial y tributario\", expres\u00f3.<br><br>\n\nEl 1er Encuentro de Investigaci\u00f3n Contable y Fiscal se consolid\u00f3 como un espacio de aprendizaje, an\u00e1lisis y reflexi\u00f3n acad\u00e9mica que permiti\u00f3 a los estudiantes fortalecer sus conocimientos en temas esenciales para su futuro desempe\u00f1o profesional, promoviendo adem\u00e1s la investigaci\u00f3n y el pensamiento cr\u00edtico en el \u00e1rea contable y fiscal. <br><br>\n<\/h2>\t\t\t\t<\/div>\n\t\t\t\t<\/div>\n\t\t\t\t\t<\/div>\n\t\t<\/div>\n\t\t\t\t\t<\/div>\n\t\t<\/section>\n\t\t\t\t<section class=\"elementor-section elementor-top-section elementor-element elementor-element-2cd4369 elementor-section-full_width elementor-section-height-min-height elementor-section-items-top elementor-section-height-default\" data-id=\"2cd4369\" data-element_type=\"section\">\n\t\t\t\t\t\t<div class=\"elementor-container elementor-column-gap-no\">\n\t\t\t\t\t<div class=\"elementor-column elementor-col-100 elementor-top-column elementor-element elementor-element-a7fd849\" data-id=\"a7fd849\" data-element_type=\"column\">\n\t\t\t<div class=\"elementor-widget-wrap elementor-element-populated\">\n\t\t\t\t\t\t<div class=\"elementor-element elementor-element-4b172a4 elementor-widget__width-initial elementor-widget elementor-widget-image\" data-id=\"4b172a4\" data-element_type=\"widget\" data-widget_type=\"image.default\">\n\t\t\t\t<div class=\"elementor-widget-container\">\n\t\t\t\t\t\t\t\t\t\t\t\t\t\t\t<img decoding=\"async\" src=\"https:\/\/upec.edu.ec\/images\/stories\/Boletines\/2026\/boletin_06_01_2026.jpg\" title=\"\" alt=\"\" loading=\"lazy\" \/>\t\t\t\t\t\t\t\t\t\t\t\t\t\t\t<\/div>\n\t\t\t\t<\/div>\n\t\t\t\t\t<\/div>\n\t\t<\/div>\n\t\t\t\t\t<\/div>\n\t\t<\/section>\n\t\t\t\t<section class=\"elementor-section elementor-top-section elementor-element elementor-element-2f29441 elementor-section-full_width elementor-section-height-min-height elementor-section-items-top elementor-section-height-default\" data-id=\"2f29441\" data-element_type=\"section\">\n\t\t\t\t\t\t<div class=\"elementor-container elementor-column-gap-no\">\n\t\t\t\t\t<div class=\"elementor-column elementor-col-100 elementor-top-column elementor-element elementor-element-a7b2689\" data-id=\"a7b2689\" data-element_type=\"column\">\n\t\t\t<div class=\"elementor-widget-wrap elementor-element-populated\">\n\t\t\t\t\t\t<div class=\"elementor-element elementor-element-9bf8746 elementor-widget__width-initial elementor-widget elementor-widget-image\" data-id=\"9bf8746\" data-element_type=\"widget\" data-widget_type=\"image.default\">\n\t\t\t\t<div class=\"elementor-widget-container\">\n\t\t\t\t\t\t\t\t\t\t\t\t\t\t\t<img decoding=\"async\" src=\"https:\/\/upec.edu.ec\/images\/stories\/Boletines\/2026\/boletin_06_02_2026.jpg\" title=\"\" alt=\"\" loading=\"lazy\" \/>\t\t\t\t\t\t\t\t\t\t\t\t\t\t\t<\/div>\n\t\t\t\t<\/div>\n\t\t\t\t\t<\/div>\n\t\t<\/div>\n\t\t\t\t\t<\/div>\n\t\t<\/section>\n\t\t\t\t<section class=\"elementor-section elementor-top-section elementor-element elementor-element-8799b95 elementor-section-full_width elementor-section-height-min-height elementor-section-items-top elementor-section-height-default\" data-id=\"8799b95\" data-element_type=\"section\">\n\t\t\t\t\t\t<div class=\"elementor-container elementor-column-gap-no\">\n\t\t\t\t\t<div class=\"elementor-column elementor-col-100 elementor-top-column elementor-element elementor-element-2113612\" data-id=\"2113612\" data-element_type=\"column\">\n\t\t\t<div class=\"elementor-widget-wrap elementor-element-populated\">\n\t\t\t\t\t\t<div class=\"elementor-element elementor-element-154be50 elementor-widget__width-initial elementor-widget elementor-widget-image\" data-id=\"154be50\" data-element_type=\"widget\" data-widget_type=\"image.default\">\n\t\t\t\t<div class=\"elementor-widget-container\">\n\t\t\t\t\t\t\t\t\t\t\t\t\t\t\t<img decoding=\"async\" src=\"https:\/\/upec.edu.ec\/images\/stories\/Boletines\/2026\/boletin_06_03_2026.jpg\" title=\"\" alt=\"\" loading=\"lazy\" \/>\t\t\t\t\t\t\t\t\t\t\t\t\t\t\t<\/div>\n\t\t\t\t<\/div>\n\t\t\t\t\t<\/div>\n\t\t<\/div>\n\t\t\t\t\t<\/div>\n\t\t<\/section>\n\t\t\t\t<section class=\"elementor-section elementor-top-section elementor-element elementor-element-b1f7cd2 elementor-section-full_width elementor-section-height-min-height elementor-section-items-top elementor-section-height-default\" data-id=\"b1f7cd2\" data-element_type=\"section\">\n\t\t\t\t\t\t<div class=\"elementor-container elementor-column-gap-no\">\n\t\t\t\t\t<div class=\"elementor-column elementor-col-100 elementor-top-column elementor-element elementor-element-2b2b894\" data-id=\"2b2b894\" data-element_type=\"column\">\n\t\t\t<div class=\"elementor-widget-wrap elementor-element-populated\">\n\t\t\t\t\t\t<div class=\"elementor-element elementor-element-e6cd8cf elementor-widget elementor-widget-text-editor\" data-id=\"e6cd8cf\" data-element_type=\"widget\" data-widget_type=\"text-editor.default\">\n\t\t\t\t<div class=\"elementor-widget-container\">\n\t\t\t\t\t\t\t\t\t<p style=\"text-align: center;\"><span style=\"color: #999999;\"><strong>Pie de foto:<\/strong>\u00a0<\/span><span style=\"color: #999999;\">En el marco del vig\u00e9simo aniversario de la UPEC se desarroll\u00f3 el I Encuentro de Investigaci\u00f3n Contable y Fiscal.<\/span><\/p><div id=\"x_Signature\" class=\"x_elementToProof\">\u00a0<\/div><p style=\"text-align: center;\"><span style=\"color: #999999;\"><span data-olk-copy-source=\"MessageBody\">.<\/span><span data-olk-copy-source=\"MessageBody\">.<\/span><\/span><\/p><p><!--StartFragment--><!--EndFragment--><\/p>\t\t\t\t\t\t\t\t<\/div>\n\t\t\t\t<\/div>\n\t\t\t\t\t<\/div>\n\t\t<\/div>\n\t\t\t\t\t<\/div>\n\t\t<\/section>\n\t\t\t\t<section class=\"elementor-section elementor-top-section elementor-element elementor-element-3d0f6cb elementor-section-boxed elementor-section-height-default elementor-section-height-default\" data-id=\"3d0f6cb\" data-element_type=\"section\">\n\t\t\t\t\t\t<div class=\"elementor-container elementor-column-gap-default\">\n\t\t\t\t\t<div class=\"elementor-column elementor-col-100 elementor-top-column elementor-element elementor-element-ae879ca\" data-id=\"ae879ca\" data-element_type=\"column\">\n\t\t\t<div class=\"elementor-widget-wrap\">\n\t\t\t\t\t\t\t<\/div>\n\t\t<\/div>\n\t\t\t\t\t<\/div>\n\t\t<\/section>\n\t\t\t\t<\/div>\n\t\t","protected":false},"excerpt":{"rendered":"<p>UPEC DESARROLL\u00d3 EL 1ER ENCUENTRO DE INVESTIGACI\u00d3N CONTABLE Y FISCAL CON LA PARTICIPACI\u00d3N DE INSTITUCIONES ALIADAS Con el objetivo de fortalecer los conocimientos acad\u00e9micos y profesionales de los estudiantes en temas clave del \u00e1mbito contable y fiscal, la carrera de Contabilidad y Auditor\u00eda de la Universidad Polit\u00e9cnica Estatal del Carchi (UPEC) desarroll\u00f3 el 1er Encuentro [&hellip;]<\/p>\n","protected":false},"author":2,"featured_media":0,"parent":0,"menu_order":0,"comment_status":"closed","ping_status":"closed","template":"","meta":{"site-sidebar-layout":"default","site-content-layout":"","ast-site-content-layout":"default","site-content-style":"default","site-sidebar-style":"default","ast-global-header-display":"","ast-banner-title-visibility":"","ast-main-header-display":"","ast-hfb-above-header-display":"","ast-hfb-below-header-display":"","ast-hfb-mobile-header-display":"","site-post-title":"disabled","ast-breadcrumbs-content":"","ast-featured-img":"","footer-sml-layout":"","theme-transparent-header-meta":"","adv-header-id-meta":"","stick-header-meta":"","header-above-stick-meta":"","header-main-stick-meta":"","header-below-stick-meta":"","astra-migrate-meta-layouts":"set","ast-page-background-enabled":"default","ast-page-background-meta":{"desktop":{"background-color":"var(--ast-global-color-4)","background-image":"","background-repeat":"repeat","background-position":"center center","background-size":"auto","background-attachment":"scroll","background-type":"","background-media":"","overlay-type":"","overlay-color":"","overlay-opacity":"","overlay-gradient":""},"tablet":{"background-color":"","background-image":"","background-repeat":"repeat","background-position":"center center","background-size":"auto","background-attachment":"scroll","background-type":"","background-media":"","overlay-type":"","overlay-color":"","overlay-opacity":"","overlay-gradient":""},"mobile":{"background-color":"","background-image":"","background-repeat":"repeat","background-position":"center center","background-size":"auto","background-attachment":"scroll","background-type":"","background-media":"","overlay-type":"","overlay-color":"","overlay-opacity":"","overlay-gradient":""}},"ast-content-background-meta":{"desktop":{"background-color":"var(--ast-global-color-5)","background-image":"","background-repeat":"repeat","background-position":"center center","background-size":"auto","background-attachment":"scroll","background-type":"","background-media":"","overlay-type":"","overlay-color":"","overlay-opacity":"","overlay-gradient":""},"tablet":{"background-color":"var(--ast-global-color-5)","background-image":"","background-repeat":"repeat","background-position":"center center","background-size":"auto","background-attachment":"scroll","background-type":"","background-media":"","overlay-type":"","overlay-color":"","overlay-opacity":"","overlay-gradient":""},"mobile":{"background-color":"var(--ast-global-color-5)","background-image":"","background-repeat":"repeat","background-position":"center center","background-size":"auto","background-attachment":"scroll","background-type":"","background-media":"","overlay-type":"","overlay-color":"","overlay-opacity":"","overlay-gradient":""}},"footnotes":""},"class_list":["post-34142","page","type-page","status-publish","hentry"],"_links":{"self":[{"href":"https:\/\/upec.edu.ec\/index.php\/wp-json\/wp\/v2\/pages\/34142","targetHints":{"allow":["GET"]}}],"collection":[{"href":"https:\/\/upec.edu.ec\/index.php\/wp-json\/wp\/v2\/pages"}],"about":[{"href":"https:\/\/upec.edu.ec\/index.php\/wp-json\/wp\/v2\/types\/page"}],"author":[{"embeddable":true,"href":"https:\/\/upec.edu.ec\/index.php\/wp-json\/wp\/v2\/users\/2"}],"replies":[{"embeddable":true,"href":"https:\/\/upec.edu.ec\/index.php\/wp-json\/wp\/v2\/comments?post=34142"}],"version-history":[{"count":7,"href":"https:\/\/upec.edu.ec\/index.php\/wp-json\/wp\/v2\/pages\/34142\/revisions"}],"predecessor-version":[{"id":34151,"href":"https:\/\/upec.edu.ec\/index.php\/wp-json\/wp\/v2\/pages\/34142\/revisions\/34151"}],"wp:attachment":[{"href":"https:\/\/upec.edu.ec\/index.php\/wp-json\/wp\/v2\/media?parent=34142"}],"curies":[{"name":"wp","href":"https:\/\/api.w.org\/{rel}","templated":true}]}}