{"id":32088,"date":"2025-08-29T16:46:21","date_gmt":"2025-08-29T21:46:21","guid":{"rendered":"https:\/\/upec.edu.ec\/?page_id=32088"},"modified":"2025-10-08T16:47:50","modified_gmt":"2025-10-08T21:47:50","slug":"examen-complexivo-resolucion-095","status":"publish","type":"page","link":"https:\/\/upec.edu.ec\/index.php\/examen-complexivo-resolucion-095\/","title":{"rendered":"Unidad de Titulaci\u00f3n &#8211; ECC &#8211; Resoluci\u00f3n 095-CSUP-2025"},"content":{"rendered":"\t\t<div data-elementor-type=\"wp-page\" data-elementor-id=\"32088\" class=\"elementor elementor-32088\">\n\t\t\t\t\t\t<section class=\"elementor-section elementor-top-section elementor-element elementor-element-3ae9725 elementor-section-height-min-height elementor-section-boxed elementor-section-height-default elementor-section-items-middle\" data-id=\"3ae9725\" data-element_type=\"section\">\n\t\t\t\t\t\t<div class=\"elementor-container elementor-column-gap-default\">\n\t\t\t\t\t<div class=\"elementor-column elementor-col-100 elementor-top-column elementor-element elementor-element-ba90251\" data-id=\"ba90251\" data-element_type=\"column\">\n\t\t\t<div class=\"elementor-widget-wrap elementor-element-populated\">\n\t\t\t\t\t\t<div class=\"elementor-element elementor-element-a691551 elementor-widget__width-auto elementor-widget elementor-widget-heading\" data-id=\"a691551\" data-element_type=\"widget\" data-widget_type=\"heading.default\">\n\t\t\t\t<div class=\"elementor-widget-container\">\n\t\t\t\t\t<h2 class=\"elementor-heading-title elementor-size-default\">EXAMEN DE CARACTER COMPLEXIVO ECC<\/h2>\t\t\t\t<\/div>\n\t\t\t\t<\/div>\n\t\t\t\t<div class=\"elementor-element elementor-element-808196c elementor-widget elementor-widget-image\" data-id=\"808196c\" data-element_type=\"widget\" data-widget_type=\"image.default\">\n\t\t\t\t<div class=\"elementor-widget-container\">\n\t\t\t\t\t\t\t\t\t\t\t\t\t\t\t<img decoding=\"async\" src=\"https:\/\/upec.edu.ec\/wp-content\/uploads\/elementor\/thumbs\/graduacion-ralkdxwvegrbtxhyk1z604zk1sbbenjgt4tnski2sw.png\" title=\"graduacion\" alt=\"graduacion\" loading=\"lazy\" \/>\t\t\t\t\t\t\t\t\t\t\t\t\t\t\t<\/div>\n\t\t\t\t<\/div>\n\t\t\t\t<div class=\"elementor-element elementor-element-86ceb76 elementor-widget elementor-widget-text-editor\" data-id=\"86ceb76\" data-element_type=\"widget\" data-widget_type=\"text-editor.default\">\n\t\t\t\t<div class=\"elementor-widget-container\">\n\t\t\t\t\t\t\t\t\t<p><span style=\"color: #9d9d9c;\"><a href=\"https:\/\/www.upec.edu.ec\/images\/stories\/Unidad_Integracion_Curricular\/R_095_CSUP_2025\/ECC\/ANEXO-1- SOLICITUD-DE-INGRESO-A-LA-UIC_OPCION-ECC.docx\"><img decoding=\"async\" src=\"https:\/\/upec.edu.ec\/wp-content\/uploads\/2023\/08\/icono_descarga-300x300.png\" alt=\"\" width=\"30\" height=\"30\" \/><\/a>\u00a0 \u00a0Anexo 1 &#8211; Solicitud de ingreso a la UIC opci\u00f3n ECC<\/span><\/p><p><span style=\"color: #9d9d9c;\"><a href=\"https:\/\/www.upec.edu.ec\/images\/stories\/Unidad_Integracion_Curricular\/R_095_CSUP_2025\/ECC\/ANEXO-2- SOLICITUD-DE-TRAMITE-ACADEMICO-PARA-POSTULAR-AL-ECC.docx\"><img decoding=\"async\" src=\"https:\/\/upec.edu.ec\/wp-content\/uploads\/2023\/08\/icono_descarga-300x300.png\" alt=\"\" width=\"30\" height=\"30\" \/><\/a>\u00a0 \u00a0Anexo 2 &#8211; Solicitud de Tr\u00e1mite Acad\u00e9mico para postular al ECC .<\/span><\/p><p><span style=\"color: #9d9d9c;\"><a href=\"https:\/\/www.upec.edu.ec\/images\/stories\/Unidad_Integracion_Curricular\/R_095_CSUP_2025\/ECC\/ANEXO-3- SOLICITUD-DE-CAMBIO-DE-OPCION-CASO-ESPECIAL.docx\"><img decoding=\"async\" src=\"https:\/\/upec.edu.ec\/wp-content\/uploads\/2023\/08\/icono_descarga-300x300.png\" alt=\"\" width=\"30\" height=\"30\" \/><\/a>\u00a0 Anexo 3 &#8211; Solicitud de cambio de opci\u00f3n &#8211;\u00a0 caso especial.<\/span><\/p><p><span style=\"color: #9d9d9c;\"><a href=\"https:\/\/www.upec.edu.ec\/images\/stories\/Unidad_Integracion_Curricular\/R_095_CSUP_2025\/ECC\/ANEXO-4- ACTA-DE-COMPROMISO-ESTUDIANTE.docx\"><img decoding=\"async\" src=\"https:\/\/upec.edu.ec\/wp-content\/uploads\/2023\/08\/icono_descarga-300x300.png\" alt=\"\" width=\"30\" height=\"30\" \/><\/a><\/span>\u00a0 \u00a0Anexo 4 &#8211; Acta de compromiso Estudiante.<\/p><p><span style=\"color: #9d9d9c;\"><a href=\"https:\/\/www.upec.edu.ec\/images\/stories\/Unidad_Integracion_Curricular\/R_095_CSUP_2025\/ECC\/ANEXO-5- NOTIFICACION-SORTEO-ESTUDIO-DE-CASO.docx\"><img decoding=\"async\" src=\"https:\/\/upec.edu.ec\/wp-content\/uploads\/2023\/08\/icono_descarga-300x300.png\" alt=\"\" width=\"30\" height=\"30\" \/><\/a><\/span>\u00a0 \u00a0Anexo 5 &#8211; Notificaci\u00f3n sorteo estudio de caso.<\/p><p><span style=\"color: #9d9d9c;\"><a href=\"https:\/\/www.upec.edu.ec\/images\/stories\/Unidad_Integracion_Curricular\/R_095_CSUP_2025\/ECC\/ANEXO-6- ENTREGA-DEL-INFORME-PARA-ANTIPLAGIO-Y-SUSTENTACION-DEL-COMPONENTE-PRACTICO-ECC.docx\"><img decoding=\"async\" src=\"https:\/\/upec.edu.ec\/wp-content\/uploads\/2023\/08\/icono_descarga-300x300.png\" alt=\"\" width=\"30\" height=\"30\" \/><\/a><\/span><span style=\"font-size: 16px;\">\u00a0 \u00a0Anexo 6 &#8211; Entrega del informe para antiplagio y sustentaci\u00f3n del componente pr\u00e1ctico ECC .<\/span><\/p><p><span style=\"color: #9d9d9c;\"><a href=\"https:\/\/www.upec.edu.ec\/images\/stories\/Unidad_Integracion_Curricular\/R_095_CSUP_2025\/ECC\/ANEXO-7- DESIGNACION-DEL-TRIBUNAL-DEFENSA-COMPONENTE-PRACTICO-.docx\"><img decoding=\"async\" src=\"https:\/\/upec.edu.ec\/wp-content\/uploads\/2023\/08\/icono_descarga-300x300.png\" alt=\"\" width=\"30\" height=\"30\" \/><\/a><\/span>\u00a0 \u00a0Anexo 7 &#8211; Designaci\u00f3n del Tribunal Defensa componente\u00a0 pr\u00e1ctico.<\/p><p><span style=\"color: #9d9d9c;\"><a href=\"https:\/\/www.upec.edu.ec\/images\/stories\/Unidad_Integracion_Curricular\/R_095_CSUP_2025\/ECC\/ANEXO-8-INFORME-DEL-CUMPLIMIENTO-DE-OBSERVACIONES-Y-RECOMENDACIONES-PARA-EXAMEN-DE-GRACIA.docx\"><img decoding=\"async\" class=\"alignnone\" src=\"https:\/\/upec.edu.ec\/wp-content\/uploads\/2023\/08\/icono_descarga-300x300.png\" alt=\"\" width=\"30\" height=\"30\" \/><\/a><\/span>\u00a0 \u00a0Anexo 8 &#8211; Informe del cumplimiento de observaciones y recomendaciones para examen de gracia<\/p><p><span style=\"color: #9d9d9c;\"><a href=\"https:\/\/www.upec.edu.ec\/images\/stories\/Unidad_Integracion_Curricular\/R_095_CSUP_2025\/ECC\/ANEXO-9- SOLICITUD-EXAMEN-DE-GRACIA-ECC-COMPONENTE-TEORICO-Y-PRACTICO.docx\"><img decoding=\"async\" class=\"alignnone\" src=\"https:\/\/upec.edu.ec\/wp-content\/uploads\/2023\/08\/icono_descarga-300x300.png\" alt=\"\" width=\"30\" height=\"30\" \/><\/a><\/span>\u00a0 \u00a0Anexo 9 &#8211; Solicitud examen de gracia ECC &#8211;\u00a0 componente te\u00f3rico y pr\u00e1ctico .<\/p><p><span style=\"color: #9d9d9c;\"><a href=\"https:\/\/www.upec.edu.ec\/images\/stories\/Unidad_Integracion_Curricular\/R_095_CSUP_2025\/ECC\/ANEXO-10- LISTA-DE-VERIFICACION-ECC.docx\"><img decoding=\"async\" class=\"alignnone\" src=\"https:\/\/upec.edu.ec\/wp-content\/uploads\/2023\/08\/icono_descarga-300x300.png\" alt=\"\" width=\"30\" height=\"30\" \/><\/a><\/span>\u00a0 \u00a0Anexo 10 &#8211; Lista de verificaci\u00f3n ECC .<\/p><p><span style=\"color: #9d9d9c;\"><a href=\"https:\/\/www.upec.edu.ec\/images\/stories\/Unidad_Integracion_Curricular\/R_095_CSUP_2025\/ECC\/GUIA-1-FORMATO ORGANIZACI\u00d3N CURRICULAR -NUCLEOS-PROBLEMICOS-Y-ESTRUCTURANTES-ESTRUCTURACCI\u00d3N DEL EXAMEN.docx\"><img decoding=\"async\" class=\"alignnone\" src=\"https:\/\/upec.edu.ec\/wp-content\/uploads\/2023\/08\/icono_descarga-300x300.png\" alt=\"\" width=\"30\" height=\"30\" \/><\/a><\/span>\u00a0 \u00a0Gu\u00eda 1 &#8211; Formato organizaci\u00f3n curricular n\u00facleos-probl\u00e9micos y estructurantes estructuraci\u00f3n del examen.<\/p><p><span style=\"color: #9d9d9c;\"><a href=\"https:\/\/www.upec.edu.ec\/images\/stories\/Unidad_Integracion_Curricular\/R_095_CSUP_2025\/ECC\/GUIA-2- FORMATO-DE-LA-CONVOCATORIA.docx\"><img decoding=\"async\" class=\"alignnone\" src=\"https:\/\/upec.edu.ec\/wp-content\/uploads\/2023\/08\/icono_descarga-300x300.png\" alt=\"\" width=\"30\" height=\"30\" \/><\/a><\/span>\u00a0 \u00a0Gu\u00eda 2 &#8211; Formato de la Convocatoria.<\/p><p><span style=\"color: #9d9d9c;\"><a href=\"https:\/\/www.upec.edu.ec\/images\/stories\/Unidad_Integracion_Curricular\/R_095_CSUP_2025\/ECC\/GUIA-3- LISTA-DE-SOLICITANTES-IDONEOS.docx\"><img decoding=\"async\" class=\"alignnone\" src=\"https:\/\/upec.edu.ec\/wp-content\/uploads\/2023\/08\/icono_descarga-300x300.png\" alt=\"\" width=\"30\" height=\"30\" \/><\/a><\/span>\u00a0 \u00a0Gu\u00eda 3 &#8211; Lista de solicitantes id\u00f3neos.<\/p><p><span style=\"color: #9d9d9c;\"><a href=\"https:\/\/www.upec.edu.ec\/images\/stories\/Unidad_Integracion_Curricular\/R_095_CSUP_2025\/ECC\/GUIA-4- FORMATO-DEL-CERTIFICADO-DE-IDONEIDAD-PARA-POSTULAR.docx\"><img decoding=\"async\" class=\"alignnone\" src=\"https:\/\/upec.edu.ec\/wp-content\/uploads\/2023\/08\/icono_descarga-300x300.png\" alt=\"\" width=\"30\" height=\"30\" \/><\/a><\/span>\u00a0 \u00a0Gu\u00eda 4 &#8211; Formato del certificado de Idoneidad para postular.<\/p><p><span style=\"color: #9d9d9c;\"><a href=\"https:\/\/www.upec.edu.ec\/images\/stories\/Unidad_Integracion_Curricular\/R_095_CSUP_2025\/ECC\/GUIA-5- FORMATO-DE-DOCENTES-VALIDADORES.docx\"><img decoding=\"async\" class=\"alignnone\" src=\"https:\/\/upec.edu.ec\/wp-content\/uploads\/2023\/08\/icono_descarga-300x300.png\" alt=\"\" width=\"30\" height=\"30\" \/><\/a><\/span>\u00a0 Gu\u00eda 5 &#8211; Formato de Docentes validadores.<\/p><p><span style=\"color: #9d9d9c;\"><a href=\"https:\/\/www.upec.edu.ec\/images\/stories\/Unidad_Integracion_Curricular\/R_095_CSUP_2025\/ECC\/GUIA-6- FORMATO-DE-FICHA-TECNICA-PARA-LA-CONSTRUCCION-DE-PREGUNTAS.docx\"><img decoding=\"async\" class=\"alignnone\" src=\"https:\/\/upec.edu.ec\/wp-content\/uploads\/2023\/08\/icono_descarga-300x300.png\" alt=\"\" width=\"30\" height=\"30\" \/><\/a><\/span><span style=\"font-size: 1rem;\">\u00a0 \u00a0Gu\u00eda 6 &#8211; Formato de ficha t\u00e9cnica para la construcci\u00f3n de preguntas.<\/span><\/p><p><span style=\"color: #9d9d9c;\"><a href=\"https:\/\/www.upec.edu.ec\/images\/stories\/Unidad_Integracion_Curricular\/R_095_CSUP_2025\/ECC\/GUIA-7-FORMATO-DE-LISTA-DE-ESTUDIANTES-QUE-DEBEN-PRESENTARSE-AL-EXAMEN-COMPONENTE-TEORICO.docx\"><img decoding=\"async\" class=\"alignnone\" src=\"https:\/\/upec.edu.ec\/wp-content\/uploads\/2023\/08\/icono_descarga-300x300.png\" alt=\"\" width=\"30\" height=\"30\" \/><\/a><\/span><span style=\"font-size: 1rem;\">\u00a0 \u00a0Gu\u00eda 7 &#8211; Formato de lista de estudiantes que deben presentarse al examen componente te\u00f3rico.<\/span><\/p><p><span style=\"color: #9d9d9c;\"><a href=\"https:\/\/www.upec.edu.ec\/images\/stories\/Unidad_Integracion_Curricular\/R_095_CSUP_2025\/ECC\/GUIA-8-FORMATO-DE-REGISTRO-DE-ASISTENCIA.docx\"><img decoding=\"async\" class=\"alignnone\" src=\"https:\/\/upec.edu.ec\/wp-content\/uploads\/2023\/08\/icono_descarga-300x300.png\" alt=\"\" width=\"30\" height=\"30\" \/><\/a><\/span>\u00a0 \u00a0Gu\u00eda 8 &#8211; Formato de registro de asistencia.<\/p><p><span style=\"color: #9d9d9c;\"><a href=\"https:\/\/www.upec.edu.ec\/images\/stories\/Unidad_Integracion_Curricular\/R_095_CSUP_2025\/ECC\/GUIA-9- FORMATO-REGISTRO-DE-NOVEDADES.docx\"><img decoding=\"async\" class=\"alignnone\" src=\"https:\/\/upec.edu.ec\/wp-content\/uploads\/2023\/08\/icono_descarga-300x300.png\" alt=\"\" width=\"30\" height=\"30\" \/><\/a><\/span><span style=\"font-size: 16px;\">\u00a0 \u00a0Gu\u00eda 9 &#8211; Formato registro de novedades.<\/span><\/p><p><span style=\"color: #9d9d9c;\"><a href=\"https:\/\/www.upec.edu.ec\/images\/stories\/Unidad_Integracion_Curricular\/R_095_CSUP_2025\/ECC\/GUIA-10-FORMATO-ESTUDIO-DE-CASO-ENTREGADO-POR-LA-CARRERA.docx\"><img decoding=\"async\" class=\"alignnone\" src=\"https:\/\/upec.edu.ec\/wp-content\/uploads\/2023\/08\/icono_descarga-300x300.png\" alt=\"\" width=\"30\" height=\"30\" \/><\/a><\/span><span style=\"font-size: 16px;\">\u00a0 \u00a0Gu\u00eda 10 &#8211; Formato estudio de caso entregado por la carrera.<\/span><\/p><p><span style=\"color: #9d9d9c;\"><a href=\"https:\/\/www.upec.edu.ec\/images\/stories\/Unidad_Integracion_Curricular\/R_095_CSUP_2025\/ECC\/GUIA-11-FORMATO-ESTUDIO-DE-CASO-CARRERAS.docx\"><img decoding=\"async\" class=\"alignnone\" src=\"https:\/\/upec.edu.ec\/wp-content\/uploads\/2023\/08\/icono_descarga-300x300.png\" alt=\"\" width=\"30\" height=\"30\" \/><\/a><\/span><span style=\"font-size: 16px;\">\u00a0 \u00a0Gu\u00eda 11 &#8211; Formato estudio de caso carreras.<\/span><\/p><p><span style=\"color: #9d9d9c;\"><a href=\"https:\/\/www.upec.edu.ec\/images\/stories\/Unidad_Integracion_Curricular\/R_095_CSUP_2025\/ECC\/GUIA-12E-FORMATO-RUBRICA-ACTA-OBSERVACIONES-DE-DEFENSA-DEL-COMPONENTE-PRACTICO-CARRERA-DE-ENFERMERIA.xlsx\"><img decoding=\"async\" class=\"alignnone\" src=\"https:\/\/upec.edu.ec\/wp-content\/uploads\/2023\/08\/icono_descarga-300x300.png\" alt=\"\" width=\"30\" height=\"30\" \/><\/a><\/span>\u00a0 Gu\u00eda 12E &#8211; Formato r\u00fabrica acta observaciones de defensa del componente pr\u00e1ctico &#8211; Carrera de Enfermer\u00eda.<\/p><p><span style=\"color: #9d9d9c;\"><a href=\"https:\/\/www.upec.edu.ec\/images\/stories\/Unidad_Integracion_Curricular\/R_095_CSUP_2025\/ECC\/GUIA-12-RUBRICA-DE-DEFENSA-DEL-ECC-PRACTICO-REPORTE-Y-RECOMENDACIONES-CARRERAS.xlsx\"><img decoding=\"async\" class=\"alignnone\" src=\"https:\/\/upec.edu.ec\/wp-content\/uploads\/2023\/08\/icono_descarga-300x300.png\" alt=\"\" width=\"30\" height=\"30\" \/><\/a><\/span>\u00a0 Gu\u00eda 12 &#8211; R\u00fabrica de defensa del ECC pr\u00e1ctico reporte y recomendaciones Carreras.<\/p><p><span style=\"color: #9d9d9c;\"><a href=\"https:\/\/www.upec.edu.ec\/images\/stories\/Unidad_Integracion_Curricular\/R_095_CSUP_2025\/ECC\/GUIA-14-CERTIFICACI\u00d3N EHEP.docx\"><img decoding=\"async\" class=\"alignnone\" src=\"https:\/\/upec.edu.ec\/wp-content\/uploads\/2023\/08\/icono_descarga-300x300.png\" alt=\"\" width=\"30\" height=\"30\" \/><\/a><\/span><span style=\"font-size: 1rem; font-style: inherit; font-weight: inherit;\">\u00a0 Gu\u00eda 14- Certificaci\u00f3n EHEP.<\/span><\/p><p><a style=\"color: #3a3a3a; transition-property: all; outline: 0px;\" href=\"https:\/\/www.upec.edu.ec\/images\/stories\/Unidad_Integracion_Curricular\/R_095_CSUP_2025\/ECC\/Guia_metodologica_ECC_Enfermeria_SALUD.pdf\"><img decoding=\"async\" class=\"alignnone\" src=\"https:\/\/upec.edu.ec\/wp-content\/uploads\/2023\/08\/icono_descarga-300x300.png\" alt=\"\" width=\"30\" height=\"30\" \/><\/a><span style=\"font-size: 1rem; font-style: inherit; font-weight: inherit;\">\u00a0 \u00a0Gu\u00eda metodol\u00f3gica ECC Enfermer\u00eda.<\/span><\/p><p><a style=\"color: #3a3a3a; transition-property: all; outline: 0px;\" href=\"https:\/\/www.upec.edu.ec\/images\/stories\/Unidad_Integracion_Curricular\/R_095_CSUP_2025\/ECC\/Guia_Metodologica_ECC.pdf\"><img decoding=\"async\" class=\"alignnone\" src=\"https:\/\/upec.edu.ec\/wp-content\/uploads\/2023\/08\/icono_descarga-300x300.png\" alt=\"\" width=\"30\" height=\"30\" \/><\/a><span style=\"font-size: 1rem; font-style: inherit; font-weight: inherit;\">\u00a0 \u00a0<\/span>Gu\u00eda metodol\u00f3gica ECC<span style=\"font-size: 1rem; font-style: inherit; font-weight: inherit;\">.<\/span><\/p>\t\t\t\t\t\t\t\t<\/div>\n\t\t\t\t<\/div>\n\t\t\t\t\t<\/div>\n\t\t<\/div>\n\t\t\t\t\t<\/div>\n\t\t<\/section>\n\t\t\t\t<\/div>\n\t\t","protected":false},"excerpt":{"rendered":"<p>EXAMEN DE CARACTER COMPLEXIVO ECC \u00a0 \u00a0Anexo 1 &#8211; Solicitud de ingreso a la UIC opci\u00f3n ECC \u00a0 \u00a0Anexo 2 &#8211; Solicitud de Tr\u00e1mite Acad\u00e9mico para postular al ECC . \u00a0 Anexo 3 &#8211; Solicitud de cambio de opci\u00f3n &#8211;\u00a0 caso especial. \u00a0 \u00a0Anexo 4 &#8211; Acta de compromiso Estudiante. \u00a0 \u00a0Anexo 5 &#8211; Notificaci\u00f3n [&hellip;]<\/p>\n","protected":false},"author":2,"featured_media":0,"parent":0,"menu_order":0,"comment_status":"closed","ping_status":"closed","template":"","meta":{"site-sidebar-layout":"no-sidebar","site-content-layout":"page-builder","ast-site-content-layout":"full-width-container","site-content-style":"unboxed","site-sidebar-style":"unboxed","ast-global-header-display":"","ast-banner-title-visibility":"","ast-main-header-display":"","ast-hfb-above-header-display":"","ast-hfb-below-header-display":"","ast-hfb-mobile-header-display":"","site-post-title":"disabled","ast-breadcrumbs-content":"","ast-featured-img":"disabled","footer-sml-layout":"","theme-transparent-header-meta":"","adv-header-id-meta":"","stick-header-meta":"","header-above-stick-meta":"","header-main-stick-meta":"","header-below-stick-meta":"","astra-migrate-meta-layouts":"set","ast-page-background-enabled":"default","ast-page-background-meta":{"desktop":{"background-color":"var(--ast-global-color-4)","background-image":"","background-repeat":"repeat","background-position":"center center","background-size":"auto","background-attachment":"scroll","background-type":"","background-media":"","overlay-type":"","overlay-color":"","overlay-opacity":"","overlay-gradient":""},"tablet":{"background-color":"","background-image":"","background-repeat":"repeat","background-position":"center center","background-size":"auto","background-attachment":"scroll","background-type":"","background-media":"","overlay-type":"","overlay-color":"","overlay-opacity":"","overlay-gradient":""},"mobile":{"background-color":"","background-image":"","background-repeat":"repeat","background-position":"center center","background-size":"auto","background-attachment":"scroll","background-type":"","background-media":"","overlay-type":"","overlay-color":"","overlay-opacity":"","overlay-gradient":""}},"ast-content-background-meta":{"desktop":{"background-color":"var(--ast-global-color-5)","background-image":"","background-repeat":"repeat","background-position":"center center","background-size":"auto","background-attachment":"scroll","background-type":"","background-media":"","overlay-type":"","overlay-color":"","overlay-opacity":"","overlay-gradient":""},"tablet":{"background-color":"var(--ast-global-color-5)","background-image":"","background-repeat":"repeat","background-position":"center center","background-size":"auto","background-attachment":"scroll","background-type":"","background-media":"","overlay-type":"","overlay-color":"","overlay-opacity":"","overlay-gradient":""},"mobile":{"background-color":"var(--ast-global-color-5)","background-image":"","background-repeat":"repeat","background-position":"center center","background-size":"auto","background-attachment":"scroll","background-type":"","background-media":"","overlay-type":"","overlay-color":"","overlay-opacity":"","overlay-gradient":""}},"footnotes":""},"class_list":["post-32088","page","type-page","status-publish","hentry"],"_links":{"self":[{"href":"https:\/\/upec.edu.ec\/index.php\/wp-json\/wp\/v2\/pages\/32088","targetHints":{"allow":["GET"]}}],"collection":[{"href":"https:\/\/upec.edu.ec\/index.php\/wp-json\/wp\/v2\/pages"}],"about":[{"href":"https:\/\/upec.edu.ec\/index.php\/wp-json\/wp\/v2\/types\/page"}],"author":[{"embeddable":true,"href":"https:\/\/upec.edu.ec\/index.php\/wp-json\/wp\/v2\/users\/2"}],"replies":[{"embeddable":true,"href":"https:\/\/upec.edu.ec\/index.php\/wp-json\/wp\/v2\/comments?post=32088"}],"version-history":[{"count":215,"href":"https:\/\/upec.edu.ec\/index.php\/wp-json\/wp\/v2\/pages\/32088\/revisions"}],"predecessor-version":[{"id":33185,"href":"https:\/\/upec.edu.ec\/index.php\/wp-json\/wp\/v2\/pages\/32088\/revisions\/33185"}],"wp:attachment":[{"href":"https:\/\/upec.edu.ec\/index.php\/wp-json\/wp\/v2\/media?parent=32088"}],"curies":[{"name":"wp","href":"https:\/\/api.w.org\/{rel}","templated":true}]}}