{"id":32060,"date":"2025-08-29T16:37:01","date_gmt":"2025-08-29T21:37:01","guid":{"rendered":"https:\/\/upec.edu.ec\/?page_id=32060"},"modified":"2025-09-18T16:23:41","modified_gmt":"2025-09-18T21:23:41","slug":"tic-enfoque-enprendimiento-resolucion-095","status":"publish","type":"page","link":"https:\/\/upec.edu.ec\/index.php\/tic-enfoque-enprendimiento-resolucion-095\/","title":{"rendered":"Unidad de Titulaci\u00f3n &#8211; TIC con Enfoque Emprendimiento &#8211; Resoluci\u00f3n 095-CSUP-2025"},"content":{"rendered":"\t\t<div data-elementor-type=\"wp-page\" data-elementor-id=\"32060\" class=\"elementor elementor-32060\">\n\t\t\t\t\t\t<section class=\"elementor-section elementor-top-section elementor-element elementor-element-3ae9725 elementor-section-height-min-height elementor-section-boxed elementor-section-height-default elementor-section-items-middle\" data-id=\"3ae9725\" data-element_type=\"section\">\n\t\t\t\t\t\t<div class=\"elementor-container elementor-column-gap-default\">\n\t\t\t\t\t<div class=\"elementor-column elementor-col-100 elementor-top-column elementor-element elementor-element-ba90251\" data-id=\"ba90251\" data-element_type=\"column\">\n\t\t\t<div class=\"elementor-widget-wrap elementor-element-populated\">\n\t\t\t\t\t\t<div class=\"elementor-element elementor-element-a691551 elementor-widget__width-auto elementor-widget elementor-widget-heading\" data-id=\"a691551\" data-element_type=\"widget\" data-widget_type=\"heading.default\">\n\t\t\t\t<div class=\"elementor-widget-container\">\n\t\t\t\t\t<h2 class=\"elementor-heading-title elementor-size-default\">TIC ENFOQUE EMPRENDIMIENTO<\/h2>\t\t\t\t<\/div>\n\t\t\t\t<\/div>\n\t\t\t\t<div class=\"elementor-element elementor-element-808196c elementor-widget elementor-widget-image\" data-id=\"808196c\" data-element_type=\"widget\" data-widget_type=\"image.default\">\n\t\t\t\t<div class=\"elementor-widget-container\">\n\t\t\t\t\t\t\t\t\t\t\t\t\t\t\t<img decoding=\"async\" src=\"https:\/\/upec.edu.ec\/wp-content\/uploads\/elementor\/thumbs\/graduacion-ralkdxwvegrbtxhyk1z604zk1sbbenjgt4tnski2sw.png\" title=\"graduacion\" alt=\"graduacion\" loading=\"lazy\" \/>\t\t\t\t\t\t\t\t\t\t\t\t\t\t\t<\/div>\n\t\t\t\t<\/div>\n\t\t\t\t<div class=\"elementor-element elementor-element-f7c03c2 elementor-widget elementor-widget-text-editor\" data-id=\"f7c03c2\" data-element_type=\"widget\" data-widget_type=\"text-editor.default\">\n\t\t\t\t<div class=\"elementor-widget-container\">\n\t\t\t\t\t\t\t\t\t<p><span style=\"font-style: inherit; font-weight: inherit;\"><span style=\"color: #9d9d9c;\"><a href=\"https:\/\/www.upec.edu.ec\/images\/stories\/Unidad_Integracion_Curricular\/R_095_CSUP_2025\/Tic_Enfoque_Emprendimiento\/ANEXO_CRONOGRAMA_INFORME-ACOMPANAMIENTO-AL-ESTUDIANTE_REGISTRO-DEL-CONTROL-Y-EVALUACION-DE-TUTORIAS-TIC-ENFOQUE-EN-EMPRENDIMIENTO-TIPO-A.xlsx\"><img decoding=\"async\" class=\"alignnone wp-image-15411\" src=\"https:\/\/upec.edu.ec\/wp-content\/uploads\/2023\/08\/icono_descarga-300x300.png\" alt=\"\" width=\"30\" height=\"30\" srcset=\"https:\/\/upec.edu.ec\/wp-content\/uploads\/2023\/08\/icono_descarga-300x300.png 300w, https:\/\/upec.edu.ec\/wp-content\/uploads\/2023\/08\/icono_descarga-100x100.png 100w, https:\/\/upec.edu.ec\/wp-content\/uploads\/2023\/08\/icono_descarga-150x150.png 150w, https:\/\/upec.edu.ec\/wp-content\/uploads\/2023\/08\/icono_descarga.png 512w\" sizes=\"(max-width: 30px) 100vw, 30px\" \/><\/a><\/span><\/span><span style=\"font-style: inherit; font-weight: inherit;\">\u00a0 \u00a0Anexo &#8211; Cronograma informe acompa\u00f1amiento al estudiante &#8211; Registro del control y Evaluaci\u00f3n de Tutor\u00edas &#8211; TIC Enfoque en Emprendimiento Tipo A .<\/span><\/p><p><span style=\"font-style: inherit; font-weight: inherit;\"><span style=\"color: #9d9d9c;\"><a href=\"https:\/\/www.upec.edu.ec\/images\/stories\/Unidad_Integracion_Curricular\/R_095_CSUP_2025\/Tic_Enfoque_Emprendimiento\/ANEXO_CRONOGRAMA_INFORME-ACOMPANAMIENTO-AL-ESTUDIANTE_REGISTRO-DEL-CONTROL-Y-EVALUACION-DE-TUTORIAS-TIC-ENFOQUE-EN-EMPRENDIMIENTO-TIPO-B.xlsx\"><img decoding=\"async\" class=\"alignnone wp-image-15411\" src=\"https:\/\/upec.edu.ec\/wp-content\/uploads\/2023\/08\/icono_descarga-300x300.png\" alt=\"\" width=\"30\" height=\"30\" srcset=\"https:\/\/upec.edu.ec\/wp-content\/uploads\/2023\/08\/icono_descarga-300x300.png 300w, https:\/\/upec.edu.ec\/wp-content\/uploads\/2023\/08\/icono_descarga-100x100.png 100w, https:\/\/upec.edu.ec\/wp-content\/uploads\/2023\/08\/icono_descarga-150x150.png 150w, https:\/\/upec.edu.ec\/wp-content\/uploads\/2023\/08\/icono_descarga.png 512w\" sizes=\"(max-width: 30px) 100vw, 30px\" \/><\/a><\/span><\/span><span style=\"font-style: inherit; font-weight: inherit;\">\u00a0 \u00a0Anexo &#8211; Cronograma informe acompa\u00f1amiento al estudiante &#8211; Registro del control y Evaluaci\u00f3n de Tutor\u00edas &#8211; TIC Enfoque en Emprendimiento Tipo B .<\/span><\/p><p><span style=\"font-style: inherit; font-weight: inherit;\"><span style=\"color: #9d9d9c;\"><a href=\"https:\/\/www.upec.edu.ec\/images\/stories\/Unidad_Integracion_Curricular\/R_095_CSUP_2025\/Tic_Enfoque_Emprendimiento\/ANEXO_LISTA-DE-VERIFICACION-ENFOQUE-EMPRENDIMIENTO-TIPO-A.docx\"><img decoding=\"async\" class=\"alignnone wp-image-15411\" src=\"https:\/\/upec.edu.ec\/wp-content\/uploads\/2023\/08\/icono_descarga-300x300.png\" alt=\"\" width=\"30\" height=\"30\" srcset=\"https:\/\/upec.edu.ec\/wp-content\/uploads\/2023\/08\/icono_descarga-300x300.png 300w, https:\/\/upec.edu.ec\/wp-content\/uploads\/2023\/08\/icono_descarga-100x100.png 100w, https:\/\/upec.edu.ec\/wp-content\/uploads\/2023\/08\/icono_descarga-150x150.png 150w, https:\/\/upec.edu.ec\/wp-content\/uploads\/2023\/08\/icono_descarga.png 512w\" sizes=\"(max-width: 30px) 100vw, 30px\" \/><\/a><\/span><\/span>\u00a0 \u00a0Anexo &#8211; Lista de verificaci\u00f3n &#8211; Enfoque emprendimiento Tipo A.<\/p><p style=\"font-size: 15px; font-style: normal; font-weight: 400;\"><span style=\"font-style: inherit; font-weight: inherit;\"><span style=\"color: #9d9d9c;\"><a href=\"https:\/\/www.upec.edu.ec\/images\/stories\/Unidad_Integracion_Curricular\/R_095_CSUP_2025\/Tic_Enfoque_Emprendimiento\/ANEXO_LISTA-DE-VERIFICACION-ENFOQUE-EMPRENDIMIENTO-TIPO-B.docx\"><img decoding=\"async\" class=\"alignnone wp-image-15411\" src=\"https:\/\/upec.edu.ec\/wp-content\/uploads\/2023\/08\/icono_descarga-300x300.png\" alt=\"\" width=\"30\" height=\"30\" srcset=\"https:\/\/upec.edu.ec\/wp-content\/uploads\/2023\/08\/icono_descarga-300x300.png 300w, https:\/\/upec.edu.ec\/wp-content\/uploads\/2023\/08\/icono_descarga-100x100.png 100w, https:\/\/upec.edu.ec\/wp-content\/uploads\/2023\/08\/icono_descarga-150x150.png 150w, https:\/\/upec.edu.ec\/wp-content\/uploads\/2023\/08\/icono_descarga.png 512w\" sizes=\"(max-width: 30px) 100vw, 30px\" \/><\/a><\/span><\/span>\u00a0 \u00a0Anexo &#8211; Lista de verificaci\u00f3n &#8211; Enfoque emprendimiento Tipo B.<\/p><p><span style=\"font-style: inherit; font-weight: inherit;\"><span style=\"color: #9d9d9c;\"><a href=\"https:\/\/www.upec.edu.ec\/images\/stories\/Unidad_Integracion_Curricular\/R_095_CSUP_2025\/Tic_Enfoque_Emprendimiento\/ANEXO_RUBRICA-DE-SUSTENTACION-Y-REPORTE-DEL-TIC-ENFOQUE-EN-EMPRENDIMIENTO-TIPO-A.xlsx\"><img decoding=\"async\" class=\"alignnone wp-image-15411\" src=\"https:\/\/upec.edu.ec\/wp-content\/uploads\/2023\/08\/icono_descarga-300x300.png\" alt=\"\" width=\"30\" height=\"30\" srcset=\"https:\/\/upec.edu.ec\/wp-content\/uploads\/2023\/08\/icono_descarga-300x300.png 300w, https:\/\/upec.edu.ec\/wp-content\/uploads\/2023\/08\/icono_descarga-100x100.png 100w, https:\/\/upec.edu.ec\/wp-content\/uploads\/2023\/08\/icono_descarga-150x150.png 150w, https:\/\/upec.edu.ec\/wp-content\/uploads\/2023\/08\/icono_descarga.png 512w\" sizes=\"(max-width: 30px) 100vw, 30px\" \/><\/a><\/span><\/span><span style=\"font-style: inherit; font-weight: inherit;\">\u00a0 \u00a0Anexo &#8211; R\u00fabrica de sustentaci\u00f3n y reporte del TIC &#8211;\u00a0 Enfoque en emprendimiento Tipo A.<\/span><\/p><p><span style=\"color: #9d9d9c;\"><span style=\"font-style: inherit; font-weight: inherit;\"><a href=\"https:\/\/www.upec.edu.ec\/images\/stories\/Unidad_Integracion_Curricular\/R_095_CSUP_2025\/Tic_Enfoque_Emprendimiento\/ANEXO_RUBRICA-DE-SUSTENTACION-Y-REPORTE-DEL-TIC-ENFOQUE-EN-EMPRENDIMIENTO-TIPO-B.xlsx\"><img decoding=\"async\" class=\"alignnone wp-image-15411\" src=\"https:\/\/upec.edu.ec\/wp-content\/uploads\/2023\/08\/icono_descarga-300x300.png\" alt=\"\" width=\"30\" height=\"30\" srcset=\"https:\/\/upec.edu.ec\/wp-content\/uploads\/2023\/08\/icono_descarga-300x300.png 300w, https:\/\/upec.edu.ec\/wp-content\/uploads\/2023\/08\/icono_descarga-100x100.png 100w, https:\/\/upec.edu.ec\/wp-content\/uploads\/2023\/08\/icono_descarga-150x150.png 150w, https:\/\/upec.edu.ec\/wp-content\/uploads\/2023\/08\/icono_descarga.png 512w\" sizes=\"(max-width: 30px) 100vw, 30px\" \/><\/a><\/span>\u00a0 \u00a0Anexo &#8211; R\u00fabrica de sustentaci\u00f3n y reporte del TIC &#8211;\u00a0 Enfoque en emprendimiento Tipo B.<\/span><\/p><p style=\"font-size: 13.68px; font-style: normal; font-weight: 400;\"><span style=\"font-style: inherit; font-weight: inherit;\"><span style=\"color: #9d9d9c;\"><a href=\"https:\/\/www.upec.edu.ec\/images\/stories\/Unidad_Integracion_Curricular\/R_095_CSUP_2025\/Tic_Enfoque_Emprendimiento\/ANEXO_RUBRICA-Y-ACTA-DE-SUSTENTACION-DEL-PLAN-DE-TIC-ENFOQUE-EN-EMPRENDIMIENTO-TIPO-A.xlsx\"><img decoding=\"async\" class=\"alignnone wp-image-15411\" src=\"https:\/\/upec.edu.ec\/wp-content\/uploads\/2023\/08\/icono_descarga-300x300.png\" alt=\"\" width=\"30\" height=\"30\" srcset=\"https:\/\/upec.edu.ec\/wp-content\/uploads\/2023\/08\/icono_descarga-300x300.png 300w, https:\/\/upec.edu.ec\/wp-content\/uploads\/2023\/08\/icono_descarga-100x100.png 100w, https:\/\/upec.edu.ec\/wp-content\/uploads\/2023\/08\/icono_descarga-150x150.png 150w, https:\/\/upec.edu.ec\/wp-content\/uploads\/2023\/08\/icono_descarga.png 512w\" sizes=\"(max-width: 30px) 100vw, 30px\" \/><\/a><\/span><\/span><span style=\"font-style: inherit; font-weight: inherit;\">\u00a0 \u00a0Anexo &#8211; R\u00fabrica y acta de sustentaci\u00f3n del Plan de TIC &#8211;\u00a0 Enfoque en emprendimiento Tipo A.<\/span><\/p><p style=\"font-size: 13.68px; font-style: normal; font-weight: 400;\"><span style=\"font-style: inherit; font-weight: inherit;\"><span style=\"color: #9d9d9c;\"><a href=\"https:\/\/www.upec.edu.ec\/images\/stories\/Unidad_Integracion_Curricular\/R_095_CSUP_2025\/Tic_Enfoque_Emprendimiento\/ANEXO_RUBRICA-Y-ACTA-DE-SUSTENTACION-DEL-PLAN-DE-TIC-ENFOQUE-EN-EMPRENDIMIENTO-TIPO-B.xlsx\"><img decoding=\"async\" class=\"alignnone wp-image-15411\" src=\"https:\/\/upec.edu.ec\/wp-content\/uploads\/2023\/08\/icono_descarga-300x300.png\" alt=\"\" width=\"30\" height=\"30\" srcset=\"https:\/\/upec.edu.ec\/wp-content\/uploads\/2023\/08\/icono_descarga-300x300.png 300w, https:\/\/upec.edu.ec\/wp-content\/uploads\/2023\/08\/icono_descarga-100x100.png 100w, https:\/\/upec.edu.ec\/wp-content\/uploads\/2023\/08\/icono_descarga-150x150.png 150w, https:\/\/upec.edu.ec\/wp-content\/uploads\/2023\/08\/icono_descarga.png 512w\" sizes=\"(max-width: 30px) 100vw, 30px\" \/><\/a><\/span><\/span>\u00a0 \u00a0<span style=\"font-weight: inherit; font-size: 1rem; font-style: inherit;\">Anexo &#8211; R\u00fabrica y acta de sustentaci\u00f3n del Plan de TIC &#8211;\u00a0 Enfoque en emprendimiento Tipo B.<\/span><\/p><p><span style=\"color: #9d9d9c;\"><span style=\"font-style: inherit; font-weight: inherit;\"><a href=\"https:\/\/www.upec.edu.ec\/images\/stories\/Unidad_Integracion_Curricular\/R_095_CSUP_2025\/Tic_Enfoque_Emprendimiento\/FORMATO-DEL-PLAN-DE-TRABAJO-DE-INTEGRACION-CURRICULAR-EMPRENDIMIENTO-TIPO-A.docx\"><img decoding=\"async\" class=\"alignnone wp-image-15411\" src=\"https:\/\/upec.edu.ec\/wp-content\/uploads\/2023\/08\/icono_descarga-300x300.png\" alt=\"\" width=\"30\" height=\"30\" srcset=\"https:\/\/upec.edu.ec\/wp-content\/uploads\/2023\/08\/icono_descarga-300x300.png 300w, https:\/\/upec.edu.ec\/wp-content\/uploads\/2023\/08\/icono_descarga-100x100.png 100w, https:\/\/upec.edu.ec\/wp-content\/uploads\/2023\/08\/icono_descarga-150x150.png 150w, https:\/\/upec.edu.ec\/wp-content\/uploads\/2023\/08\/icono_descarga.png 512w\" sizes=\"(max-width: 30px) 100vw, 30px\" \/><\/a><\/span><\/span><span style=\"font-style: inherit; font-weight: inherit;\"> \u00a0\u00a0Formato del Plan de Trabajo de Integraci\u00f3n Curricular &#8211; Emprendimiento Tipo A.<\/span><\/p><p><span style=\"color: #9d9d9c;\"><span style=\"font-style: inherit; font-weight: inherit;\"><a href=\"https:\/\/www.upec.edu.ec\/images\/stories\/Unidad_Integracion_Curricular\/R_095_CSUP_2025\/Tic_Enfoque_Emprendimiento\/FORMATO-DEL-PLAN-DE-TRABAJO-DE-INTEGRACION-CURRICULAR-EMPRENDIMIENTO-TIPO-B.docx\"><img decoding=\"async\" class=\"alignnone wp-image-15411\" src=\"https:\/\/upec.edu.ec\/wp-content\/uploads\/2023\/08\/icono_descarga-300x300.png\" alt=\"\" width=\"30\" height=\"30\" srcset=\"https:\/\/upec.edu.ec\/wp-content\/uploads\/2023\/08\/icono_descarga-300x300.png 300w, https:\/\/upec.edu.ec\/wp-content\/uploads\/2023\/08\/icono_descarga-100x100.png 100w, https:\/\/upec.edu.ec\/wp-content\/uploads\/2023\/08\/icono_descarga-150x150.png 150w, https:\/\/upec.edu.ec\/wp-content\/uploads\/2023\/08\/icono_descarga.png 512w\" sizes=\"(max-width: 30px) 100vw, 30px\" \/><\/a><\/span> \u00a0\u00a0Formato del Plan de Trabajo de Integraci\u00f3n Curricular &#8211; Emprendimiento Tipo B.<\/span><\/p><p><span style=\"font-style: inherit; font-weight: inherit;\"><span style=\"color: #9d9d9c;\"><a href=\"https:\/\/www.upec.edu.ec\/images\/stories\/Unidad_Integracion_Curricular\/R_095_CSUP_2025\/Tic_Enfoque_Emprendimiento\/FORMATO-DEL-TRABAJO-DE-INTEGRACION-CURRICULAR-ENFOQUE-EMPRENDIMIENTO-TIPO-A.docx\"><img decoding=\"async\" class=\"alignnone wp-image-15411\" src=\"https:\/\/upec.edu.ec\/wp-content\/uploads\/2023\/08\/icono_descarga-300x300.png\" alt=\"\" width=\"30\" height=\"30\" srcset=\"https:\/\/upec.edu.ec\/wp-content\/uploads\/2023\/08\/icono_descarga-300x300.png 300w, https:\/\/upec.edu.ec\/wp-content\/uploads\/2023\/08\/icono_descarga-100x100.png 100w, https:\/\/upec.edu.ec\/wp-content\/uploads\/2023\/08\/icono_descarga-150x150.png 150w, https:\/\/upec.edu.ec\/wp-content\/uploads\/2023\/08\/icono_descarga.png 512w\" sizes=\"(max-width: 30px) 100vw, 30px\" \/><\/a><\/span><\/span><span style=\"font-style: inherit; font-weight: inherit;\"> \u00a0\u00a0Formato del Trabajo de Integraci\u00f3n Curricular &#8211; Enfoque Emprendimiento Tipo A.<\/span><\/p><p><span style=\"font-style: inherit; font-weight: inherit;\"><span style=\"color: #9d9d9c;\"><a href=\"https:\/\/www.upec.edu.ec\/images\/stories\/Unidad_Integracion_Curricular\/R_095_CSUP_2025\/Tic_Enfoque_Emprendimiento\/FORMATO-DEL-TRABAJO-DE-INTEGRACION-CURRICULAR-ENFOQUE-EMPRENDIMIENTO-TIPO-B.docx\"><img decoding=\"async\" class=\"alignnone wp-image-15411\" src=\"https:\/\/upec.edu.ec\/wp-content\/uploads\/2023\/08\/icono_descarga-300x300.png\" alt=\"\" width=\"30\" height=\"30\" srcset=\"https:\/\/upec.edu.ec\/wp-content\/uploads\/2023\/08\/icono_descarga-300x300.png 300w, https:\/\/upec.edu.ec\/wp-content\/uploads\/2023\/08\/icono_descarga-100x100.png 100w, https:\/\/upec.edu.ec\/wp-content\/uploads\/2023\/08\/icono_descarga-150x150.png 150w, https:\/\/upec.edu.ec\/wp-content\/uploads\/2023\/08\/icono_descarga.png 512w\" sizes=\"(max-width: 30px) 100vw, 30px\" \/><\/a><\/span><\/span><span style=\"font-style: inherit; font-weight: inherit;\">\u00a0\u00a0\u00a0Formato del Trabajo de Integraci\u00f3n Curricular &#8211; Enfoque Emprendimiento Tipo B.<\/span><\/p><p><span style=\"color: #9d9d9c;\"> <span style=\"font-style: inherit; font-weight: inherit;\"><a href=\"https:\/\/www.upec.edu.ec\/images\/stories\/Unidad_Integracion_Curricular\/R_095_CSUP_2025\/Tic_Enfoque_Emprendimiento\/Guia_emprendimiento.pdf\"><img decoding=\"async\" class=\"alignnone wp-image-15411\" src=\"https:\/\/upec.edu.ec\/wp-content\/uploads\/2023\/08\/icono_descarga-300x300.png\" alt=\"\" width=\"30\" height=\"30\" srcset=\"https:\/\/upec.edu.ec\/wp-content\/uploads\/2023\/08\/icono_descarga-300x300.png 300w, https:\/\/upec.edu.ec\/wp-content\/uploads\/2023\/08\/icono_descarga-100x100.png 100w, https:\/\/upec.edu.ec\/wp-content\/uploads\/2023\/08\/icono_descarga-150x150.png 150w, https:\/\/upec.edu.ec\/wp-content\/uploads\/2023\/08\/icono_descarga.png 512w\" sizes=\"(max-width: 30px) 100vw, 30px\" \/><\/a><\/span><\/span><span style=\"font-style: inherit; font-weight: inherit;\"> \u00a0\u00a0Gu\u00eda Emprendimiento.<\/span><\/p>\t\t\t\t\t\t\t\t<\/div>\n\t\t\t\t<\/div>\n\t\t\t\t\t<\/div>\n\t\t<\/div>\n\t\t\t\t\t<\/div>\n\t\t<\/section>\n\t\t\t\t<\/div>\n\t\t","protected":false},"excerpt":{"rendered":"<p>TIC ENFOQUE EMPRENDIMIENTO \u00a0 \u00a0Anexo &#8211; Cronograma informe acompa\u00f1amiento al estudiante &#8211; Registro del control y Evaluaci\u00f3n de Tutor\u00edas &#8211; TIC Enfoque en Emprendimiento Tipo A . \u00a0 \u00a0Anexo &#8211; Cronograma informe acompa\u00f1amiento al estudiante &#8211; Registro del control y Evaluaci\u00f3n de Tutor\u00edas &#8211; TIC Enfoque en Emprendimiento Tipo B . \u00a0 \u00a0Anexo &#8211; Lista [&hellip;]<\/p>\n","protected":false},"author":2,"featured_media":0,"parent":0,"menu_order":0,"comment_status":"closed","ping_status":"closed","template":"","meta":{"site-sidebar-layout":"no-sidebar","site-content-layout":"page-builder","ast-site-content-layout":"full-width-container","site-content-style":"unboxed","site-sidebar-style":"unboxed","ast-global-header-display":"","ast-banner-title-visibility":"","ast-main-header-display":"","ast-hfb-above-header-display":"","ast-hfb-below-header-display":"","ast-hfb-mobile-header-display":"","site-post-title":"disabled","ast-breadcrumbs-content":"","ast-featured-img":"disabled","footer-sml-layout":"","theme-transparent-header-meta":"","adv-header-id-meta":"","stick-header-meta":"","header-above-stick-meta":"","header-main-stick-meta":"","header-below-stick-meta":"","astra-migrate-meta-layouts":"set","ast-page-background-enabled":"default","ast-page-background-meta":{"desktop":{"background-color":"var(--ast-global-color-4)","background-image":"","background-repeat":"repeat","background-position":"center center","background-size":"auto","background-attachment":"scroll","background-type":"","background-media":"","overlay-type":"","overlay-color":"","overlay-opacity":"","overlay-gradient":""},"tablet":{"background-color":"","background-image":"","background-repeat":"repeat","background-position":"center center","background-size":"auto","background-attachment":"scroll","background-type":"","background-media":"","overlay-type":"","overlay-color":"","overlay-opacity":"","overlay-gradient":""},"mobile":{"background-color":"","background-image":"","background-repeat":"repeat","background-position":"center center","background-size":"auto","background-attachment":"scroll","background-type":"","background-media":"","overlay-type":"","overlay-color":"","overlay-opacity":"","overlay-gradient":""}},"ast-content-background-meta":{"desktop":{"background-color":"var(--ast-global-color-5)","background-image":"","background-repeat":"repeat","background-position":"center center","background-size":"auto","background-attachment":"scroll","background-type":"","background-media":"","overlay-type":"","overlay-color":"","overlay-opacity":"","overlay-gradient":""},"tablet":{"background-color":"var(--ast-global-color-5)","background-image":"","background-repeat":"repeat","background-position":"center center","background-size":"auto","background-attachment":"scroll","background-type":"","background-media":"","overlay-type":"","overlay-color":"","overlay-opacity":"","overlay-gradient":""},"mobile":{"background-color":"var(--ast-global-color-5)","background-image":"","background-repeat":"repeat","background-position":"center center","background-size":"auto","background-attachment":"scroll","background-type":"","background-media":"","overlay-type":"","overlay-color":"","overlay-opacity":"","overlay-gradient":""}},"footnotes":""},"class_list":["post-32060","page","type-page","status-publish","hentry"],"_links":{"self":[{"href":"https:\/\/upec.edu.ec\/index.php\/wp-json\/wp\/v2\/pages\/32060","targetHints":{"allow":["GET"]}}],"collection":[{"href":"https:\/\/upec.edu.ec\/index.php\/wp-json\/wp\/v2\/pages"}],"about":[{"href":"https:\/\/upec.edu.ec\/index.php\/wp-json\/wp\/v2\/types\/page"}],"author":[{"embeddable":true,"href":"https:\/\/upec.edu.ec\/index.php\/wp-json\/wp\/v2\/users\/2"}],"replies":[{"embeddable":true,"href":"https:\/\/upec.edu.ec\/index.php\/wp-json\/wp\/v2\/comments?post=32060"}],"version-history":[{"count":74,"href":"https:\/\/upec.edu.ec\/index.php\/wp-json\/wp\/v2\/pages\/32060\/revisions"}],"predecessor-version":[{"id":32926,"href":"https:\/\/upec.edu.ec\/index.php\/wp-json\/wp\/v2\/pages\/32060\/revisions\/32926"}],"wp:attachment":[{"href":"https:\/\/upec.edu.ec\/index.php\/wp-json\/wp\/v2\/media?parent=32060"}],"curies":[{"name":"wp","href":"https:\/\/api.w.org\/{rel}","templated":true}]}}