{"id":32058,"date":"2025-08-29T16:37:09","date_gmt":"2025-08-29T21:37:09","guid":{"rendered":"https:\/\/upec.edu.ec\/?page_id=32058"},"modified":"2025-10-08T14:38:17","modified_gmt":"2025-10-08T19:38:17","slug":"tic-enfoque-investigacion-emprendimiento-resolucion-095","status":"publish","type":"page","link":"https:\/\/upec.edu.ec\/index.php\/tic-enfoque-investigacion-emprendimiento-resolucion-095\/","title":{"rendered":"Unidad de Titulaci\u00f3n &#8211; TIC con Enfoque Investigaci\u00f3n &#8211; Resoluci\u00f3n 095-CSUP-2025"},"content":{"rendered":"\t\t<div data-elementor-type=\"wp-page\" data-elementor-id=\"32058\" class=\"elementor elementor-32058\">\n\t\t\t\t\t\t<section class=\"elementor-section elementor-top-section elementor-element elementor-element-3ae9725 elementor-section-height-min-height elementor-section-boxed elementor-section-height-default elementor-section-items-middle\" data-id=\"3ae9725\" data-element_type=\"section\">\n\t\t\t\t\t\t<div class=\"elementor-container elementor-column-gap-default\">\n\t\t\t\t\t<div class=\"elementor-column elementor-col-100 elementor-top-column elementor-element elementor-element-ba90251\" data-id=\"ba90251\" data-element_type=\"column\">\n\t\t\t<div class=\"elementor-widget-wrap elementor-element-populated\">\n\t\t\t\t\t\t<div class=\"elementor-element elementor-element-a691551 elementor-widget__width-auto elementor-widget elementor-widget-heading\" data-id=\"a691551\" data-element_type=\"widget\" data-widget_type=\"heading.default\">\n\t\t\t\t<div class=\"elementor-widget-container\">\n\t\t\t\t\t<h2 class=\"elementor-heading-title elementor-size-default\">TIC ENFOQUE INVESTIGACI\u00d3N<\/h2>\t\t\t\t<\/div>\n\t\t\t\t<\/div>\n\t\t\t\t<div class=\"elementor-element elementor-element-808196c elementor-widget elementor-widget-image\" data-id=\"808196c\" data-element_type=\"widget\" data-widget_type=\"image.default\">\n\t\t\t\t<div class=\"elementor-widget-container\">\n\t\t\t\t\t\t\t\t\t\t\t\t\t\t\t<img decoding=\"async\" src=\"https:\/\/upec.edu.ec\/wp-content\/uploads\/elementor\/thumbs\/graduacion-ralkdxwvegrbtxhyk1z604zk1sbbenjgt4tnski2sw.png\" title=\"graduacion\" alt=\"graduacion\" loading=\"lazy\" \/>\t\t\t\t\t\t\t\t\t\t\t\t\t\t\t<\/div>\n\t\t\t\t<\/div>\n\t\t\t\t<div class=\"elementor-element elementor-element-f7c03c2 elementor-widget elementor-widget-text-editor\" data-id=\"f7c03c2\" data-element_type=\"widget\" data-widget_type=\"text-editor.default\">\n\t\t\t\t<div class=\"elementor-widget-container\">\n\t\t\t\t\t\t\t\t\t<p><span style=\"color: #9d9d9c;\"><a href=\"https:\/\/www.upec.edu.ec\/images\/stories\/Unidad_Integracion_Curricular\/R_095_CSUP_2025\/Tic_Enfoque_Investigacion\/ANEXO-01_SOLICITUD-DE-INGRESO-A-LA-UIC_OPCION-TIC.docx\"><img decoding=\"async\" class=\"alignnone wp-image-15411\" src=\"https:\/\/upec.edu.ec\/wp-content\/uploads\/2023\/08\/icono_descarga-300x300.png\" alt=\"\" width=\"30\" height=\"30\" srcset=\"https:\/\/upec.edu.ec\/wp-content\/uploads\/2023\/08\/icono_descarga-300x300.png 300w, https:\/\/upec.edu.ec\/wp-content\/uploads\/2023\/08\/icono_descarga-100x100.png 100w, https:\/\/upec.edu.ec\/wp-content\/uploads\/2023\/08\/icono_descarga-150x150.png 150w, https:\/\/upec.edu.ec\/wp-content\/uploads\/2023\/08\/icono_descarga.png 512w\" sizes=\"(max-width: 30px) 100vw, 30px\" \/><\/a>\u00a0 \u00a0Anexo 1 &#8211; Solicitud de ingreso a la UIC opci\u00f3n TIC<\/span><\/p><p><span style=\"color: #9d9d9c;\"><a href=\"https:\/\/www.upec.edu.ec\/images\/stories\/Unidad_Integracion_Curricular\/R_095_CSUP_2025\/Tic_Enfoque_Investigacion\/ANEXO-02_NOTIFICACION-PARA-LA-DEFENSA-DEL-PLAN.docx\"><img decoding=\"async\" class=\"alignnone wp-image-15411\" src=\"https:\/\/upec.edu.ec\/wp-content\/uploads\/2023\/08\/icono_descarga-300x300.png\" alt=\"\" width=\"30\" height=\"30\" srcset=\"https:\/\/upec.edu.ec\/wp-content\/uploads\/2023\/08\/icono_descarga-300x300.png 300w, https:\/\/upec.edu.ec\/wp-content\/uploads\/2023\/08\/icono_descarga-100x100.png 100w, https:\/\/upec.edu.ec\/wp-content\/uploads\/2023\/08\/icono_descarga-150x150.png 150w, https:\/\/upec.edu.ec\/wp-content\/uploads\/2023\/08\/icono_descarga.png 512w\" sizes=\"(max-width: 30px) 100vw, 30px\" \/><\/a>\u00a0 Anexo 2 &#8211; Notificaci\u00f3n para la defensa del Plan .<\/span><\/p><p><span style=\"color: #9d9d9c;\"><a href=\"https:\/\/www.upec.edu.ec\/images\/stories\/Unidad_Integracion_Curricular\/R_095_CSUP_2025\/Tic_Enfoque_Investigacion\/ANEXO-03_DESIGNACION-DE-TUTOR-TIC-ENFOQUE-EN-INVESTIGACION.docx\"><img decoding=\"async\" class=\"alignnone wp-image-15411\" src=\"https:\/\/upec.edu.ec\/wp-content\/uploads\/2023\/08\/icono_descarga-300x300.png\" alt=\"\" width=\"30\" height=\"30\" srcset=\"https:\/\/upec.edu.ec\/wp-content\/uploads\/2023\/08\/icono_descarga-300x300.png 300w, https:\/\/upec.edu.ec\/wp-content\/uploads\/2023\/08\/icono_descarga-100x100.png 100w, https:\/\/upec.edu.ec\/wp-content\/uploads\/2023\/08\/icono_descarga-150x150.png 150w, https:\/\/upec.edu.ec\/wp-content\/uploads\/2023\/08\/icono_descarga.png 512w\" sizes=\"(max-width: 30px) 100vw, 30px\" \/><\/a><\/span>\u00a0 Anexo 3 &#8211; Designaci\u00f3n del Tutor TIC- Enfoque en Investigaci\u00f3n.<\/p><p><span style=\"color: #9d9d9c;\"><a href=\"https:\/\/www.upec.edu.ec\/images\/stories\/Unidad_Integracion_Curricular\/R_095_CSUP_2025\/Tic_Enfoque_Investigacion\/ANEXO-3.1-R\u00daBRICA Y ACTA DE SUSTENTACI\u00d3N DEL PLAN DE TIC ENFOQUE EN INVESTIGACI\u00d3N.xlsx\"><img decoding=\"async\" class=\"alignnone wp-image-15411\" src=\"https:\/\/upec.edu.ec\/wp-content\/uploads\/2023\/08\/icono_descarga-300x300.png\" alt=\"\" width=\"30\" height=\"30\" srcset=\"https:\/\/upec.edu.ec\/wp-content\/uploads\/2023\/08\/icono_descarga-300x300.png 300w, https:\/\/upec.edu.ec\/wp-content\/uploads\/2023\/08\/icono_descarga-100x100.png 100w, https:\/\/upec.edu.ec\/wp-content\/uploads\/2023\/08\/icono_descarga-150x150.png 150w, https:\/\/upec.edu.ec\/wp-content\/uploads\/2023\/08\/icono_descarga.png 512w\" sizes=\"(max-width: 30px) 100vw, 30px\" \/><\/a><\/span>\u00a0 Anexo 3.1 &#8211; R\u00fabrica y acta de sustentaci\u00f3n del plan de tic enfoque en investigaci\u00f3n.<\/p><p><span style=\"color: #9d9d9c;\"><a href=\"https:\/\/www.upec.edu.ec\/images\/stories\/Unidad_Integracion_Curricular\/R_095_CSUP_2025\/Tic_Enfoque_Investigacion\/ANEXO-04_CAMBIO-DEL-TEMA-DEL-TIC.docx\"><img decoding=\"async\" class=\"alignnone wp-image-15411\" src=\"https:\/\/upec.edu.ec\/wp-content\/uploads\/2023\/08\/icono_descarga-300x300.png\" alt=\"\" width=\"30\" height=\"30\" srcset=\"https:\/\/upec.edu.ec\/wp-content\/uploads\/2023\/08\/icono_descarga-300x300.png 300w, https:\/\/upec.edu.ec\/wp-content\/uploads\/2023\/08\/icono_descarga-100x100.png 100w, https:\/\/upec.edu.ec\/wp-content\/uploads\/2023\/08\/icono_descarga-150x150.png 150w, https:\/\/upec.edu.ec\/wp-content\/uploads\/2023\/08\/icono_descarga.png 512w\" sizes=\"(max-width: 30px) 100vw, 30px\" \/><\/a><\/span>\u00a0 Anexo 4 &#8211; Cambio del tema del TIC.<\/p><p><span style=\"color: #9d9d9c;\"><a href=\"https:\/\/www.upec.edu.ec\/images\/stories\/Unidad_Integracion_Curricular\/R_095_CSUP_2025\/Tic_Enfoque_Investigacion\/ANEXO-05_SOLICITUD-DE-CRONOGRAMA.docx\"><img decoding=\"async\" class=\"alignnone wp-image-15411\" src=\"https:\/\/upec.edu.ec\/wp-content\/uploads\/2023\/08\/icono_descarga-300x300.png\" alt=\"\" width=\"30\" height=\"30\" srcset=\"https:\/\/upec.edu.ec\/wp-content\/uploads\/2023\/08\/icono_descarga-300x300.png 300w, https:\/\/upec.edu.ec\/wp-content\/uploads\/2023\/08\/icono_descarga-100x100.png 100w, https:\/\/upec.edu.ec\/wp-content\/uploads\/2023\/08\/icono_descarga-150x150.png 150w, https:\/\/upec.edu.ec\/wp-content\/uploads\/2023\/08\/icono_descarga.png 512w\" sizes=\"(max-width: 30px) 100vw, 30px\" \/><\/a><\/span>\u00a0 \u00a0Anexo 5 &#8211; Solicitud de cronograma.<\/p><p><span style=\"font-style: inherit; font-weight: inherit;\"><span style=\"color: #9d9d9c;\"><a href=\"https:\/\/www.upec.edu.ec\/images\/stories\/Unidad_Integracion_Curricular\/R_095_CSUP_2025\/Tic_Enfoque_Investigacion\/ANEXO-06-7-8-CRONOGRAMA_INFORME-ACOMPANAMIENTO-AL-ESTUDIANTE_REGISTRO-DEL-CONTROL-Y-EVALUACION-DE-TUTORIAS-TIC-ENFOQUE-EN-INVESTIGACION.xlsx\"><img decoding=\"async\" class=\"alignnone wp-image-15411\" src=\"https:\/\/upec.edu.ec\/wp-content\/uploads\/2023\/08\/icono_descarga-300x300.png\" alt=\"\" width=\"30\" height=\"30\" srcset=\"https:\/\/upec.edu.ec\/wp-content\/uploads\/2023\/08\/icono_descarga-300x300.png 300w, https:\/\/upec.edu.ec\/wp-content\/uploads\/2023\/08\/icono_descarga-100x100.png 100w, https:\/\/upec.edu.ec\/wp-content\/uploads\/2023\/08\/icono_descarga-150x150.png 150w, https:\/\/upec.edu.ec\/wp-content\/uploads\/2023\/08\/icono_descarga.png 512w\" sizes=\"(max-width: 30px) 100vw, 30px\" \/><\/a><\/span><\/span><span style=\"font-style: inherit; font-weight: inherit;\">\u00a0 \u00a0Anexo 6-7-8 Cronograma informe acompa\u00f1amiento al estudiante &#8211; Registro del control y Evaluaci\u00f3n de Tutor\u00edas &#8211; TIC Enfoque en Investigaci\u00f3n.<\/span><\/p><p><span style=\"font-size: 1rem;\"><span style=\"color: #9d9d9c;\"><a href=\"https:\/\/www.upec.edu.ec\/images\/stories\/Unidad_Integracion_Curricular\/R_095_CSUP_2025\/Tic_Enfoque_Investigacion\/ANEXO-9_INFORME - DEFENSA- ENFERNMER\u00cdA.docx\"><img decoding=\"async\" class=\"alignnone wp-image-15411\" src=\"https:\/\/upec.edu.ec\/wp-content\/uploads\/2023\/08\/icono_descarga-300x300.png\" alt=\"\" width=\"30\" height=\"30\" srcset=\"https:\/\/upec.edu.ec\/wp-content\/uploads\/2023\/08\/icono_descarga-300x300.png 300w, https:\/\/upec.edu.ec\/wp-content\/uploads\/2023\/08\/icono_descarga-100x100.png 100w, https:\/\/upec.edu.ec\/wp-content\/uploads\/2023\/08\/icono_descarga-150x150.png 150w, https:\/\/upec.edu.ec\/wp-content\/uploads\/2023\/08\/icono_descarga.png 512w\" sizes=\"(max-width: 30px) 100vw, 30px\" \/><\/a><\/span><\/span><span style=\"font-size: 1rem;\">\u00a0 \u00a0Anexo 9 &#8211; Informe Defensa Enfermer\u00eda.<\/span><\/p><p><span style=\"color: #9d9d9c;\"><a href=\"https:\/\/www.upec.edu.ec\/images\/stories\/Unidad_Integracion_Curricular\/R_095_CSUP_2025\/Tic_Enfoque_Investigacion\/ANEXO-10_RUBRICA-OBSERVACIONES-Y-ACTA-DE TITULACI\u00d3N -DEL-TIC-ENFOQUE-INVESTIGACION-.xlsx\"><img decoding=\"async\" class=\"alignnone wp-image-15411\" src=\"https:\/\/upec.edu.ec\/wp-content\/uploads\/2023\/08\/icono_descarga-300x300.png\" alt=\"\" width=\"30\" height=\"30\" srcset=\"https:\/\/upec.edu.ec\/wp-content\/uploads\/2023\/08\/icono_descarga-300x300.png 300w, https:\/\/upec.edu.ec\/wp-content\/uploads\/2023\/08\/icono_descarga-100x100.png 100w, https:\/\/upec.edu.ec\/wp-content\/uploads\/2023\/08\/icono_descarga-150x150.png 150w, https:\/\/upec.edu.ec\/wp-content\/uploads\/2023\/08\/icono_descarga.png 512w\" sizes=\"(max-width: 30px) 100vw, 30px\" \/><\/a><\/span>\u00a0 \u00a0Anexo 10 &#8211; R\u00fabrica Observaciones y Acta de Titulaci\u00f3n del TIC &#8211;\u00a0 Enfoque Investigaci\u00f3n.<\/p><p><span style=\"color: #9d9d9c;\"><a href=\"https:\/\/www.upec.edu.ec\/images\/stories\/Unidad_Integracion_Curricular\/R_095_CSUP_2025\/Tic_Enfoque_Investigacion\/ANEXO-11_AUTORIZACION-PUBLICACION-REPOSITORIO-UPEC.docx\"><img decoding=\"async\" class=\"alignnone wp-image-15411\" src=\"https:\/\/upec.edu.ec\/wp-content\/uploads\/2023\/08\/icono_descarga-300x300.png\" alt=\"\" width=\"30\" height=\"30\" srcset=\"https:\/\/upec.edu.ec\/wp-content\/uploads\/2023\/08\/icono_descarga-300x300.png 300w, https:\/\/upec.edu.ec\/wp-content\/uploads\/2023\/08\/icono_descarga-100x100.png 100w, https:\/\/upec.edu.ec\/wp-content\/uploads\/2023\/08\/icono_descarga-150x150.png 150w, https:\/\/upec.edu.ec\/wp-content\/uploads\/2023\/08\/icono_descarga.png 512w\" sizes=\"(max-width: 30px) 100vw, 30px\" \/><\/a><\/span>\u00a0 \u00a0Anexo 11 &#8211; Autorizaci\u00f3n publicaci\u00f3n repositorio UPEC.<\/p><p><span style=\"font-style: inherit; font-weight: inherit;\"><span style=\"color: #9d9d9c;\"><a href=\"https:\/\/www.upec.edu.ec\/images\/stories\/Unidad_Integracion_Curricular\/R_095_CSUP_2025\/Tic_Enfoque_Investigacion\/ANEXO-12_RUBRICA-DE-SUSTENTACION-Y-REPORTE-DEL-TIC-ENFOQUE-EN-INVESTIGACION- (1).xlsx\"><img decoding=\"async\" class=\"alignnone wp-image-15411\" src=\"https:\/\/upec.edu.ec\/wp-content\/uploads\/2023\/08\/icono_descarga-300x300.png\" alt=\"\" width=\"30\" height=\"30\" srcset=\"https:\/\/upec.edu.ec\/wp-content\/uploads\/2023\/08\/icono_descarga-300x300.png 300w, https:\/\/upec.edu.ec\/wp-content\/uploads\/2023\/08\/icono_descarga-100x100.png 100w, https:\/\/upec.edu.ec\/wp-content\/uploads\/2023\/08\/icono_descarga-150x150.png 150w, https:\/\/upec.edu.ec\/wp-content\/uploads\/2023\/08\/icono_descarga.png 512w\" sizes=\"(max-width: 30px) 100vw, 30px\" \/><\/a><\/span><\/span><span style=\"font-style: inherit; font-weight: inherit;\">\u00a0 \u00a0Anexo 12 &#8211; R\u00fabrica de sustentaci\u00f3n y reporte del TIC &#8211;\u00a0 Enfoque Investigaci\u00f3n.<\/span><\/p><p><span style=\"color: #9d9d9c;\"><a href=\"https:\/\/www.upec.edu.ec\/images\/stories\/Unidad_Integracion_Curricular\/R_095_CSUP_2025\/Tic_Enfoque_Investigacion\/ANEXO-13_SOLICITUD-DE-PRORROGA-.docx\"><img decoding=\"async\" class=\"alignnone wp-image-15411\" src=\"https:\/\/upec.edu.ec\/wp-content\/uploads\/2023\/08\/icono_descarga-300x300.png\" alt=\"\" width=\"30\" height=\"30\" srcset=\"https:\/\/upec.edu.ec\/wp-content\/uploads\/2023\/08\/icono_descarga-300x300.png 300w, https:\/\/upec.edu.ec\/wp-content\/uploads\/2023\/08\/icono_descarga-100x100.png 100w, https:\/\/upec.edu.ec\/wp-content\/uploads\/2023\/08\/icono_descarga-150x150.png 150w, https:\/\/upec.edu.ec\/wp-content\/uploads\/2023\/08\/icono_descarga.png 512w\" sizes=\"(max-width: 30px) 100vw, 30px\" \/><\/a><\/span>\u00a0 \u00a0Anexo 13 &#8211; Solicitud de Pr\u00f3rroga<\/p><p><span style=\"color: #9d9d9c;\"><a href=\"https:\/\/www.upec.edu.ec\/images\/stories\/Unidad_Integracion_Curricular\/R_095_CSUP_2025\/Tic_Enfoque_Investigacion\/ANEXO-14-FORMATO-DESLINDARSE-DE-TUTORIAS-DOCENTE- (1).docx\"><img decoding=\"async\" class=\"alignnone wp-image-15411\" src=\"https:\/\/upec.edu.ec\/wp-content\/uploads\/2023\/08\/icono_descarga-300x300.png\" alt=\"\" width=\"30\" height=\"30\" srcset=\"https:\/\/upec.edu.ec\/wp-content\/uploads\/2023\/08\/icono_descarga-300x300.png 300w, https:\/\/upec.edu.ec\/wp-content\/uploads\/2023\/08\/icono_descarga-100x100.png 100w, https:\/\/upec.edu.ec\/wp-content\/uploads\/2023\/08\/icono_descarga-150x150.png 150w, https:\/\/upec.edu.ec\/wp-content\/uploads\/2023\/08\/icono_descarga.png 512w\" sizes=\"(max-width: 30px) 100vw, 30px\" \/><\/a><\/span>\u00a0 \u00a0Anexo 14 &#8211; Formato deslindarse de Tutor\u00edas Docente.<\/p><p><span style=\"color: #9d9d9c;\"><a href=\"https:\/\/www.upec.edu.ec\/images\/stories\/Unidad_Integracion_Curricular\/R_095_CSUP_2025\/Tic_Enfoque_Investigacion\/ANEXO-15-FORMATO-CAMBIO-DE-TUTOR-ESTUDIANTE-.docx\"><img decoding=\"async\" class=\"alignnone wp-image-15411\" src=\"https:\/\/upec.edu.ec\/wp-content\/uploads\/2023\/08\/icono_descarga-300x300.png\" alt=\"\" width=\"30\" height=\"30\" srcset=\"https:\/\/upec.edu.ec\/wp-content\/uploads\/2023\/08\/icono_descarga-300x300.png 300w, https:\/\/upec.edu.ec\/wp-content\/uploads\/2023\/08\/icono_descarga-100x100.png 100w, https:\/\/upec.edu.ec\/wp-content\/uploads\/2023\/08\/icono_descarga-150x150.png 150w, https:\/\/upec.edu.ec\/wp-content\/uploads\/2023\/08\/icono_descarga.png 512w\" sizes=\"(max-width: 30px) 100vw, 30px\" \/><\/a>\u00a0 \u00a0<\/span>Anexo 15 &#8211; Formato cambio de Tutor Estudiante.<\/p><p><span style=\"color: #9d9d9c;\"><a href=\"https:\/\/www.upec.edu.ec\/images\/stories\/Unidad_Integracion_Curricular\/R_095_CSUP_2025\/Tic_Enfoque_Investigacion\/ANEXO-16_-LISTA-DE-VERIFICACION-ENFOQUE-INVESTIGACION.docx\"><img decoding=\"async\" class=\"alignnone wp-image-15411\" src=\"https:\/\/upec.edu.ec\/wp-content\/uploads\/2023\/08\/icono_descarga-300x300.png\" alt=\"\" width=\"30\" height=\"30\" srcset=\"https:\/\/upec.edu.ec\/wp-content\/uploads\/2023\/08\/icono_descarga-300x300.png 300w, https:\/\/upec.edu.ec\/wp-content\/uploads\/2023\/08\/icono_descarga-100x100.png 100w, https:\/\/upec.edu.ec\/wp-content\/uploads\/2023\/08\/icono_descarga-150x150.png 150w, https:\/\/upec.edu.ec\/wp-content\/uploads\/2023\/08\/icono_descarga.png 512w\" sizes=\"(max-width: 30px) 100vw, 30px\" \/><\/a><\/span>\u00a0 \u00a0Anexo 16 &#8211; Lista de verificaci\u00f3n &#8211; Enfoque Investigaci\u00f3n.<\/p><p><span style=\"color: #9d9d9c;\"><a href=\"https:\/\/www.upec.edu.ec\/images\/stories\/Unidad_Integracion_Curricular\/R_095_CSUP_2025\/Tic_Enfoque_Investigacion\/FORMATO-DEL-PLAN-DE-TRABAJO-DE-INTEGRACION-CURRICULAR-ENFOQUE-INVESTIGACION.docx\"><img decoding=\"async\" class=\"alignnone wp-image-15411\" src=\"https:\/\/upec.edu.ec\/wp-content\/uploads\/2023\/08\/icono_descarga-300x300.png\" alt=\"\" width=\"30\" height=\"30\" srcset=\"https:\/\/upec.edu.ec\/wp-content\/uploads\/2023\/08\/icono_descarga-300x300.png 300w, https:\/\/upec.edu.ec\/wp-content\/uploads\/2023\/08\/icono_descarga-100x100.png 100w, https:\/\/upec.edu.ec\/wp-content\/uploads\/2023\/08\/icono_descarga-150x150.png 150w, https:\/\/upec.edu.ec\/wp-content\/uploads\/2023\/08\/icono_descarga.png 512w\" sizes=\"(max-width: 30px) 100vw, 30px\" \/><\/a><\/span>\u00a0\u00a0\u00a0Formato del Plan de Trabajo de Integraci\u00f3n Curricular &#8211; Enfoque investigaci\u00f3n.<\/p><p><span style=\"color: #9d9d9c;\"><a href=\"https:\/\/www.upec.edu.ec\/images\/stories\/Unidad_Integracion_Curricular\/R_095_CSUP_2025\/Tic_Enfoque_Investigacion\/FORMATO-DEL-TRABAJO-DE-INTEGRACION-CURRICULAR-ENFOQUE-INVESTIGACION.docx\"><img decoding=\"async\" class=\"alignnone wp-image-15411\" src=\"https:\/\/upec.edu.ec\/wp-content\/uploads\/2023\/08\/icono_descarga-300x300.png\" alt=\"\" width=\"30\" height=\"30\" srcset=\"https:\/\/upec.edu.ec\/wp-content\/uploads\/2023\/08\/icono_descarga-300x300.png 300w, https:\/\/upec.edu.ec\/wp-content\/uploads\/2023\/08\/icono_descarga-100x100.png 100w, https:\/\/upec.edu.ec\/wp-content\/uploads\/2023\/08\/icono_descarga-150x150.png 150w, https:\/\/upec.edu.ec\/wp-content\/uploads\/2023\/08\/icono_descarga.png 512w\" sizes=\"(max-width: 30px) 100vw, 30px\" \/><\/a><\/span>\u00a0\u00a0\u00a0Formato del Trabajo de Integraci\u00f3n Curricular &#8211; Enfoque Investigaci\u00f3n.<\/p><p><span style=\"font-style: inherit; font-weight: inherit;\"><a href=\"https:\/\/www.upec.edu.ec\/images\/stories\/Unidad_Integracion_Curricular\/R_095_CSUP_2025\/Tic_Enfoque_Investigacion\/Guia_Metodologica_TIC_con_Enfoque_en_Investigacion.pdf\"><img decoding=\"async\" class=\"alignnone wp-image-15411\" src=\"https:\/\/upec.edu.ec\/wp-content\/uploads\/2023\/08\/icono_descarga-300x300.png\" alt=\"\" width=\"30\" height=\"30\" srcset=\"https:\/\/upec.edu.ec\/wp-content\/uploads\/2023\/08\/icono_descarga-300x300.png 300w, https:\/\/upec.edu.ec\/wp-content\/uploads\/2023\/08\/icono_descarga-100x100.png 100w, https:\/\/upec.edu.ec\/wp-content\/uploads\/2023\/08\/icono_descarga-150x150.png 150w, https:\/\/upec.edu.ec\/wp-content\/uploads\/2023\/08\/icono_descarga.png 512w\" sizes=\"(max-width: 30px) 100vw, 30px\" \/><\/a><\/span><span style=\"font-style: inherit; font-weight: inherit;\">\u00a0 \u00a0Gu\u00eda Metodol\u00f3gica TIC con enfoque en Investigaci\u00f3n.<\/span><\/p>\t\t\t\t\t\t\t\t<\/div>\n\t\t\t\t<\/div>\n\t\t\t\t\t<\/div>\n\t\t<\/div>\n\t\t\t\t\t<\/div>\n\t\t<\/section>\n\t\t\t\t<section class=\"elementor-section elementor-top-section elementor-element elementor-element-cddeacd elementor-section-height-min-height elementor-section-items-top elementor-section-boxed elementor-section-height-default\" data-id=\"cddeacd\" data-element_type=\"section\">\n\t\t\t\t\t\t<div class=\"elementor-container elementor-column-gap-default\">\n\t\t\t\t\t<div class=\"elementor-column elementor-col-100 elementor-top-column elementor-element elementor-element-e453688\" data-id=\"e453688\" data-element_type=\"column\">\n\t\t\t<div class=\"elementor-widget-wrap elementor-element-populated\">\n\t\t\t\t\t\t<div class=\"elementor-element elementor-element-f5fd11b elementor-widget__width-auto elementor-widget elementor-widget-heading\" data-id=\"f5fd11b\" data-element_type=\"widget\" data-widget_type=\"heading.default\">\n\t\t\t\t<div class=\"elementor-widget-container\">\n\t\t\t\t\t<h2 class=\"elementor-heading-title elementor-size-default\">TIC ENFOQUE EMPRENDIMIENTO<\/h2>\t\t\t\t<\/div>\n\t\t\t\t<\/div>\n\t\t\t\t\t<\/div>\n\t\t<\/div>\n\t\t\t\t\t<\/div>\n\t\t<\/section>\n\t\t\t\t<section class=\"elementor-section elementor-top-section elementor-element elementor-element-77b0b3c elementor-section-height-min-height elementor-section-items-top elementor-section-boxed elementor-section-height-default\" data-id=\"77b0b3c\" data-element_type=\"section\">\n\t\t\t\t\t\t<div class=\"elementor-container elementor-column-gap-default\">\n\t\t\t\t\t<div class=\"elementor-column elementor-col-100 elementor-top-column elementor-element elementor-element-86ac190\" data-id=\"86ac190\" data-element_type=\"column\">\n\t\t\t<div class=\"elementor-widget-wrap elementor-element-populated\">\n\t\t\t\t\t\t<div class=\"elementor-element elementor-element-8190e74 elementor-widget elementor-widget-text-editor\" data-id=\"8190e74\" data-element_type=\"widget\" data-widget_type=\"text-editor.default\">\n\t\t\t\t<div class=\"elementor-widget-container\">\n\t\t\t\t\t\t\t\t\t<p><span style=\"color: #9d9d9c;\">Formatos Trabajo de Integraci\u00f3n Curricular &#8211; TIC Enfoque Emprendimiento\u00a0 <a href=\"https:\/\/upec.edu.ec\/index.php\/tic-enfoque-enprendimiento-resolucion-095\/\"><img decoding=\"async\" class=\"alignnone wp-image-28193\" src=\"https:\/\/upec.edu.ec\/wp-content\/uploads\/2025\/02\/carpeta-300x300.png\" alt=\"\" width=\"24\" height=\"24\" srcset=\"https:\/\/upec.edu.ec\/wp-content\/uploads\/2025\/02\/carpeta-300x300.png 300w, https:\/\/upec.edu.ec\/wp-content\/uploads\/2025\/02\/carpeta-100x100.png 100w, https:\/\/upec.edu.ec\/wp-content\/uploads\/2025\/02\/carpeta-150x150.png 150w, https:\/\/upec.edu.ec\/wp-content\/uploads\/2025\/02\/carpeta.png 512w\" sizes=\"(max-width: 24px) 100vw, 24px\" \/><\/a><\/span><\/p>\t\t\t\t\t\t\t\t<\/div>\n\t\t\t\t<\/div>\n\t\t\t\t\t<\/div>\n\t\t<\/div>\n\t\t\t\t\t<\/div>\n\t\t<\/section>\n\t\t\t\t<\/div>\n\t\t","protected":false},"excerpt":{"rendered":"<p>TIC ENFOQUE INVESTIGACI\u00d3N \u00a0 \u00a0Anexo 1 &#8211; Solicitud de ingreso a la UIC opci\u00f3n TIC \u00a0 Anexo 2 &#8211; Notificaci\u00f3n para la defensa del Plan . \u00a0 Anexo 3 &#8211; Designaci\u00f3n del Tutor TIC- Enfoque en Investigaci\u00f3n. \u00a0 Anexo 3.1 &#8211; R\u00fabrica y acta de sustentaci\u00f3n del plan de tic enfoque en investigaci\u00f3n. \u00a0 Anexo [&hellip;]<\/p>\n","protected":false},"author":2,"featured_media":0,"parent":0,"menu_order":0,"comment_status":"closed","ping_status":"closed","template":"","meta":{"site-sidebar-layout":"no-sidebar","site-content-layout":"page-builder","ast-site-content-layout":"full-width-container","site-content-style":"unboxed","site-sidebar-style":"unboxed","ast-global-header-display":"","ast-banner-title-visibility":"","ast-main-header-display":"","ast-hfb-above-header-display":"","ast-hfb-below-header-display":"","ast-hfb-mobile-header-display":"","site-post-title":"disabled","ast-breadcrumbs-content":"","ast-featured-img":"disabled","footer-sml-layout":"","theme-transparent-header-meta":"","adv-header-id-meta":"","stick-header-meta":"","header-above-stick-meta":"","header-main-stick-meta":"","header-below-stick-meta":"","astra-migrate-meta-layouts":"set","ast-page-background-enabled":"default","ast-page-background-meta":{"desktop":{"background-color":"var(--ast-global-color-4)","background-image":"","background-repeat":"repeat","background-position":"center center","background-size":"auto","background-attachment":"scroll","background-type":"","background-media":"","overlay-type":"","overlay-color":"","overlay-opacity":"","overlay-gradient":""},"tablet":{"background-color":"","background-image":"","background-repeat":"repeat","background-position":"center center","background-size":"auto","background-attachment":"scroll","background-type":"","background-media":"","overlay-type":"","overlay-color":"","overlay-opacity":"","overlay-gradient":""},"mobile":{"background-color":"","background-image":"","background-repeat":"repeat","background-position":"center center","background-size":"auto","background-attachment":"scroll","background-type":"","background-media":"","overlay-type":"","overlay-color":"","overlay-opacity":"","overlay-gradient":""}},"ast-content-background-meta":{"desktop":{"background-color":"var(--ast-global-color-5)","background-image":"","background-repeat":"repeat","background-position":"center center","background-size":"auto","background-attachment":"scroll","background-type":"","background-media":"","overlay-type":"","overlay-color":"","overlay-opacity":"","overlay-gradient":""},"tablet":{"background-color":"var(--ast-global-color-5)","background-image":"","background-repeat":"repeat","background-position":"center center","background-size":"auto","background-attachment":"scroll","background-type":"","background-media":"","overlay-type":"","overlay-color":"","overlay-opacity":"","overlay-gradient":""},"mobile":{"background-color":"var(--ast-global-color-5)","background-image":"","background-repeat":"repeat","background-position":"center center","background-size":"auto","background-attachment":"scroll","background-type":"","background-media":"","overlay-type":"","overlay-color":"","overlay-opacity":"","overlay-gradient":""}},"footnotes":""},"class_list":["post-32058","page","type-page","status-publish","hentry"],"_links":{"self":[{"href":"https:\/\/upec.edu.ec\/index.php\/wp-json\/wp\/v2\/pages\/32058","targetHints":{"allow":["GET"]}}],"collection":[{"href":"https:\/\/upec.edu.ec\/index.php\/wp-json\/wp\/v2\/pages"}],"about":[{"href":"https:\/\/upec.edu.ec\/index.php\/wp-json\/wp\/v2\/types\/page"}],"author":[{"embeddable":true,"href":"https:\/\/upec.edu.ec\/index.php\/wp-json\/wp\/v2\/users\/2"}],"replies":[{"embeddable":true,"href":"https:\/\/upec.edu.ec\/index.php\/wp-json\/wp\/v2\/comments?post=32058"}],"version-history":[{"count":140,"href":"https:\/\/upec.edu.ec\/index.php\/wp-json\/wp\/v2\/pages\/32058\/revisions"}],"predecessor-version":[{"id":33082,"href":"https:\/\/upec.edu.ec\/index.php\/wp-json\/wp\/v2\/pages\/32058\/revisions\/33082"}],"wp:attachment":[{"href":"https:\/\/upec.edu.ec\/index.php\/wp-json\/wp\/v2\/media?parent=32058"}],"curies":[{"name":"wp","href":"https:\/\/api.w.org\/{rel}","templated":true}]}}