{"id":29027,"date":"2025-05-28T13:03:27","date_gmt":"2025-05-28T18:03:27","guid":{"rendered":"https:\/\/upec.edu.ec\/?page_id=29027"},"modified":"2025-05-28T14:13:52","modified_gmt":"2025-05-28T19:13:52","slug":"boletin-021-2025","status":"publish","type":"page","link":"https:\/\/upec.edu.ec\/index.php\/boletin-021-2025\/","title":{"rendered":"Bolet\u00edn 021 2025"},"content":{"rendered":"\t\t<div data-elementor-type=\"wp-page\" data-elementor-id=\"29027\" class=\"elementor elementor-29027\">\n\t\t\t\t\t\t<section class=\"elementor-section elementor-top-section elementor-element elementor-element-86c772d elementor-section-full_width elementor-section-height-min-height elementor-section-items-top elementor-section-height-default\" data-id=\"86c772d\" data-element_type=\"section\">\n\t\t\t\t\t\t<div class=\"elementor-container elementor-column-gap-no\">\n\t\t\t\t\t<div class=\"elementor-column elementor-col-100 elementor-top-column elementor-element elementor-element-6caf56e\" data-id=\"6caf56e\" data-element_type=\"column\">\n\t\t\t<div class=\"elementor-widget-wrap elementor-element-populated\">\n\t\t\t\t\t\t<div class=\"elementor-element elementor-element-9fe77fd elementor-widget__width-auto elementor-widget elementor-widget-heading\" data-id=\"9fe77fd\" data-element_type=\"widget\" data-widget_type=\"heading.default\">\n\t\t\t\t<div class=\"elementor-widget-container\">\n\t\t\t\t\t<h2 class=\"elementor-heading-title elementor-size-default\">LA UPEC DESARROLL\u00d3 LA FERIA DE PROYECTOS \u201cSOSTENIBILIDAD COMPUTACI\u00d3N 2025\u201d<\/h2>\t\t\t\t<\/div>\n\t\t\t\t<\/div>\n\t\t\t\t<div class=\"elementor-element elementor-element-6256772 elementor-widget elementor-widget-heading\" data-id=\"6256772\" data-element_type=\"widget\" data-widget_type=\"heading.default\">\n\t\t\t\t<div class=\"elementor-widget-container\">\n\t\t\t\t\t<h2 class=\"elementor-heading-title elementor-size-default\">Con la participaci\u00f3n activa de m\u00e1s de 300 estudiantes de bachillerato de distintas unidades educativas del cant\u00f3n Tulc\u00e1n, la Universidad Polit\u00e9cnica Estatal del Carchi (UPEC) realiz\u00f3 con \u00e9xito la Feria de Proyectos Sostenibilidad Computaci\u00f3n 2025, un evento acad\u00e9mico orientado a promover la sostenibilidad a trav\u00e9s de la tecnolog\u00eda y a difundir la oferta acad\u00e9mica institucional.<br><br>\n\nLa feria fue liderada por estudiantes de la carrera de Computaci\u00f3n, quienes presentaron alrededor de 50 prototipos tecnol\u00f3gicos que proponen soluciones innovadoras a problemas ambientales, sociales y productivos. Entre los proyectos destacados se encontraron m\u00e1quinas para automatizaci\u00f3n de procesos agr\u00edcolas y dom\u00e9sticos, robots funcionales, sistemas inteligentes de monitoreo, aplicaciones m\u00f3viles para el uso responsable de recursos y dispositivos de apoyo comunitario.<br><br>\n\nAdem\u00e1s, los visitantes pudieron conocer de cerca el trabajo que se desarrolla en laboratorios clave como el de Fabricaci\u00f3n Digital, Inteligencia Artificial y Ciberseguridad, espacios que fortalecen la formaci\u00f3n t\u00e9cnica y pr\u00e1ctica de los estudiantes universitarios, y que permiten articular el conocimiento con la innovaci\u00f3n real.<br><br>\n\nEste espacio tambi\u00e9n permiti\u00f3 dar a conocer la oferta acad\u00e9mica de la UPEC, con la participaci\u00f3n de las carreras de Agropecuaria, Medicina Veterinaria, Alimentos y Multimedia y Producci\u00f3n Audiovisual, quienes presentaron sus l\u00edneas de formaci\u00f3n, proyectos de investigaci\u00f3n y vinculaci\u00f3n, e informaci\u00f3n para estudiantes interesados en carreras con fuerte impacto territorial y enfoque sostenible.<br><br>\n\nLa feria tuvo como objetivo no solo visibilizar los avances en proyectos estudiantiles, sino tambi\u00e9n fomentar el inter\u00e9s de los j\u00f3venes del nivel secundario por las carreras cient\u00edficas y tecnol\u00f3gicas, destacando el rol de la educaci\u00f3n superior en la transformaci\u00f3n de la sociedad y en la construcci\u00f3n de un futuro sostenible.<br><br>\n\nLa Universidad Polit\u00e9cnica Estatal del Carchi reafirma, con este tipo de eventos, su compromiso con una educaci\u00f3n p\u00fablica de calidad, basada en la innovaci\u00f3n, la sostenibilidad y la pertinencia territorial, pilares que gu\u00edan su propuesta acad\u00e9mica.<br><br><\/h2>\t\t\t\t<\/div>\n\t\t\t\t<\/div>\n\t\t\t\t\t<\/div>\n\t\t<\/div>\n\t\t\t\t\t<\/div>\n\t\t<\/section>\n\t\t\t\t<section class=\"elementor-section elementor-top-section elementor-element elementor-element-2cd4369 elementor-section-full_width elementor-section-height-min-height elementor-section-items-top elementor-section-height-default\" data-id=\"2cd4369\" data-element_type=\"section\">\n\t\t\t\t\t\t<div class=\"elementor-container elementor-column-gap-no\">\n\t\t\t\t\t<div class=\"elementor-column elementor-col-100 elementor-top-column elementor-element elementor-element-a7fd849\" data-id=\"a7fd849\" data-element_type=\"column\">\n\t\t\t<div class=\"elementor-widget-wrap elementor-element-populated\">\n\t\t\t\t\t\t<div class=\"elementor-element elementor-element-d6101c1 elementor-widget__width-initial elementor-widget elementor-widget-image\" data-id=\"d6101c1\" data-element_type=\"widget\" data-widget_type=\"image.default\">\n\t\t\t\t<div class=\"elementor-widget-container\">\n\t\t\t\t\t\t\t\t\t\t\t\t\t\t\t<img decoding=\"async\" src=\"https:\/\/upec.edu.ec\/wp-content\/uploads\/elementor\/thumbs\/boletin_21_01_2025-ralkdwz58coeaz8hywsa995nlxggkbipbf6dx5kxmg.jpg\" title=\"boletin_21_01_2025\" alt=\"boletin_21_01_2025\" loading=\"lazy\" \/>\t\t\t\t\t\t\t\t\t\t\t\t\t\t\t<\/div>\n\t\t\t\t<\/div>\n\t\t\t\t<div class=\"elementor-element elementor-element-4b172a4 elementor-widget__width-initial elementor-widget elementor-widget-image\" data-id=\"4b172a4\" data-element_type=\"widget\" data-widget_type=\"image.default\">\n\t\t\t\t<div class=\"elementor-widget-container\">\n\t\t\t\t\t\t\t\t\t\t\t\t\t\t\t<img decoding=\"async\" src=\"https:\/\/upec.edu.ec\/wp-content\/uploads\/elementor\/thumbs\/boletin_21_02_2025-ralkdwz58coeaz8hywsa995nlxggkbipbf6dx5kxmg.jpg\" title=\"boletin_21_02_2025\" alt=\"boletin_21_02_2025\" loading=\"lazy\" \/>\t\t\t\t\t\t\t\t\t\t\t\t\t\t\t<\/div>\n\t\t\t\t<\/div>\n\t\t\t\t<div class=\"elementor-element elementor-element-4229dfd elementor-widget__width-initial elementor-widget elementor-widget-image\" data-id=\"4229dfd\" data-element_type=\"widget\" data-widget_type=\"image.default\">\n\t\t\t\t<div class=\"elementor-widget-container\">\n\t\t\t\t\t\t\t\t\t\t\t\t\t\t\t<img decoding=\"async\" src=\"https:\/\/upec.edu.ec\/wp-content\/uploads\/elementor\/thumbs\/boletin_21_03_2025-ralkdwz58coeaz8hywsa995nlxggkbipbf6dx5kxmg.jpg\" title=\"boletin_21_03_2025\" alt=\"boletin_21_03_2025\" loading=\"lazy\" \/>\t\t\t\t\t\t\t\t\t\t\t\t\t\t\t<\/div>\n\t\t\t\t<\/div>\n\t\t\t\t\t<\/div>\n\t\t<\/div>\n\t\t\t\t\t<\/div>\n\t\t<\/section>\n\t\t\t\t<section class=\"elementor-section elementor-top-section elementor-element elementor-element-b1f7cd2 elementor-section-full_width elementor-section-height-min-height elementor-section-items-top elementor-section-height-default\" data-id=\"b1f7cd2\" data-element_type=\"section\">\n\t\t\t\t\t\t<div class=\"elementor-container elementor-column-gap-no\">\n\t\t\t\t\t<div class=\"elementor-column elementor-col-100 elementor-top-column elementor-element elementor-element-2b2b894\" data-id=\"2b2b894\" data-element_type=\"column\">\n\t\t\t<div class=\"elementor-widget-wrap elementor-element-populated\">\n\t\t\t\t\t\t<div class=\"elementor-element elementor-element-e6cd8cf elementor-widget elementor-widget-text-editor\" data-id=\"e6cd8cf\" data-element_type=\"widget\" data-widget_type=\"text-editor.default\">\n\t\t\t\t<div class=\"elementor-widget-container\">\n\t\t\t\t\t\t\t\t\t<p style=\"text-align: center;\"><span style=\"color: #999999;\"><strong>Pie de foto:<\/strong> <span data-olk-copy-source=\"MessageBody\">Estudiantes de los colegios locales participaron de la feria e interactuaron con los proyectos presentados.<\/span><\/span><\/p><p><!--StartFragment--><!--EndFragment--><\/p>\t\t\t\t\t\t\t\t<\/div>\n\t\t\t\t<\/div>\n\t\t\t\t\t<\/div>\n\t\t<\/div>\n\t\t\t\t\t<\/div>\n\t\t<\/section>\n\t\t\t\t<section class=\"elementor-section elementor-top-section elementor-element elementor-element-3d0f6cb elementor-section-boxed elementor-section-height-default elementor-section-height-default\" data-id=\"3d0f6cb\" data-element_type=\"section\">\n\t\t\t\t\t\t<div class=\"elementor-container elementor-column-gap-default\">\n\t\t\t\t\t<div class=\"elementor-column elementor-col-100 elementor-top-column elementor-element elementor-element-ae879ca\" data-id=\"ae879ca\" data-element_type=\"column\">\n\t\t\t<div class=\"elementor-widget-wrap\">\n\t\t\t\t\t\t\t<\/div>\n\t\t<\/div>\n\t\t\t\t\t<\/div>\n\t\t<\/section>\n\t\t\t\t<\/div>\n\t\t","protected":false},"excerpt":{"rendered":"<p>LA UPEC DESARROLL\u00d3 LA FERIA DE PROYECTOS \u201cSOSTENIBILIDAD COMPUTACI\u00d3N 2025\u201d Con la participaci\u00f3n activa de m\u00e1s de 300 estudiantes de bachillerato de distintas unidades educativas del cant\u00f3n Tulc\u00e1n, la Universidad Polit\u00e9cnica Estatal del Carchi (UPEC) realiz\u00f3 con \u00e9xito la Feria de Proyectos Sostenibilidad Computaci\u00f3n 2025, un evento acad\u00e9mico orientado a promover la sostenibilidad a trav\u00e9s [&hellip;]<\/p>\n","protected":false},"author":2,"featured_media":0,"parent":0,"menu_order":0,"comment_status":"closed","ping_status":"closed","template":"","meta":{"site-sidebar-layout":"default","site-content-layout":"","ast-site-content-layout":"default","site-content-style":"default","site-sidebar-style":"default","ast-global-header-display":"","ast-banner-title-visibility":"","ast-main-header-display":"","ast-hfb-above-header-display":"","ast-hfb-below-header-display":"","ast-hfb-mobile-header-display":"","site-post-title":"disabled","ast-breadcrumbs-content":"","ast-featured-img":"","footer-sml-layout":"","theme-transparent-header-meta":"","adv-header-id-meta":"","stick-header-meta":"","header-above-stick-meta":"","header-main-stick-meta":"","header-below-stick-meta":"","astra-migrate-meta-layouts":"set","ast-page-background-enabled":"default","ast-page-background-meta":{"desktop":{"background-color":"var(--ast-global-color-4)","background-image":"","background-repeat":"repeat","background-position":"center center","background-size":"auto","background-attachment":"scroll","background-type":"","background-media":"","overlay-type":"","overlay-color":"","overlay-opacity":"","overlay-gradient":""},"tablet":{"background-color":"","background-image":"","background-repeat":"repeat","background-position":"center center","background-size":"auto","background-attachment":"scroll","background-type":"","background-media":"","overlay-type":"","overlay-color":"","overlay-opacity":"","overlay-gradient":""},"mobile":{"background-color":"","background-image":"","background-repeat":"repeat","background-position":"center center","background-size":"auto","background-attachment":"scroll","background-type":"","background-media":"","overlay-type":"","overlay-color":"","overlay-opacity":"","overlay-gradient":""}},"ast-content-background-meta":{"desktop":{"background-color":"var(--ast-global-color-5)","background-image":"","background-repeat":"repeat","background-position":"center center","background-size":"auto","background-attachment":"scroll","background-type":"","background-media":"","overlay-type":"","overlay-color":"","overlay-opacity":"","overlay-gradient":""},"tablet":{"background-color":"var(--ast-global-color-5)","background-image":"","background-repeat":"repeat","background-position":"center center","background-size":"auto","background-attachment":"scroll","background-type":"","background-media":"","overlay-type":"","overlay-color":"","overlay-opacity":"","overlay-gradient":""},"mobile":{"background-color":"var(--ast-global-color-5)","background-image":"","background-repeat":"repeat","background-position":"center center","background-size":"auto","background-attachment":"scroll","background-type":"","background-media":"","overlay-type":"","overlay-color":"","overlay-opacity":"","overlay-gradient":""}},"footnotes":""},"class_list":["post-29027","page","type-page","status-publish","hentry"],"_links":{"self":[{"href":"https:\/\/upec.edu.ec\/index.php\/wp-json\/wp\/v2\/pages\/29027","targetHints":{"allow":["GET"]}}],"collection":[{"href":"https:\/\/upec.edu.ec\/index.php\/wp-json\/wp\/v2\/pages"}],"about":[{"href":"https:\/\/upec.edu.ec\/index.php\/wp-json\/wp\/v2\/types\/page"}],"author":[{"embeddable":true,"href":"https:\/\/upec.edu.ec\/index.php\/wp-json\/wp\/v2\/users\/2"}],"replies":[{"embeddable":true,"href":"https:\/\/upec.edu.ec\/index.php\/wp-json\/wp\/v2\/comments?post=29027"}],"version-history":[{"count":7,"href":"https:\/\/upec.edu.ec\/index.php\/wp-json\/wp\/v2\/pages\/29027\/revisions"}],"predecessor-version":[{"id":29035,"href":"https:\/\/upec.edu.ec\/index.php\/wp-json\/wp\/v2\/pages\/29027\/revisions\/29035"}],"wp:attachment":[{"href":"https:\/\/upec.edu.ec\/index.php\/wp-json\/wp\/v2\/media?parent=29027"}],"curies":[{"name":"wp","href":"https:\/\/api.w.org\/{rel}","templated":true}]}}