{"id":28249,"date":"2025-03-05T08:18:46","date_gmt":"2025-03-05T13:18:46","guid":{"rendered":"https:\/\/upec.edu.ec\/?page_id=28249"},"modified":"2025-03-05T08:24:02","modified_gmt":"2025-03-05T13:24:02","slug":"boletin-009-2025","status":"publish","type":"page","link":"https:\/\/upec.edu.ec\/index.php\/boletin-009-2025\/","title":{"rendered":"Bolet\u00edn 009 2025"},"content":{"rendered":"\t\t<div data-elementor-type=\"wp-page\" data-elementor-id=\"28249\" class=\"elementor elementor-28249\">\n\t\t\t\t\t\t<section class=\"elementor-section elementor-top-section elementor-element elementor-element-86c772d elementor-section-full_width elementor-section-height-min-height elementor-section-items-top elementor-section-height-default\" data-id=\"86c772d\" data-element_type=\"section\">\n\t\t\t\t\t\t<div class=\"elementor-container elementor-column-gap-no\">\n\t\t\t\t\t<div class=\"elementor-column elementor-col-100 elementor-top-column elementor-element elementor-element-6caf56e\" data-id=\"6caf56e\" data-element_type=\"column\">\n\t\t\t<div class=\"elementor-widget-wrap elementor-element-populated\">\n\t\t\t\t\t\t<div class=\"elementor-element elementor-element-9fe77fd elementor-widget__width-auto elementor-widget elementor-widget-heading\" data-id=\"9fe77fd\" data-element_type=\"widget\" data-widget_type=\"heading.default\">\n\t\t\t\t<div class=\"elementor-widget-container\">\n\t\t\t\t\t<h2 class=\"elementor-heading-title elementor-size-default\">LA UPEC CONMEMORA SUS XIX A\u00d1OS CON UNA AGENDA DE EVENTOS DIVERSA<\/h2>\t\t\t\t<\/div>\n\t\t\t\t<\/div>\n\t\t\t\t<div class=\"elementor-element elementor-element-6256772 elementor-widget elementor-widget-heading\" data-id=\"6256772\" data-element_type=\"widget\" data-widget_type=\"heading.default\">\n\t\t\t\t<div class=\"elementor-widget-container\">\n\t\t\t\t\t<h2 class=\"elementor-heading-title elementor-size-default\">La Universidad Polit\u00e9cnica Estatal del Carchi (UPEC) en este 2025 conmemora su aniversario XIX, el alma mater carchense es una instituci\u00f3n de educaci\u00f3n superior creada mediante decreto de ley del 05 de abril de 2006. La grata celebraci\u00f3n se acompa\u00f1a de una agenda de actividades acad\u00e9micas, sociales, culturales y deportivas, que han sido planificadas para fortalecer los lazos fraternos de los integrantes de la comunidad universitaria.<br><br>\n\nEn raz\u00f3n de la festividad, el Consejo Universitario Polit\u00e9cnico resolvi\u00f3 crear la Comisi\u00f3n Especial de Conmemoraci\u00f3n Institucional presidida por el PhD. Hern\u00e1n Benavides. La comisi\u00f3n ha propuesto 21 eventos entre art\u00edstico-culturales, deportivos, acad\u00e9micos y sociales, en los que se integran cada una de las carreras, programas de posgrado y asociaciones de docentes y administrativos.<br><br>\n\nEntre los eventos tenemos el \u201cI Seminario Internacional de Gobierno y Administraci\u00f3n P\u00fablica: Balances y Perspectivas de la Administraci\u00f3n P\u00fablica y las Pol\u00edticas P\u00fablicas en Am\u00e9rica Latina\u201d para el 13 y 14 de marzo, se planifica la visita de expertos de Brasil, M\u00e9xico, Colombia, Ecuador y Espa\u00f1a. Asimismo, el 18 de marzo, recibiremos la Acreditaci\u00f3n Inicial Bajo la Norma NTEINEN-ISO\/IEC 17025:2018, del Laboratorio de Diagn\u00f3stico Veterinario de la Universidad Polit\u00e9cnica Estatal del Carchi.<br><br>\n\nEn el \u00e1mbito cultural y deportivo el 27 de marzo tendremos la participaci\u00f3n de la \u201cComparsa Pluricultural Caminos de Identidad\u201d y una noche cultural con varias sorpresas. Por otra parte, productos y emprendimientos desarrollados por estudiantes se expondr\u00e1n el 3 de abril en la \u201cI Feria Agroalimentaria UPEC 2025\u201d. Mientras que como es costumbre, se realizar\u00e1 el reconocimiento a la trayectoria de docentes y servidores p\u00fablicos universitarios por su labor desempe\u00f1ada durante 5, 10 y 15 a\u00f1os, esta actividad se llevar\u00e1 a cabo el 4 de abril.<br><br>\n\nFinalmente, el acto de Posesi\u00f3n de Autoridades Electas (rector y vicerrectora) se llevar\u00e1 a cabo el 5 de Abril para iniciar un nuevo periodo administrativo institucional 2025-2030, como pre\u00e1mbulo a la Sesi\u00f3n Solemne presidida por el Consejo Superior Universitario Polit\u00e9cnico, acto en el que se espera la presencia de autoridades locales, representantes de las instituciones reguladoras de las Educaci\u00f3n Superior entre otras personalidades que representan a instituciones gubernamentales y de orden p\u00fablico.<br><br>\n\nDesde abril de 2020 la Polit\u00e9cnica del Carchi, bajo la rector\u00eda del PhD. Jorge Mina, afianz\u00f3 el esp\u00edritu de la casona del saber y se ha trabajado por la calidad acad\u00e9mica, el impacto de la investigaci\u00f3n y vinculaci\u00f3n con la sociedad. Durante el 2024, el Consejo de Educaci\u00f3n Superior (CES) entreg\u00f3 la resoluci\u00f3n que aprueba el primer programa de Doctorado en Pol\u00edticas P\u00fablicas ofertado por una universidad de car\u00e1cter p\u00fablico en Ecuador.<br><br>\n\nBajo este lema de trabajar por la academia, se diversific\u00f3 la oferta acad\u00e9mica de grado en las modalidades presencial, semipresencial y virtual, sumando un total de 16 carreras vigentes de grado. Adem\u00e1s, en 2024, se aprob\u00f3 el programa de Fisioterapia y se ingres\u00f3 el de Derecho para el tr\u00e1mite respectivo; adem\u00e1s, la UPEC se consolid\u00f3 como la primera universidad m\u00e1s sostenible de la regi\u00f3n. <br><br>\nCon este anuncio se extiende la cordial invitaci\u00f3n a ser parte de la gran celebraci\u00f3n por los XIX a\u00f1os de vida acad\u00e9mica - institucional de la Universidad Polit\u00e9cnica Estatal del Carchi.<br><br><\/h2>\t\t\t\t<\/div>\n\t\t\t\t<\/div>\n\t\t\t\t\t<\/div>\n\t\t<\/div>\n\t\t\t\t\t<\/div>\n\t\t<\/section>\n\t\t\t\t<section class=\"elementor-section elementor-top-section elementor-element elementor-element-2cd4369 elementor-section-full_width elementor-section-height-min-height elementor-section-items-top elementor-section-height-default\" data-id=\"2cd4369\" data-element_type=\"section\">\n\t\t\t\t\t\t<div class=\"elementor-container elementor-column-gap-no\">\n\t\t\t\t\t<div class=\"elementor-column elementor-col-100 elementor-top-column elementor-element elementor-element-a7fd849\" data-id=\"a7fd849\" data-element_type=\"column\">\n\t\t\t<div class=\"elementor-widget-wrap elementor-element-populated\">\n\t\t\t\t\t\t<div class=\"elementor-element elementor-element-4b172a4 elementor-widget__width-initial elementor-widget elementor-widget-image\" data-id=\"4b172a4\" data-element_type=\"widget\" data-widget_type=\"image.default\">\n\t\t\t\t<div class=\"elementor-widget-container\">\n\t\t\t\t\t\t\t\t\t\t\t\t\t\t\t<img decoding=\"async\" src=\"https:\/\/upec.edu.ec\/wp-content\/uploads\/elementor\/thumbs\/boletin_09_01_2025-ralkdwz58coeaz8hywsa995nlxggkbipbf6dx5kxmg.jpg\" title=\"boletin_09_01_2025\" alt=\"boletin_09_01_2025\" loading=\"lazy\" \/>\t\t\t\t\t\t\t\t\t\t\t\t\t\t\t<\/div>\n\t\t\t\t<\/div>\n\t\t\t\t\t<\/div>\n\t\t<\/div>\n\t\t\t\t\t<\/div>\n\t\t<\/section>\n\t\t\t\t<section class=\"elementor-section elementor-top-section elementor-element elementor-element-b1f7cd2 elementor-section-full_width elementor-section-height-min-height elementor-section-items-top elementor-section-height-default\" data-id=\"b1f7cd2\" data-element_type=\"section\">\n\t\t\t\t\t\t<div class=\"elementor-container elementor-column-gap-no\">\n\t\t\t\t\t<div class=\"elementor-column elementor-col-100 elementor-top-column elementor-element elementor-element-2b2b894\" data-id=\"2b2b894\" data-element_type=\"column\">\n\t\t\t<div class=\"elementor-widget-wrap elementor-element-populated\">\n\t\t\t\t\t\t<div class=\"elementor-element elementor-element-e6cd8cf elementor-widget elementor-widget-text-editor\" data-id=\"e6cd8cf\" data-element_type=\"widget\" data-widget_type=\"text-editor.default\">\n\t\t\t\t<div class=\"elementor-widget-container\">\n\t\t\t\t\t\t\t\t\t<p style=\"text-align: center;\"><span style=\"color: #999999;\"><strong>Pie de foto:<\/strong> <span data-olk-copy-source=\"MessageBody\">Desde el pr\u00f3ximo 5 de marzo, la comunidad universitaria inicia con la agenda de actividades por la conmemoraci\u00f3n de los XIX a\u00f1os de vida institucional de la UPEC<\/span><\/span><span style=\"color: var( --e-global-color-text ); background-color: var(--ast-global-color-5);\">.<\/span><\/p><p><!--StartFragment--><!--EndFragment--><\/p>\t\t\t\t\t\t\t\t<\/div>\n\t\t\t\t<\/div>\n\t\t\t\t\t<\/div>\n\t\t<\/div>\n\t\t\t\t\t<\/div>\n\t\t<\/section>\n\t\t\t\t<section class=\"elementor-section elementor-top-section elementor-element elementor-element-3d0f6cb elementor-section-boxed elementor-section-height-default elementor-section-height-default\" data-id=\"3d0f6cb\" data-element_type=\"section\">\n\t\t\t\t\t\t<div class=\"elementor-container elementor-column-gap-default\">\n\t\t\t\t\t<div class=\"elementor-column elementor-col-100 elementor-top-column elementor-element elementor-element-ae879ca\" data-id=\"ae879ca\" data-element_type=\"column\">\n\t\t\t<div class=\"elementor-widget-wrap\">\n\t\t\t\t\t\t\t<\/div>\n\t\t<\/div>\n\t\t\t\t\t<\/div>\n\t\t<\/section>\n\t\t\t\t<\/div>\n\t\t","protected":false},"excerpt":{"rendered":"<p>LA UPEC CONMEMORA SUS XIX A\u00d1OS CON UNA AGENDA DE EVENTOS DIVERSA La Universidad Polit\u00e9cnica Estatal del Carchi (UPEC) en este 2025 conmemora su aniversario XIX, el alma mater carchense es una instituci\u00f3n de educaci\u00f3n superior creada mediante decreto de ley del 05 de abril de 2006. La grata celebraci\u00f3n se acompa\u00f1a de una agenda [&hellip;]<\/p>\n","protected":false},"author":2,"featured_media":0,"parent":0,"menu_order":0,"comment_status":"closed","ping_status":"closed","template":"","meta":{"site-sidebar-layout":"default","site-content-layout":"","ast-site-content-layout":"default","site-content-style":"default","site-sidebar-style":"default","ast-global-header-display":"","ast-banner-title-visibility":"","ast-main-header-display":"","ast-hfb-above-header-display":"","ast-hfb-below-header-display":"","ast-hfb-mobile-header-display":"","site-post-title":"disabled","ast-breadcrumbs-content":"","ast-featured-img":"","footer-sml-layout":"","theme-transparent-header-meta":"","adv-header-id-meta":"","stick-header-meta":"","header-above-stick-meta":"","header-main-stick-meta":"","header-below-stick-meta":"","astra-migrate-meta-layouts":"set","ast-page-background-enabled":"default","ast-page-background-meta":{"desktop":{"background-color":"var(--ast-global-color-4)","background-image":"","background-repeat":"repeat","background-position":"center center","background-size":"auto","background-attachment":"scroll","background-type":"","background-media":"","overlay-type":"","overlay-color":"","overlay-opacity":"","overlay-gradient":""},"tablet":{"background-color":"","background-image":"","background-repeat":"repeat","background-position":"center center","background-size":"auto","background-attachment":"scroll","background-type":"","background-media":"","overlay-type":"","overlay-color":"","overlay-opacity":"","overlay-gradient":""},"mobile":{"background-color":"","background-image":"","background-repeat":"repeat","background-position":"center center","background-size":"auto","background-attachment":"scroll","background-type":"","background-media":"","overlay-type":"","overlay-color":"","overlay-opacity":"","overlay-gradient":""}},"ast-content-background-meta":{"desktop":{"background-color":"var(--ast-global-color-5)","background-image":"","background-repeat":"repeat","background-position":"center center","background-size":"auto","background-attachment":"scroll","background-type":"","background-media":"","overlay-type":"","overlay-color":"","overlay-opacity":"","overlay-gradient":""},"tablet":{"background-color":"var(--ast-global-color-5)","background-image":"","background-repeat":"repeat","background-position":"center center","background-size":"auto","background-attachment":"scroll","background-type":"","background-media":"","overlay-type":"","overlay-color":"","overlay-opacity":"","overlay-gradient":""},"mobile":{"background-color":"var(--ast-global-color-5)","background-image":"","background-repeat":"repeat","background-position":"center center","background-size":"auto","background-attachment":"scroll","background-type":"","background-media":"","overlay-type":"","overlay-color":"","overlay-opacity":"","overlay-gradient":""}},"footnotes":""},"class_list":["post-28249","page","type-page","status-publish","hentry"],"_links":{"self":[{"href":"https:\/\/upec.edu.ec\/index.php\/wp-json\/wp\/v2\/pages\/28249","targetHints":{"allow":["GET"]}}],"collection":[{"href":"https:\/\/upec.edu.ec\/index.php\/wp-json\/wp\/v2\/pages"}],"about":[{"href":"https:\/\/upec.edu.ec\/index.php\/wp-json\/wp\/v2\/types\/page"}],"author":[{"embeddable":true,"href":"https:\/\/upec.edu.ec\/index.php\/wp-json\/wp\/v2\/users\/2"}],"replies":[{"embeddable":true,"href":"https:\/\/upec.edu.ec\/index.php\/wp-json\/wp\/v2\/comments?post=28249"}],"version-history":[{"count":7,"href":"https:\/\/upec.edu.ec\/index.php\/wp-json\/wp\/v2\/pages\/28249\/revisions"}],"predecessor-version":[{"id":28259,"href":"https:\/\/upec.edu.ec\/index.php\/wp-json\/wp\/v2\/pages\/28249\/revisions\/28259"}],"wp:attachment":[{"href":"https:\/\/upec.edu.ec\/index.php\/wp-json\/wp\/v2\/media?parent=28249"}],"curies":[{"name":"wp","href":"https:\/\/api.w.org\/{rel}","templated":true}]}}