{"id":27749,"date":"2025-02-06T15:34:44","date_gmt":"2025-02-06T20:34:44","guid":{"rendered":"https:\/\/upec.edu.ec\/?page_id=27749"},"modified":"2025-02-06T15:59:49","modified_gmt":"2025-02-06T20:59:49","slug":"boletin-006-2025","status":"publish","type":"page","link":"https:\/\/upec.edu.ec\/index.php\/boletin-006-2025\/","title":{"rendered":"Bolet\u00edn 006 2025"},"content":{"rendered":"\t\t<div data-elementor-type=\"wp-page\" data-elementor-id=\"27749\" class=\"elementor elementor-27749\">\n\t\t\t\t\t\t<section class=\"elementor-section elementor-top-section elementor-element elementor-element-86c772d elementor-section-full_width elementor-section-height-min-height elementor-section-items-top elementor-section-height-default\" data-id=\"86c772d\" data-element_type=\"section\">\n\t\t\t\t\t\t<div class=\"elementor-container elementor-column-gap-no\">\n\t\t\t\t\t<div class=\"elementor-column elementor-col-100 elementor-top-column elementor-element elementor-element-6caf56e\" data-id=\"6caf56e\" data-element_type=\"column\">\n\t\t\t<div class=\"elementor-widget-wrap elementor-element-populated\">\n\t\t\t\t\t\t<div class=\"elementor-element elementor-element-9fe77fd elementor-widget__width-auto elementor-widget elementor-widget-heading\" data-id=\"9fe77fd\" data-element_type=\"widget\" data-widget_type=\"heading.default\">\n\t\t\t\t<div class=\"elementor-widget-container\">\n\t\t\t\t\t<h2 class=\"elementor-heading-title elementor-size-default\">OFERTA ACAD\u00c9MICA DE LA UPEC SE DIFUNDE EN LA ZONA 1<\/h2>\t\t\t\t<\/div>\n\t\t\t\t<\/div>\n\t\t\t\t<div class=\"elementor-element elementor-element-6256772 elementor-widget elementor-widget-heading\" data-id=\"6256772\" data-element_type=\"widget\" data-widget_type=\"heading.default\">\n\t\t\t\t<div class=\"elementor-widget-container\">\n\t\t\t\t\t<h2 class=\"elementor-heading-title elementor-size-default\">Como parte de las actividades que se desarrollan durante el proceso de admisi\u00f3n para aspirantes bachilleres a nivel nacional, la Universidad Polit\u00e9cnica Estatal del Carchi (UPEC) se ha movilizado con su stand itinerante de oferta acad\u00e9mica de grado, logrando llegar a 3000 estudiantes de bachillerato de Carchi e Imbabura. Esta propuesta es posible con el impulso de los departamentos de consejer\u00eda estudiantil de la Unidades Educativas fiscales, fiscomisionales y privadas de la zona 1.<br><br>\n\nLa Polit\u00e9cnica del Carchi fortalece su compromiso con las nuevas generaciones al ampliar la oferta acad\u00e9mica de grado a diecis\u00e9is programas que comprenden el \u00e1rea de la salud, educaci\u00f3n, administrativas y productivas, esto bajo el lema de brindar una educaci\u00f3n superior de calidad para transformar el mundo.<br><br>\n\nEntre las nuevas carreras que ofrece la UPEC est\u00e1n: Medicina Veterinaria, Multimedia y Producci\u00f3n Audiovisual, Laboratorio Cl\u00ednico, Contabilidad y Auditor\u00eda, Educaci\u00f3n Inicial y Educaci\u00f3n B\u00e1sica. Mientras que la oferta acad\u00e9mica con trayectoria se ha ido consolidando en el transcurso de estos 18 a\u00f1os con: Enfermer\u00eda, Agropecuaria, Administraci\u00f3n P\u00fablica, Alimentos, Turismo y Log\u00edstica y Transporte. En la p\u00e1gina web institucional www.upec.edu.ec los interesados pueden ampliar la informaci\u00f3n de la oferta acad\u00e9mica vigente y la malla curricular de cada carrera.<br><br>\n\nEn esta etapa inicial del Proceso de Admisi\u00f3n para el periodo acad\u00e9mico 2025-A, la UPEC ha lanzado la convocatoria para la \u201cInscripci\u00f3n del Aspirante\u201d hasta el 14 de febrero. Se pueden inscribir todos los bachilleres que hayan realizado el registro nacional en la Senescyt. Una vez inscritos el postulante debe acudir a rendir la evaluaci\u00f3n del Test UPEC el pr\u00f3ximo 22 de febrero. Esta se realizar\u00e1 en modalidad presencial para quienes opten por carreras presenciales y semipresenciales, y virtual para aquellos que aspiren a una carrera en l\u00ednea.<br><br>\n\nPara el periodo acad\u00e9mico 2025-A, la Polit\u00e9cnica del Carchi oferta 1196 cupos, el puntaje de postulaci\u00f3n a cada carrera oscila entre los 780 y 1000 puntos. La asignaci\u00f3n de cupos se realiza de manera meritocr\u00e1tica tomando en cuenta el puntaje m\u00e1s alto de forma descendente hasta completar el campo disponible en cada carrera.<br><br>\n\nEl aspirante puede asistir de manera presencial al campus de la UPEC si requieren solventar informaci\u00f3n adicional al proceso de admisi\u00f3n 2025-A. Las dudas o de requerir asistencia t\u00e9cnica, ser\u00e1n atendidas en el Edificio Administrativo planta baja Unidad de Admisi\u00f3n.\n\n<\/h2>\t\t\t\t<\/div>\n\t\t\t\t<\/div>\n\t\t\t\t\t<\/div>\n\t\t<\/div>\n\t\t\t\t\t<\/div>\n\t\t<\/section>\n\t\t\t\t<section class=\"elementor-section elementor-top-section elementor-element elementor-element-2cd4369 elementor-section-full_width elementor-section-height-min-height elementor-section-items-top elementor-section-height-default\" data-id=\"2cd4369\" data-element_type=\"section\">\n\t\t\t\t\t\t<div class=\"elementor-container elementor-column-gap-no\">\n\t\t\t\t\t<div class=\"elementor-column elementor-col-100 elementor-top-column elementor-element elementor-element-a7fd849\" data-id=\"a7fd849\" data-element_type=\"column\">\n\t\t\t<div class=\"elementor-widget-wrap elementor-element-populated\">\n\t\t\t\t\t\t<div class=\"elementor-element elementor-element-4b172a4 elementor-widget__width-initial elementor-widget elementor-widget-image\" data-id=\"4b172a4\" data-element_type=\"widget\" data-widget_type=\"image.default\">\n\t\t\t\t<div class=\"elementor-widget-container\">\n\t\t\t\t\t\t\t\t\t\t\t\t\t\t\t<img decoding=\"async\" src=\"https:\/\/upec.edu.ec\/wp-content\/uploads\/elementor\/thumbs\/boletin_06_01_2025-ralkdwz58coeaz8hywsa995nlxggkbipbf6dx5kxm6.jpg\" title=\"boletin_06_01_2025\" alt=\"boletin_06_01_2025\" loading=\"lazy\" \/>\t\t\t\t\t\t\t\t\t\t\t\t\t\t\t<\/div>\n\t\t\t\t<\/div>\n\t\t\t\t<div class=\"elementor-element elementor-element-ffcea85 elementor-widget__width-initial elementor-widget elementor-widget-image\" data-id=\"ffcea85\" data-element_type=\"widget\" data-widget_type=\"image.default\">\n\t\t\t\t<div class=\"elementor-widget-container\">\n\t\t\t\t\t\t\t\t\t\t\t\t\t\t\t<img decoding=\"async\" src=\"https:\/\/upec.edu.ec\/wp-content\/uploads\/elementor\/thumbs\/boletin_06_02_2025-ralkdwz58coeaz8hywsa995nlxggkbipbf6dx5kxm6.jpg\" title=\"boletin_06_02_2025\" alt=\"boletin_06_02_2025\" loading=\"lazy\" \/>\t\t\t\t\t\t\t\t\t\t\t\t\t\t\t<\/div>\n\t\t\t\t<\/div>\n\t\t\t\t<div class=\"elementor-element elementor-element-20fbe48 elementor-widget__width-initial elementor-widget elementor-widget-image\" data-id=\"20fbe48\" data-element_type=\"widget\" data-widget_type=\"image.default\">\n\t\t\t\t<div class=\"elementor-widget-container\">\n\t\t\t\t\t\t\t\t\t\t\t\t\t\t\t<img decoding=\"async\" src=\"https:\/\/upec.edu.ec\/wp-content\/uploads\/elementor\/thumbs\/boletin_06_03_2025-ralkdwz58coeaz8hywsa995nlxggkbipbf6dx5kxm6.jpg\" title=\"boletin_06_03_2025\" alt=\"boletin_06_03_2025\" loading=\"lazy\" \/>\t\t\t\t\t\t\t\t\t\t\t\t\t\t\t<\/div>\n\t\t\t\t<\/div>\n\t\t\t\t<div class=\"elementor-element elementor-element-1e2ea67 elementor-widget__width-initial elementor-widget elementor-widget-image\" data-id=\"1e2ea67\" data-element_type=\"widget\" data-widget_type=\"image.default\">\n\t\t\t\t<div class=\"elementor-widget-container\">\n\t\t\t\t\t\t\t\t\t\t\t\t\t\t\t<img decoding=\"async\" src=\"https:\/\/upec.edu.ec\/wp-content\/uploads\/elementor\/thumbs\/boletin_06_04_2025-ralkdwz58coeaz8hywsa995nlxggkbipbf6dx5kxm6.jpg\" title=\"boletin_06_04_2025\" alt=\"boletin_06_04_2025\" loading=\"lazy\" \/>\t\t\t\t\t\t\t\t\t\t\t\t\t\t\t<\/div>\n\t\t\t\t<\/div>\n\t\t\t\t\t<\/div>\n\t\t<\/div>\n\t\t\t\t\t<\/div>\n\t\t<\/section>\n\t\t\t\t<section class=\"elementor-section elementor-top-section elementor-element elementor-element-b1f7cd2 elementor-section-full_width elementor-section-height-min-height elementor-section-items-top elementor-section-height-default\" data-id=\"b1f7cd2\" data-element_type=\"section\">\n\t\t\t\t\t\t<div class=\"elementor-container elementor-column-gap-no\">\n\t\t\t\t\t<div class=\"elementor-column elementor-col-100 elementor-top-column elementor-element elementor-element-2b2b894\" data-id=\"2b2b894\" data-element_type=\"column\">\n\t\t\t<div class=\"elementor-widget-wrap elementor-element-populated\">\n\t\t\t\t\t\t<div class=\"elementor-element elementor-element-e6cd8cf elementor-widget elementor-widget-text-editor\" data-id=\"e6cd8cf\" data-element_type=\"widget\" data-widget_type=\"text-editor.default\">\n\t\t\t\t<div class=\"elementor-widget-container\">\n\t\t\t\t\t\t\t\t\t<p style=\"text-align: center;\"><span style=\"color: #999999;\"><strong>Pie de foto:<\/strong> Hasta el momento la UPEC ha participado en las ferias acad\u00e9micas en colegios como S\u00e1nchez y Cifuentes, Sagrado Coraz\u00f3n y Colegio Militar Luciano Coral. Se prev\u00e9 otras visitas a unidades educativas de la Zona 1<\/span><span style=\"color: var( --e-global-color-text ); background-color: var(--ast-global-color-5);\">.<\/span><\/p><p><!--StartFragment--><!--EndFragment--><\/p>\t\t\t\t\t\t\t\t<\/div>\n\t\t\t\t<\/div>\n\t\t\t\t\t<\/div>\n\t\t<\/div>\n\t\t\t\t\t<\/div>\n\t\t<\/section>\n\t\t\t\t<section class=\"elementor-section elementor-top-section elementor-element elementor-element-3d0f6cb elementor-section-boxed elementor-section-height-default elementor-section-height-default\" data-id=\"3d0f6cb\" data-element_type=\"section\">\n\t\t\t\t\t\t<div class=\"elementor-container elementor-column-gap-default\">\n\t\t\t\t\t<div class=\"elementor-column elementor-col-100 elementor-top-column elementor-element elementor-element-ae879ca\" data-id=\"ae879ca\" data-element_type=\"column\">\n\t\t\t<div class=\"elementor-widget-wrap\">\n\t\t\t\t\t\t\t<\/div>\n\t\t<\/div>\n\t\t\t\t\t<\/div>\n\t\t<\/section>\n\t\t\t\t<\/div>\n\t\t","protected":false},"excerpt":{"rendered":"<p>OFERTA ACAD\u00c9MICA DE LA UPEC SE DIFUNDE EN LA ZONA 1 Como parte de las actividades que se desarrollan durante el proceso de admisi\u00f3n para aspirantes bachilleres a nivel nacional, la Universidad Polit\u00e9cnica Estatal del Carchi (UPEC) se ha movilizado con su stand itinerante de oferta acad\u00e9mica de grado, logrando llegar a 3000 estudiantes de [&hellip;]<\/p>\n","protected":false},"author":2,"featured_media":0,"parent":0,"menu_order":0,"comment_status":"closed","ping_status":"closed","template":"","meta":{"site-sidebar-layout":"default","site-content-layout":"","ast-site-content-layout":"default","site-content-style":"default","site-sidebar-style":"default","ast-global-header-display":"","ast-banner-title-visibility":"","ast-main-header-display":"","ast-hfb-above-header-display":"","ast-hfb-below-header-display":"","ast-hfb-mobile-header-display":"","site-post-title":"disabled","ast-breadcrumbs-content":"","ast-featured-img":"","footer-sml-layout":"","theme-transparent-header-meta":"","adv-header-id-meta":"","stick-header-meta":"","header-above-stick-meta":"","header-main-stick-meta":"","header-below-stick-meta":"","astra-migrate-meta-layouts":"set","ast-page-background-enabled":"default","ast-page-background-meta":{"desktop":{"background-color":"var(--ast-global-color-4)","background-image":"","background-repeat":"repeat","background-position":"center center","background-size":"auto","background-attachment":"scroll","background-type":"","background-media":"","overlay-type":"","overlay-color":"","overlay-opacity":"","overlay-gradient":""},"tablet":{"background-color":"","background-image":"","background-repeat":"repeat","background-position":"center center","background-size":"auto","background-attachment":"scroll","background-type":"","background-media":"","overlay-type":"","overlay-color":"","overlay-opacity":"","overlay-gradient":""},"mobile":{"background-color":"","background-image":"","background-repeat":"repeat","background-position":"center center","background-size":"auto","background-attachment":"scroll","background-type":"","background-media":"","overlay-type":"","overlay-color":"","overlay-opacity":"","overlay-gradient":""}},"ast-content-background-meta":{"desktop":{"background-color":"var(--ast-global-color-5)","background-image":"","background-repeat":"repeat","background-position":"center center","background-size":"auto","background-attachment":"scroll","background-type":"","background-media":"","overlay-type":"","overlay-color":"","overlay-opacity":"","overlay-gradient":""},"tablet":{"background-color":"var(--ast-global-color-5)","background-image":"","background-repeat":"repeat","background-position":"center center","background-size":"auto","background-attachment":"scroll","background-type":"","background-media":"","overlay-type":"","overlay-color":"","overlay-opacity":"","overlay-gradient":""},"mobile":{"background-color":"var(--ast-global-color-5)","background-image":"","background-repeat":"repeat","background-position":"center center","background-size":"auto","background-attachment":"scroll","background-type":"","background-media":"","overlay-type":"","overlay-color":"","overlay-opacity":"","overlay-gradient":""}},"footnotes":""},"class_list":["post-27749","page","type-page","status-publish","hentry"],"_links":{"self":[{"href":"https:\/\/upec.edu.ec\/index.php\/wp-json\/wp\/v2\/pages\/27749","targetHints":{"allow":["GET"]}}],"collection":[{"href":"https:\/\/upec.edu.ec\/index.php\/wp-json\/wp\/v2\/pages"}],"about":[{"href":"https:\/\/upec.edu.ec\/index.php\/wp-json\/wp\/v2\/types\/page"}],"author":[{"embeddable":true,"href":"https:\/\/upec.edu.ec\/index.php\/wp-json\/wp\/v2\/users\/2"}],"replies":[{"embeddable":true,"href":"https:\/\/upec.edu.ec\/index.php\/wp-json\/wp\/v2\/comments?post=27749"}],"version-history":[{"count":13,"href":"https:\/\/upec.edu.ec\/index.php\/wp-json\/wp\/v2\/pages\/27749\/revisions"}],"predecessor-version":[{"id":27768,"href":"https:\/\/upec.edu.ec\/index.php\/wp-json\/wp\/v2\/pages\/27749\/revisions\/27768"}],"wp:attachment":[{"href":"https:\/\/upec.edu.ec\/index.php\/wp-json\/wp\/v2\/media?parent=27749"}],"curies":[{"name":"wp","href":"https:\/\/api.w.org\/{rel}","templated":true}]}}