{"id":27465,"date":"2025-01-20T17:52:38","date_gmt":"2025-01-20T22:52:38","guid":{"rendered":"https:\/\/upec.edu.ec\/?page_id=27465"},"modified":"2025-01-20T18:08:24","modified_gmt":"2025-01-20T23:08:24","slug":"boletin-003-2025","status":"publish","type":"page","link":"https:\/\/upec.edu.ec\/index.php\/boletin-003-2025\/","title":{"rendered":"Bolet\u00edn 003 2025"},"content":{"rendered":"\t\t<div data-elementor-type=\"wp-page\" data-elementor-id=\"27465\" class=\"elementor elementor-27465\">\n\t\t\t\t\t\t<section class=\"elementor-section elementor-top-section elementor-element elementor-element-86c772d elementor-section-full_width elementor-section-height-min-height elementor-section-items-top elementor-section-height-default\" data-id=\"86c772d\" data-element_type=\"section\">\n\t\t\t\t\t\t<div class=\"elementor-container elementor-column-gap-no\">\n\t\t\t\t\t<div class=\"elementor-column elementor-col-100 elementor-top-column elementor-element elementor-element-6caf56e\" data-id=\"6caf56e\" data-element_type=\"column\">\n\t\t\t<div class=\"elementor-widget-wrap elementor-element-populated\">\n\t\t\t\t\t\t<div class=\"elementor-element elementor-element-9fe77fd elementor-widget__width-auto elementor-widget elementor-widget-heading\" data-id=\"9fe77fd\" data-element_type=\"widget\" data-widget_type=\"heading.default\">\n\t\t\t\t<div class=\"elementor-widget-container\">\n\t\t\t\t\t<h2 class=\"elementor-heading-title elementor-size-default\">AVANZA CONSTRUCCI\u00d3N DEL CENTRO DE CONVENCIONES Y AUDITORIO DE LA UPEC<\/h2>\t\t\t\t<\/div>\n\t\t\t\t<\/div>\n\t\t\t\t<div class=\"elementor-element elementor-element-6256772 elementor-widget elementor-widget-heading\" data-id=\"6256772\" data-element_type=\"widget\" data-widget_type=\"heading.default\">\n\t\t\t\t<div class=\"elementor-widget-container\">\n\t\t\t\t\t<h2 class=\"elementor-heading-title elementor-size-default\">La edificaci\u00f3n del Centro de Convenciones y Auditorio de la Universidad Polit\u00e9cnica Estatal del Carchi (UPEC) tiene un avance de obra del 40%, se espera que el proyecto finalice en agosto de 2025 y brinde espacios para para las actividades acad\u00e9micas, art\u00edsticas y culturales de la comunidad universitaria y la provincia del Carchi. Una infraestructura que albergar\u00e1 a 1300 visitantes en un teatro, auditorio y aulas de manera simult\u00e1nea.<br><br>\n\nEl proyecto en su estructura de 5.374,45 m\u00b2 est\u00e1 dise\u00f1ado y se construye en hormig\u00f3n armado, bajo est\u00e1ndares nacionales e internacionales, seg\u00fan la Norma Ecuatoriana de la Construcci\u00f3n (NEC) vigente, el edificio cumple con caracter\u00edsticas sismorresistentes, busca ser un espacio moderno y seguro que potencie el desarrollo acad\u00e9mico y cultural de la regi\u00f3n.<br><br>\n\nEn un recorrido por la obra, las autoridades universitarias constataron el progreso del proyecto. Jorge Mina, rector de la UPEC, indic\u00f3 que la planificaci\u00f3n est\u00e1 acorde a lo planteado por el equipo que lleva a cabo la construcci\u00f3n de la magna infraestructura. A\u00f1adi\u00f3 que este espacio est\u00e1 pensado integrar a la comunidad universitaria y a nuestra ciudad.<br><br>\n\nLa inversi\u00f3n del proyecto es de USD 4.500.101,71 y consta de tres niveles, la planta baja est\u00e1 destinada al sal\u00f3n de conexiones y exposiciones con capacidad para 430 personas, el auditorio destinado para 567 personas e instalaciones adicionales como cafeter\u00eda, bater\u00edas sanitarias, escenario, camerinos y un ascensor panor\u00e1mico. El primer piso se proyect\u00f3 para instalar oficinas administrativas y cuatro aulas de uso m\u00faltiple con capacidad de 65 a 130 personas cada una. Y en el segundo piso se encontrar\u00e1n oficinas administrativas de direcci\u00f3n y archivo, y 6 aulas con capacidad promedio para 45 personas cada una.<br><br>\n\nAndr\u00e9s Aroca, director de Infraestructura de la UPEC, menciona que, en los pr\u00f3ximos meses, los esfuerzos estar\u00e1n centrados en completar la estructura de las plantas superiores, instalar los sistemas el\u00e9ctricos de ascensor y mec\u00e1nicos y finalizar los acabados interiores del auditorio y dem\u00e1s plantas. Se tiene previsto mantener un avance constante para garantizar la culminaci\u00f3n de estos trabajos en el presente a\u00f1o 2025.<br><br>\n\nLa UPEC reafirma su compromiso con la excelencia acad\u00e9mica y la sostenibilidad, en este proyecto se dio relevancia a la instalaci\u00f3n de llaves y aparatos sanitarios eficientes, iluminaci\u00f3n LED, y un sistema de recolecci\u00f3n de aguas lluvias que ser\u00e1 almacenada en una cisterna para su uso en riego. Adem\u00e1s, se asegura la accesibilidad para personas con discapacidades.<\/h2>\t\t\t\t<\/div>\n\t\t\t\t<\/div>\n\t\t\t\t\t<\/div>\n\t\t<\/div>\n\t\t\t\t\t<\/div>\n\t\t<\/section>\n\t\t\t\t<section class=\"elementor-section elementor-top-section elementor-element elementor-element-2cd4369 elementor-section-full_width elementor-section-height-min-height elementor-section-items-top elementor-section-height-default\" data-id=\"2cd4369\" data-element_type=\"section\">\n\t\t\t\t\t\t<div class=\"elementor-container elementor-column-gap-no\">\n\t\t\t\t\t<div class=\"elementor-column elementor-col-100 elementor-top-column elementor-element elementor-element-a7fd849\" data-id=\"a7fd849\" data-element_type=\"column\">\n\t\t\t<div class=\"elementor-widget-wrap elementor-element-populated\">\n\t\t\t\t\t\t<div class=\"elementor-element elementor-element-4b172a4 elementor-widget__width-initial elementor-widget elementor-widget-image\" data-id=\"4b172a4\" data-element_type=\"widget\" data-widget_type=\"image.default\">\n\t\t\t\t<div class=\"elementor-widget-container\">\n\t\t\t\t\t\t\t\t\t\t\t\t\t\t\t<img decoding=\"async\" src=\"https:\/\/upec.edu.ec\/wp-content\/uploads\/elementor\/thumbs\/boletin_03_01_2025-ralkdwz6g7g9ge1y1qyzu8609f7vy6r8lq9q1lj742.jpg\" title=\"boletin_03_01_2025\" alt=\"boletin_03_01_2025\" loading=\"lazy\" \/>\t\t\t\t\t\t\t\t\t\t\t\t\t\t\t<\/div>\n\t\t\t\t<\/div>\n\t\t\t\t<div class=\"elementor-element elementor-element-ffcea85 elementor-widget__width-initial elementor-widget elementor-widget-image\" data-id=\"ffcea85\" data-element_type=\"widget\" data-widget_type=\"image.default\">\n\t\t\t\t<div class=\"elementor-widget-container\">\n\t\t\t\t\t\t\t\t\t\t\t\t\t\t\t<img decoding=\"async\" src=\"https:\/\/upec.edu.ec\/wp-content\/uploads\/elementor\/thumbs\/boletin_03_02_2025-ralkdwz6g7g9ge1y1qyzu8609f7vy6r8lq9q1lj7gk.png\" title=\"boletin_03_02_2025\" alt=\"boletin_03_02_2025\" loading=\"lazy\" \/>\t\t\t\t\t\t\t\t\t\t\t\t\t\t\t<\/div>\n\t\t\t\t<\/div>\n\t\t\t\t<div class=\"elementor-element elementor-element-b32eb9d elementor-widget__width-initial elementor-widget elementor-widget-image\" data-id=\"b32eb9d\" data-element_type=\"widget\" data-widget_type=\"image.default\">\n\t\t\t\t<div class=\"elementor-widget-container\">\n\t\t\t\t\t\t\t\t\t\t\t\t\t\t\t<img decoding=\"async\" src=\"https:\/\/upec.edu.ec\/wp-content\/uploads\/elementor\/thumbs\/boletin_03_03_2025-ralkdwz6g7g9ge1y1qyzu8609f7vy6r8lq9q1lj7ho.png\" title=\"boletin_03_03_2025\" alt=\"boletin_03_03_2025\" loading=\"lazy\" \/>\t\t\t\t\t\t\t\t\t\t\t\t\t\t\t<\/div>\n\t\t\t\t<\/div>\n\t\t\t\t\t<\/div>\n\t\t<\/div>\n\t\t\t\t\t<\/div>\n\t\t<\/section>\n\t\t\t\t<section class=\"elementor-section elementor-top-section elementor-element elementor-element-b1f7cd2 elementor-section-full_width elementor-section-height-min-height elementor-section-items-top elementor-section-height-default\" data-id=\"b1f7cd2\" data-element_type=\"section\">\n\t\t\t\t\t\t<div class=\"elementor-container elementor-column-gap-no\">\n\t\t\t\t\t<div class=\"elementor-column elementor-col-100 elementor-top-column elementor-element elementor-element-2b2b894\" data-id=\"2b2b894\" data-element_type=\"column\">\n\t\t\t<div class=\"elementor-widget-wrap elementor-element-populated\">\n\t\t\t\t\t\t<div class=\"elementor-element elementor-element-e6cd8cf elementor-widget elementor-widget-text-editor\" data-id=\"e6cd8cf\" data-element_type=\"widget\" data-widget_type=\"text-editor.default\">\n\t\t\t\t<div class=\"elementor-widget-container\">\n\t\t\t\t\t\t\t\t\t<p style=\"text-align: center;\"><span style=\"color: #999999;\"><strong>Pie de foto:<\/strong> <span data-olk-copy-source=\"MessageBody\">La construcci\u00f3n de Centro de Convenciones y Auditorio de la UPEC tiene un 40% de avance, se prev\u00e9 que culminar\u00e1 en agosto 2025<\/span><\/span><span style=\"color: var( --e-global-color-text ); background-color: var(--ast-global-color-5);\">.<\/span><\/p><p><!--StartFragment--><!--EndFragment--><\/p>\t\t\t\t\t\t\t\t<\/div>\n\t\t\t\t<\/div>\n\t\t\t\t\t<\/div>\n\t\t<\/div>\n\t\t\t\t\t<\/div>\n\t\t<\/section>\n\t\t\t\t<section class=\"elementor-section elementor-top-section elementor-element elementor-element-3d0f6cb elementor-section-boxed elementor-section-height-default elementor-section-height-default\" data-id=\"3d0f6cb\" data-element_type=\"section\">\n\t\t\t\t\t\t<div class=\"elementor-container elementor-column-gap-default\">\n\t\t\t\t\t<div class=\"elementor-column elementor-col-100 elementor-top-column elementor-element elementor-element-ae879ca\" data-id=\"ae879ca\" data-element_type=\"column\">\n\t\t\t<div class=\"elementor-widget-wrap\">\n\t\t\t\t\t\t\t<\/div>\n\t\t<\/div>\n\t\t\t\t\t<\/div>\n\t\t<\/section>\n\t\t\t\t<\/div>\n\t\t","protected":false},"excerpt":{"rendered":"<p>AVANZA CONSTRUCCI\u00d3N DEL CENTRO DE CONVENCIONES Y AUDITORIO DE LA UPEC La edificaci\u00f3n del Centro de Convenciones y Auditorio de la Universidad Polit\u00e9cnica Estatal del Carchi (UPEC) tiene un avance de obra del 40%, se espera que el proyecto finalice en agosto de 2025 y brinde espacios para para las actividades acad\u00e9micas, art\u00edsticas y culturales [&hellip;]<\/p>\n","protected":false},"author":2,"featured_media":0,"parent":0,"menu_order":0,"comment_status":"closed","ping_status":"closed","template":"","meta":{"site-sidebar-layout":"default","site-content-layout":"","ast-site-content-layout":"default","site-content-style":"default","site-sidebar-style":"default","ast-global-header-display":"","ast-banner-title-visibility":"","ast-main-header-display":"","ast-hfb-above-header-display":"","ast-hfb-below-header-display":"","ast-hfb-mobile-header-display":"","site-post-title":"disabled","ast-breadcrumbs-content":"","ast-featured-img":"","footer-sml-layout":"","theme-transparent-header-meta":"","adv-header-id-meta":"","stick-header-meta":"","header-above-stick-meta":"","header-main-stick-meta":"","header-below-stick-meta":"","astra-migrate-meta-layouts":"set","ast-page-background-enabled":"default","ast-page-background-meta":{"desktop":{"background-color":"var(--ast-global-color-4)","background-image":"","background-repeat":"repeat","background-position":"center center","background-size":"auto","background-attachment":"scroll","background-type":"","background-media":"","overlay-type":"","overlay-color":"","overlay-opacity":"","overlay-gradient":""},"tablet":{"background-color":"","background-image":"","background-repeat":"repeat","background-position":"center center","background-size":"auto","background-attachment":"scroll","background-type":"","background-media":"","overlay-type":"","overlay-color":"","overlay-opacity":"","overlay-gradient":""},"mobile":{"background-color":"","background-image":"","background-repeat":"repeat","background-position":"center center","background-size":"auto","background-attachment":"scroll","background-type":"","background-media":"","overlay-type":"","overlay-color":"","overlay-opacity":"","overlay-gradient":""}},"ast-content-background-meta":{"desktop":{"background-color":"var(--ast-global-color-5)","background-image":"","background-repeat":"repeat","background-position":"center center","background-size":"auto","background-attachment":"scroll","background-type":"","background-media":"","overlay-type":"","overlay-color":"","overlay-opacity":"","overlay-gradient":""},"tablet":{"background-color":"var(--ast-global-color-5)","background-image":"","background-repeat":"repeat","background-position":"center center","background-size":"auto","background-attachment":"scroll","background-type":"","background-media":"","overlay-type":"","overlay-color":"","overlay-opacity":"","overlay-gradient":""},"mobile":{"background-color":"var(--ast-global-color-5)","background-image":"","background-repeat":"repeat","background-position":"center center","background-size":"auto","background-attachment":"scroll","background-type":"","background-media":"","overlay-type":"","overlay-color":"","overlay-opacity":"","overlay-gradient":""}},"footnotes":""},"class_list":["post-27465","page","type-page","status-publish","hentry"],"_links":{"self":[{"href":"https:\/\/upec.edu.ec\/index.php\/wp-json\/wp\/v2\/pages\/27465","targetHints":{"allow":["GET"]}}],"collection":[{"href":"https:\/\/upec.edu.ec\/index.php\/wp-json\/wp\/v2\/pages"}],"about":[{"href":"https:\/\/upec.edu.ec\/index.php\/wp-json\/wp\/v2\/types\/page"}],"author":[{"embeddable":true,"href":"https:\/\/upec.edu.ec\/index.php\/wp-json\/wp\/v2\/users\/2"}],"replies":[{"embeddable":true,"href":"https:\/\/upec.edu.ec\/index.php\/wp-json\/wp\/v2\/comments?post=27465"}],"version-history":[{"count":7,"href":"https:\/\/upec.edu.ec\/index.php\/wp-json\/wp\/v2\/pages\/27465\/revisions"}],"predecessor-version":[{"id":27477,"href":"https:\/\/upec.edu.ec\/index.php\/wp-json\/wp\/v2\/pages\/27465\/revisions\/27477"}],"wp:attachment":[{"href":"https:\/\/upec.edu.ec\/index.php\/wp-json\/wp\/v2\/media?parent=27465"}],"curies":[{"name":"wp","href":"https:\/\/api.w.org\/{rel}","templated":true}]}}