{"id":27364,"date":"2025-01-17T17:03:48","date_gmt":"2025-01-17T22:03:48","guid":{"rendered":"https:\/\/upec.edu.ec\/?page_id=27364"},"modified":"2025-01-17T17:55:13","modified_gmt":"2025-01-17T22:55:13","slug":"boletin-002-2025","status":"publish","type":"page","link":"https:\/\/upec.edu.ec\/index.php\/boletin-002-2025\/","title":{"rendered":"Bolet\u00edn 002 2025"},"content":{"rendered":"\t\t<div data-elementor-type=\"wp-page\" data-elementor-id=\"27364\" class=\"elementor elementor-27364\">\n\t\t\t\t\t\t<section class=\"elementor-section elementor-top-section elementor-element elementor-element-86c772d elementor-section-full_width elementor-section-height-min-height elementor-section-items-top elementor-section-height-default\" data-id=\"86c772d\" data-element_type=\"section\">\n\t\t\t\t\t\t<div class=\"elementor-container elementor-column-gap-no\">\n\t\t\t\t\t<div class=\"elementor-column elementor-col-100 elementor-top-column elementor-element elementor-element-6caf56e\" data-id=\"6caf56e\" data-element_type=\"column\">\n\t\t\t<div class=\"elementor-widget-wrap elementor-element-populated\">\n\t\t\t\t\t\t<div class=\"elementor-element elementor-element-9fe77fd elementor-widget__width-auto elementor-widget elementor-widget-heading\" data-id=\"9fe77fd\" data-element_type=\"widget\" data-widget_type=\"heading.default\">\n\t\t\t\t<div class=\"elementor-widget-container\">\n\t\t\t\t\t<h2 class=\"elementor-heading-title elementor-size-default\">ARRANCA PROCESO DE ADMISI\u00d3N EN LA UPEC PARA EL PERIODO 2025 A<\/h2>\t\t\t\t<\/div>\n\t\t\t\t<\/div>\n\t\t\t\t<div class=\"elementor-element elementor-element-6256772 elementor-widget elementor-widget-heading\" data-id=\"6256772\" data-element_type=\"widget\" data-widget_type=\"heading.default\">\n\t\t\t\t<div class=\"elementor-widget-container\">\n\t\t\t\t\t<h2 class=\"elementor-heading-title elementor-size-default\">La Universidad Polit\u00e9cnica Estatal del Carchi (UPEC) inicia con el proceso de admisi\u00f3n 2025-A con la etapa de \u201cInscripci\u00f3n del Aspirante\u201d del 27 de enero al 14 de febrero. Todos los bachilleres que realizaron el Registro Nacional en la plataforma de la Senescyt podr\u00e1n inscribirse en l\u00ednea a trav\u00e9s del Sistema de Admisi\u00f3n UPEC, ingresando a www.upec.edu.ec, secci\u00f3n MiUPEC.<br><br>\n\nAl culminar la fase de Inscripci\u00f3n del aspirante, la informaci\u00f3n ser\u00e1 validada hasta el 17 de febrero en la plataforma web de la Secretar\u00eda de Educaci\u00f3n Superior, Ciencia, Tecnolog\u00eda e Innovaci\u00f3n (Senescyt). Una vez se cumpla con la verificaci\u00f3n de los datos, los aspirantes podr\u00e1n descargar el certificado de inscripci\u00f3n a trav\u00e9s del Sistema de Admisi\u00f3n.<br><br>\n\nEste es el quinto proceso de admisi\u00f3n que la UPEC realiza de manera aut\u00f3noma. Una vez se cierren las inscripciones, los aspirantes deben cumplir de manera obligatoria la siguiente etapa que consiste en la aplicaci\u00f3n del Test UPEC, evaluaci\u00f3n que verifica el nivel de conocimientos generales del postulante, esta se ha planificado para el pr\u00f3ximo 22 de febrero. La nota del examen corresponde al 50% y la de graduaci\u00f3n el otro 50% para determinar el total de la calificaci\u00f3n en la fase de postulaci\u00f3n.<br><br>\n\nPara el periodo acad\u00e9mico 2025-A, la Polit\u00e9cnica del Carchi oferta 1130 cupos distribuidos en 16 carreras en las ramas de las ciencias, ingenier\u00eda, administraci\u00f3n y educaci\u00f3n. Para m\u00e1s informaci\u00f3n sobre los programas de grado en modalidad presencial, semipresencial y virtual; los aspirantes pueden ingresar en www.upec.edu.ec, secci\u00f3n Programas y Facultades.<br><br>\n\nEntre las 16 carreras de la oferta acad\u00e9mica de la UPEC est\u00e1n: Medicina Veterinaria, Multimedia y Producci\u00f3n Audiovisual, Ciencias de la Actividad F\u00edsica y el Deporte, Laboratorio Cl\u00ednico, Contabilidad y Auditor\u00eda (en l\u00ednea), Educaci\u00f3n B\u00e1sica y Educaci\u00f3n Inicial (semipresencial).<br><br>\n\nLos aspirantes pueden asistir de manera presencial al campus de la UPEC si requieren solventar informaci\u00f3n adicional al proceso de admisi\u00f3n 2025-A. Las dudas y asistencia t\u00e9cnica ser\u00e1n atendidas en el edificio Administrativo planta baja Unidad de Admisi\u00f3n.<\/h2>\t\t\t\t<\/div>\n\t\t\t\t<\/div>\n\t\t\t\t\t<\/div>\n\t\t<\/div>\n\t\t\t\t\t<\/div>\n\t\t<\/section>\n\t\t\t\t<section class=\"elementor-section elementor-top-section elementor-element elementor-element-2cd4369 elementor-section-full_width elementor-section-height-min-height elementor-section-items-top elementor-section-height-default\" data-id=\"2cd4369\" data-element_type=\"section\">\n\t\t\t\t\t\t<div class=\"elementor-container elementor-column-gap-no\">\n\t\t\t\t\t<div class=\"elementor-column elementor-col-100 elementor-top-column elementor-element elementor-element-a7fd849\" data-id=\"a7fd849\" data-element_type=\"column\">\n\t\t\t<div class=\"elementor-widget-wrap elementor-element-populated\">\n\t\t\t\t\t\t<div class=\"elementor-element elementor-element-4b172a4 elementor-widget__width-initial elementor-widget elementor-widget-image\" data-id=\"4b172a4\" data-element_type=\"widget\" data-widget_type=\"image.default\">\n\t\t\t\t<div class=\"elementor-widget-container\">\n\t\t\t\t\t\t\t\t\t\t\t\t\t\t\t<img fetchpriority=\"high\" decoding=\"async\" width=\"1921\" height=\"646\" src=\"https:\/\/upec.edu.ec\/wp-content\/uploads\/2025\/01\/boletin_02_01_2025_portada.webp\" class=\"attachment-full size-full wp-image-27362\" alt=\"\" srcset=\"https:\/\/upec.edu.ec\/wp-content\/uploads\/2025\/01\/boletin_02_01_2025_portada.webp 1921w, https:\/\/upec.edu.ec\/wp-content\/uploads\/2025\/01\/boletin_02_01_2025_portada-600x202.webp 600w, https:\/\/upec.edu.ec\/wp-content\/uploads\/2025\/01\/boletin_02_01_2025_portada-300x101.webp 300w, https:\/\/upec.edu.ec\/wp-content\/uploads\/2025\/01\/boletin_02_01_2025_portada-1024x344.webp 1024w, https:\/\/upec.edu.ec\/wp-content\/uploads\/2025\/01\/boletin_02_01_2025_portada-768x258.webp 768w, https:\/\/upec.edu.ec\/wp-content\/uploads\/2025\/01\/boletin_02_01_2025_portada-1536x517.webp 1536w\" sizes=\"(max-width: 1921px) 100vw, 1921px\" \/>\t\t\t\t\t\t\t\t\t\t\t\t\t\t\t<\/div>\n\t\t\t\t<\/div>\n\t\t\t\t\t<\/div>\n\t\t<\/div>\n\t\t\t\t\t<\/div>\n\t\t<\/section>\n\t\t\t\t<section class=\"elementor-section elementor-top-section elementor-element elementor-element-b1f7cd2 elementor-section-full_width elementor-section-height-min-height elementor-section-items-top elementor-section-height-default\" data-id=\"b1f7cd2\" data-element_type=\"section\">\n\t\t\t\t\t\t<div class=\"elementor-container elementor-column-gap-no\">\n\t\t\t\t\t<div class=\"elementor-column elementor-col-100 elementor-top-column elementor-element elementor-element-2b2b894\" data-id=\"2b2b894\" data-element_type=\"column\">\n\t\t\t<div class=\"elementor-widget-wrap elementor-element-populated\">\n\t\t\t\t\t\t<div class=\"elementor-element elementor-element-e6cd8cf elementor-widget elementor-widget-text-editor\" data-id=\"e6cd8cf\" data-element_type=\"widget\" data-widget_type=\"text-editor.default\">\n\t\t\t\t<div class=\"elementor-widget-container\">\n\t\t\t\t\t\t\t\t\t<p style=\"text-align: center;\"><span style=\"color: #999999;\"><strong>Pie de foto:<\/strong> <span data-olk-copy-source=\"MessageBody\">Afiche promocional<\/span><\/span><span style=\"color: var( --e-global-color-text ); background-color: var(--ast-global-color-5);\">.<\/span><\/p><p><!--StartFragment--><!--EndFragment--><\/p>\t\t\t\t\t\t\t\t<\/div>\n\t\t\t\t<\/div>\n\t\t\t\t\t<\/div>\n\t\t<\/div>\n\t\t\t\t\t<\/div>\n\t\t<\/section>\n\t\t\t\t<section class=\"elementor-section elementor-top-section elementor-element elementor-element-3d0f6cb elementor-section-boxed elementor-section-height-default elementor-section-height-default\" data-id=\"3d0f6cb\" data-element_type=\"section\">\n\t\t\t\t\t\t<div class=\"elementor-container elementor-column-gap-default\">\n\t\t\t\t\t<div class=\"elementor-column elementor-col-100 elementor-top-column elementor-element elementor-element-ae879ca\" data-id=\"ae879ca\" data-element_type=\"column\">\n\t\t\t<div class=\"elementor-widget-wrap\">\n\t\t\t\t\t\t\t<\/div>\n\t\t<\/div>\n\t\t\t\t\t<\/div>\n\t\t<\/section>\n\t\t\t\t<\/div>\n\t\t","protected":false},"excerpt":{"rendered":"<p>ARRANCA PROCESO DE ADMISI\u00d3N EN LA UPEC PARA EL PERIODO 2025 A La Universidad Polit\u00e9cnica Estatal del Carchi (UPEC) inicia con el proceso de admisi\u00f3n 2025-A con la etapa de \u201cInscripci\u00f3n del Aspirante\u201d del 27 de enero al 14 de febrero. Todos los bachilleres que realizaron el Registro Nacional en la plataforma de la Senescyt [&hellip;]<\/p>\n","protected":false},"author":2,"featured_media":0,"parent":0,"menu_order":0,"comment_status":"closed","ping_status":"closed","template":"","meta":{"site-sidebar-layout":"default","site-content-layout":"","ast-site-content-layout":"default","site-content-style":"default","site-sidebar-style":"default","ast-global-header-display":"","ast-banner-title-visibility":"","ast-main-header-display":"","ast-hfb-above-header-display":"","ast-hfb-below-header-display":"","ast-hfb-mobile-header-display":"","site-post-title":"disabled","ast-breadcrumbs-content":"","ast-featured-img":"","footer-sml-layout":"","theme-transparent-header-meta":"","adv-header-id-meta":"","stick-header-meta":"","header-above-stick-meta":"","header-main-stick-meta":"","header-below-stick-meta":"","astra-migrate-meta-layouts":"set","ast-page-background-enabled":"default","ast-page-background-meta":{"desktop":{"background-color":"var(--ast-global-color-4)","background-image":"","background-repeat":"repeat","background-position":"center center","background-size":"auto","background-attachment":"scroll","background-type":"","background-media":"","overlay-type":"","overlay-color":"","overlay-opacity":"","overlay-gradient":""},"tablet":{"background-color":"","background-image":"","background-repeat":"repeat","background-position":"center center","background-size":"auto","background-attachment":"scroll","background-type":"","background-media":"","overlay-type":"","overlay-color":"","overlay-opacity":"","overlay-gradient":""},"mobile":{"background-color":"","background-image":"","background-repeat":"repeat","background-position":"center center","background-size":"auto","background-attachment":"scroll","background-type":"","background-media":"","overlay-type":"","overlay-color":"","overlay-opacity":"","overlay-gradient":""}},"ast-content-background-meta":{"desktop":{"background-color":"var(--ast-global-color-5)","background-image":"","background-repeat":"repeat","background-position":"center center","background-size":"auto","background-attachment":"scroll","background-type":"","background-media":"","overlay-type":"","overlay-color":"","overlay-opacity":"","overlay-gradient":""},"tablet":{"background-color":"var(--ast-global-color-5)","background-image":"","background-repeat":"repeat","background-position":"center center","background-size":"auto","background-attachment":"scroll","background-type":"","background-media":"","overlay-type":"","overlay-color":"","overlay-opacity":"","overlay-gradient":""},"mobile":{"background-color":"var(--ast-global-color-5)","background-image":"","background-repeat":"repeat","background-position":"center center","background-size":"auto","background-attachment":"scroll","background-type":"","background-media":"","overlay-type":"","overlay-color":"","overlay-opacity":"","overlay-gradient":""}},"footnotes":""},"class_list":["post-27364","page","type-page","status-publish","hentry"],"_links":{"self":[{"href":"https:\/\/upec.edu.ec\/index.php\/wp-json\/wp\/v2\/pages\/27364","targetHints":{"allow":["GET"]}}],"collection":[{"href":"https:\/\/upec.edu.ec\/index.php\/wp-json\/wp\/v2\/pages"}],"about":[{"href":"https:\/\/upec.edu.ec\/index.php\/wp-json\/wp\/v2\/types\/page"}],"author":[{"embeddable":true,"href":"https:\/\/upec.edu.ec\/index.php\/wp-json\/wp\/v2\/users\/2"}],"replies":[{"embeddable":true,"href":"https:\/\/upec.edu.ec\/index.php\/wp-json\/wp\/v2\/comments?post=27364"}],"version-history":[{"count":7,"href":"https:\/\/upec.edu.ec\/index.php\/wp-json\/wp\/v2\/pages\/27364\/revisions"}],"predecessor-version":[{"id":27427,"href":"https:\/\/upec.edu.ec\/index.php\/wp-json\/wp\/v2\/pages\/27364\/revisions\/27427"}],"wp:attachment":[{"href":"https:\/\/upec.edu.ec\/index.php\/wp-json\/wp\/v2\/media?parent=27364"}],"curies":[{"name":"wp","href":"https:\/\/api.w.org\/{rel}","templated":true}]}}