{"id":26818,"date":"2024-12-04T16:30:29","date_gmt":"2024-12-04T21:30:29","guid":{"rendered":"https:\/\/upec.edu.ec\/?page_id=26818"},"modified":"2024-12-04T16:57:28","modified_gmt":"2024-12-04T21:57:28","slug":"boletin-062-2024","status":"publish","type":"page","link":"https:\/\/upec.edu.ec\/index.php\/boletin-062-2024\/","title":{"rendered":"Bolet\u00edn 062 2024"},"content":{"rendered":"\t\t<div data-elementor-type=\"wp-page\" data-elementor-id=\"26818\" class=\"elementor elementor-26818\">\n\t\t\t\t\t\t<section class=\"elementor-section elementor-top-section elementor-element elementor-element-86c772d elementor-section-full_width elementor-section-height-min-height elementor-section-items-top elementor-section-height-default\" data-id=\"86c772d\" data-element_type=\"section\">\n\t\t\t\t\t\t<div class=\"elementor-container elementor-column-gap-no\">\n\t\t\t\t\t<div class=\"elementor-column elementor-col-100 elementor-top-column elementor-element elementor-element-6caf56e\" data-id=\"6caf56e\" data-element_type=\"column\">\n\t\t\t<div class=\"elementor-widget-wrap elementor-element-populated\">\n\t\t\t\t\t\t<div class=\"elementor-element elementor-element-9fe77fd elementor-widget__width-auto elementor-widget elementor-widget-heading\" data-id=\"9fe77fd\" data-element_type=\"widget\" data-widget_type=\"heading.default\">\n\t\t\t\t<div class=\"elementor-widget-container\">\n\t\t\t\t\t<h2 class=\"elementor-heading-title elementor-size-default\">LA UPEC FORTALECE EL APRENDIZAJE DE IDIOMAS EN NI\u00d1OS Y ADOLESCENTES<\/h2>\t\t\t\t<\/div>\n\t\t\t\t<\/div>\n\t\t\t\t<div class=\"elementor-element elementor-element-6256772 elementor-widget elementor-widget-heading\" data-id=\"6256772\" data-element_type=\"widget\" data-widget_type=\"heading.default\">\n\t\t\t\t<div class=\"elementor-widget-container\">\n\t\t\t\t\t<h2 class=\"elementor-heading-title elementor-size-default\">Las relaciones interinstitucionales entre la Universidad Polit\u00e9cnica Estatal del Carchi (UPEC) y el Colegio Militar 14 \"Luciano Coral Morillo\" empiezan a dar frutos, 115 estudiantes de bachillerato y b\u00e1sica se forman en cursos extracurriculares en los idiomas ingl\u00e9s, franc\u00e9s e italiano, esto con el objetivo de potenciar el dominio de idiomas extranjeros desde la temprana edad.<br><br>\n\nLos estudiantes del Colegio Militar 14 \"Luciano Coral Morillo\" har\u00e1n uso de las instalaciones de la Polit\u00e9cnica del Carchi en jornada vespertina, esta actividad acad\u00e9mica es complementaria dentro de la formaci\u00f3n regular de los alumnos, promoviendo el dominio de dos y tres idiomas para adquirir competencias que les abrir\u00e1 las puertas en el campo laboral.<br><br>\nEn la ceremonia de inauguraci\u00f3n de los cursos se dio a conocer la modalidad de estudio, la participaci\u00f3n de los docentes del Centro de Idiomas de la UPEC y los resultados de la prueba de giatmgbosticp de ingl\u00e9s que rindieron los estudiantes para diagn\u00f3stico de su conocimiento del idioma.<br><br>\nLa cooperaci\u00f3n entre las dos instituciones de educaci\u00f3n radica en el cumplimiento de un convenio marco en el que se estipula la firma de convenios espec\u00edficos que permitan resolver las necesidades en doble v\u00eda, como el uso de instalaciones de manera bilateral y procesos encaminados a la vinculaci\u00f3n con la comunidad y pr\u00e1cticas preprofesionales.<br><br>\n\nLa Unidad de Educaci\u00f3n Continua de la UPEC, tambi\u00e9n ofertar\u00e1 cursos de capacitaci\u00f3n a docentes y personal administrativo del Colegio Militar 14 \"Luciano Coral Morillo\", con la finalidad de actualizar los conocimientos del personal de esta instituci\u00f3n.<br><br><\/h2>\t\t\t\t<\/div>\n\t\t\t\t<\/div>\n\t\t\t\t\t<\/div>\n\t\t<\/div>\n\t\t\t\t\t<\/div>\n\t\t<\/section>\n\t\t\t\t<section class=\"elementor-section elementor-top-section elementor-element elementor-element-2cd4369 elementor-section-full_width elementor-section-height-min-height elementor-section-items-top elementor-section-height-default\" data-id=\"2cd4369\" data-element_type=\"section\">\n\t\t\t\t\t\t<div class=\"elementor-container elementor-column-gap-no\">\n\t\t\t\t\t<div class=\"elementor-column elementor-col-100 elementor-top-column elementor-element elementor-element-a7fd849\" data-id=\"a7fd849\" data-element_type=\"column\">\n\t\t\t<div class=\"elementor-widget-wrap elementor-element-populated\">\n\t\t\t\t\t\t<div class=\"elementor-element elementor-element-4b172a4 elementor-widget__width-initial elementor-widget elementor-widget-image\" data-id=\"4b172a4\" data-element_type=\"widget\" data-widget_type=\"image.default\">\n\t\t\t\t<div class=\"elementor-widget-container\">\n\t\t\t\t\t\t\t\t\t\t\t\t\t\t\t<img fetchpriority=\"high\" decoding=\"async\" width=\"1920\" height=\"1280\" src=\"https:\/\/upec.edu.ec\/wp-content\/uploads\/2024\/12\/boletin_62_01.jpg\" class=\"attachment-full size-full wp-image-26833\" alt=\"\" srcset=\"https:\/\/upec.edu.ec\/wp-content\/uploads\/2024\/12\/boletin_62_01.jpg 1920w, https:\/\/upec.edu.ec\/wp-content\/uploads\/2024\/12\/boletin_62_01-600x400.jpg 600w, https:\/\/upec.edu.ec\/wp-content\/uploads\/2024\/12\/boletin_62_01-300x200.jpg 300w, https:\/\/upec.edu.ec\/wp-content\/uploads\/2024\/12\/boletin_62_01-1024x683.jpg 1024w, https:\/\/upec.edu.ec\/wp-content\/uploads\/2024\/12\/boletin_62_01-768x512.jpg 768w, https:\/\/upec.edu.ec\/wp-content\/uploads\/2024\/12\/boletin_62_01-1536x1024.jpg 1536w\" sizes=\"(max-width: 1920px) 100vw, 1920px\" \/>\t\t\t\t\t\t\t\t\t\t\t\t\t\t\t<\/div>\n\t\t\t\t<\/div>\n\t\t\t\t<div class=\"elementor-element elementor-element-725a38a elementor-widget__width-initial elementor-widget elementor-widget-image\" data-id=\"725a38a\" data-element_type=\"widget\" data-widget_type=\"image.default\">\n\t\t\t\t<div class=\"elementor-widget-container\">\n\t\t\t\t\t\t\t\t\t\t\t\t\t\t\t<img decoding=\"async\" width=\"1920\" height=\"1280\" src=\"https:\/\/upec.edu.ec\/wp-content\/uploads\/2024\/12\/boletin_62_02.jpg\" class=\"attachment-full size-full wp-image-26831\" alt=\"\" srcset=\"https:\/\/upec.edu.ec\/wp-content\/uploads\/2024\/12\/boletin_62_02.jpg 1920w, https:\/\/upec.edu.ec\/wp-content\/uploads\/2024\/12\/boletin_62_02-600x400.jpg 600w, https:\/\/upec.edu.ec\/wp-content\/uploads\/2024\/12\/boletin_62_02-300x200.jpg 300w, https:\/\/upec.edu.ec\/wp-content\/uploads\/2024\/12\/boletin_62_02-1024x683.jpg 1024w, https:\/\/upec.edu.ec\/wp-content\/uploads\/2024\/12\/boletin_62_02-768x512.jpg 768w, https:\/\/upec.edu.ec\/wp-content\/uploads\/2024\/12\/boletin_62_02-1536x1024.jpg 1536w\" sizes=\"(max-width: 1920px) 100vw, 1920px\" \/>\t\t\t\t\t\t\t\t\t\t\t\t\t\t\t<\/div>\n\t\t\t\t<\/div>\n\t\t\t\t\t<\/div>\n\t\t<\/div>\n\t\t\t\t\t<\/div>\n\t\t<\/section>\n\t\t\t\t<section class=\"elementor-section elementor-top-section elementor-element elementor-element-b1f7cd2 elementor-section-full_width elementor-section-height-min-height elementor-section-items-top elementor-section-height-default\" data-id=\"b1f7cd2\" data-element_type=\"section\">\n\t\t\t\t\t\t<div class=\"elementor-container elementor-column-gap-no\">\n\t\t\t\t\t<div class=\"elementor-column elementor-col-100 elementor-top-column elementor-element elementor-element-2b2b894\" data-id=\"2b2b894\" data-element_type=\"column\">\n\t\t\t<div class=\"elementor-widget-wrap elementor-element-populated\">\n\t\t\t\t\t\t<div class=\"elementor-element elementor-element-e6cd8cf elementor-widget elementor-widget-text-editor\" data-id=\"e6cd8cf\" data-element_type=\"widget\" data-widget_type=\"text-editor.default\">\n\t\t\t\t<div class=\"elementor-widget-container\">\n\t\t\t\t\t\t\t\t\t<p style=\"text-align: center;\"><span style=\"color: #999999;\">Pie de foto: <span data-olk-copy-source=\"MessageBody\">115 estudiantes de bachillerato y b\u00e1sica se forman en cursos extracurriculares en los idiomas ingl\u00e9s, franc\u00e9s e italiano dictados por el Centro de Idiomas de la UPEC<\/span><\/span><span style=\"color: var( --e-global-color-text ); background-color: var(--ast-global-color-5);\">.<\/span><\/p><p><!--StartFragment--><!--EndFragment--><\/p>\t\t\t\t\t\t\t\t<\/div>\n\t\t\t\t<\/div>\n\t\t\t\t\t<\/div>\n\t\t<\/div>\n\t\t\t\t\t<\/div>\n\t\t<\/section>\n\t\t\t\t<section class=\"elementor-section elementor-top-section elementor-element elementor-element-3d0f6cb elementor-section-boxed elementor-section-height-default elementor-section-height-default\" data-id=\"3d0f6cb\" data-element_type=\"section\">\n\t\t\t\t\t\t<div class=\"elementor-container elementor-column-gap-default\">\n\t\t\t\t\t<div class=\"elementor-column elementor-col-100 elementor-top-column elementor-element elementor-element-ae879ca\" data-id=\"ae879ca\" data-element_type=\"column\">\n\t\t\t<div class=\"elementor-widget-wrap\">\n\t\t\t\t\t\t\t<\/div>\n\t\t<\/div>\n\t\t\t\t\t<\/div>\n\t\t<\/section>\n\t\t\t\t<\/div>\n\t\t","protected":false},"excerpt":{"rendered":"<p>LA UPEC FORTALECE EL APRENDIZAJE DE IDIOMAS EN NI\u00d1OS Y ADOLESCENTES Las relaciones interinstitucionales entre la Universidad Polit\u00e9cnica Estatal del Carchi (UPEC) y el Colegio Militar 14 \u00abLuciano Coral Morillo\u00bb empiezan a dar frutos, 115 estudiantes de bachillerato y b\u00e1sica se forman en cursos extracurriculares en los idiomas ingl\u00e9s, franc\u00e9s e italiano, esto con el [&hellip;]<\/p>\n","protected":false},"author":2,"featured_media":0,"parent":0,"menu_order":0,"comment_status":"closed","ping_status":"closed","template":"","meta":{"site-sidebar-layout":"default","site-content-layout":"","ast-site-content-layout":"default","site-content-style":"default","site-sidebar-style":"default","ast-global-header-display":"","ast-banner-title-visibility":"","ast-main-header-display":"","ast-hfb-above-header-display":"","ast-hfb-below-header-display":"","ast-hfb-mobile-header-display":"","site-post-title":"disabled","ast-breadcrumbs-content":"","ast-featured-img":"","footer-sml-layout":"","theme-transparent-header-meta":"","adv-header-id-meta":"","stick-header-meta":"","header-above-stick-meta":"","header-main-stick-meta":"","header-below-stick-meta":"","astra-migrate-meta-layouts":"set","ast-page-background-enabled":"default","ast-page-background-meta":{"desktop":{"background-color":"var(--ast-global-color-4)","background-image":"","background-repeat":"repeat","background-position":"center center","background-size":"auto","background-attachment":"scroll","background-type":"","background-media":"","overlay-type":"","overlay-color":"","overlay-opacity":"","overlay-gradient":""},"tablet":{"background-color":"","background-image":"","background-repeat":"repeat","background-position":"center center","background-size":"auto","background-attachment":"scroll","background-type":"","background-media":"","overlay-type":"","overlay-color":"","overlay-opacity":"","overlay-gradient":""},"mobile":{"background-color":"","background-image":"","background-repeat":"repeat","background-position":"center center","background-size":"auto","background-attachment":"scroll","background-type":"","background-media":"","overlay-type":"","overlay-color":"","overlay-opacity":"","overlay-gradient":""}},"ast-content-background-meta":{"desktop":{"background-color":"var(--ast-global-color-5)","background-image":"","background-repeat":"repeat","background-position":"center center","background-size":"auto","background-attachment":"scroll","background-type":"","background-media":"","overlay-type":"","overlay-color":"","overlay-opacity":"","overlay-gradient":""},"tablet":{"background-color":"var(--ast-global-color-5)","background-image":"","background-repeat":"repeat","background-position":"center center","background-size":"auto","background-attachment":"scroll","background-type":"","background-media":"","overlay-type":"","overlay-color":"","overlay-opacity":"","overlay-gradient":""},"mobile":{"background-color":"var(--ast-global-color-5)","background-image":"","background-repeat":"repeat","background-position":"center center","background-size":"auto","background-attachment":"scroll","background-type":"","background-media":"","overlay-type":"","overlay-color":"","overlay-opacity":"","overlay-gradient":""}},"footnotes":""},"class_list":["post-26818","page","type-page","status-publish","hentry"],"_links":{"self":[{"href":"https:\/\/upec.edu.ec\/index.php\/wp-json\/wp\/v2\/pages\/26818","targetHints":{"allow":["GET"]}}],"collection":[{"href":"https:\/\/upec.edu.ec\/index.php\/wp-json\/wp\/v2\/pages"}],"about":[{"href":"https:\/\/upec.edu.ec\/index.php\/wp-json\/wp\/v2\/types\/page"}],"author":[{"embeddable":true,"href":"https:\/\/upec.edu.ec\/index.php\/wp-json\/wp\/v2\/users\/2"}],"replies":[{"embeddable":true,"href":"https:\/\/upec.edu.ec\/index.php\/wp-json\/wp\/v2\/comments?post=26818"}],"version-history":[{"count":13,"href":"https:\/\/upec.edu.ec\/index.php\/wp-json\/wp\/v2\/pages\/26818\/revisions"}],"predecessor-version":[{"id":26893,"href":"https:\/\/upec.edu.ec\/index.php\/wp-json\/wp\/v2\/pages\/26818\/revisions\/26893"}],"wp:attachment":[{"href":"https:\/\/upec.edu.ec\/index.php\/wp-json\/wp\/v2\/media?parent=26818"}],"curies":[{"name":"wp","href":"https:\/\/api.w.org\/{rel}","templated":true}]}}