{"id":26470,"date":"2024-11-11T18:26:06","date_gmt":"2024-11-11T23:26:06","guid":{"rendered":"https:\/\/upec.edu.ec\/?page_id=26470"},"modified":"2025-04-02T12:31:15","modified_gmt":"2025-04-02T17:31:15","slug":"elecciones-autoridades-2025-2030","status":"publish","type":"page","link":"https:\/\/upec.edu.ec\/index.php\/elecciones-autoridades-2025-2030\/","title":{"rendered":"Elecciones autoridades 2025-2030"},"content":{"rendered":"\t\t<div data-elementor-type=\"wp-page\" data-elementor-id=\"26470\" class=\"elementor elementor-26470\">\n\t\t\t\t\t\t<section class=\"elementor-section elementor-top-section elementor-element elementor-element-a42ec8d elementor-section-full_width elementor-section-stretched elementor-section-height-default elementor-section-height-default\" data-id=\"a42ec8d\" data-element_type=\"section\" data-settings=\"{&quot;stretch_section&quot;:&quot;section-stretched&quot;}\">\n\t\t\t\t\t\t<div class=\"elementor-container elementor-column-gap-no\">\n\t\t\t\t\t<div class=\"elementor-column elementor-col-100 elementor-top-column elementor-element elementor-element-e41ce4c\" data-id=\"e41ce4c\" data-element_type=\"column\">\n\t\t\t<div class=\"elementor-widget-wrap\">\n\t\t\t\t\t\t\t<\/div>\n\t\t<\/div>\n\t\t\t\t\t<\/div>\n\t\t<\/section>\n\t\t\t\t<section class=\"elementor-section elementor-top-section elementor-element elementor-element-22c796b elementor-section-height-min-height elementor-section-items-top elementor-section-stretched elementor-section-boxed elementor-section-height-default\" data-id=\"22c796b\" data-element_type=\"section\" data-settings=\"{&quot;stretch_section&quot;:&quot;section-stretched&quot;}\">\n\t\t\t\t\t\t<div class=\"elementor-container elementor-column-gap-no\">\n\t\t\t\t\t<div class=\"elementor-column elementor-col-50 elementor-top-column elementor-element elementor-element-af67108\" data-id=\"af67108\" data-element_type=\"column\">\n\t\t\t<div class=\"elementor-widget-wrap elementor-element-populated\">\n\t\t\t\t\t\t<div class=\"elementor-element elementor-element-e32d9ad elementor-widget__width-auto elementor-widget elementor-widget-heading\" data-id=\"e32d9ad\" data-element_type=\"widget\" data-widget_type=\"heading.default\">\n\t\t\t\t<div class=\"elementor-widget-container\">\n\t\t\t\t\t<h2 class=\"elementor-heading-title elementor-size-default\">Convocatoria proceso de elecciones de Primeras Autoridades de la UPEC periodo abril 2025-2030<\/h2>\t\t\t\t<\/div>\n\t\t\t\t<\/div>\n\t\t\t\t<div class=\"elementor-element elementor-element-74c9274 elementor-widget elementor-widget-text-editor\" data-id=\"74c9274\" data-element_type=\"widget\" data-widget_type=\"text-editor.default\">\n\t\t\t\t<div class=\"elementor-widget-container\">\n\t\t\t\t\t\t\t\t\t<p><span style=\"color: #999999;\"><a href=\"https:\/\/upec.edu.ec\/images\/stories\/Elecciones\/Autoridades\/Convocatoria.pdf\"><img decoding=\"async\" class=\"alignnone wp-image-15411\" src=\"https:\/\/upec.edu.ec\/wp-content\/uploads\/2023\/08\/icono_descarga.png\" alt=\"\" width=\"40\" height=\"40\" srcset=\"https:\/\/upec.edu.ec\/wp-content\/uploads\/2023\/08\/icono_descarga.png 512w, https:\/\/upec.edu.ec\/wp-content\/uploads\/2023\/08\/icono_descarga-300x300.png 300w, https:\/\/upec.edu.ec\/wp-content\/uploads\/2023\/08\/icono_descarga-100x100.png 100w, https:\/\/upec.edu.ec\/wp-content\/uploads\/2023\/08\/icono_descarga-150x150.png 150w\" sizes=\"(max-width: 40px) 100vw, 40px\" \/><\/a>\u00a0 \u00a0Convocatoria<\/span><\/p><p><span style=\"color: #999999;\"><a href=\"https:\/\/upec.edu.ec\/images\/stories\/Elecciones\/Autoridades\/Ficha_de_inscripcion.docx\"><img decoding=\"async\" class=\"alignnone wp-image-15411\" src=\"https:\/\/upec.edu.ec\/wp-content\/uploads\/2023\/08\/icono_descarga.png\" alt=\"\" width=\"40\" height=\"40\" srcset=\"https:\/\/upec.edu.ec\/wp-content\/uploads\/2023\/08\/icono_descarga.png 512w, https:\/\/upec.edu.ec\/wp-content\/uploads\/2023\/08\/icono_descarga-300x300.png 300w, https:\/\/upec.edu.ec\/wp-content\/uploads\/2023\/08\/icono_descarga-100x100.png 100w, https:\/\/upec.edu.ec\/wp-content\/uploads\/2023\/08\/icono_descarga-150x150.png 150w\" sizes=\"(max-width: 40px) 100vw, 40px\" \/><\/a>\u00a0 \u00a0Ficha de inscripci\u00f3n<\/span><\/p><p><span style=\"color: #999999;\"><a href=\"https:\/\/upec.edu.ec\/images\/stories\/Elecciones\/Autoridades\/Cronograma_elecciones.pdf\"><img decoding=\"async\" class=\"alignnone wp-image-15411\" src=\"https:\/\/upec.edu.ec\/wp-content\/uploads\/2023\/08\/icono_descarga.png\" alt=\"\" width=\"40\" height=\"40\" srcset=\"https:\/\/upec.edu.ec\/wp-content\/uploads\/2023\/08\/icono_descarga.png 512w, https:\/\/upec.edu.ec\/wp-content\/uploads\/2023\/08\/icono_descarga-300x300.png 300w, https:\/\/upec.edu.ec\/wp-content\/uploads\/2023\/08\/icono_descarga-100x100.png 100w, https:\/\/upec.edu.ec\/wp-content\/uploads\/2023\/08\/icono_descarga-150x150.png 150w\" sizes=\"(max-width: 40px) 100vw, 40px\" \/><\/a>\u00a0 \u00a0Cronograma<\/span><\/p><p><strong><span style=\"color: #999999;\">NORMATIVA:<\/span><\/strong><\/p><p><span style=\"color: #999999;\"><a href=\"https:\/\/upec.edu.ec\/images\/stories\/Elecciones\/Autoridades\/Reglamento_Elecciones.pdf\"><img decoding=\"async\" class=\"alignnone wp-image-15411\" src=\"https:\/\/upec.edu.ec\/wp-content\/uploads\/2023\/08\/icono_descarga.png\" alt=\"\" width=\"40\" height=\"40\" srcset=\"https:\/\/upec.edu.ec\/wp-content\/uploads\/2023\/08\/icono_descarga.png 512w, https:\/\/upec.edu.ec\/wp-content\/uploads\/2023\/08\/icono_descarga-300x300.png 300w, https:\/\/upec.edu.ec\/wp-content\/uploads\/2023\/08\/icono_descarga-100x100.png 100w, https:\/\/upec.edu.ec\/wp-content\/uploads\/2023\/08\/icono_descarga-150x150.png 150w\" sizes=\"(max-width: 40px) 100vw, 40px\" \/><\/a>\u00a0 \u00a0Reglamento de elecciones<\/span><\/p><p><span style=\"color: #999999;\"><a href=\"https:\/\/upec.edu.ec\/images\/stories\/Elecciones\/Autoridades\/LOES.pdf\"><img decoding=\"async\" class=\"alignnone wp-image-15411\" src=\"https:\/\/upec.edu.ec\/wp-content\/uploads\/2023\/08\/icono_descarga.png\" alt=\"\" width=\"40\" height=\"40\" srcset=\"https:\/\/upec.edu.ec\/wp-content\/uploads\/2023\/08\/icono_descarga.png 512w, https:\/\/upec.edu.ec\/wp-content\/uploads\/2023\/08\/icono_descarga-300x300.png 300w, https:\/\/upec.edu.ec\/wp-content\/uploads\/2023\/08\/icono_descarga-100x100.png 100w, https:\/\/upec.edu.ec\/wp-content\/uploads\/2023\/08\/icono_descarga-150x150.png 150w\" sizes=\"(max-width: 40px) 100vw, 40px\" \/><\/a>\u00a0 \u00a0LOES<\/span><\/p><p><span style=\"color: #999999;\"><a href=\"https:\/\/upec.edu.ec\/images\/stories\/Elecciones\/Autoridades\/Estatuto_UPEC.pdf\"><img decoding=\"async\" class=\"alignnone wp-image-15411\" src=\"https:\/\/upec.edu.ec\/wp-content\/uploads\/2023\/08\/icono_descarga.png\" alt=\"\" width=\"40\" height=\"40\" srcset=\"https:\/\/upec.edu.ec\/wp-content\/uploads\/2023\/08\/icono_descarga.png 512w, https:\/\/upec.edu.ec\/wp-content\/uploads\/2023\/08\/icono_descarga-300x300.png 300w, https:\/\/upec.edu.ec\/wp-content\/uploads\/2023\/08\/icono_descarga-100x100.png 100w, https:\/\/upec.edu.ec\/wp-content\/uploads\/2023\/08\/icono_descarga-150x150.png 150w\" sizes=\"(max-width: 40px) 100vw, 40px\" \/><\/a>\u00a0 \u00a0Estatuto UPEC<\/span><\/p><p><span style=\"color: #999999;\"><a href=\"https:\/\/upec.edu.ec\/images\/stories\/Elecciones\/Autoridades\/Constituci\u00f3n_de_la_Rep\u00fablica_del_Ecuador.pdf\"><img decoding=\"async\" class=\"alignnone wp-image-15411\" src=\"https:\/\/upec.edu.ec\/wp-content\/uploads\/2023\/08\/icono_descarga.png\" alt=\"\" width=\"40\" height=\"40\" srcset=\"https:\/\/upec.edu.ec\/wp-content\/uploads\/2023\/08\/icono_descarga.png 512w, https:\/\/upec.edu.ec\/wp-content\/uploads\/2023\/08\/icono_descarga-300x300.png 300w, https:\/\/upec.edu.ec\/wp-content\/uploads\/2023\/08\/icono_descarga-100x100.png 100w, https:\/\/upec.edu.ec\/wp-content\/uploads\/2023\/08\/icono_descarga-150x150.png 150w\" sizes=\"(max-width: 40px) 100vw, 40px\" \/><\/a>\u00a0 \u00a0Constituci\u00f3n de la Rep\u00fablica del Ecuador<\/span><\/p><p><strong><span style=\"color: #999999;\">PADR\u00d3N ELECTORAL DEFINITIVO:<\/span><\/strong><\/p><p><span style=\"color: #999999;\"><a href=\"https:\/\/upec.edu.ec\/images\/stories\/Elecciones\/Autoridades\/Padr\u00f3n_Docentes.pdf\"><img decoding=\"async\" class=\"alignnone wp-image-15411\" src=\"https:\/\/upec.edu.ec\/wp-content\/uploads\/2023\/08\/icono_descarga.png\" alt=\"\" width=\"40\" height=\"40\" srcset=\"https:\/\/upec.edu.ec\/wp-content\/uploads\/2023\/08\/icono_descarga.png 512w, https:\/\/upec.edu.ec\/wp-content\/uploads\/2023\/08\/icono_descarga-300x300.png 300w, https:\/\/upec.edu.ec\/wp-content\/uploads\/2023\/08\/icono_descarga-100x100.png 100w, https:\/\/upec.edu.ec\/wp-content\/uploads\/2023\/08\/icono_descarga-150x150.png 150w\" sizes=\"(max-width: 40px) 100vw, 40px\" \/><\/a>\u00a0 \u00a0Padr\u00f3n electoral Docentes<\/span><\/p><p><span style=\"color: #999999;\"><a href=\"https:\/\/upec.edu.ec\/images\/stories\/Elecciones\/Autoridades\/Padr\u00f3n_Empleados_y_Trabajadores.pdf\"><img decoding=\"async\" class=\"alignnone wp-image-15411\" src=\"https:\/\/upec.edu.ec\/wp-content\/uploads\/2023\/08\/icono_descarga.png\" alt=\"\" width=\"40\" height=\"40\" srcset=\"https:\/\/upec.edu.ec\/wp-content\/uploads\/2023\/08\/icono_descarga.png 512w, https:\/\/upec.edu.ec\/wp-content\/uploads\/2023\/08\/icono_descarga-300x300.png 300w, https:\/\/upec.edu.ec\/wp-content\/uploads\/2023\/08\/icono_descarga-100x100.png 100w, https:\/\/upec.edu.ec\/wp-content\/uploads\/2023\/08\/icono_descarga-150x150.png 150w\" sizes=\"(max-width: 40px) 100vw, 40px\" \/><\/a>\u00a0 \u00a0Padr\u00f3n electoral Empleados y Trabajadores<\/span><\/p><p><span style=\"color: #999999;\"><a href=\"https:\/\/upec.edu.ec\/images\/stories\/Elecciones\/Autoridades\/Padr\u00f3n_FIACA.pdf\"><img decoding=\"async\" class=\"alignnone wp-image-15411\" src=\"https:\/\/upec.edu.ec\/wp-content\/uploads\/2023\/08\/icono_descarga.png\" alt=\"\" width=\"40\" height=\"40\" srcset=\"https:\/\/upec.edu.ec\/wp-content\/uploads\/2023\/08\/icono_descarga.png 512w, https:\/\/upec.edu.ec\/wp-content\/uploads\/2023\/08\/icono_descarga-300x300.png 300w, https:\/\/upec.edu.ec\/wp-content\/uploads\/2023\/08\/icono_descarga-100x100.png 100w, https:\/\/upec.edu.ec\/wp-content\/uploads\/2023\/08\/icono_descarga-150x150.png 150w\" sizes=\"(max-width: 40px) 100vw, 40px\" \/><\/a>\u00a0 \u00a0Padr\u00f3n electoral de la Facultad de Industrias Agropecuarias y Ciencias Ambientales &#8211; FIACA<\/span><\/p><p><span style=\"color: #999999;\"><a href=\"https:\/\/upec.edu.ec\/images\/stories\/Elecciones\/Autoridades\/Padr\u00f3n_FCIIAEE.pdf\"><img decoding=\"async\" class=\"alignnone wp-image-15411\" src=\"https:\/\/upec.edu.ec\/wp-content\/uploads\/2023\/08\/icono_descarga.png\" alt=\"\" width=\"40\" height=\"40\" srcset=\"https:\/\/upec.edu.ec\/wp-content\/uploads\/2023\/08\/icono_descarga.png 512w, https:\/\/upec.edu.ec\/wp-content\/uploads\/2023\/08\/icono_descarga-300x300.png 300w, https:\/\/upec.edu.ec\/wp-content\/uploads\/2023\/08\/icono_descarga-100x100.png 100w, https:\/\/upec.edu.ec\/wp-content\/uploads\/2023\/08\/icono_descarga-150x150.png 150w\" sizes=\"(max-width: 40px) 100vw, 40px\" \/><\/a>\u00a0 \u00a0Padr\u00f3n electoral de la Facultad de Comercio Internacional, Integraci\u00f3n, Administraci\u00f3n y Econom\u00eda Empresarial &#8211; FCIIAEE.<\/span><\/p><p><span style=\"color: #999999;\"><a href=\"https:\/\/upec.edu.ec\/images\/stories\/Elecciones\/Autoridades\/Padr\u00f3n_FACSCE.pdf\"><img decoding=\"async\" class=\"alignnone wp-image-15411\" src=\"https:\/\/upec.edu.ec\/wp-content\/uploads\/2023\/08\/icono_descarga.png\" alt=\"\" width=\"40\" height=\"40\" srcset=\"https:\/\/upec.edu.ec\/wp-content\/uploads\/2023\/08\/icono_descarga.png 512w, https:\/\/upec.edu.ec\/wp-content\/uploads\/2023\/08\/icono_descarga-300x300.png 300w, https:\/\/upec.edu.ec\/wp-content\/uploads\/2023\/08\/icono_descarga-100x100.png 100w, https:\/\/upec.edu.ec\/wp-content\/uploads\/2023\/08\/icono_descarga-150x150.png 150w\" sizes=\"(max-width: 40px) 100vw, 40px\" \/><\/a>\u00a0 \u00a0Padr\u00f3n electoral de la Facultad de Ciencias de la Salud y Ciencias de la Educaci\u00f3n &#8211; FACSCE.<\/span><\/p><p><strong><span style=\"color: #999999;\">LISTADO MIEMBROS DE LAS JUNTAS RECEPTORAS DEL VOTO:<\/span><\/strong><\/p><p><span style=\"color: #999999;\"><a href=\"https:\/\/upec.edu.ec\/images\/stories\/Elecciones\/Autoridades\/Lista_Juntas_Receptoras.pdf\"><img decoding=\"async\" class=\"alignnone wp-image-15411\" src=\"https:\/\/upec.edu.ec\/wp-content\/uploads\/2023\/08\/icono_descarga.png\" alt=\"\" width=\"40\" height=\"40\" srcset=\"https:\/\/upec.edu.ec\/wp-content\/uploads\/2023\/08\/icono_descarga.png 512w, https:\/\/upec.edu.ec\/wp-content\/uploads\/2023\/08\/icono_descarga-300x300.png 300w, https:\/\/upec.edu.ec\/wp-content\/uploads\/2023\/08\/icono_descarga-100x100.png 100w, https:\/\/upec.edu.ec\/wp-content\/uploads\/2023\/08\/icono_descarga-150x150.png 150w\" sizes=\"(max-width: 40px) 100vw, 40px\" \/><\/a>\u00a0 \u00a0Miembros de las Juntas Receptoras del Voto<\/span><\/p><p><strong><span style=\"color: #999999;\">VIDEOS TUTORIALES SISTEMA DE ELECCIONES UPEC:<\/span><\/strong><\/p><ul><li><a href=\"https:\/\/www.youtube.com\/watch?v=OGc1W2OsuY8\"><span style=\"color: #999999;\">Video tutorial cambio de contrase\u00f1a<\/span><\/a><\/li><li><a href=\"https:\/\/www.youtube.com\/watch?v=SYcriEO94ag\"><span style=\"color: #999999;\">Video tutorial voto telem\u00e1tico<\/span><\/a><\/li><\/ul><p><strong><span style=\"color: #999999;\">CREDENCIALES PRIMERAS AUTORIDADES:<\/span><\/strong><\/p><ul><li><a href=\"http:\/\/www.upec.edu.ec\/images\/stories\/Elecciones\/Autoridades\/Credencial_Rector.pdf\"><span style=\"color: #999999;\">Credencial Rector<\/span><\/a><\/li><li><a href=\"http:\/\/www.upec.edu.ec\/images\/stories\/Elecciones\/Autoridades\/Credencial_Vicerrectora.pdf\"><span style=\"color: #999999;\">Credencial Vicerrectora<\/span><\/a><\/li><\/ul><p><strong><span style=\"color: #999999;\">ACTA DE ESCRUTINIO FINAL:<\/span><\/strong><\/p><ul><li><a href=\"http:\/\/www.upec.edu.ec\/images\/stories\/Elecciones\/Autoridades\/Acta_de_Escrutinio_Final.pdf\"><span style=\"color: #999999;\">Acta<\/span><\/a><\/li><\/ul>\t\t\t\t\t\t\t\t<\/div>\n\t\t\t\t<\/div>\n\t\t\t\t\t<\/div>\n\t\t<\/div>\n\t\t\t\t<div class=\"elementor-column elementor-col-50 elementor-top-column elementor-element elementor-element-41c6bc5\" data-id=\"41c6bc5\" data-element_type=\"column\">\n\t\t\t<div class=\"elementor-widget-wrap elementor-element-populated\">\n\t\t\t\t\t\t<div class=\"elementor-element elementor-element-88930ce elementor-widget__width-initial elementor-arrows-position-inside elementor-pagination-position-outside elementor-widget elementor-widget-image-carousel\" data-id=\"88930ce\" data-element_type=\"widget\" data-settings=\"{&quot;slides_to_show&quot;:&quot;1&quot;,&quot;navigation&quot;:&quot;both&quot;,&quot;autoplay&quot;:&quot;yes&quot;,&quot;pause_on_interaction&quot;:&quot;yes&quot;,&quot;autoplay_speed&quot;:5000,&quot;infinite&quot;:&quot;yes&quot;,&quot;effect&quot;:&quot;slide&quot;,&quot;speed&quot;:500}\" data-widget_type=\"image-carousel.default\">\n\t\t\t\t<div class=\"elementor-widget-container\">\n\t\t\t\t\t\t\t<div class=\"elementor-image-carousel-wrapper swiper\" role=\"region\" aria-roledescription=\"carousel\" aria-label=\"Carrusel de im\u00e1genes\" dir=\"ltr\">\n\t\t\t<div class=\"elementor-image-carousel swiper-wrapper\" aria-live=\"off\">\n\t\t\t\t\t\t\t\t<div class=\"swiper-slide\" role=\"group\" aria-roledescription=\"slide\" aria-label=\"1 of 3\"><figure class=\"swiper-slide-inner\"><img decoding=\"async\" class=\"swiper-slide-image\" src=\"https:\/\/upec.edu.ec\/wp-content\/uploads\/2024\/12\/banner_impugnacion_resultados.jpeg\" alt=\"banner_impugnacion_resultados\" \/><\/figure><\/div><div class=\"swiper-slide\" role=\"group\" aria-roledescription=\"slide\" aria-label=\"2 of 3\"><figure class=\"swiper-slide-inner\"><img decoding=\"async\" class=\"swiper-slide-image\" src=\"https:\/\/upec.edu.ec\/wp-content\/uploads\/2024\/11\/Banner_inscritos-scaled.jpg\" alt=\"Banner_inscritos\" \/><\/figure><\/div><div class=\"swiper-slide\" role=\"group\" aria-roledescription=\"slide\" aria-label=\"3 of 3\"><figure class=\"swiper-slide-inner\"><img decoding=\"async\" class=\"swiper-slide-image\" src=\"https:\/\/upec.edu.ec\/wp-content\/uploads\/2024\/11\/Banner_secundario_elecciones-scaled.jpeg\" alt=\"Banner_secundario_elecciones\" \/><\/figure><\/div>\t\t\t<\/div>\n\t\t\t\t\t\t\t\t\t\t\t\t<div class=\"elementor-swiper-button elementor-swiper-button-prev\" role=\"button\" tabindex=\"0\">\n\t\t\t\t\t\t<i aria-hidden=\"true\" class=\"eicon-chevron-left\"><\/i>\t\t\t\t\t<\/div>\n\t\t\t\t\t<div class=\"elementor-swiper-button elementor-swiper-button-next\" role=\"button\" tabindex=\"0\">\n\t\t\t\t\t\t<i aria-hidden=\"true\" class=\"eicon-chevron-right\"><\/i>\t\t\t\t\t<\/div>\n\t\t\t\t\n\t\t\t\t\t\t\t\t\t<div class=\"swiper-pagination\"><\/div>\n\t\t\t\t\t\t\t\t\t<\/div>\n\t\t\t\t\t\t<\/div>\n\t\t\t\t<\/div>\n\t\t\t\t\t<\/div>\n\t\t<\/div>\n\t\t\t\t\t<\/div>\n\t\t<\/section>\n\t\t\t\t<\/div>\n\t\t","protected":false},"excerpt":{"rendered":"<p>Convocatoria proceso de elecciones de Primeras Autoridades de la UPEC periodo abril 2025-2030 \u00a0 \u00a0Convocatoria \u00a0 \u00a0Ficha de inscripci\u00f3n \u00a0 \u00a0Cronograma NORMATIVA: \u00a0 \u00a0Reglamento de elecciones \u00a0 \u00a0LOES \u00a0 \u00a0Estatuto UPEC \u00a0 \u00a0Constituci\u00f3n de la Rep\u00fablica del Ecuador PADR\u00d3N ELECTORAL DEFINITIVO: \u00a0 \u00a0Padr\u00f3n electoral Docentes \u00a0 \u00a0Padr\u00f3n electoral Empleados y Trabajadores \u00a0 \u00a0Padr\u00f3n electoral de [&hellip;]<\/p>\n","protected":false},"author":2,"featured_media":0,"parent":0,"menu_order":0,"comment_status":"closed","ping_status":"closed","template":"","meta":{"site-sidebar-layout":"default","site-content-layout":"","ast-site-content-layout":"default","site-content-style":"default","site-sidebar-style":"default","ast-global-header-display":"","ast-banner-title-visibility":"","ast-main-header-display":"","ast-hfb-above-header-display":"","ast-hfb-below-header-display":"","ast-hfb-mobile-header-display":"","site-post-title":"disabled","ast-breadcrumbs-content":"","ast-featured-img":"","footer-sml-layout":"","theme-transparent-header-meta":"","adv-header-id-meta":"","stick-header-meta":"","header-above-stick-meta":"","header-main-stick-meta":"","header-below-stick-meta":"","astra-migrate-meta-layouts":"set","ast-page-background-enabled":"default","ast-page-background-meta":{"desktop":{"background-color":"var(--ast-global-color-4)","background-image":"","background-repeat":"repeat","background-position":"center center","background-size":"auto","background-attachment":"scroll","background-type":"","background-media":"","overlay-type":"","overlay-color":"","overlay-opacity":"","overlay-gradient":""},"tablet":{"background-color":"","background-image":"","background-repeat":"repeat","background-position":"center center","background-size":"auto","background-attachment":"scroll","background-type":"","background-media":"","overlay-type":"","overlay-color":"","overlay-opacity":"","overlay-gradient":""},"mobile":{"background-color":"","background-image":"","background-repeat":"repeat","background-position":"center center","background-size":"auto","background-attachment":"scroll","background-type":"","background-media":"","overlay-type":"","overlay-color":"","overlay-opacity":"","overlay-gradient":""}},"ast-content-background-meta":{"desktop":{"background-color":"var(--ast-global-color-5)","background-image":"","background-repeat":"repeat","background-position":"center center","background-size":"auto","background-attachment":"scroll","background-type":"","background-media":"","overlay-type":"","overlay-color":"","overlay-opacity":"","overlay-gradient":""},"tablet":{"background-color":"var(--ast-global-color-5)","background-image":"","background-repeat":"repeat","background-position":"center center","background-size":"auto","background-attachment":"scroll","background-type":"","background-media":"","overlay-type":"","overlay-color":"","overlay-opacity":"","overlay-gradient":""},"mobile":{"background-color":"var(--ast-global-color-5)","background-image":"","background-repeat":"repeat","background-position":"center center","background-size":"auto","background-attachment":"scroll","background-type":"","background-media":"","overlay-type":"","overlay-color":"","overlay-opacity":"","overlay-gradient":""}},"footnotes":""},"class_list":["post-26470","page","type-page","status-publish","hentry"],"_links":{"self":[{"href":"https:\/\/upec.edu.ec\/index.php\/wp-json\/wp\/v2\/pages\/26470","targetHints":{"allow":["GET"]}}],"collection":[{"href":"https:\/\/upec.edu.ec\/index.php\/wp-json\/wp\/v2\/pages"}],"about":[{"href":"https:\/\/upec.edu.ec\/index.php\/wp-json\/wp\/v2\/types\/page"}],"author":[{"embeddable":true,"href":"https:\/\/upec.edu.ec\/index.php\/wp-json\/wp\/v2\/users\/2"}],"replies":[{"embeddable":true,"href":"https:\/\/upec.edu.ec\/index.php\/wp-json\/wp\/v2\/comments?post=26470"}],"version-history":[{"count":139,"href":"https:\/\/upec.edu.ec\/index.php\/wp-json\/wp\/v2\/pages\/26470\/revisions"}],"predecessor-version":[{"id":28432,"href":"https:\/\/upec.edu.ec\/index.php\/wp-json\/wp\/v2\/pages\/26470\/revisions\/28432"}],"wp:attachment":[{"href":"https:\/\/upec.edu.ec\/index.php\/wp-json\/wp\/v2\/media?parent=26470"}],"curies":[{"name":"wp","href":"https:\/\/api.w.org\/{rel}","templated":true}]}}