{"id":26413,"date":"2024-11-07T13:56:53","date_gmt":"2024-11-07T18:56:53","guid":{"rendered":"https:\/\/upec.edu.ec\/?page_id=26413"},"modified":"2024-11-07T17:45:33","modified_gmt":"2024-11-07T22:45:33","slug":"boletin-059-2024","status":"publish","type":"page","link":"https:\/\/upec.edu.ec\/index.php\/boletin-059-2024\/","title":{"rendered":"Bolet\u00edn 059 2024"},"content":{"rendered":"\t\t<div data-elementor-type=\"wp-page\" data-elementor-id=\"26413\" class=\"elementor elementor-26413\">\n\t\t\t\t\t\t<section class=\"elementor-section elementor-top-section elementor-element elementor-element-86c772d elementor-section-full_width elementor-section-height-min-height elementor-section-items-top elementor-section-height-default\" data-id=\"86c772d\" data-element_type=\"section\">\n\t\t\t\t\t\t<div class=\"elementor-container elementor-column-gap-no\">\n\t\t\t\t\t<div class=\"elementor-column elementor-col-100 elementor-top-column elementor-element elementor-element-6caf56e\" data-id=\"6caf56e\" data-element_type=\"column\">\n\t\t\t<div class=\"elementor-widget-wrap elementor-element-populated\">\n\t\t\t\t\t\t<div class=\"elementor-element elementor-element-9fe77fd elementor-widget__width-auto elementor-widget elementor-widget-heading\" data-id=\"9fe77fd\" data-element_type=\"widget\" data-widget_type=\"heading.default\">\n\t\t\t\t<div class=\"elementor-widget-container\">\n\t\t\t\t\t<h2 class=\"elementor-heading-title elementor-size-default\">GRADUADOS DE LA UPEC SE TRANSFORMAN EN EMPRENDEDORES<\/h2>\t\t\t\t<\/div>\n\t\t\t\t<\/div>\n\t\t\t\t<div class=\"elementor-element elementor-element-6256772 elementor-widget elementor-widget-heading\" data-id=\"6256772\" data-element_type=\"widget\" data-widget_type=\"heading.default\">\n\t\t\t\t<div class=\"elementor-widget-container\">\n\t\t\t\t\t<h2 class=\"elementor-heading-title elementor-size-default\">Graduados de la Universidad Polit\u00e9cnica Estatal del Carchi (UPEC) son beneficiarios del Programa Joven Productivo del BanEcuador. El proyecto busca acercar las oportunidades de emprender a j\u00f3venes talentos, otorg\u00e1ndoles cr\u00e9ditos que van desde los $3.000 a $10.000 d\u00f3lares. Esto para quienes cuenten con una idea de modelo de negocio acorde a su campo laboral.<br><br>\nPara dar a conocer este tipo de incentivos, la Polit\u00e9cnica del Carchi abri\u00f3 sus puertas para a trav\u00e9s de un foro, socializar el programa a egresados y estudiantes de la UPEC, considerando las facilidades que otorga la banca p\u00fablica en coordinaci\u00f3n con la universidad.<br><br>\nEn el evento se entregaron certificados de cr\u00e9dito a cuatro j\u00f3venes emprendedores que hicieron realidad su sue\u00f1o siendo beneficiarios de un cr\u00e9dito del Programa Joven Productivo. Entre ellos, Janeth Lucero, graduada de la carrera de Alimentos, quien pudo abrir su negocio \u201cLuceritos Yogurt Artesanal\u201d.<br><br>\nLos requisitos que solicita BanEcuador a los j\u00f3venes son: Contar con t\u00edtulo de tercer nivel registrado en la Senescyt, tener entre 22 y 29 a\u00f1os y presentar un modelo de negocio relacionado con su campo profesional.<br><br>\nSi eres un joven graduado de la UPEC con ideas de emprendimiento, inf\u00f3rmate y atr\u00e9vete a ser un agente de cambio y promotor de empleo. Solicita m\u00e1s detalles del programa en las agencias de BanEcuador. Para la elaboraci\u00f3n del modelo de negocio, la carrera Administraci\u00f3n de Empresas se encuentra brindado el apoyo t\u00e9cnico a los egresados.<br><br><\/h2>\t\t\t\t<\/div>\n\t\t\t\t<\/div>\n\t\t\t\t\t<\/div>\n\t\t<\/div>\n\t\t\t\t\t<\/div>\n\t\t<\/section>\n\t\t\t\t<section class=\"elementor-section elementor-top-section elementor-element elementor-element-2cd4369 elementor-section-full_width elementor-section-height-min-height elementor-section-items-top elementor-section-height-default\" data-id=\"2cd4369\" data-element_type=\"section\">\n\t\t\t\t\t\t<div class=\"elementor-container elementor-column-gap-no\">\n\t\t\t\t\t<div class=\"elementor-column elementor-col-100 elementor-top-column elementor-element elementor-element-a7fd849\" data-id=\"a7fd849\" data-element_type=\"column\">\n\t\t\t<div class=\"elementor-widget-wrap elementor-element-populated\">\n\t\t\t\t\t\t<div class=\"elementor-element elementor-element-725a38a elementor-widget__width-initial elementor-widget elementor-widget-image\" data-id=\"725a38a\" data-element_type=\"widget\" data-widget_type=\"image.default\">\n\t\t\t\t<div class=\"elementor-widget-container\">\n\t\t\t\t\t\t\t\t\t\t\t\t\t\t\t<img fetchpriority=\"high\" decoding=\"async\" width=\"1920\" height=\"1280\" src=\"https:\/\/upec.edu.ec\/wp-content\/uploads\/2024\/11\/boletin_59_01.jpg\" class=\"attachment-full size-full wp-image-26404\" alt=\"\" srcset=\"https:\/\/upec.edu.ec\/wp-content\/uploads\/2024\/11\/boletin_59_01.jpg 1920w, https:\/\/upec.edu.ec\/wp-content\/uploads\/2024\/11\/boletin_59_01-600x400.jpg 600w, https:\/\/upec.edu.ec\/wp-content\/uploads\/2024\/11\/boletin_59_01-300x200.jpg 300w, https:\/\/upec.edu.ec\/wp-content\/uploads\/2024\/11\/boletin_59_01-1024x683.jpg 1024w, https:\/\/upec.edu.ec\/wp-content\/uploads\/2024\/11\/boletin_59_01-768x512.jpg 768w, https:\/\/upec.edu.ec\/wp-content\/uploads\/2024\/11\/boletin_59_01-1536x1024.jpg 1536w\" sizes=\"(max-width: 1920px) 100vw, 1920px\" \/>\t\t\t\t\t\t\t\t\t\t\t\t\t\t\t<\/div>\n\t\t\t\t<\/div>\n\t\t\t\t<div class=\"elementor-element elementor-element-4b172a4 elementor-widget__width-initial elementor-widget elementor-widget-image\" data-id=\"4b172a4\" data-element_type=\"widget\" data-widget_type=\"image.default\">\n\t\t\t\t<div class=\"elementor-widget-container\">\n\t\t\t\t\t\t\t\t\t\t\t\t\t\t\t<img decoding=\"async\" width=\"1920\" height=\"1280\" src=\"https:\/\/upec.edu.ec\/wp-content\/uploads\/2024\/11\/boletin_59_02.jpg\" class=\"attachment-full size-full wp-image-26406\" alt=\"\" srcset=\"https:\/\/upec.edu.ec\/wp-content\/uploads\/2024\/11\/boletin_59_02.jpg 1920w, https:\/\/upec.edu.ec\/wp-content\/uploads\/2024\/11\/boletin_59_02-600x400.jpg 600w, https:\/\/upec.edu.ec\/wp-content\/uploads\/2024\/11\/boletin_59_02-300x200.jpg 300w, https:\/\/upec.edu.ec\/wp-content\/uploads\/2024\/11\/boletin_59_02-1024x683.jpg 1024w, https:\/\/upec.edu.ec\/wp-content\/uploads\/2024\/11\/boletin_59_02-768x512.jpg 768w, https:\/\/upec.edu.ec\/wp-content\/uploads\/2024\/11\/boletin_59_02-1536x1024.jpg 1536w\" sizes=\"(max-width: 1920px) 100vw, 1920px\" \/>\t\t\t\t\t\t\t\t\t\t\t\t\t\t\t<\/div>\n\t\t\t\t<\/div>\n\t\t\t\t<div class=\"elementor-element elementor-element-32f2994 elementor-widget__width-initial elementor-widget elementor-widget-image\" data-id=\"32f2994\" data-element_type=\"widget\" data-widget_type=\"image.default\">\n\t\t\t\t<div class=\"elementor-widget-container\">\n\t\t\t\t\t\t\t\t\t\t\t\t\t\t\t<img decoding=\"async\" width=\"1920\" height=\"1280\" src=\"https:\/\/upec.edu.ec\/wp-content\/uploads\/2024\/11\/boletin_59_03.jpg\" class=\"attachment-full size-full wp-image-26407\" alt=\"\" srcset=\"https:\/\/upec.edu.ec\/wp-content\/uploads\/2024\/11\/boletin_59_03.jpg 1920w, https:\/\/upec.edu.ec\/wp-content\/uploads\/2024\/11\/boletin_59_03-600x400.jpg 600w, https:\/\/upec.edu.ec\/wp-content\/uploads\/2024\/11\/boletin_59_03-300x200.jpg 300w, https:\/\/upec.edu.ec\/wp-content\/uploads\/2024\/11\/boletin_59_03-1024x683.jpg 1024w, https:\/\/upec.edu.ec\/wp-content\/uploads\/2024\/11\/boletin_59_03-768x512.jpg 768w, https:\/\/upec.edu.ec\/wp-content\/uploads\/2024\/11\/boletin_59_03-1536x1024.jpg 1536w\" sizes=\"(max-width: 1920px) 100vw, 1920px\" \/>\t\t\t\t\t\t\t\t\t\t\t\t\t\t\t<\/div>\n\t\t\t\t<\/div>\n\t\t\t\t\t<\/div>\n\t\t<\/div>\n\t\t\t\t\t<\/div>\n\t\t<\/section>\n\t\t\t\t<section class=\"elementor-section elementor-top-section elementor-element elementor-element-b1f7cd2 elementor-section-full_width elementor-section-height-min-height elementor-section-items-top elementor-section-height-default\" data-id=\"b1f7cd2\" data-element_type=\"section\">\n\t\t\t\t\t\t<div class=\"elementor-container elementor-column-gap-no\">\n\t\t\t\t\t<div class=\"elementor-column elementor-col-100 elementor-top-column elementor-element elementor-element-2b2b894\" data-id=\"2b2b894\" data-element_type=\"column\">\n\t\t\t<div class=\"elementor-widget-wrap elementor-element-populated\">\n\t\t\t\t\t\t<div class=\"elementor-element elementor-element-e6cd8cf elementor-widget elementor-widget-text-editor\" data-id=\"e6cd8cf\" data-element_type=\"widget\" data-widget_type=\"text-editor.default\">\n\t\t\t\t<div class=\"elementor-widget-container\">\n\t\t\t\t\t\t\t\t\t<p style=\"text-align: center;\"><span style=\"color: #999999;\">Pie de foto: <span data-olk-copy-source=\"MessageBody\">Graduados de la UPEC son beneficiarios del Programa Joven Productivo del BanEcuador<\/span><\/span><span style=\"color: var( --e-global-color-text ); background-color: var(--ast-global-color-5);\">.<\/span><\/p><p><!--StartFragment--><!--EndFragment--><\/p>\t\t\t\t\t\t\t\t<\/div>\n\t\t\t\t<\/div>\n\t\t\t\t\t<\/div>\n\t\t<\/div>\n\t\t\t\t\t<\/div>\n\t\t<\/section>\n\t\t\t\t<section class=\"elementor-section elementor-top-section elementor-element elementor-element-3d0f6cb elementor-section-boxed elementor-section-height-default elementor-section-height-default\" data-id=\"3d0f6cb\" data-element_type=\"section\">\n\t\t\t\t\t\t<div class=\"elementor-container elementor-column-gap-default\">\n\t\t\t\t\t<div class=\"elementor-column elementor-col-100 elementor-top-column elementor-element elementor-element-ae879ca\" data-id=\"ae879ca\" data-element_type=\"column\">\n\t\t\t<div class=\"elementor-widget-wrap\">\n\t\t\t\t\t\t\t<\/div>\n\t\t<\/div>\n\t\t\t\t\t<\/div>\n\t\t<\/section>\n\t\t\t\t<\/div>\n\t\t","protected":false},"excerpt":{"rendered":"<p>GRADUADOS DE LA UPEC SE TRANSFORMAN EN EMPRENDEDORES Graduados de la Universidad Polit\u00e9cnica Estatal del Carchi (UPEC) son beneficiarios del Programa Joven Productivo del BanEcuador. El proyecto busca acercar las oportunidades de emprender a j\u00f3venes talentos, otorg\u00e1ndoles cr\u00e9ditos que van desde los $3.000 a $10.000 d\u00f3lares. Esto para quienes cuenten con una idea de modelo [&hellip;]<\/p>\n","protected":false},"author":2,"featured_media":0,"parent":0,"menu_order":0,"comment_status":"closed","ping_status":"closed","template":"","meta":{"site-sidebar-layout":"default","site-content-layout":"","ast-site-content-layout":"default","site-content-style":"default","site-sidebar-style":"default","ast-global-header-display":"","ast-banner-title-visibility":"","ast-main-header-display":"","ast-hfb-above-header-display":"","ast-hfb-below-header-display":"","ast-hfb-mobile-header-display":"","site-post-title":"disabled","ast-breadcrumbs-content":"","ast-featured-img":"","footer-sml-layout":"","theme-transparent-header-meta":"","adv-header-id-meta":"","stick-header-meta":"","header-above-stick-meta":"","header-main-stick-meta":"","header-below-stick-meta":"","astra-migrate-meta-layouts":"set","ast-page-background-enabled":"default","ast-page-background-meta":{"desktop":{"background-color":"var(--ast-global-color-4)","background-image":"","background-repeat":"repeat","background-position":"center center","background-size":"auto","background-attachment":"scroll","background-type":"","background-media":"","overlay-type":"","overlay-color":"","overlay-opacity":"","overlay-gradient":""},"tablet":{"background-color":"","background-image":"","background-repeat":"repeat","background-position":"center center","background-size":"auto","background-attachment":"scroll","background-type":"","background-media":"","overlay-type":"","overlay-color":"","overlay-opacity":"","overlay-gradient":""},"mobile":{"background-color":"","background-image":"","background-repeat":"repeat","background-position":"center center","background-size":"auto","background-attachment":"scroll","background-type":"","background-media":"","overlay-type":"","overlay-color":"","overlay-opacity":"","overlay-gradient":""}},"ast-content-background-meta":{"desktop":{"background-color":"var(--ast-global-color-5)","background-image":"","background-repeat":"repeat","background-position":"center center","background-size":"auto","background-attachment":"scroll","background-type":"","background-media":"","overlay-type":"","overlay-color":"","overlay-opacity":"","overlay-gradient":""},"tablet":{"background-color":"var(--ast-global-color-5)","background-image":"","background-repeat":"repeat","background-position":"center center","background-size":"auto","background-attachment":"scroll","background-type":"","background-media":"","overlay-type":"","overlay-color":"","overlay-opacity":"","overlay-gradient":""},"mobile":{"background-color":"var(--ast-global-color-5)","background-image":"","background-repeat":"repeat","background-position":"center center","background-size":"auto","background-attachment":"scroll","background-type":"","background-media":"","overlay-type":"","overlay-color":"","overlay-opacity":"","overlay-gradient":""}},"footnotes":""},"class_list":["post-26413","page","type-page","status-publish","hentry"],"_links":{"self":[{"href":"https:\/\/upec.edu.ec\/index.php\/wp-json\/wp\/v2\/pages\/26413","targetHints":{"allow":["GET"]}}],"collection":[{"href":"https:\/\/upec.edu.ec\/index.php\/wp-json\/wp\/v2\/pages"}],"about":[{"href":"https:\/\/upec.edu.ec\/index.php\/wp-json\/wp\/v2\/types\/page"}],"author":[{"embeddable":true,"href":"https:\/\/upec.edu.ec\/index.php\/wp-json\/wp\/v2\/users\/2"}],"replies":[{"embeddable":true,"href":"https:\/\/upec.edu.ec\/index.php\/wp-json\/wp\/v2\/comments?post=26413"}],"version-history":[{"count":7,"href":"https:\/\/upec.edu.ec\/index.php\/wp-json\/wp\/v2\/pages\/26413\/revisions"}],"predecessor-version":[{"id":26432,"href":"https:\/\/upec.edu.ec\/index.php\/wp-json\/wp\/v2\/pages\/26413\/revisions\/26432"}],"wp:attachment":[{"href":"https:\/\/upec.edu.ec\/index.php\/wp-json\/wp\/v2\/media?parent=26413"}],"curies":[{"name":"wp","href":"https:\/\/api.w.org\/{rel}","templated":true}]}}