{"id":25350,"date":"2024-09-09T17:46:01","date_gmt":"2024-09-09T22:46:01","guid":{"rendered":"https:\/\/upec.edu.ec\/?page_id=25350"},"modified":"2024-09-09T17:54:16","modified_gmt":"2024-09-09T22:54:16","slug":"boletin-055-2024","status":"publish","type":"page","link":"https:\/\/upec.edu.ec\/index.php\/boletin-055-2024\/","title":{"rendered":"Bolet\u00edn 055 2024"},"content":{"rendered":"\t\t<div data-elementor-type=\"wp-page\" data-elementor-id=\"25350\" class=\"elementor elementor-25350\">\n\t\t\t\t\t\t<section class=\"elementor-section elementor-top-section elementor-element elementor-element-86c772d elementor-section-full_width elementor-section-height-min-height elementor-section-items-top elementor-section-height-default\" data-id=\"86c772d\" data-element_type=\"section\">\n\t\t\t\t\t\t<div class=\"elementor-container elementor-column-gap-no\">\n\t\t\t\t\t<div class=\"elementor-column elementor-col-100 elementor-top-column elementor-element elementor-element-6caf56e\" data-id=\"6caf56e\" data-element_type=\"column\">\n\t\t\t<div class=\"elementor-widget-wrap elementor-element-populated\">\n\t\t\t\t\t\t<div class=\"elementor-element elementor-element-9fe77fd elementor-widget__width-auto elementor-widget elementor-widget-heading\" data-id=\"9fe77fd\" data-element_type=\"widget\" data-widget_type=\"heading.default\">\n\t\t\t\t<div class=\"elementor-widget-container\">\n\t\t\t\t\t<h2 class=\"elementor-heading-title elementor-size-default\">SE ALISTAN PREPARATIVOS PARA EL \u201cUPEC LIBRO FEST\u201d<\/h2>\t\t\t\t<\/div>\n\t\t\t\t<\/div>\n\t\t\t\t<div class=\"elementor-element elementor-element-6256772 elementor-widget elementor-widget-heading\" data-id=\"6256772\" data-element_type=\"widget\" data-widget_type=\"heading.default\">\n\t\t\t\t<div class=\"elementor-widget-container\">\n\t\t\t\t\t<h2 class=\"elementor-heading-title elementor-size-default\">La primera edici\u00f3n del \u201cUPEC Libro Fest\u201d est\u00e1 cerca, la Universidad Polit\u00e9cnica Estatal del Carchi (UPEC) ser\u00e1 el epicentro del encuentro m\u00e1s grande en la provincia del Carchi dedicado a la promoci\u00f3n de la lectura para ni\u00f1os y adolescentes. El evento se realizar\u00e1 del 26 al 28 de septiembre en diferentes escenarios del campus universitario, con la participaci\u00f3n de importantes editoriales e invitados nacionales y del sur de Colombia.<br><br>\n\nEl objetivo de este esfuerzo interinstitucional es ofrecer al p\u00fablico en general una alternativa gratuita de programaci\u00f3n cultural, fomentar la lectura, escritura, fortalecer el di\u00e1logo y la actitud cr\u00edtica de quienes habitan en la regi\u00f3n. Se espera que Tulc\u00e1n se posicione como una ciudad del conocimiento, en el que la UPEC ser\u00e1 el centro de las actividades acad\u00e9micas y culturales.<br><br>\n\nEl \u201cUPEC Libro Fest\u201d se ha planificado como un espacio incluyente que incorpora actividades diversas de inter\u00e9s general y que contar\u00e1 con una variada agenda de actividades que incluyen presentaci\u00f3n de libros, muestras editoriales, exposiciones art\u00edsticas, conversatorios de diversas tem\u00e1ticas con autores nacionales y extranjeros, talleres de lectura dirigidos a colegios, exhibiciones y franjas formativas y pedag\u00f3gicas.<br><br>\n\n\nEl evento es apto para todo p\u00fablico y se pretende afianzar la integraci\u00f3n de la frontera colombo-ecuatoriana. La presencia de estudiantes de b\u00e1sica y bachillerato de la provincia del Carchi es fundamental para una convivencia plena de todos los niveles de educaci\u00f3n en la promoci\u00f3n de la lectura. De igual manera, los estudiantes de la UPEC participar\u00e1n en las actividades planteadas para vincularse con la comunidad que viene de otros entornos educativos.<br><br>\n\nEl \u201cUPEC Libro Fest\u201d prepara siete locaciones en las que se desarrollar\u00e1n las diferentes actividades de manera simult\u00e1nea, habr\u00e1 muchas sorpresas e invitados especiales, para los j\u00f3venes aficionados al comic y mundo gamer se dispondr\u00e1 dos \u00e1reas dise\u00f1adas para que los visitantes puedan disfrutar de una feria y exposici\u00f3n de esta cultura de consumo.<br><br>\n\nPrevio a las tres jornadas oficiales del evento, se han realizado actividades de promoci\u00f3n de la lectura de cuentos con ni\u00f1os y j\u00f3venes en espacios p\u00fablicos y cafeter\u00edas de la localidad. Adem\u00e1s, se invita a los escritores locales a presentar su obra literaria para ser parte de la exposici\u00f3n de ejemplares, los interesados pueden comunicarse al 0959972644, aprovecha esta oportunidad para poner tu creaci\u00f3n literaria a disposici\u00f3n del p\u00fablico lector.<br><br><\/h2>\t\t\t\t<\/div>\n\t\t\t\t<\/div>\n\t\t\t\t\t<\/div>\n\t\t<\/div>\n\t\t\t\t\t<\/div>\n\t\t<\/section>\n\t\t\t\t<section class=\"elementor-section elementor-top-section elementor-element elementor-element-2cd4369 elementor-section-full_width elementor-section-height-min-height elementor-section-items-top elementor-section-height-default\" data-id=\"2cd4369\" data-element_type=\"section\">\n\t\t\t\t\t\t<div class=\"elementor-container elementor-column-gap-no\">\n\t\t\t\t\t<div class=\"elementor-column elementor-col-100 elementor-top-column elementor-element elementor-element-a7fd849\" data-id=\"a7fd849\" data-element_type=\"column\">\n\t\t\t<div class=\"elementor-widget-wrap elementor-element-populated\">\n\t\t\t\t\t\t<div class=\"elementor-element elementor-element-725a38a elementor-widget__width-initial elementor-widget elementor-widget-image\" data-id=\"725a38a\" data-element_type=\"widget\" data-widget_type=\"image.default\">\n\t\t\t\t<div class=\"elementor-widget-container\">\n\t\t\t\t\t\t\t\t\t\t\t\t\t\t\t<img fetchpriority=\"high\" decoding=\"async\" width=\"1920\" height=\"1225\" src=\"https:\/\/upec.edu.ec\/wp-content\/uploads\/2024\/09\/boletin_55_01-e1731020347762.jpg\" class=\"attachment-full size-full wp-image-25362\" alt=\"\" srcset=\"https:\/\/upec.edu.ec\/wp-content\/uploads\/2024\/09\/boletin_55_01-e1731020347762.jpg 1920w, https:\/\/upec.edu.ec\/wp-content\/uploads\/2024\/09\/boletin_55_01-e1731020347762-600x383.jpg 600w, https:\/\/upec.edu.ec\/wp-content\/uploads\/2024\/09\/boletin_55_01-e1731020347762-300x191.jpg 300w, https:\/\/upec.edu.ec\/wp-content\/uploads\/2024\/09\/boletin_55_01-e1731020347762-1024x653.jpg 1024w, https:\/\/upec.edu.ec\/wp-content\/uploads\/2024\/09\/boletin_55_01-e1731020347762-768x490.jpg 768w, https:\/\/upec.edu.ec\/wp-content\/uploads\/2024\/09\/boletin_55_01-e1731020347762-1536x980.jpg 1536w\" sizes=\"(max-width: 1920px) 100vw, 1920px\" \/>\t\t\t\t\t\t\t\t\t\t\t\t\t\t\t<\/div>\n\t\t\t\t<\/div>\n\t\t\t\t<div class=\"elementor-element elementor-element-4b172a4 elementor-widget__width-initial elementor-widget elementor-widget-image\" data-id=\"4b172a4\" data-element_type=\"widget\" data-widget_type=\"image.default\">\n\t\t\t\t<div class=\"elementor-widget-container\">\n\t\t\t\t\t\t\t\t\t\t\t\t\t\t\t<img decoding=\"async\" width=\"1920\" height=\"1280\" src=\"https:\/\/upec.edu.ec\/wp-content\/uploads\/2024\/09\/boletin_55_02.jpg\" class=\"attachment-full size-full wp-image-25360\" alt=\"\" srcset=\"https:\/\/upec.edu.ec\/wp-content\/uploads\/2024\/09\/boletin_55_02.jpg 1920w, https:\/\/upec.edu.ec\/wp-content\/uploads\/2024\/09\/boletin_55_02-600x400.jpg 600w, https:\/\/upec.edu.ec\/wp-content\/uploads\/2024\/09\/boletin_55_02-300x200.jpg 300w, https:\/\/upec.edu.ec\/wp-content\/uploads\/2024\/09\/boletin_55_02-1024x683.jpg 1024w, https:\/\/upec.edu.ec\/wp-content\/uploads\/2024\/09\/boletin_55_02-768x512.jpg 768w, https:\/\/upec.edu.ec\/wp-content\/uploads\/2024\/09\/boletin_55_02-1536x1024.jpg 1536w\" sizes=\"(max-width: 1920px) 100vw, 1920px\" \/>\t\t\t\t\t\t\t\t\t\t\t\t\t\t\t<\/div>\n\t\t\t\t<\/div>\n\t\t\t\t<div class=\"elementor-element elementor-element-32f2994 elementor-widget__width-initial elementor-widget elementor-widget-image\" data-id=\"32f2994\" data-element_type=\"widget\" data-widget_type=\"image.default\">\n\t\t\t\t<div class=\"elementor-widget-container\">\n\t\t\t\t\t\t\t\t\t\t\t\t\t\t\t<img decoding=\"async\" width=\"1920\" height=\"1280\" src=\"https:\/\/upec.edu.ec\/wp-content\/uploads\/2024\/09\/boletin_55_03.jpg\" class=\"attachment-full size-full wp-image-25361\" alt=\"\" srcset=\"https:\/\/upec.edu.ec\/wp-content\/uploads\/2024\/09\/boletin_55_03.jpg 1920w, https:\/\/upec.edu.ec\/wp-content\/uploads\/2024\/09\/boletin_55_03-600x400.jpg 600w, https:\/\/upec.edu.ec\/wp-content\/uploads\/2024\/09\/boletin_55_03-300x200.jpg 300w, https:\/\/upec.edu.ec\/wp-content\/uploads\/2024\/09\/boletin_55_03-1024x683.jpg 1024w, https:\/\/upec.edu.ec\/wp-content\/uploads\/2024\/09\/boletin_55_03-768x512.jpg 768w, https:\/\/upec.edu.ec\/wp-content\/uploads\/2024\/09\/boletin_55_03-1536x1024.jpg 1536w\" sizes=\"(max-width: 1920px) 100vw, 1920px\" \/>\t\t\t\t\t\t\t\t\t\t\t\t\t\t\t<\/div>\n\t\t\t\t<\/div>\n\t\t\t\t\t<\/div>\n\t\t<\/div>\n\t\t\t\t\t<\/div>\n\t\t<\/section>\n\t\t\t\t<section class=\"elementor-section elementor-top-section elementor-element elementor-element-b1f7cd2 elementor-section-full_width elementor-section-height-min-height elementor-section-items-top elementor-section-height-default\" data-id=\"b1f7cd2\" data-element_type=\"section\">\n\t\t\t\t\t\t<div class=\"elementor-container elementor-column-gap-no\">\n\t\t\t\t\t<div class=\"elementor-column elementor-col-100 elementor-top-column elementor-element elementor-element-2b2b894\" data-id=\"2b2b894\" data-element_type=\"column\">\n\t\t\t<div class=\"elementor-widget-wrap elementor-element-populated\">\n\t\t\t\t\t\t<div class=\"elementor-element elementor-element-e6cd8cf elementor-widget elementor-widget-text-editor\" data-id=\"e6cd8cf\" data-element_type=\"widget\" data-widget_type=\"text-editor.default\">\n\t\t\t\t<div class=\"elementor-widget-container\">\n\t\t\t\t\t\t\t\t\t<p style=\"text-align: center;\"><span style=\"color: #999999;\">Pie de foto: El pasado jueves se realiz\u00f3 la actividad de promoci\u00f3n lectora en La Casa del Qu\u00e9 Dir\u00e1n, donde adem\u00e1s hubo t\u00edteres y m\u00e1s.<\/span><\/p>\t\t\t\t\t\t\t\t<\/div>\n\t\t\t\t<\/div>\n\t\t\t\t\t<\/div>\n\t\t<\/div>\n\t\t\t\t\t<\/div>\n\t\t<\/section>\n\t\t\t\t<section class=\"elementor-section elementor-top-section elementor-element elementor-element-3d0f6cb elementor-section-boxed elementor-section-height-default elementor-section-height-default\" data-id=\"3d0f6cb\" data-element_type=\"section\">\n\t\t\t\t\t\t<div class=\"elementor-container elementor-column-gap-default\">\n\t\t\t\t\t<div class=\"elementor-column elementor-col-100 elementor-top-column elementor-element elementor-element-ae879ca\" data-id=\"ae879ca\" data-element_type=\"column\">\n\t\t\t<div class=\"elementor-widget-wrap\">\n\t\t\t\t\t\t\t<\/div>\n\t\t<\/div>\n\t\t\t\t\t<\/div>\n\t\t<\/section>\n\t\t\t\t<\/div>\n\t\t","protected":false},"excerpt":{"rendered":"<p>SE ALISTAN PREPARATIVOS PARA EL \u201cUPEC LIBRO FEST\u201d La primera edici\u00f3n del \u201cUPEC Libro Fest\u201d est\u00e1 cerca, la Universidad Polit\u00e9cnica Estatal del Carchi (UPEC) ser\u00e1 el epicentro del encuentro m\u00e1s grande en la provincia del Carchi dedicado a la promoci\u00f3n de la lectura para ni\u00f1os y adolescentes. El evento se realizar\u00e1 del 26 al 28 [&hellip;]<\/p>\n","protected":false},"author":2,"featured_media":0,"parent":0,"menu_order":0,"comment_status":"closed","ping_status":"closed","template":"","meta":{"site-sidebar-layout":"default","site-content-layout":"","ast-site-content-layout":"default","site-content-style":"default","site-sidebar-style":"default","ast-global-header-display":"","ast-banner-title-visibility":"","ast-main-header-display":"","ast-hfb-above-header-display":"","ast-hfb-below-header-display":"","ast-hfb-mobile-header-display":"","site-post-title":"disabled","ast-breadcrumbs-content":"","ast-featured-img":"","footer-sml-layout":"","theme-transparent-header-meta":"","adv-header-id-meta":"","stick-header-meta":"","header-above-stick-meta":"","header-main-stick-meta":"","header-below-stick-meta":"","astra-migrate-meta-layouts":"set","ast-page-background-enabled":"default","ast-page-background-meta":{"desktop":{"background-color":"var(--ast-global-color-4)","background-image":"","background-repeat":"repeat","background-position":"center center","background-size":"auto","background-attachment":"scroll","background-type":"","background-media":"","overlay-type":"","overlay-color":"","overlay-opacity":"","overlay-gradient":""},"tablet":{"background-color":"","background-image":"","background-repeat":"repeat","background-position":"center center","background-size":"auto","background-attachment":"scroll","background-type":"","background-media":"","overlay-type":"","overlay-color":"","overlay-opacity":"","overlay-gradient":""},"mobile":{"background-color":"","background-image":"","background-repeat":"repeat","background-position":"center center","background-size":"auto","background-attachment":"scroll","background-type":"","background-media":"","overlay-type":"","overlay-color":"","overlay-opacity":"","overlay-gradient":""}},"ast-content-background-meta":{"desktop":{"background-color":"var(--ast-global-color-5)","background-image":"","background-repeat":"repeat","background-position":"center center","background-size":"auto","background-attachment":"scroll","background-type":"","background-media":"","overlay-type":"","overlay-color":"","overlay-opacity":"","overlay-gradient":""},"tablet":{"background-color":"var(--ast-global-color-5)","background-image":"","background-repeat":"repeat","background-position":"center center","background-size":"auto","background-attachment":"scroll","background-type":"","background-media":"","overlay-type":"","overlay-color":"","overlay-opacity":"","overlay-gradient":""},"mobile":{"background-color":"var(--ast-global-color-5)","background-image":"","background-repeat":"repeat","background-position":"center center","background-size":"auto","background-attachment":"scroll","background-type":"","background-media":"","overlay-type":"","overlay-color":"","overlay-opacity":"","overlay-gradient":""}},"footnotes":""},"class_list":["post-25350","page","type-page","status-publish","hentry"],"_links":{"self":[{"href":"https:\/\/upec.edu.ec\/index.php\/wp-json\/wp\/v2\/pages\/25350","targetHints":{"allow":["GET"]}}],"collection":[{"href":"https:\/\/upec.edu.ec\/index.php\/wp-json\/wp\/v2\/pages"}],"about":[{"href":"https:\/\/upec.edu.ec\/index.php\/wp-json\/wp\/v2\/types\/page"}],"author":[{"embeddable":true,"href":"https:\/\/upec.edu.ec\/index.php\/wp-json\/wp\/v2\/users\/2"}],"replies":[{"embeddable":true,"href":"https:\/\/upec.edu.ec\/index.php\/wp-json\/wp\/v2\/comments?post=25350"}],"version-history":[{"count":10,"href":"https:\/\/upec.edu.ec\/index.php\/wp-json\/wp\/v2\/pages\/25350\/revisions"}],"predecessor-version":[{"id":25365,"href":"https:\/\/upec.edu.ec\/index.php\/wp-json\/wp\/v2\/pages\/25350\/revisions\/25365"}],"wp:attachment":[{"href":"https:\/\/upec.edu.ec\/index.php\/wp-json\/wp\/v2\/media?parent=25350"}],"curies":[{"name":"wp","href":"https:\/\/api.w.org\/{rel}","templated":true}]}}