{"id":25132,"date":"2024-08-21T09:24:43","date_gmt":"2024-08-21T14:24:43","guid":{"rendered":"https:\/\/upec.edu.ec\/?page_id=25132"},"modified":"2024-08-21T09:53:52","modified_gmt":"2024-08-21T14:53:52","slug":"boletin-052-2024","status":"publish","type":"page","link":"https:\/\/upec.edu.ec\/index.php\/boletin-052-2024\/","title":{"rendered":"Bolet\u00edn 052 2024"},"content":{"rendered":"\t\t<div data-elementor-type=\"wp-page\" data-elementor-id=\"25132\" class=\"elementor elementor-25132\">\n\t\t\t\t\t\t<section class=\"elementor-section elementor-top-section elementor-element elementor-element-86c772d elementor-section-full_width elementor-section-height-min-height elementor-section-items-top elementor-section-height-default\" data-id=\"86c772d\" data-element_type=\"section\">\n\t\t\t\t\t\t<div class=\"elementor-container elementor-column-gap-no\">\n\t\t\t\t\t<div class=\"elementor-column elementor-col-100 elementor-top-column elementor-element elementor-element-6caf56e\" data-id=\"6caf56e\" data-element_type=\"column\">\n\t\t\t<div class=\"elementor-widget-wrap elementor-element-populated\">\n\t\t\t\t\t\t<div class=\"elementor-element elementor-element-9fe77fd elementor-widget__width-auto elementor-widget elementor-widget-heading\" data-id=\"9fe77fd\" data-element_type=\"widget\" data-widget_type=\"heading.default\">\n\t\t\t\t<div class=\"elementor-widget-container\">\n\t\t\t\t\t<h2 class=\"elementor-heading-title elementor-size-default\">CONSULTA LOS RESULTADOS DE LA EVALUACI\u00d3N DEL PROCESO DE ADMISI\u00d3N 2024-B<\/h2>\t\t\t\t<\/div>\n\t\t\t\t<\/div>\n\t\t\t\t<div class=\"elementor-element elementor-element-6256772 elementor-widget elementor-widget-heading\" data-id=\"6256772\" data-element_type=\"widget\" data-widget_type=\"heading.default\">\n\t\t\t\t<div class=\"elementor-widget-container\">\n\t\t\t\t\t<h2 class=\"elementor-heading-title elementor-size-default\">Los aspirantes inscritos en el Proceso de Admisi\u00f3n 2024B que lleva a cabo la Universidad Polit\u00e9cnica Estatal del Carchi (UPEC) para garantizar el acceso a la educaci\u00f3n superior p\u00fablica, pueden visualizar los resultados del Test UPEC de la Fase Evaluaci\u00f3n a partir del 21 de agosto en el portafolio estudiantil del Sistema de Admisi\u00f3n, ingresando a la pesta\u00f1a evaluaci\u00f3n.<br><br>\n\nLos 4196 aspirantes inscritos tuvieron 120 minutos para rendir la evaluaci\u00f3n en modalidad virtual, para quienes presentaron inconvenientes y no lograron presentarse al examen el 15 de agosto, se dispuso la etapa de Reprogramaci\u00f3n de la Evaluaci\u00f3n para el 16 de agosto. En esta segunda etapa de la Evaluaci\u00f3n se presentaron 274 aspirantes lo que constituye el 6,53% de los postulantes inscritos.<br><br>\n\nLos resultados del Test UPEC corresponden al 50% de la nota de postulaci\u00f3n, esta se suma al promedio del r\u00e9cord acad\u00e9mico que equivale al 50%, lo que determina la nota final con la que los aspirantes podr\u00e1n desarrollar la fase de postulaci\u00f3n del 23 al 26 de agosto, en la que deber\u00e1n seleccionar tres carreras en orden de prioridad dentro de la oferta acad\u00e9mica vigente de la Polit\u00e9cnica del Carchi. Adem\u00e1s, tienen la opci\u00f3n de elegir la nota de postulaci\u00f3n m\u00e1s alta, si rindieron la evaluaci\u00f3n en procesos de admisi\u00f3n anteriores en la UPEC.<br><br>\n\n\nEn la asignaci\u00f3n de cupos para los aspirantes, se toma en cuenta la nota de postulaci\u00f3n m\u00e1s acciones afirmativas, esta fase se desarrollar\u00e1 el 27 y 28 de agosto. Los aspirantes mejor puntuados recibir\u00e1n un cupo entre los 1190 que oferta la Polit\u00e9cnica del Carchi en 16 carreras de grado.<br><br><\/h2>\t\t\t\t<\/div>\n\t\t\t\t<\/div>\n\t\t\t\t\t<\/div>\n\t\t<\/div>\n\t\t\t\t\t<\/div>\n\t\t<\/section>\n\t\t\t\t<section class=\"elementor-section elementor-top-section elementor-element elementor-element-2cd4369 elementor-section-full_width elementor-section-height-min-height elementor-section-items-top elementor-section-height-default\" data-id=\"2cd4369\" data-element_type=\"section\">\n\t\t\t\t\t\t<div class=\"elementor-container elementor-column-gap-no\">\n\t\t\t\t\t<div class=\"elementor-column elementor-col-100 elementor-top-column elementor-element elementor-element-a7fd849\" data-id=\"a7fd849\" data-element_type=\"column\">\n\t\t\t<div class=\"elementor-widget-wrap elementor-element-populated\">\n\t\t\t\t\t\t<div class=\"elementor-element elementor-element-725a38a elementor-widget__width-initial elementor-widget elementor-widget-image\" data-id=\"725a38a\" data-element_type=\"widget\" data-widget_type=\"image.default\">\n\t\t\t\t<div class=\"elementor-widget-container\">\n\t\t\t\t\t\t\t\t\t\t\t\t\t\t\t<img fetchpriority=\"high\" decoding=\"async\" width=\"1920\" height=\"1280\" src=\"https:\/\/upec.edu.ec\/wp-content\/uploads\/2024\/08\/boletin_52_01.jpg\" class=\"attachment-full size-full wp-image-25131\" alt=\"\" srcset=\"https:\/\/upec.edu.ec\/wp-content\/uploads\/2024\/08\/boletin_52_01.jpg 1920w, https:\/\/upec.edu.ec\/wp-content\/uploads\/2024\/08\/boletin_52_01-600x400.jpg 600w, https:\/\/upec.edu.ec\/wp-content\/uploads\/2024\/08\/boletin_52_01-300x200.jpg 300w, https:\/\/upec.edu.ec\/wp-content\/uploads\/2024\/08\/boletin_52_01-1024x683.jpg 1024w, https:\/\/upec.edu.ec\/wp-content\/uploads\/2024\/08\/boletin_52_01-768x512.jpg 768w, https:\/\/upec.edu.ec\/wp-content\/uploads\/2024\/08\/boletin_52_01-1536x1024.jpg 1536w\" sizes=\"(max-width: 1920px) 100vw, 1920px\" \/>\t\t\t\t\t\t\t\t\t\t\t\t\t\t\t<\/div>\n\t\t\t\t<\/div>\n\t\t\t\t<div class=\"elementor-element elementor-element-4b172a4 elementor-widget__width-initial elementor-widget elementor-widget-image\" data-id=\"4b172a4\" data-element_type=\"widget\" data-widget_type=\"image.default\">\n\t\t\t\t<div class=\"elementor-widget-container\">\n\t\t\t\t\t\t\t\t\t\t\t\t\t\t\t<img decoding=\"async\" width=\"1280\" height=\"720\" src=\"https:\/\/upec.edu.ec\/wp-content\/uploads\/2024\/08\/boletin_52_02.jpg\" class=\"attachment-full size-full wp-image-25130\" alt=\"\" srcset=\"https:\/\/upec.edu.ec\/wp-content\/uploads\/2024\/08\/boletin_52_02.jpg 1280w, https:\/\/upec.edu.ec\/wp-content\/uploads\/2024\/08\/boletin_52_02-600x338.jpg 600w, https:\/\/upec.edu.ec\/wp-content\/uploads\/2024\/08\/boletin_52_02-300x169.jpg 300w, https:\/\/upec.edu.ec\/wp-content\/uploads\/2024\/08\/boletin_52_02-1024x576.jpg 1024w, https:\/\/upec.edu.ec\/wp-content\/uploads\/2024\/08\/boletin_52_02-768x432.jpg 768w\" sizes=\"(max-width: 1280px) 100vw, 1280px\" \/>\t\t\t\t\t\t\t\t\t\t\t\t\t\t\t<\/div>\n\t\t\t\t<\/div>\n\t\t\t\t\t<\/div>\n\t\t<\/div>\n\t\t\t\t\t<\/div>\n\t\t<\/section>\n\t\t\t\t<section class=\"elementor-section elementor-top-section elementor-element elementor-element-b1f7cd2 elementor-section-full_width elementor-section-height-min-height elementor-section-items-top elementor-section-height-default\" data-id=\"b1f7cd2\" data-element_type=\"section\">\n\t\t\t\t\t\t<div class=\"elementor-container elementor-column-gap-no\">\n\t\t\t\t\t<div class=\"elementor-column elementor-col-100 elementor-top-column elementor-element elementor-element-2b2b894\" data-id=\"2b2b894\" data-element_type=\"column\">\n\t\t\t<div class=\"elementor-widget-wrap elementor-element-populated\">\n\t\t\t\t\t\t<div class=\"elementor-element elementor-element-e6cd8cf elementor-widget elementor-widget-text-editor\" data-id=\"e6cd8cf\" data-element_type=\"widget\" data-widget_type=\"text-editor.default\">\n\t\t\t\t<div class=\"elementor-widget-container\">\n\t\t\t\t\t\t\t\t\t<p style=\"text-align: center;\"><span style=\"color: #999999;\">Pie de foto: Del 23 al 26 de agosto se desarrollar\u00e1 la etapa de postulaci\u00f3n\u00a0dentro de proceso de admisi\u00f3n de la UPEC.<\/span><\/p>\t\t\t\t\t\t\t\t<\/div>\n\t\t\t\t<\/div>\n\t\t\t\t\t<\/div>\n\t\t<\/div>\n\t\t\t\t\t<\/div>\n\t\t<\/section>\n\t\t\t\t<section class=\"elementor-section elementor-top-section elementor-element elementor-element-3d0f6cb elementor-section-boxed elementor-section-height-default elementor-section-height-default\" data-id=\"3d0f6cb\" data-element_type=\"section\">\n\t\t\t\t\t\t<div class=\"elementor-container elementor-column-gap-default\">\n\t\t\t\t\t<div class=\"elementor-column elementor-col-100 elementor-top-column elementor-element elementor-element-ae879ca\" data-id=\"ae879ca\" data-element_type=\"column\">\n\t\t\t<div class=\"elementor-widget-wrap\">\n\t\t\t\t\t\t\t<\/div>\n\t\t<\/div>\n\t\t\t\t\t<\/div>\n\t\t<\/section>\n\t\t\t\t<\/div>\n\t\t","protected":false},"excerpt":{"rendered":"<p>CONSULTA LOS RESULTADOS DE LA EVALUACI\u00d3N DEL PROCESO DE ADMISI\u00d3N 2024-B Los aspirantes inscritos en el Proceso de Admisi\u00f3n 2024B que lleva a cabo la Universidad Polit\u00e9cnica Estatal del Carchi (UPEC) para garantizar el acceso a la educaci\u00f3n superior p\u00fablica, pueden visualizar los resultados del Test UPEC de la Fase Evaluaci\u00f3n a partir del 21 [&hellip;]<\/p>\n","protected":false},"author":2,"featured_media":0,"parent":0,"menu_order":0,"comment_status":"closed","ping_status":"closed","template":"","meta":{"site-sidebar-layout":"default","site-content-layout":"","ast-site-content-layout":"default","site-content-style":"default","site-sidebar-style":"default","ast-global-header-display":"","ast-banner-title-visibility":"","ast-main-header-display":"","ast-hfb-above-header-display":"","ast-hfb-below-header-display":"","ast-hfb-mobile-header-display":"","site-post-title":"disabled","ast-breadcrumbs-content":"","ast-featured-img":"","footer-sml-layout":"","theme-transparent-header-meta":"","adv-header-id-meta":"","stick-header-meta":"","header-above-stick-meta":"","header-main-stick-meta":"","header-below-stick-meta":"","astra-migrate-meta-layouts":"set","ast-page-background-enabled":"default","ast-page-background-meta":{"desktop":{"background-color":"var(--ast-global-color-4)","background-image":"","background-repeat":"repeat","background-position":"center center","background-size":"auto","background-attachment":"scroll","background-type":"","background-media":"","overlay-type":"","overlay-color":"","overlay-opacity":"","overlay-gradient":""},"tablet":{"background-color":"","background-image":"","background-repeat":"repeat","background-position":"center center","background-size":"auto","background-attachment":"scroll","background-type":"","background-media":"","overlay-type":"","overlay-color":"","overlay-opacity":"","overlay-gradient":""},"mobile":{"background-color":"","background-image":"","background-repeat":"repeat","background-position":"center center","background-size":"auto","background-attachment":"scroll","background-type":"","background-media":"","overlay-type":"","overlay-color":"","overlay-opacity":"","overlay-gradient":""}},"ast-content-background-meta":{"desktop":{"background-color":"var(--ast-global-color-5)","background-image":"","background-repeat":"repeat","background-position":"center center","background-size":"auto","background-attachment":"scroll","background-type":"","background-media":"","overlay-type":"","overlay-color":"","overlay-opacity":"","overlay-gradient":""},"tablet":{"background-color":"var(--ast-global-color-5)","background-image":"","background-repeat":"repeat","background-position":"center center","background-size":"auto","background-attachment":"scroll","background-type":"","background-media":"","overlay-type":"","overlay-color":"","overlay-opacity":"","overlay-gradient":""},"mobile":{"background-color":"var(--ast-global-color-5)","background-image":"","background-repeat":"repeat","background-position":"center center","background-size":"auto","background-attachment":"scroll","background-type":"","background-media":"","overlay-type":"","overlay-color":"","overlay-opacity":"","overlay-gradient":""}},"footnotes":""},"class_list":["post-25132","page","type-page","status-publish","hentry"],"_links":{"self":[{"href":"https:\/\/upec.edu.ec\/index.php\/wp-json\/wp\/v2\/pages\/25132","targetHints":{"allow":["GET"]}}],"collection":[{"href":"https:\/\/upec.edu.ec\/index.php\/wp-json\/wp\/v2\/pages"}],"about":[{"href":"https:\/\/upec.edu.ec\/index.php\/wp-json\/wp\/v2\/types\/page"}],"author":[{"embeddable":true,"href":"https:\/\/upec.edu.ec\/index.php\/wp-json\/wp\/v2\/users\/2"}],"replies":[{"embeddable":true,"href":"https:\/\/upec.edu.ec\/index.php\/wp-json\/wp\/v2\/comments?post=25132"}],"version-history":[{"count":7,"href":"https:\/\/upec.edu.ec\/index.php\/wp-json\/wp\/v2\/pages\/25132\/revisions"}],"predecessor-version":[{"id":25141,"href":"https:\/\/upec.edu.ec\/index.php\/wp-json\/wp\/v2\/pages\/25132\/revisions\/25141"}],"wp:attachment":[{"href":"https:\/\/upec.edu.ec\/index.php\/wp-json\/wp\/v2\/media?parent=25132"}],"curies":[{"name":"wp","href":"https:\/\/api.w.org\/{rel}","templated":true}]}}