{"id":24985,"date":"2024-08-12T12:38:33","date_gmt":"2024-08-12T17:38:33","guid":{"rendered":"https:\/\/upec.edu.ec\/?page_id=24985"},"modified":"2024-08-12T12:43:51","modified_gmt":"2024-08-12T17:43:51","slug":"boletin-051-2024","status":"publish","type":"page","link":"https:\/\/upec.edu.ec\/index.php\/boletin-051-2024\/","title":{"rendered":"Bolet\u00edn 051 2024"},"content":{"rendered":"\t\t<div data-elementor-type=\"wp-page\" data-elementor-id=\"24985\" class=\"elementor elementor-24985\">\n\t\t\t\t\t\t<section class=\"elementor-section elementor-top-section elementor-element elementor-element-86c772d elementor-section-full_width elementor-section-height-min-height elementor-section-items-top elementor-section-height-default\" data-id=\"86c772d\" data-element_type=\"section\">\n\t\t\t\t\t\t<div class=\"elementor-container elementor-column-gap-no\">\n\t\t\t\t\t<div class=\"elementor-column elementor-col-100 elementor-top-column elementor-element elementor-element-6caf56e\" data-id=\"6caf56e\" data-element_type=\"column\">\n\t\t\t<div class=\"elementor-widget-wrap elementor-element-populated\">\n\t\t\t\t\t\t<div class=\"elementor-element elementor-element-9fe77fd elementor-widget__width-auto elementor-widget elementor-widget-heading\" data-id=\"9fe77fd\" data-element_type=\"widget\" data-widget_type=\"heading.default\">\n\t\t\t\t<div class=\"elementor-widget-container\">\n\t\t\t\t\t<h2 class=\"elementor-heading-title elementor-size-default\">ASPIRANTES A LA UPEC RENDIR\u00c1N EL EXAMEN DE ADMISI\u00d3N 2024-B<\/h2>\t\t\t\t<\/div>\n\t\t\t\t<\/div>\n\t\t\t\t<div class=\"elementor-element elementor-element-6256772 elementor-widget elementor-widget-heading\" data-id=\"6256772\" data-element_type=\"widget\" data-widget_type=\"heading.default\">\n\t\t\t\t<div class=\"elementor-widget-container\">\n\t\t\t\t\t<h2 class=\"elementor-heading-title elementor-size-default\">La Universidad Polit\u00e9cnica Estatal del Carchi (UPEC) dentro del Proceso de Admisi\u00f3n 2024-B realiza la convocatoria a todos los aspirantes inscritos en la primera etapa a cumplir con la fase de evaluaci\u00f3n. Alrededor de 4196 postulantes inscritos rendir\u00e1n el Test UPEC el 15 de agosto a partir de las 09:00am en un solo horario de manera simult\u00e1nea y en modalidad virtual.<br><br>\n\nEl examen de admisi\u00f3n en la Polit\u00e9cnica del Carchi consta de 160 preguntas y se desarrollar\u00e1 en un lapso de 120 min. Para rendir el examen el aspirante debe ingresar al sistema de admisi\u00f3n y acceder a la pesta\u00f1a evaluaci\u00f3n, all\u00ed encontrar\u00e1 el usuario y contrase\u00f1a del aula virtual para rendir la evaluaci\u00f3n.<br><br>\n\nEl Test UPEC representa el 50% de la nota de postulaci\u00f3n, mientras que el r\u00e9cord acad\u00e9mico de bachillerato el otro 50%. Esta fase es de obligatorio cumplimiento para medir aptitudes y actitudes en razonamiento l\u00f3gico, num\u00e9rico, verbal, de atenci\u00f3n y concentraci\u00f3n. Los resultados se conocer\u00e1n el 21 de agosto en el sistema de admisi\u00f3n UPEC.<br><br>\n\n\nDe tener inconvenientes en la asistencia al examen, los aspirantes deber\u00e1n presentar una solicitud de reprogramaci\u00f3n, documento en el que se justifique debidamente el motivo de no presentaci\u00f3n en la fecha establecida. Este deber\u00e1 ser remitido en un lapso de 24 horas al Centro de Nivelaci\u00f3n de la UPEC.<br><br>\n\nEn el caso de los aspirantes que presenten una condici\u00f3n de discapacidad, se pone a disposici\u00f3n los laboratorios de la UPEC ubicados en la planta baja del edificio de Posgrados. Este grupo de postulantes tendr\u00e1 el acompa\u00f1amiento de la Direcci\u00f3n de Bienestar Universitario para un desenvolvimiento adecuado de la Fase Evaluaci\u00f3n.<br><br>\n\nPara este periodo acad\u00e9mico 2024-B, la Polit\u00e9cnica del Carchi dispone de 1190 cupos en un total de 16 carreras de grado en las diferentes modalidades de estudio; presencial, semipresencial y virtual. En la nueva carrera Medicina Veterinaria se apertura 60 cupos para el curso de nivelaci\u00f3n, la misma que se desarrollar\u00e1 en modalidad presencial con una duraci\u00f3n de nueve semestres.<\/h2>\t\t\t\t<\/div>\n\t\t\t\t<\/div>\n\t\t\t\t\t<\/div>\n\t\t<\/div>\n\t\t\t\t\t<\/div>\n\t\t<\/section>\n\t\t\t\t<section class=\"elementor-section elementor-top-section elementor-element elementor-element-2cd4369 elementor-section-full_width elementor-section-height-min-height elementor-section-items-top elementor-section-height-default\" data-id=\"2cd4369\" data-element_type=\"section\">\n\t\t\t\t\t\t<div class=\"elementor-container elementor-column-gap-no\">\n\t\t\t\t\t<div class=\"elementor-column elementor-col-100 elementor-top-column elementor-element elementor-element-a7fd849\" data-id=\"a7fd849\" data-element_type=\"column\">\n\t\t\t<div class=\"elementor-widget-wrap elementor-element-populated\">\n\t\t\t\t\t\t<div class=\"elementor-element elementor-element-725a38a elementor-widget__width-initial elementor-widget elementor-widget-image\" data-id=\"725a38a\" data-element_type=\"widget\" data-widget_type=\"image.default\">\n\t\t\t\t<div class=\"elementor-widget-container\">\n\t\t\t\t\t\t\t\t\t\t\t\t\t\t\t<img fetchpriority=\"high\" decoding=\"async\" width=\"1638\" height=\"2048\" src=\"https:\/\/upec.edu.ec\/wp-content\/uploads\/2024\/08\/boletin_51_01.jpg\" class=\"attachment-full size-full wp-image-24995\" alt=\"\" srcset=\"https:\/\/upec.edu.ec\/wp-content\/uploads\/2024\/08\/boletin_51_01.jpg 1638w, https:\/\/upec.edu.ec\/wp-content\/uploads\/2024\/08\/boletin_51_01-600x750.jpg 600w, https:\/\/upec.edu.ec\/wp-content\/uploads\/2024\/08\/boletin_51_01-240x300.jpg 240w, https:\/\/upec.edu.ec\/wp-content\/uploads\/2024\/08\/boletin_51_01-819x1024.jpg 819w, https:\/\/upec.edu.ec\/wp-content\/uploads\/2024\/08\/boletin_51_01-768x960.jpg 768w, https:\/\/upec.edu.ec\/wp-content\/uploads\/2024\/08\/boletin_51_01-1229x1536.jpg 1229w\" sizes=\"(max-width: 1638px) 100vw, 1638px\" \/>\t\t\t\t\t\t\t\t\t\t\t\t\t\t\t<\/div>\n\t\t\t\t<\/div>\n\t\t\t\t<div class=\"elementor-element elementor-element-4b172a4 elementor-widget__width-initial elementor-widget elementor-widget-image\" data-id=\"4b172a4\" data-element_type=\"widget\" data-widget_type=\"image.default\">\n\t\t\t\t<div class=\"elementor-widget-container\">\n\t\t\t\t\t\t\t\t\t\t\t\t\t\t\t<img decoding=\"async\" width=\"1920\" height=\"1280\" src=\"https:\/\/upec.edu.ec\/wp-content\/uploads\/2024\/08\/boletin_51_02.jpg\" class=\"attachment-full size-full wp-image-24997\" alt=\"\" srcset=\"https:\/\/upec.edu.ec\/wp-content\/uploads\/2024\/08\/boletin_51_02.jpg 1920w, https:\/\/upec.edu.ec\/wp-content\/uploads\/2024\/08\/boletin_51_02-600x400.jpg 600w, https:\/\/upec.edu.ec\/wp-content\/uploads\/2024\/08\/boletin_51_02-300x200.jpg 300w, https:\/\/upec.edu.ec\/wp-content\/uploads\/2024\/08\/boletin_51_02-1024x683.jpg 1024w, https:\/\/upec.edu.ec\/wp-content\/uploads\/2024\/08\/boletin_51_02-768x512.jpg 768w, https:\/\/upec.edu.ec\/wp-content\/uploads\/2024\/08\/boletin_51_02-1536x1024.jpg 1536w\" sizes=\"(max-width: 1920px) 100vw, 1920px\" \/>\t\t\t\t\t\t\t\t\t\t\t\t\t\t\t<\/div>\n\t\t\t\t<\/div>\n\t\t\t\t<div class=\"elementor-element elementor-element-af5d53b elementor-widget__width-initial elementor-widget elementor-widget-image\" data-id=\"af5d53b\" data-element_type=\"widget\" data-widget_type=\"image.default\">\n\t\t\t\t<div class=\"elementor-widget-container\">\n\t\t\t\t\t\t\t\t\t\t\t\t\t\t\t<img decoding=\"async\" width=\"1920\" height=\"1280\" src=\"https:\/\/upec.edu.ec\/wp-content\/uploads\/2024\/08\/boletin_51_03.jpg\" class=\"attachment-full size-full wp-image-24994\" alt=\"\" srcset=\"https:\/\/upec.edu.ec\/wp-content\/uploads\/2024\/08\/boletin_51_03.jpg 1920w, https:\/\/upec.edu.ec\/wp-content\/uploads\/2024\/08\/boletin_51_03-600x400.jpg 600w, https:\/\/upec.edu.ec\/wp-content\/uploads\/2024\/08\/boletin_51_03-300x200.jpg 300w, https:\/\/upec.edu.ec\/wp-content\/uploads\/2024\/08\/boletin_51_03-1024x683.jpg 1024w, https:\/\/upec.edu.ec\/wp-content\/uploads\/2024\/08\/boletin_51_03-768x512.jpg 768w, https:\/\/upec.edu.ec\/wp-content\/uploads\/2024\/08\/boletin_51_03-1536x1024.jpg 1536w\" sizes=\"(max-width: 1920px) 100vw, 1920px\" \/>\t\t\t\t\t\t\t\t\t\t\t\t\t\t\t<\/div>\n\t\t\t\t<\/div>\n\t\t\t\t\t<\/div>\n\t\t<\/div>\n\t\t\t\t\t<\/div>\n\t\t<\/section>\n\t\t\t\t<section class=\"elementor-section elementor-top-section elementor-element elementor-element-b1f7cd2 elementor-section-full_width elementor-section-height-min-height elementor-section-items-top elementor-section-height-default\" data-id=\"b1f7cd2\" data-element_type=\"section\">\n\t\t\t\t\t\t<div class=\"elementor-container elementor-column-gap-no\">\n\t\t\t\t\t<div class=\"elementor-column elementor-col-100 elementor-top-column elementor-element elementor-element-2b2b894\" data-id=\"2b2b894\" data-element_type=\"column\">\n\t\t\t<div class=\"elementor-widget-wrap elementor-element-populated\">\n\t\t\t\t\t\t<div class=\"elementor-element elementor-element-e6cd8cf elementor-widget elementor-widget-text-editor\" data-id=\"e6cd8cf\" data-element_type=\"widget\" data-widget_type=\"text-editor.default\">\n\t\t\t\t<div class=\"elementor-widget-container\">\n\t\t\t\t\t\t\t\t\t<p style=\"text-align: center;\"><span style=\"color: #999999;\">Pie de foto: Este 15 de agosto los aspirantes cumplir\u00e1n con la fase de evaluaci\u00f3n para el ingreso a la UPEC.<\/span><\/p>\t\t\t\t\t\t\t\t<\/div>\n\t\t\t\t<\/div>\n\t\t\t\t\t<\/div>\n\t\t<\/div>\n\t\t\t\t\t<\/div>\n\t\t<\/section>\n\t\t\t\t<section class=\"elementor-section elementor-top-section elementor-element elementor-element-3d0f6cb elementor-section-boxed elementor-section-height-default elementor-section-height-default\" data-id=\"3d0f6cb\" data-element_type=\"section\">\n\t\t\t\t\t\t<div class=\"elementor-container elementor-column-gap-default\">\n\t\t\t\t\t<div class=\"elementor-column elementor-col-100 elementor-top-column elementor-element elementor-element-ae879ca\" data-id=\"ae879ca\" data-element_type=\"column\">\n\t\t\t<div class=\"elementor-widget-wrap\">\n\t\t\t\t\t\t\t<\/div>\n\t\t<\/div>\n\t\t\t\t\t<\/div>\n\t\t<\/section>\n\t\t\t\t<\/div>\n\t\t","protected":false},"excerpt":{"rendered":"<p>ASPIRANTES A LA UPEC RENDIR\u00c1N EL EXAMEN DE ADMISI\u00d3N 2024-B La Universidad Polit\u00e9cnica Estatal del Carchi (UPEC) dentro del Proceso de Admisi\u00f3n 2024-B realiza la convocatoria a todos los aspirantes inscritos en la primera etapa a cumplir con la fase de evaluaci\u00f3n. Alrededor de 4196 postulantes inscritos rendir\u00e1n el Test UPEC el 15 de agosto [&hellip;]<\/p>\n","protected":false},"author":2,"featured_media":0,"parent":0,"menu_order":0,"comment_status":"closed","ping_status":"closed","template":"","meta":{"site-sidebar-layout":"default","site-content-layout":"","ast-site-content-layout":"default","site-content-style":"default","site-sidebar-style":"default","ast-global-header-display":"","ast-banner-title-visibility":"","ast-main-header-display":"","ast-hfb-above-header-display":"","ast-hfb-below-header-display":"","ast-hfb-mobile-header-display":"","site-post-title":"disabled","ast-breadcrumbs-content":"","ast-featured-img":"","footer-sml-layout":"","theme-transparent-header-meta":"","adv-header-id-meta":"","stick-header-meta":"","header-above-stick-meta":"","header-main-stick-meta":"","header-below-stick-meta":"","astra-migrate-meta-layouts":"set","ast-page-background-enabled":"default","ast-page-background-meta":{"desktop":{"background-color":"var(--ast-global-color-4)","background-image":"","background-repeat":"repeat","background-position":"center center","background-size":"auto","background-attachment":"scroll","background-type":"","background-media":"","overlay-type":"","overlay-color":"","overlay-opacity":"","overlay-gradient":""},"tablet":{"background-color":"","background-image":"","background-repeat":"repeat","background-position":"center center","background-size":"auto","background-attachment":"scroll","background-type":"","background-media":"","overlay-type":"","overlay-color":"","overlay-opacity":"","overlay-gradient":""},"mobile":{"background-color":"","background-image":"","background-repeat":"repeat","background-position":"center center","background-size":"auto","background-attachment":"scroll","background-type":"","background-media":"","overlay-type":"","overlay-color":"","overlay-opacity":"","overlay-gradient":""}},"ast-content-background-meta":{"desktop":{"background-color":"var(--ast-global-color-5)","background-image":"","background-repeat":"repeat","background-position":"center center","background-size":"auto","background-attachment":"scroll","background-type":"","background-media":"","overlay-type":"","overlay-color":"","overlay-opacity":"","overlay-gradient":""},"tablet":{"background-color":"var(--ast-global-color-5)","background-image":"","background-repeat":"repeat","background-position":"center center","background-size":"auto","background-attachment":"scroll","background-type":"","background-media":"","overlay-type":"","overlay-color":"","overlay-opacity":"","overlay-gradient":""},"mobile":{"background-color":"var(--ast-global-color-5)","background-image":"","background-repeat":"repeat","background-position":"center center","background-size":"auto","background-attachment":"scroll","background-type":"","background-media":"","overlay-type":"","overlay-color":"","overlay-opacity":"","overlay-gradient":""}},"footnotes":""},"class_list":["post-24985","page","type-page","status-publish","hentry"],"_links":{"self":[{"href":"https:\/\/upec.edu.ec\/index.php\/wp-json\/wp\/v2\/pages\/24985","targetHints":{"allow":["GET"]}}],"collection":[{"href":"https:\/\/upec.edu.ec\/index.php\/wp-json\/wp\/v2\/pages"}],"about":[{"href":"https:\/\/upec.edu.ec\/index.php\/wp-json\/wp\/v2\/types\/page"}],"author":[{"embeddable":true,"href":"https:\/\/upec.edu.ec\/index.php\/wp-json\/wp\/v2\/users\/2"}],"replies":[{"embeddable":true,"href":"https:\/\/upec.edu.ec\/index.php\/wp-json\/wp\/v2\/comments?post=24985"}],"version-history":[{"count":10,"href":"https:\/\/upec.edu.ec\/index.php\/wp-json\/wp\/v2\/pages\/24985\/revisions"}],"predecessor-version":[{"id":25000,"href":"https:\/\/upec.edu.ec\/index.php\/wp-json\/wp\/v2\/pages\/24985\/revisions\/25000"}],"wp:attachment":[{"href":"https:\/\/upec.edu.ec\/index.php\/wp-json\/wp\/v2\/media?parent=24985"}],"curies":[{"name":"wp","href":"https:\/\/api.w.org\/{rel}","templated":true}]}}