{"id":24430,"date":"2024-06-28T12:43:18","date_gmt":"2024-06-28T17:43:18","guid":{"rendered":"https:\/\/upec.edu.ec\/?page_id=24430"},"modified":"2024-06-28T12:47:23","modified_gmt":"2024-06-28T17:47:23","slug":"boletin-043-2024","status":"publish","type":"page","link":"https:\/\/upec.edu.ec\/index.php\/boletin-043-2024\/","title":{"rendered":"Bolet\u00edn 043 2024"},"content":{"rendered":"\t\t<div data-elementor-type=\"wp-page\" data-elementor-id=\"24430\" class=\"elementor elementor-24430\">\n\t\t\t\t\t\t<section class=\"elementor-section elementor-top-section elementor-element elementor-element-86c772d elementor-section-full_width elementor-section-height-min-height elementor-section-items-top elementor-section-height-default\" data-id=\"86c772d\" data-element_type=\"section\">\n\t\t\t\t\t\t<div class=\"elementor-container elementor-column-gap-no\">\n\t\t\t\t\t<div class=\"elementor-column elementor-col-100 elementor-top-column elementor-element elementor-element-6caf56e\" data-id=\"6caf56e\" data-element_type=\"column\">\n\t\t\t<div class=\"elementor-widget-wrap elementor-element-populated\">\n\t\t\t\t\t\t<div class=\"elementor-element elementor-element-9fe77fd elementor-widget__width-auto elementor-widget elementor-widget-heading\" data-id=\"9fe77fd\" data-element_type=\"widget\" data-widget_type=\"heading.default\">\n\t\t\t\t<div class=\"elementor-widget-container\">\n\t\t\t\t\t<h2 class=\"elementor-heading-title elementor-size-default\">ARRANCA PROCESO DE INSCRIPCI\u00d3N PARA ESTUDIAR EN LA UPEC<\/h2>\t\t\t\t<\/div>\n\t\t\t\t<\/div>\n\t\t\t\t<div class=\"elementor-element elementor-element-6256772 elementor-widget elementor-widget-heading\" data-id=\"6256772\" data-element_type=\"widget\" data-widget_type=\"heading.default\">\n\t\t\t\t<div class=\"elementor-widget-container\">\n\t\t\t\t\t<h2 class=\"elementor-heading-title elementor-size-default\">La Universidad Polit\u00e9cnica Estatal del Carchi (UPEC) inicia su proceso de admisi\u00f3n del periodo 2024-B con la etapa de inscripci\u00f3n de los aspirantes del 01 al 31 de julio. Para el segundo semestre del a\u00f1o, la UPEC dispone de 1190 cupos en diferentes modalidades de estudio; presencial, semipresencial y virtual en diecis\u00e9is carreras de grado.<br><br>\n\nDurante esta fase los aspirantes a la educaci\u00f3n superior en la Polit\u00e9cnica del Carchi deben realizar la inscripci\u00f3n en l\u00ednea en el Sistema de Admisi\u00f3n UPEC, apartado que se encuentra disponible en www.upec.edu.ec. El requisito previo a la inscripci\u00f3n es haber realizado el Registro Nacional en la plataforma de la Senescyt, los aspirantes nacionales debes digitar su c\u00e9dula de identidad, mientras que los extranjeros el n\u00famero del pasaporte.<br><br>\n\nUna vez el aspirante registre sus datos personales en el Sistema de Admisi\u00f3n UPEC, deber\u00e1 verificar si la informaci\u00f3n es correcta y aceptar, la plataforma emitir\u00e1 un comprobante de inscripci\u00f3n, documento que debe ser impreso como medio de validaci\u00f3n para que el aspirante avance a la siguiente fase de evaluaci\u00f3n.<br><br>\n\n\nDe presentar alg\u00fan inconveniente con la plataforma de la Polit\u00e9cnica del Carchi, la universidad pone a disposici\u00f3n diferentes canales de comunicaci\u00f3n, pueden solicitar asistencia t\u00e9cnica a trav\u00e9s del 062 984-435 ext: 1244, redes sociales oficiales de la instituci\u00f3n o visitar la Unidad de Admisi\u00f3n y Registro ubicada en el edificio central planta baja del campus universitario.<br><br>\n\nLa Polit\u00e9cnica del Carchi se compromete con la calidad y excelencia de la educaci\u00f3n superior en el pa\u00eds y le apuesta a la formaci\u00f3n de profesionales con perfiles altamente capacitados para cubrir las necesidades del campo laboral. Es as\u00ed como en este periodo acad\u00e9mico 2024-B se apertura 60 cupos en la nueva carrera Medicina Veterinaria para el curso de nivelaci\u00f3n, la carrera se oferta en modalidad presencial con una duraci\u00f3n de nueve semestres. \u00a1Qu\u00e9 esperas para inscribirte y transformar el mundo en la Polit\u00e9cnica del Carchi!.<br><br><\/h2>\t\t\t\t<\/div>\n\t\t\t\t<\/div>\n\t\t\t\t\t<\/div>\n\t\t<\/div>\n\t\t\t\t\t<\/div>\n\t\t<\/section>\n\t\t\t\t<section class=\"elementor-section elementor-top-section elementor-element elementor-element-2cd4369 elementor-section-full_width elementor-section-height-min-height elementor-section-items-top elementor-section-height-default\" data-id=\"2cd4369\" data-element_type=\"section\">\n\t\t\t\t\t\t<div class=\"elementor-container elementor-column-gap-no\">\n\t\t\t\t\t<div class=\"elementor-column elementor-col-100 elementor-top-column elementor-element elementor-element-a7fd849\" data-id=\"a7fd849\" data-element_type=\"column\">\n\t\t\t<div class=\"elementor-widget-wrap elementor-element-populated\">\n\t\t\t\t\t\t<div class=\"elementor-element elementor-element-4b172a4 elementor-widget__width-initial elementor-widget elementor-widget-image\" data-id=\"4b172a4\" data-element_type=\"widget\" data-widget_type=\"image.default\">\n\t\t\t\t<div class=\"elementor-widget-container\">\n\t\t\t\t\t\t\t\t\t\t\t\t\t\t\t<img fetchpriority=\"high\" decoding=\"async\" width=\"1638\" height=\"2048\" src=\"https:\/\/upec.edu.ec\/wp-content\/uploads\/2024\/06\/boletin_43_01.jpg\" class=\"attachment-full size-full wp-image-24437\" alt=\"\" srcset=\"https:\/\/upec.edu.ec\/wp-content\/uploads\/2024\/06\/boletin_43_01.jpg 1638w, https:\/\/upec.edu.ec\/wp-content\/uploads\/2024\/06\/boletin_43_01-600x750.jpg 600w, https:\/\/upec.edu.ec\/wp-content\/uploads\/2024\/06\/boletin_43_01-240x300.jpg 240w, https:\/\/upec.edu.ec\/wp-content\/uploads\/2024\/06\/boletin_43_01-819x1024.jpg 819w, https:\/\/upec.edu.ec\/wp-content\/uploads\/2024\/06\/boletin_43_01-768x960.jpg 768w, https:\/\/upec.edu.ec\/wp-content\/uploads\/2024\/06\/boletin_43_01-1229x1536.jpg 1229w\" sizes=\"(max-width: 1638px) 100vw, 1638px\" \/>\t\t\t\t\t\t\t\t\t\t\t\t\t\t\t<\/div>\n\t\t\t\t<\/div>\n\t\t\t\t<div class=\"elementor-element elementor-element-ff78700 elementor-widget__width-initial elementor-widget elementor-widget-image\" data-id=\"ff78700\" data-element_type=\"widget\" data-widget_type=\"image.default\">\n\t\t\t\t<div class=\"elementor-widget-container\">\n\t\t\t\t\t\t\t\t\t\t\t\t\t\t\t<img decoding=\"async\" width=\"1080\" height=\"1350\" src=\"https:\/\/upec.edu.ec\/wp-content\/uploads\/2024\/06\/boletin_43_02.jpg\" class=\"attachment-full size-full wp-image-24436\" alt=\"\" srcset=\"https:\/\/upec.edu.ec\/wp-content\/uploads\/2024\/06\/boletin_43_02.jpg 1080w, https:\/\/upec.edu.ec\/wp-content\/uploads\/2024\/06\/boletin_43_02-600x750.jpg 600w, https:\/\/upec.edu.ec\/wp-content\/uploads\/2024\/06\/boletin_43_02-240x300.jpg 240w, https:\/\/upec.edu.ec\/wp-content\/uploads\/2024\/06\/boletin_43_02-819x1024.jpg 819w, https:\/\/upec.edu.ec\/wp-content\/uploads\/2024\/06\/boletin_43_02-768x960.jpg 768w\" sizes=\"(max-width: 1080px) 100vw, 1080px\" \/>\t\t\t\t\t\t\t\t\t\t\t\t\t\t\t<\/div>\n\t\t\t\t<\/div>\n\t\t\t\t\t<\/div>\n\t\t<\/div>\n\t\t\t\t\t<\/div>\n\t\t<\/section>\n\t\t\t\t<section class=\"elementor-section elementor-top-section elementor-element elementor-element-b1f7cd2 elementor-section-full_width elementor-section-height-min-height elementor-section-items-top elementor-section-height-default\" data-id=\"b1f7cd2\" data-element_type=\"section\">\n\t\t\t\t\t\t<div class=\"elementor-container elementor-column-gap-no\">\n\t\t\t\t\t<div class=\"elementor-column elementor-col-100 elementor-top-column elementor-element elementor-element-2b2b894\" data-id=\"2b2b894\" data-element_type=\"column\">\n\t\t\t<div class=\"elementor-widget-wrap elementor-element-populated\">\n\t\t\t\t\t\t<div class=\"elementor-element elementor-element-e6cd8cf elementor-widget elementor-widget-text-editor\" data-id=\"e6cd8cf\" data-element_type=\"widget\" data-widget_type=\"text-editor.default\">\n\t\t\t\t<div class=\"elementor-widget-container\">\n\t\t\t\t\t\t\t\t\t<p style=\"text-align: center;\"><span style=\"color: #999999;\">Pie de foto: Afiches promocionales.<\/span><\/p>\t\t\t\t\t\t\t\t<\/div>\n\t\t\t\t<\/div>\n\t\t\t\t\t<\/div>\n\t\t<\/div>\n\t\t\t\t\t<\/div>\n\t\t<\/section>\n\t\t\t\t<section class=\"elementor-section elementor-top-section elementor-element elementor-element-3d0f6cb elementor-section-boxed elementor-section-height-default elementor-section-height-default\" data-id=\"3d0f6cb\" data-element_type=\"section\">\n\t\t\t\t\t\t<div class=\"elementor-container elementor-column-gap-default\">\n\t\t\t\t\t<div class=\"elementor-column elementor-col-100 elementor-top-column elementor-element elementor-element-ae879ca\" data-id=\"ae879ca\" data-element_type=\"column\">\n\t\t\t<div class=\"elementor-widget-wrap\">\n\t\t\t\t\t\t\t<\/div>\n\t\t<\/div>\n\t\t\t\t\t<\/div>\n\t\t<\/section>\n\t\t\t\t<\/div>\n\t\t","protected":false},"excerpt":{"rendered":"<p>ARRANCA PROCESO DE INSCRIPCI\u00d3N PARA ESTUDIAR EN LA UPEC La Universidad Polit\u00e9cnica Estatal del Carchi (UPEC) inicia su proceso de admisi\u00f3n del periodo 2024-B con la etapa de inscripci\u00f3n de los aspirantes del 01 al 31 de julio. Para el segundo semestre del a\u00f1o, la UPEC dispone de 1190 cupos en diferentes modalidades de estudio; [&hellip;]<\/p>\n","protected":false},"author":2,"featured_media":0,"parent":0,"menu_order":0,"comment_status":"closed","ping_status":"closed","template":"","meta":{"site-sidebar-layout":"default","site-content-layout":"","ast-site-content-layout":"default","site-content-style":"default","site-sidebar-style":"default","ast-global-header-display":"","ast-banner-title-visibility":"","ast-main-header-display":"","ast-hfb-above-header-display":"","ast-hfb-below-header-display":"","ast-hfb-mobile-header-display":"","site-post-title":"disabled","ast-breadcrumbs-content":"","ast-featured-img":"","footer-sml-layout":"","theme-transparent-header-meta":"","adv-header-id-meta":"","stick-header-meta":"","header-above-stick-meta":"","header-main-stick-meta":"","header-below-stick-meta":"","astra-migrate-meta-layouts":"set","ast-page-background-enabled":"default","ast-page-background-meta":{"desktop":{"background-color":"var(--ast-global-color-4)","background-image":"","background-repeat":"repeat","background-position":"center center","background-size":"auto","background-attachment":"scroll","background-type":"","background-media":"","overlay-type":"","overlay-color":"","overlay-opacity":"","overlay-gradient":""},"tablet":{"background-color":"","background-image":"","background-repeat":"repeat","background-position":"center center","background-size":"auto","background-attachment":"scroll","background-type":"","background-media":"","overlay-type":"","overlay-color":"","overlay-opacity":"","overlay-gradient":""},"mobile":{"background-color":"","background-image":"","background-repeat":"repeat","background-position":"center center","background-size":"auto","background-attachment":"scroll","background-type":"","background-media":"","overlay-type":"","overlay-color":"","overlay-opacity":"","overlay-gradient":""}},"ast-content-background-meta":{"desktop":{"background-color":"var(--ast-global-color-5)","background-image":"","background-repeat":"repeat","background-position":"center center","background-size":"auto","background-attachment":"scroll","background-type":"","background-media":"","overlay-type":"","overlay-color":"","overlay-opacity":"","overlay-gradient":""},"tablet":{"background-color":"var(--ast-global-color-5)","background-image":"","background-repeat":"repeat","background-position":"center center","background-size":"auto","background-attachment":"scroll","background-type":"","background-media":"","overlay-type":"","overlay-color":"","overlay-opacity":"","overlay-gradient":""},"mobile":{"background-color":"var(--ast-global-color-5)","background-image":"","background-repeat":"repeat","background-position":"center center","background-size":"auto","background-attachment":"scroll","background-type":"","background-media":"","overlay-type":"","overlay-color":"","overlay-opacity":"","overlay-gradient":""}},"footnotes":""},"class_list":["post-24430","page","type-page","status-publish","hentry"],"_links":{"self":[{"href":"https:\/\/upec.edu.ec\/index.php\/wp-json\/wp\/v2\/pages\/24430","targetHints":{"allow":["GET"]}}],"collection":[{"href":"https:\/\/upec.edu.ec\/index.php\/wp-json\/wp\/v2\/pages"}],"about":[{"href":"https:\/\/upec.edu.ec\/index.php\/wp-json\/wp\/v2\/types\/page"}],"author":[{"embeddable":true,"href":"https:\/\/upec.edu.ec\/index.php\/wp-json\/wp\/v2\/users\/2"}],"replies":[{"embeddable":true,"href":"https:\/\/upec.edu.ec\/index.php\/wp-json\/wp\/v2\/comments?post=24430"}],"version-history":[{"count":7,"href":"https:\/\/upec.edu.ec\/index.php\/wp-json\/wp\/v2\/pages\/24430\/revisions"}],"predecessor-version":[{"id":24440,"href":"https:\/\/upec.edu.ec\/index.php\/wp-json\/wp\/v2\/pages\/24430\/revisions\/24440"}],"wp:attachment":[{"href":"https:\/\/upec.edu.ec\/index.php\/wp-json\/wp\/v2\/media?parent=24430"}],"curies":[{"name":"wp","href":"https:\/\/api.w.org\/{rel}","templated":true}]}}