{"id":22500,"date":"2024-03-12T17:05:42","date_gmt":"2024-03-12T22:05:42","guid":{"rendered":"https:\/\/upec.edu.ec\/?page_id=22500"},"modified":"2024-03-12T17:12:58","modified_gmt":"2024-03-12T22:12:58","slug":"boletin-024-2024","status":"publish","type":"page","link":"https:\/\/upec.edu.ec\/index.php\/boletin-024-2024\/","title":{"rendered":"Bolet\u00edn 024 2024"},"content":{"rendered":"\t\t<div data-elementor-type=\"wp-page\" data-elementor-id=\"22500\" class=\"elementor elementor-22500\">\n\t\t\t\t\t\t<section class=\"elementor-section elementor-top-section elementor-element elementor-element-86c772d elementor-section-full_width elementor-section-height-min-height elementor-section-items-top elementor-section-height-default\" data-id=\"86c772d\" data-element_type=\"section\">\n\t\t\t\t\t\t<div class=\"elementor-container elementor-column-gap-no\">\n\t\t\t\t\t<div class=\"elementor-column elementor-col-100 elementor-top-column elementor-element elementor-element-6caf56e\" data-id=\"6caf56e\" data-element_type=\"column\">\n\t\t\t<div class=\"elementor-widget-wrap elementor-element-populated\">\n\t\t\t\t\t\t<div class=\"elementor-element elementor-element-9fe77fd elementor-widget__width-auto elementor-widget elementor-widget-heading\" data-id=\"9fe77fd\" data-element_type=\"widget\" data-widget_type=\"heading.default\">\n\t\t\t\t<div class=\"elementor-widget-container\">\n\t\t\t\t\t<h2 class=\"elementor-heading-title elementor-size-default\">ASPIRANTES RINDIERON LA EVALUACI\u00d3N PARA OPTAR POR UN CUPO EN LA POLIT\u00c9CNICA DEL CARCHI<\/h2>\t\t\t\t<\/div>\n\t\t\t\t<\/div>\n\t\t\t\t<div class=\"elementor-element elementor-element-6256772 elementor-widget elementor-widget-heading\" data-id=\"6256772\" data-element_type=\"widget\" data-widget_type=\"heading.default\">\n\t\t\t\t<div class=\"elementor-widget-container\">\n\t\t\t\t\t<h2 class=\"elementor-heading-title elementor-size-default\">La Universidad Polit\u00e9cnica Estatal del Carchi (UPEC)desarroll\u00f3 la fase de evaluaci\u00f3n del proceso de Admisi\u00f3n 2024-A. Durante esta jornada se aplic\u00f3 el Test UPEC a 2520 aspirantes, el 98% de los inscritos rindi\u00f3 el examen en modalidad virtual y el 11% restante de manera presencial. La evaluaci\u00f3n se enfoc\u00f3 en medir aptitudes en razonamiento l\u00f3gico, num\u00e9rico, verbal, de atenci\u00f3n y concentraci\u00f3n.<br><br>\n\nLa evaluaci\u00f3n se elabor\u00f3 a partir de un cuestionario de 1500 preguntas que fueron testeadas en j\u00f3venes de tercero de bachillerato de la localidad y docentes de la Polit\u00e9cnica del Carchi. De esta manera, se seleccionaron 160 ejercicios que constituyeron el test UPEC. Adem\u00e1s, tomando en cuenta la presencia de un grupo de aspirantes con necesidades educativas especiales, se adapt\u00f3 el cuestionario y el sistema de admisi\u00f3n a sus competencias.<br><br>\n\nPreviamente 25 aplicadores fueron capacitados por la Direcci\u00f3n de Tecnolog\u00edas de la Informaci\u00f3n y Comunicaci\u00f3n en el uso del portafolio institucional, software que soport\u00f3 alrededor de 800 usuarios conectados al mismo tiempo. Seg\u00fan Jairo Hidalgo, coordinador del Centro de Nivelaci\u00f3n, la fase de Evaluaci\u00f3n no present\u00f3 ning\u00fan inconveniente, cada aspirante cont\u00f3 con el apoyo permanente durante el proceso.<br><br>\n\nAlejandro Guacal\u00e9s, aspirante que rindi\u00f3 el examen en los laboratorios de la UPEC, manifest\u00f3 que no tuvo ning\u00fan contratiempo con la plataforma y las preguntas le resultaron f\u00e1ciles de responder, ya que previamente se prepar\u00f3 en el Curso de Ingreso a la Universidad que oferta la Polit\u00e9cnica del Carchi, a trav\u00e9s de su unidad de Educaci\u00f3n Continua.<br><br>\n\nLos resultados del test UPEC se conocer\u00e1 el 15 de marzo y desde el 22 de marzo el aspirante debe ingresar al Portafolio Institucional para conocer la nota final de postulaci\u00f3n que se conforma del 25% que equivale a la evaluaci\u00f3n y el 75% del r\u00e9cord acad\u00e9mico. En la fase de Postulaci\u00f3n el aspirante puede optar por tres de las 15 carreras de la oferta acad\u00e9mica de grado.<\/h2>\t\t\t\t<\/div>\n\t\t\t\t<\/div>\n\t\t\t\t\t<\/div>\n\t\t<\/div>\n\t\t\t\t\t<\/div>\n\t\t<\/section>\n\t\t\t\t<section class=\"elementor-section elementor-top-section elementor-element elementor-element-2cd4369 elementor-section-full_width elementor-section-height-min-height elementor-section-items-top elementor-section-height-default\" data-id=\"2cd4369\" data-element_type=\"section\">\n\t\t\t\t\t\t<div class=\"elementor-container elementor-column-gap-no\">\n\t\t\t\t\t<div class=\"elementor-column elementor-col-100 elementor-top-column elementor-element elementor-element-a7fd849\" data-id=\"a7fd849\" data-element_type=\"column\">\n\t\t\t<div class=\"elementor-widget-wrap elementor-element-populated\">\n\t\t\t\t\t\t<div class=\"elementor-element elementor-element-ff78700 elementor-widget__width-initial elementor-widget elementor-widget-image\" data-id=\"ff78700\" data-element_type=\"widget\" data-widget_type=\"image.default\">\n\t\t\t\t<div class=\"elementor-widget-container\">\n\t\t\t\t\t\t\t\t\t\t\t\t\t\t\t<img decoding=\"async\" src=\"https:\/\/upec.edu.ec\/wp-content\/uploads\/elementor\/thumbs\/boletin_24_01-ralkdxx0n1hjs00kw9dmepxgut395vuyxux7ivhsy4.jpg\" title=\"boletin_24_01\" alt=\"boletin_24_01\" loading=\"lazy\" \/>\t\t\t\t\t\t\t\t\t\t\t\t\t\t\t<\/div>\n\t\t\t\t<\/div>\n\t\t\t\t<div class=\"elementor-element elementor-element-5f83199 elementor-widget__width-initial elementor-widget elementor-widget-image\" data-id=\"5f83199\" data-element_type=\"widget\" data-widget_type=\"image.default\">\n\t\t\t\t<div class=\"elementor-widget-container\">\n\t\t\t\t\t\t\t\t\t\t\t\t\t\t\t<img decoding=\"async\" src=\"https:\/\/upec.edu.ec\/wp-content\/uploads\/elementor\/thumbs\/boletin_24_02-ralkdxx0n1hjs00kw9dmepxgut395vuyxux7ivhsy4.jpg\" title=\"boletin_24_02\" alt=\"boletin_24_02\" loading=\"lazy\" \/>\t\t\t\t\t\t\t\t\t\t\t\t\t\t\t<\/div>\n\t\t\t\t<\/div>\n\t\t\t\t<div class=\"elementor-element elementor-element-b5ff629 elementor-widget__width-initial elementor-widget elementor-widget-image\" data-id=\"b5ff629\" data-element_type=\"widget\" data-widget_type=\"image.default\">\n\t\t\t\t<div class=\"elementor-widget-container\">\n\t\t\t\t\t\t\t\t\t\t\t\t\t\t\t<img decoding=\"async\" src=\"https:\/\/upec.edu.ec\/wp-content\/uploads\/elementor\/thumbs\/boletin_24_03-ralkdxx0n1hjs00kw9dmepxgut395vuyxux7ivhsy4.jpg\" title=\"boletin_24_03\" alt=\"boletin_24_03\" loading=\"lazy\" \/>\t\t\t\t\t\t\t\t\t\t\t\t\t\t\t<\/div>\n\t\t\t\t<\/div>\n\t\t\t\t\t<\/div>\n\t\t<\/div>\n\t\t\t\t\t<\/div>\n\t\t<\/section>\n\t\t\t\t<section class=\"elementor-section elementor-top-section elementor-element elementor-element-b1f7cd2 elementor-section-full_width elementor-section-height-min-height elementor-section-items-top elementor-section-height-default\" data-id=\"b1f7cd2\" data-element_type=\"section\">\n\t\t\t\t\t\t<div class=\"elementor-container elementor-column-gap-no\">\n\t\t\t\t\t<div class=\"elementor-column elementor-col-100 elementor-top-column elementor-element elementor-element-2b2b894\" data-id=\"2b2b894\" data-element_type=\"column\">\n\t\t\t<div class=\"elementor-widget-wrap elementor-element-populated\">\n\t\t\t\t\t\t<div class=\"elementor-element elementor-element-e6cd8cf elementor-widget elementor-widget-text-editor\" data-id=\"e6cd8cf\" data-element_type=\"widget\" data-widget_type=\"text-editor.default\">\n\t\t\t\t<div class=\"elementor-widget-container\">\n\t\t\t\t\t\t\t\t\t<p style=\"text-align: center;\"><span style=\"color: #999999;\">Pie de foto: Los resultados del test UPEC se conocer\u00e1 el 15 de marzo y desde el 22 de marzo el aspirante debe ingresar al Portafolio Institucional para conocer la nota final de postulaci\u00f3n.<\/span><\/p>\t\t\t\t\t\t\t\t<\/div>\n\t\t\t\t<\/div>\n\t\t\t\t\t<\/div>\n\t\t<\/div>\n\t\t\t\t\t<\/div>\n\t\t<\/section>\n\t\t\t\t<section class=\"elementor-section elementor-top-section elementor-element elementor-element-3d0f6cb elementor-section-boxed elementor-section-height-default elementor-section-height-default\" data-id=\"3d0f6cb\" data-element_type=\"section\">\n\t\t\t\t\t\t<div class=\"elementor-container elementor-column-gap-default\">\n\t\t\t\t\t<div class=\"elementor-column elementor-col-100 elementor-top-column elementor-element elementor-element-ae879ca\" data-id=\"ae879ca\" data-element_type=\"column\">\n\t\t\t<div class=\"elementor-widget-wrap\">\n\t\t\t\t\t\t\t<\/div>\n\t\t<\/div>\n\t\t\t\t\t<\/div>\n\t\t<\/section>\n\t\t\t\t<\/div>\n\t\t","protected":false},"excerpt":{"rendered":"<p>ASPIRANTES RINDIERON LA EVALUACI\u00d3N PARA OPTAR POR UN CUPO EN LA POLIT\u00c9CNICA DEL CARCHI La Universidad Polit\u00e9cnica Estatal del Carchi (UPEC)desarroll\u00f3 la fase de evaluaci\u00f3n del proceso de Admisi\u00f3n 2024-A. Durante esta jornada se aplic\u00f3 el Test UPEC a 2520 aspirantes, el 98% de los inscritos rindi\u00f3 el examen en modalidad virtual y el 11% [&hellip;]<\/p>\n","protected":false},"author":2,"featured_media":0,"parent":0,"menu_order":0,"comment_status":"closed","ping_status":"closed","template":"","meta":{"site-sidebar-layout":"default","site-content-layout":"","ast-site-content-layout":"default","site-content-style":"default","site-sidebar-style":"default","ast-global-header-display":"","ast-banner-title-visibility":"","ast-main-header-display":"","ast-hfb-above-header-display":"","ast-hfb-below-header-display":"","ast-hfb-mobile-header-display":"","site-post-title":"disabled","ast-breadcrumbs-content":"","ast-featured-img":"","footer-sml-layout":"","theme-transparent-header-meta":"","adv-header-id-meta":"","stick-header-meta":"","header-above-stick-meta":"","header-main-stick-meta":"","header-below-stick-meta":"","astra-migrate-meta-layouts":"set","ast-page-background-enabled":"default","ast-page-background-meta":{"desktop":{"background-color":"var(--ast-global-color-4)","background-image":"","background-repeat":"repeat","background-position":"center center","background-size":"auto","background-attachment":"scroll","background-type":"","background-media":"","overlay-type":"","overlay-color":"","overlay-opacity":"","overlay-gradient":""},"tablet":{"background-color":"","background-image":"","background-repeat":"repeat","background-position":"center center","background-size":"auto","background-attachment":"scroll","background-type":"","background-media":"","overlay-type":"","overlay-color":"","overlay-opacity":"","overlay-gradient":""},"mobile":{"background-color":"","background-image":"","background-repeat":"repeat","background-position":"center center","background-size":"auto","background-attachment":"scroll","background-type":"","background-media":"","overlay-type":"","overlay-color":"","overlay-opacity":"","overlay-gradient":""}},"ast-content-background-meta":{"desktop":{"background-color":"var(--ast-global-color-5)","background-image":"","background-repeat":"repeat","background-position":"center center","background-size":"auto","background-attachment":"scroll","background-type":"","background-media":"","overlay-type":"","overlay-color":"","overlay-opacity":"","overlay-gradient":""},"tablet":{"background-color":"var(--ast-global-color-5)","background-image":"","background-repeat":"repeat","background-position":"center center","background-size":"auto","background-attachment":"scroll","background-type":"","background-media":"","overlay-type":"","overlay-color":"","overlay-opacity":"","overlay-gradient":""},"mobile":{"background-color":"var(--ast-global-color-5)","background-image":"","background-repeat":"repeat","background-position":"center center","background-size":"auto","background-attachment":"scroll","background-type":"","background-media":"","overlay-type":"","overlay-color":"","overlay-opacity":"","overlay-gradient":""}},"footnotes":""},"class_list":["post-22500","page","type-page","status-publish","hentry"],"_links":{"self":[{"href":"https:\/\/upec.edu.ec\/index.php\/wp-json\/wp\/v2\/pages\/22500","targetHints":{"allow":["GET"]}}],"collection":[{"href":"https:\/\/upec.edu.ec\/index.php\/wp-json\/wp\/v2\/pages"}],"about":[{"href":"https:\/\/upec.edu.ec\/index.php\/wp-json\/wp\/v2\/types\/page"}],"author":[{"embeddable":true,"href":"https:\/\/upec.edu.ec\/index.php\/wp-json\/wp\/v2\/users\/2"}],"replies":[{"embeddable":true,"href":"https:\/\/upec.edu.ec\/index.php\/wp-json\/wp\/v2\/comments?post=22500"}],"version-history":[{"count":10,"href":"https:\/\/upec.edu.ec\/index.php\/wp-json\/wp\/v2\/pages\/22500\/revisions"}],"predecessor-version":[{"id":22516,"href":"https:\/\/upec.edu.ec\/index.php\/wp-json\/wp\/v2\/pages\/22500\/revisions\/22516"}],"wp:attachment":[{"href":"https:\/\/upec.edu.ec\/index.php\/wp-json\/wp\/v2\/media?parent=22500"}],"curies":[{"name":"wp","href":"https:\/\/api.w.org\/{rel}","templated":true}]}}