{"id":22297,"date":"2024-03-04T08:46:31","date_gmt":"2024-03-04T13:46:31","guid":{"rendered":"https:\/\/upec.edu.ec\/?page_id=22297"},"modified":"2024-03-04T08:55:33","modified_gmt":"2024-03-04T13:55:33","slug":"becas-2024a","status":"publish","type":"page","link":"https:\/\/upec.edu.ec\/index.php\/becas-2024a\/","title":{"rendered":"Becas bienestar Universitario 2024A"},"content":{"rendered":"\t\t<div data-elementor-type=\"wp-page\" data-elementor-id=\"22297\" class=\"elementor elementor-22297\">\n\t\t\t\t\t\t<section class=\"elementor-section elementor-top-section elementor-element elementor-element-a42ec8d elementor-section-full_width elementor-section-stretched elementor-section-height-default elementor-section-height-default\" data-id=\"a42ec8d\" data-element_type=\"section\" data-settings=\"{&quot;stretch_section&quot;:&quot;section-stretched&quot;}\">\n\t\t\t\t\t\t<div class=\"elementor-container elementor-column-gap-no\">\n\t\t\t\t\t<div class=\"elementor-column elementor-col-100 elementor-top-column elementor-element elementor-element-e41ce4c\" data-id=\"e41ce4c\" data-element_type=\"column\">\n\t\t\t<div class=\"elementor-widget-wrap\">\n\t\t\t\t\t\t\t<\/div>\n\t\t<\/div>\n\t\t\t\t\t<\/div>\n\t\t<\/section>\n\t\t\t\t<section class=\"elementor-section elementor-top-section elementor-element elementor-element-22c796b elementor-section-height-min-height elementor-section-items-top elementor-section-stretched elementor-section-boxed elementor-section-height-default\" data-id=\"22c796b\" data-element_type=\"section\" data-settings=\"{&quot;stretch_section&quot;:&quot;section-stretched&quot;}\">\n\t\t\t\t\t\t<div class=\"elementor-container elementor-column-gap-no\">\n\t\t\t\t\t<div class=\"elementor-column elementor-col-50 elementor-top-column elementor-element elementor-element-af67108\" data-id=\"af67108\" data-element_type=\"column\">\n\t\t\t<div class=\"elementor-widget-wrap elementor-element-populated\">\n\t\t\t\t\t\t<div class=\"elementor-element elementor-element-e32d9ad elementor-widget__width-auto elementor-widget elementor-widget-heading\" data-id=\"e32d9ad\" data-element_type=\"widget\" data-widget_type=\"heading.default\">\n\t\t\t\t<div class=\"elementor-widget-container\">\n\t\t\t\t\t<h2 class=\"elementor-heading-title elementor-size-default\">Requisitos Becas 2024A<\/h2>\t\t\t\t<\/div>\n\t\t\t\t<\/div>\n\t\t\t\t<div class=\"elementor-element elementor-element-74c9274 elementor-widget elementor-widget-text-editor\" data-id=\"74c9274\" data-element_type=\"widget\" data-widget_type=\"text-editor.default\">\n\t\t\t\t<div class=\"elementor-widget-container\">\n\t\t\t\t\t\t\t\t\t<p><span style=\"color: #999999;\"><a href=\"https:\/\/upec.edu.ec\/images\/stories\/Becas\/2024A\/1_Requisitos_socio_economica.pdf\"><img decoding=\"async\" class=\"alignnone wp-image-15411\" src=\"https:\/\/upec.edu.ec\/wp-content\/uploads\/2023\/08\/icono_descarga.png\" alt=\"\" width=\"28\" height=\"28\" srcset=\"https:\/\/upec.edu.ec\/wp-content\/uploads\/2023\/08\/icono_descarga.png 512w, https:\/\/upec.edu.ec\/wp-content\/uploads\/2023\/08\/icono_descarga-300x300.png 300w, https:\/\/upec.edu.ec\/wp-content\/uploads\/2023\/08\/icono_descarga-100x100.png 100w, https:\/\/upec.edu.ec\/wp-content\/uploads\/2023\/08\/icono_descarga-150x150.png 150w\" sizes=\"(max-width: 28px) 100vw, 28px\" \/><\/a> \u00a0\u00a0Requisitos becas socio econ\u00f3mica<\/span><\/p><p><span style=\"color: #999999;\"><a href=\"https:\/\/upec.edu.ec\/images\/stories\/Becas\/2024A\/2_Requisitos_excelencia_academica.pdf\"><img decoding=\"async\" class=\"alignnone wp-image-15411\" src=\"https:\/\/upec.edu.ec\/wp-content\/uploads\/2023\/08\/icono_descarga.png\" alt=\"\" width=\"28\" height=\"28\" srcset=\"https:\/\/upec.edu.ec\/wp-content\/uploads\/2023\/08\/icono_descarga.png 512w, https:\/\/upec.edu.ec\/wp-content\/uploads\/2023\/08\/icono_descarga-300x300.png 300w, https:\/\/upec.edu.ec\/wp-content\/uploads\/2023\/08\/icono_descarga-100x100.png 100w, https:\/\/upec.edu.ec\/wp-content\/uploads\/2023\/08\/icono_descarga-150x150.png 150w\" sizes=\"(max-width: 28px) 100vw, 28px\" \/><\/a> \u00a0Requisitos beca excelencia acad\u00e9mica<\/span><\/p><p><span style=\"color: #999999;\"><a href=\"https:\/\/upec.edu.ec\/images\/stories\/Becas\/2024A\/3_Requisitos_igualdad_oportunidades.pdf\"><img decoding=\"async\" class=\"alignnone wp-image-15411\" src=\"https:\/\/upec.edu.ec\/wp-content\/uploads\/2023\/08\/icono_descarga.png\" alt=\"\" width=\"28\" height=\"28\" srcset=\"https:\/\/upec.edu.ec\/wp-content\/uploads\/2023\/08\/icono_descarga.png 512w, https:\/\/upec.edu.ec\/wp-content\/uploads\/2023\/08\/icono_descarga-300x300.png 300w, https:\/\/upec.edu.ec\/wp-content\/uploads\/2023\/08\/icono_descarga-100x100.png 100w, https:\/\/upec.edu.ec\/wp-content\/uploads\/2023\/08\/icono_descarga-150x150.png 150w\" sizes=\"(max-width: 28px) 100vw, 28px\" \/><\/a> \u00a0\u00a0Requisitos beca igualdad de oportunidades<\/span><\/p><p><span style=\"color: #999999;\"><a href=\"https:\/\/upec.edu.ec\/images\/stories\/Becas\/2024A\/4_Requisitos_merito_academico.pdf\"><img decoding=\"async\" class=\"alignnone wp-image-15411\" src=\"https:\/\/upec.edu.ec\/wp-content\/uploads\/2023\/08\/icono_descarga.png\" alt=\"\" width=\"28\" height=\"28\" srcset=\"https:\/\/upec.edu.ec\/wp-content\/uploads\/2023\/08\/icono_descarga.png 512w, https:\/\/upec.edu.ec\/wp-content\/uploads\/2023\/08\/icono_descarga-300x300.png 300w, https:\/\/upec.edu.ec\/wp-content\/uploads\/2023\/08\/icono_descarga-100x100.png 100w, https:\/\/upec.edu.ec\/wp-content\/uploads\/2023\/08\/icono_descarga-150x150.png 150w\" sizes=\"(max-width: 28px) 100vw, 28px\" \/><\/a> \u00a0\u00a0Requisitos beca m\u00e9rito acad\u00e9mico de educaci\u00f3n media<\/span><\/p><p><span style=\"color: #999999;\"><a href=\"https:\/\/upec.edu.ec\/images\/stories\/Becas\/2024A\/5_Requisitos_presentacion.pdf\"><img decoding=\"async\" class=\"alignnone wp-image-15411\" src=\"https:\/\/upec.edu.ec\/wp-content\/uploads\/2023\/08\/icono_descarga.png\" alt=\"\" width=\"28\" height=\"28\" srcset=\"https:\/\/upec.edu.ec\/wp-content\/uploads\/2023\/08\/icono_descarga.png 512w, https:\/\/upec.edu.ec\/wp-content\/uploads\/2023\/08\/icono_descarga-300x300.png 300w, https:\/\/upec.edu.ec\/wp-content\/uploads\/2023\/08\/icono_descarga-100x100.png 100w, https:\/\/upec.edu.ec\/wp-content\/uploads\/2023\/08\/icono_descarga-150x150.png 150w\" sizes=\"(max-width: 28px) 100vw, 28px\" \/><\/a> \u00a0\u00a0Requisitos beca estudiantil<\/span><\/p><p><span style=\"color: #999999;\"><a href=\"https:\/\/upec.edu.ec\/images\/stories\/Becas\/2024A\/Anexo1_Solicitud_de_beca_2024a.pdf\"><img decoding=\"async\" class=\"alignnone wp-image-15411\" src=\"https:\/\/upec.edu.ec\/wp-content\/uploads\/2023\/08\/icono_descarga.png\" alt=\"\" width=\"28\" height=\"28\" srcset=\"https:\/\/upec.edu.ec\/wp-content\/uploads\/2023\/08\/icono_descarga.png 512w, https:\/\/upec.edu.ec\/wp-content\/uploads\/2023\/08\/icono_descarga-300x300.png 300w, https:\/\/upec.edu.ec\/wp-content\/uploads\/2023\/08\/icono_descarga-100x100.png 100w, https:\/\/upec.edu.ec\/wp-content\/uploads\/2023\/08\/icono_descarga-150x150.png 150w\" sizes=\"(max-width: 28px) 100vw, 28px\" \/><\/a> \u00a0\u00a0Anexo 1: Solicitud de beca 2024A<\/span><\/p><div>\u00a0<\/div>\t\t\t\t\t\t\t\t<\/div>\n\t\t\t\t<\/div>\n\t\t\t\t\t<\/div>\n\t\t<\/div>\n\t\t\t\t<div class=\"elementor-column elementor-col-50 elementor-top-column elementor-element elementor-element-41c6bc5\" data-id=\"41c6bc5\" data-element_type=\"column\">\n\t\t\t<div class=\"elementor-widget-wrap elementor-element-populated\">\n\t\t\t\t\t\t<div class=\"elementor-element elementor-element-88930ce elementor-widget__width-initial elementor-arrows-position-inside elementor-pagination-position-outside elementor-widget elementor-widget-image-carousel\" data-id=\"88930ce\" data-element_type=\"widget\" data-settings=\"{&quot;slides_to_show&quot;:&quot;1&quot;,&quot;navigation&quot;:&quot;both&quot;,&quot;autoplay&quot;:&quot;yes&quot;,&quot;pause_on_hover&quot;:&quot;yes&quot;,&quot;pause_on_interaction&quot;:&quot;yes&quot;,&quot;autoplay_speed&quot;:5000,&quot;infinite&quot;:&quot;yes&quot;,&quot;effect&quot;:&quot;slide&quot;,&quot;speed&quot;:500}\" data-widget_type=\"image-carousel.default\">\n\t\t\t\t<div class=\"elementor-widget-container\">\n\t\t\t\t\t\t\t<div class=\"elementor-image-carousel-wrapper swiper\" role=\"region\" aria-roledescription=\"carousel\" aria-label=\"Carrusel de im\u00e1genes\" dir=\"ltr\">\n\t\t\t<div class=\"elementor-image-carousel swiper-wrapper\" aria-live=\"off\">\n\t\t\t\t\t\t\t\t<div class=\"swiper-slide\" role=\"group\" aria-roledescription=\"slide\" aria-label=\"1 of 1\"><figure class=\"swiper-slide-inner\"><img decoding=\"async\" class=\"swiper-slide-image\" src=\"https:\/\/upec.edu.ec\/wp-content\/uploads\/2024\/03\/Becas2024A.jpeg\" alt=\"Becas2024A\" \/><\/figure><\/div>\t\t\t<\/div>\n\t\t\t\t\t<\/div>\n\t\t\t\t\t\t<\/div>\n\t\t\t\t<\/div>\n\t\t\t\t\t<\/div>\n\t\t<\/div>\n\t\t\t\t\t<\/div>\n\t\t<\/section>\n\t\t\t\t<\/div>\n\t\t","protected":false},"excerpt":{"rendered":"<p>Requisitos Becas 2024A \u00a0\u00a0Requisitos becas socio econ\u00f3mica \u00a0Requisitos beca excelencia acad\u00e9mica \u00a0\u00a0Requisitos beca igualdad de oportunidades \u00a0\u00a0Requisitos beca m\u00e9rito acad\u00e9mico de educaci\u00f3n media \u00a0\u00a0Requisitos beca estudiantil \u00a0\u00a0Anexo 1: Solicitud de beca 2024A \u00a0<\/p>\n","protected":false},"author":2,"featured_media":0,"parent":0,"menu_order":0,"comment_status":"closed","ping_status":"closed","template":"","meta":{"site-sidebar-layout":"default","site-content-layout":"","ast-site-content-layout":"default","site-content-style":"default","site-sidebar-style":"default","ast-global-header-display":"","ast-banner-title-visibility":"","ast-main-header-display":"","ast-hfb-above-header-display":"","ast-hfb-below-header-display":"","ast-hfb-mobile-header-display":"","site-post-title":"disabled","ast-breadcrumbs-content":"","ast-featured-img":"","footer-sml-layout":"","theme-transparent-header-meta":"","adv-header-id-meta":"","stick-header-meta":"","header-above-stick-meta":"","header-main-stick-meta":"","header-below-stick-meta":"","astra-migrate-meta-layouts":"set","ast-page-background-enabled":"default","ast-page-background-meta":{"desktop":{"background-color":"var(--ast-global-color-4)","background-image":"","background-repeat":"repeat","background-position":"center center","background-size":"auto","background-attachment":"scroll","background-type":"","background-media":"","overlay-type":"","overlay-color":"","overlay-opacity":"","overlay-gradient":""},"tablet":{"background-color":"","background-image":"","background-repeat":"repeat","background-position":"center center","background-size":"auto","background-attachment":"scroll","background-type":"","background-media":"","overlay-type":"","overlay-color":"","overlay-opacity":"","overlay-gradient":""},"mobile":{"background-color":"","background-image":"","background-repeat":"repeat","background-position":"center center","background-size":"auto","background-attachment":"scroll","background-type":"","background-media":"","overlay-type":"","overlay-color":"","overlay-opacity":"","overlay-gradient":""}},"ast-content-background-meta":{"desktop":{"background-color":"var(--ast-global-color-5)","background-image":"","background-repeat":"repeat","background-position":"center center","background-size":"auto","background-attachment":"scroll","background-type":"","background-media":"","overlay-type":"","overlay-color":"","overlay-opacity":"","overlay-gradient":""},"tablet":{"background-color":"var(--ast-global-color-5)","background-image":"","background-repeat":"repeat","background-position":"center center","background-size":"auto","background-attachment":"scroll","background-type":"","background-media":"","overlay-type":"","overlay-color":"","overlay-opacity":"","overlay-gradient":""},"mobile":{"background-color":"var(--ast-global-color-5)","background-image":"","background-repeat":"repeat","background-position":"center center","background-size":"auto","background-attachment":"scroll","background-type":"","background-media":"","overlay-type":"","overlay-color":"","overlay-opacity":"","overlay-gradient":""}},"footnotes":""},"class_list":["post-22297","page","type-page","status-publish","hentry"],"_links":{"self":[{"href":"https:\/\/upec.edu.ec\/index.php\/wp-json\/wp\/v2\/pages\/22297","targetHints":{"allow":["GET"]}}],"collection":[{"href":"https:\/\/upec.edu.ec\/index.php\/wp-json\/wp\/v2\/pages"}],"about":[{"href":"https:\/\/upec.edu.ec\/index.php\/wp-json\/wp\/v2\/types\/page"}],"author":[{"embeddable":true,"href":"https:\/\/upec.edu.ec\/index.php\/wp-json\/wp\/v2\/users\/2"}],"replies":[{"embeddable":true,"href":"https:\/\/upec.edu.ec\/index.php\/wp-json\/wp\/v2\/comments?post=22297"}],"version-history":[{"count":25,"href":"https:\/\/upec.edu.ec\/index.php\/wp-json\/wp\/v2\/pages\/22297\/revisions"}],"predecessor-version":[{"id":22324,"href":"https:\/\/upec.edu.ec\/index.php\/wp-json\/wp\/v2\/pages\/22297\/revisions\/22324"}],"wp:attachment":[{"href":"https:\/\/upec.edu.ec\/index.php\/wp-json\/wp\/v2\/media?parent=22297"}],"curies":[{"name":"wp","href":"https:\/\/api.w.org\/{rel}","templated":true}]}}