{"id":21822,"date":"2024-02-06T11:02:48","date_gmt":"2024-02-06T16:02:48","guid":{"rendered":"https:\/\/upec.edu.ec\/?page_id=21822"},"modified":"2024-02-06T11:10:37","modified_gmt":"2024-02-06T16:10:37","slug":"boletin-011-2024","status":"publish","type":"page","link":"https:\/\/upec.edu.ec\/index.php\/boletin-011-2024\/","title":{"rendered":"Bolet\u00edn 011 2024"},"content":{"rendered":"\t\t<div data-elementor-type=\"wp-page\" data-elementor-id=\"21822\" class=\"elementor elementor-21822\">\n\t\t\t\t\t\t<section class=\"elementor-section elementor-top-section elementor-element elementor-element-86c772d elementor-section-full_width elementor-section-height-min-height elementor-section-items-top elementor-section-height-default\" data-id=\"86c772d\" data-element_type=\"section\">\n\t\t\t\t\t\t<div class=\"elementor-container elementor-column-gap-no\">\n\t\t\t\t\t<div class=\"elementor-column elementor-col-100 elementor-top-column elementor-element elementor-element-6caf56e\" data-id=\"6caf56e\" data-element_type=\"column\">\n\t\t\t<div class=\"elementor-widget-wrap elementor-element-populated\">\n\t\t\t\t\t\t<div class=\"elementor-element elementor-element-9fe77fd elementor-widget__width-auto elementor-widget elementor-widget-heading\" data-id=\"9fe77fd\" data-element_type=\"widget\" data-widget_type=\"heading.default\">\n\t\t\t\t<div class=\"elementor-widget-container\">\n\t\t\t\t\t<h2 class=\"elementor-heading-title elementor-size-default\">LA UPEC FORMA PARTE DE LAS INICIATIVAS QUE IMPULSA LA REGAP PARA FORTALECER AL ESTADO ECUATORIANO <\/h2>\t\t\t\t<\/div>\n\t\t\t\t<\/div>\n\t\t\t\t<div class=\"elementor-element elementor-element-6256772 elementor-widget elementor-widget-heading\" data-id=\"6256772\" data-element_type=\"widget\" data-widget_type=\"heading.default\">\n\t\t\t\t<div class=\"elementor-widget-container\">\n\t\t\t\t\t<h2 class=\"elementor-heading-title elementor-size-default\">Sof\u00eda Zapata, directora de la carrera de Administraci\u00f3n P\u00fablica, estuvo presente en una reuni\u00f3n convocada por la Red Ecuatoriana de Gobierno y Administraci\u00f3n P\u00fablica (REGAP), con la finalidad de avanzar en el dise\u00f1o del plan estrat\u00e9gico para el actual per\u00edodo que lo preside Edison Mafla, delegado de la Universidad Andina Sim\u00f3n Bol\u00edvar, Sede Ecuador.<br><br>\n\nLa Polit\u00e9cnica del Carchi forma parte de un grupo selecto de 10 universidades ecuatorianas que integran la REGAP. Nuestra directora, indic\u00f3 que una de las acciones que acordaron en la reuni\u00f3n es fortalecer externamente la red; hacer presencia a nivel nacional ante los organismos del Estado: con la Asamblea Nacional y con los GAD.<br><br>\n\nDesde la UPEC se ha propuesto en temas de inserci\u00f3n laboral, que se priorice la revisi\u00f3n de cargos donde se integran los graduados de Administraci\u00f3n P\u00fablica en las instituciones del Estado. Otro de los puntos que trabaja la red es fortalecer la profesionalizaci\u00f3n de los servidores p\u00fablicos y su gesti\u00f3n, para que puedan manejar de forma adecuada los recursos y las instituciones p\u00fablicas.<br><br>\n\nLa REGAP naci\u00f3 en el 2018 por iniciativa del Instituto de Altos Estudios Nacionales, la UPEC y la Universidad Nacional de Loja. Este organismo acad\u00e9mico se encarga del estudio de la Administraci\u00f3n P\u00fablica y Gobierno, en el que se elaboran proyectos de investigaci\u00f3n y vinculaci\u00f3n con la sociedad, as\u00ed como temas de incidencia social.<br><br>\n\nActualmente, los estudiantes de la Polit\u00e9cnica del Carchi conocen los procesos que realiza la REGAP y, en las aulas, refuerzan conocimientos que permitir\u00e1n robustecer el Estado ecuatoriano a trav\u00e9s de pol\u00edticas de protecci\u00f3n social que hacen falta en el cr\u00edtico momento que atraviesa el Ecuador.<br><br>\n<\/h2>\t\t\t\t<\/div>\n\t\t\t\t<\/div>\n\t\t\t\t\t<\/div>\n\t\t<\/div>\n\t\t\t\t\t<\/div>\n\t\t<\/section>\n\t\t\t\t<section class=\"elementor-section elementor-top-section elementor-element elementor-element-2cd4369 elementor-section-full_width elementor-section-height-min-height elementor-section-items-top elementor-section-height-default\" data-id=\"2cd4369\" data-element_type=\"section\">\n\t\t\t\t\t\t<div class=\"elementor-container elementor-column-gap-no\">\n\t\t\t\t\t<div class=\"elementor-column elementor-col-100 elementor-top-column elementor-element elementor-element-a7fd849\" data-id=\"a7fd849\" data-element_type=\"column\">\n\t\t\t<div class=\"elementor-widget-wrap elementor-element-populated\">\n\t\t\t\t\t\t<div class=\"elementor-element elementor-element-ff78700 elementor-widget__width-initial elementor-widget elementor-widget-image\" data-id=\"ff78700\" data-element_type=\"widget\" data-widget_type=\"image.default\">\n\t\t\t\t<div class=\"elementor-widget-container\">\n\t\t\t\t\t\t\t\t\t\t\t\t\t\t\t<img decoding=\"async\" src=\"https:\/\/upec.edu.ec\/wp-content\/uploads\/elementor\/thumbs\/boletin_11_01-e1707432024638-ralkdwz6g7g9ge1y1qyzu8609f7vy6r8lq9q1lj738.jpg\" title=\"boletin_11_01\" alt=\"boletin_11_01\" loading=\"lazy\" \/>\t\t\t\t\t\t\t\t\t\t\t\t\t\t\t<\/div>\n\t\t\t\t<\/div>\n\t\t\t\t<div class=\"elementor-element elementor-element-7d43ed9 elementor-widget__width-initial elementor-widget elementor-widget-image\" data-id=\"7d43ed9\" data-element_type=\"widget\" data-widget_type=\"image.default\">\n\t\t\t\t<div class=\"elementor-widget-container\">\n\t\t\t\t\t\t\t\t\t\t\t\t\t\t\t<img decoding=\"async\" src=\"https:\/\/upec.edu.ec\/wp-content\/uploads\/elementor\/thumbs\/boletin_11_02-ralkdxx0n1hjs00kw9dmepxgut395vuyxux7ivhtaw.jpg\" title=\"boletin_11_02\" alt=\"boletin_11_02\" loading=\"lazy\" \/>\t\t\t\t\t\t\t\t\t\t\t\t\t\t\t<\/div>\n\t\t\t\t<\/div>\n\t\t\t\t<div class=\"elementor-element elementor-element-12f2adc elementor-widget__width-initial elementor-widget elementor-widget-image\" data-id=\"12f2adc\" data-element_type=\"widget\" data-widget_type=\"image.default\">\n\t\t\t\t<div class=\"elementor-widget-container\">\n\t\t\t\t\t\t\t\t\t\t\t\t\t\t\t<img decoding=\"async\" src=\"https:\/\/upec.edu.ec\/wp-content\/uploads\/elementor\/thumbs\/boletin_11_03-ralkdwz6g7g9ge1y1qyzu8609f7vy6r8lq9q1lj6oi.jpg\" title=\"boletin_11_03\" alt=\"boletin_11_03\" loading=\"lazy\" \/>\t\t\t\t\t\t\t\t\t\t\t\t\t\t\t<\/div>\n\t\t\t\t<\/div>\n\t\t\t\t\t<\/div>\n\t\t<\/div>\n\t\t\t\t\t<\/div>\n\t\t<\/section>\n\t\t\t\t<section class=\"elementor-section elementor-top-section elementor-element elementor-element-b1f7cd2 elementor-section-full_width elementor-section-height-min-height elementor-section-items-top elementor-section-height-default\" data-id=\"b1f7cd2\" data-element_type=\"section\">\n\t\t\t\t\t\t<div class=\"elementor-container elementor-column-gap-no\">\n\t\t\t\t\t<div class=\"elementor-column elementor-col-100 elementor-top-column elementor-element elementor-element-2b2b894\" data-id=\"2b2b894\" data-element_type=\"column\">\n\t\t\t<div class=\"elementor-widget-wrap elementor-element-populated\">\n\t\t\t\t\t\t<div class=\"elementor-element elementor-element-e6cd8cf elementor-widget elementor-widget-text-editor\" data-id=\"e6cd8cf\" data-element_type=\"widget\" data-widget_type=\"text-editor.default\">\n\t\t\t\t<div class=\"elementor-widget-container\">\n\t\t\t\t\t\t\t\t\t<p style=\"text-align: center;\"><span style=\"color: #999999;\">Pie de foto: Representantes de universidades del Ecuador estuvieron presentes en la reuni\u00f3n convocada por la REGAP.<\/span><\/p>\t\t\t\t\t\t\t\t<\/div>\n\t\t\t\t<\/div>\n\t\t\t\t\t<\/div>\n\t\t<\/div>\n\t\t\t\t\t<\/div>\n\t\t<\/section>\n\t\t\t\t<section class=\"elementor-section elementor-top-section elementor-element elementor-element-3d0f6cb elementor-section-boxed elementor-section-height-default elementor-section-height-default\" data-id=\"3d0f6cb\" data-element_type=\"section\">\n\t\t\t\t\t\t<div class=\"elementor-container elementor-column-gap-default\">\n\t\t\t\t\t<div class=\"elementor-column elementor-col-100 elementor-top-column elementor-element elementor-element-ae879ca\" data-id=\"ae879ca\" data-element_type=\"column\">\n\t\t\t<div class=\"elementor-widget-wrap\">\n\t\t\t\t\t\t\t<\/div>\n\t\t<\/div>\n\t\t\t\t\t<\/div>\n\t\t<\/section>\n\t\t\t\t<\/div>\n\t\t","protected":false},"excerpt":{"rendered":"<p>LA UPEC FORMA PARTE DE LAS INICIATIVAS QUE IMPULSA LA REGAP PARA FORTALECER AL ESTADO ECUATORIANO Sof\u00eda Zapata, directora de la carrera de Administraci\u00f3n P\u00fablica, estuvo presente en una reuni\u00f3n convocada por la Red Ecuatoriana de Gobierno y Administraci\u00f3n P\u00fablica (REGAP), con la finalidad de avanzar en el dise\u00f1o del plan estrat\u00e9gico para el actual [&hellip;]<\/p>\n","protected":false},"author":2,"featured_media":0,"parent":0,"menu_order":0,"comment_status":"closed","ping_status":"closed","template":"","meta":{"site-sidebar-layout":"default","site-content-layout":"","ast-site-content-layout":"default","site-content-style":"default","site-sidebar-style":"default","ast-global-header-display":"","ast-banner-title-visibility":"","ast-main-header-display":"","ast-hfb-above-header-display":"","ast-hfb-below-header-display":"","ast-hfb-mobile-header-display":"","site-post-title":"disabled","ast-breadcrumbs-content":"","ast-featured-img":"","footer-sml-layout":"","theme-transparent-header-meta":"","adv-header-id-meta":"","stick-header-meta":"","header-above-stick-meta":"","header-main-stick-meta":"","header-below-stick-meta":"","astra-migrate-meta-layouts":"set","ast-page-background-enabled":"default","ast-page-background-meta":{"desktop":{"background-color":"var(--ast-global-color-4)","background-image":"","background-repeat":"repeat","background-position":"center center","background-size":"auto","background-attachment":"scroll","background-type":"","background-media":"","overlay-type":"","overlay-color":"","overlay-opacity":"","overlay-gradient":""},"tablet":{"background-color":"","background-image":"","background-repeat":"repeat","background-position":"center center","background-size":"auto","background-attachment":"scroll","background-type":"","background-media":"","overlay-type":"","overlay-color":"","overlay-opacity":"","overlay-gradient":""},"mobile":{"background-color":"","background-image":"","background-repeat":"repeat","background-position":"center center","background-size":"auto","background-attachment":"scroll","background-type":"","background-media":"","overlay-type":"","overlay-color":"","overlay-opacity":"","overlay-gradient":""}},"ast-content-background-meta":{"desktop":{"background-color":"var(--ast-global-color-5)","background-image":"","background-repeat":"repeat","background-position":"center center","background-size":"auto","background-attachment":"scroll","background-type":"","background-media":"","overlay-type":"","overlay-color":"","overlay-opacity":"","overlay-gradient":""},"tablet":{"background-color":"var(--ast-global-color-5)","background-image":"","background-repeat":"repeat","background-position":"center center","background-size":"auto","background-attachment":"scroll","background-type":"","background-media":"","overlay-type":"","overlay-color":"","overlay-opacity":"","overlay-gradient":""},"mobile":{"background-color":"var(--ast-global-color-5)","background-image":"","background-repeat":"repeat","background-position":"center center","background-size":"auto","background-attachment":"scroll","background-type":"","background-media":"","overlay-type":"","overlay-color":"","overlay-opacity":"","overlay-gradient":""}},"footnotes":""},"class_list":["post-21822","page","type-page","status-publish","hentry"],"_links":{"self":[{"href":"https:\/\/upec.edu.ec\/index.php\/wp-json\/wp\/v2\/pages\/21822","targetHints":{"allow":["GET"]}}],"collection":[{"href":"https:\/\/upec.edu.ec\/index.php\/wp-json\/wp\/v2\/pages"}],"about":[{"href":"https:\/\/upec.edu.ec\/index.php\/wp-json\/wp\/v2\/types\/page"}],"author":[{"embeddable":true,"href":"https:\/\/upec.edu.ec\/index.php\/wp-json\/wp\/v2\/users\/2"}],"replies":[{"embeddable":true,"href":"https:\/\/upec.edu.ec\/index.php\/wp-json\/wp\/v2\/comments?post=21822"}],"version-history":[{"count":13,"href":"https:\/\/upec.edu.ec\/index.php\/wp-json\/wp\/v2\/pages\/21822\/revisions"}],"predecessor-version":[{"id":21850,"href":"https:\/\/upec.edu.ec\/index.php\/wp-json\/wp\/v2\/pages\/21822\/revisions\/21850"}],"wp:attachment":[{"href":"https:\/\/upec.edu.ec\/index.php\/wp-json\/wp\/v2\/media?parent=21822"}],"curies":[{"name":"wp","href":"https:\/\/api.w.org\/{rel}","templated":true}]}}