{"id":21180,"date":"2024-01-04T11:18:31","date_gmt":"2024-01-04T16:18:31","guid":{"rendered":"https:\/\/upec.edu.ec\/?page_id=21180"},"modified":"2024-01-04T11:22:27","modified_gmt":"2024-01-04T16:22:27","slug":"boletin-001-2024","status":"publish","type":"page","link":"https:\/\/upec.edu.ec\/index.php\/boletin-001-2024\/","title":{"rendered":"Bolet\u00edn 001 2024"},"content":{"rendered":"\t\t<div data-elementor-type=\"wp-page\" data-elementor-id=\"21180\" class=\"elementor elementor-21180\">\n\t\t\t\t\t\t<section class=\"elementor-section elementor-top-section elementor-element elementor-element-86c772d elementor-section-full_width elementor-section-height-min-height elementor-section-items-top elementor-section-height-default\" data-id=\"86c772d\" data-element_type=\"section\">\n\t\t\t\t\t\t<div class=\"elementor-container elementor-column-gap-no\">\n\t\t\t\t\t<div class=\"elementor-column elementor-col-100 elementor-top-column elementor-element elementor-element-6caf56e\" data-id=\"6caf56e\" data-element_type=\"column\">\n\t\t\t<div class=\"elementor-widget-wrap elementor-element-populated\">\n\t\t\t\t\t\t<div class=\"elementor-element elementor-element-9fe77fd elementor-widget__width-auto elementor-widget elementor-widget-heading\" data-id=\"9fe77fd\" data-element_type=\"widget\" data-widget_type=\"heading.default\">\n\t\t\t\t<div class=\"elementor-widget-container\">\n\t\t\t\t\t<h2 class=\"elementor-heading-title elementor-size-default\">LA UPEC ES LA UNIVERSIDAD M\u00c1S SOSTENIBLE DE LA REGI\u00d3N Y SEGUNDA EN ECUADOR<\/h2>\t\t\t\t<\/div>\n\t\t\t\t<\/div>\n\t\t\t\t<div class=\"elementor-element elementor-element-6256772 elementor-widget elementor-widget-heading\" data-id=\"6256772\" data-element_type=\"widget\" data-widget_type=\"heading.default\">\n\t\t\t\t<div class=\"elementor-widget-container\">\n\t\t\t\t\t<h2 class=\"elementor-heading-title elementor-size-default\">Por segundo a\u00f1o consecutivo, la Universidad Polit\u00e9cnica Estatal del Carchi (UPEC) se posiciona como la segunda universidad m\u00e1s sostenible del Ecuador y la primera de la regi\u00f3n, de acuerdo a los indicadores que establece el Ranking GreenMetric; evaluaci\u00f3n anual que mide el desempe\u00f1o de universidades a nivel mundial en aspectos como la gesti\u00f3n de residuos, el uso de energ\u00edas renovables, la movilidad sostenible, la educaci\u00f3n ambiental y la investigaci\u00f3n en temas ambientales.<br><br>\n\nLa Polit\u00e9cnica del Carchi trabaj\u00f3 con acciones en funci\u00f3n de su compromiso socioambiental, logrando escalar 78 posiciones y ubic\u00e1ndose en el puesto 202 de un total de 1.138 universidades participantes.<br><br>\n\nEn Ecuador, de ocho universidades participantes, la UPEC se ratifica con 7.800 puntos como la segunda universidad m\u00e1s sostenible del pa\u00eds y la primera en la regi\u00f3n sierra, convirti\u00e9ndose en referente de la lucha contra el cambio clim\u00e1tico a trav\u00e9s una educaci\u00f3n transformadora.<br><br>\n\nLa incorporaci\u00f3n de los Objetivos de Desarrollo Sostenible (ODS) en el Modelo Educativo Ecol\u00f3gico Contextual, permite que desde el 2019 la Polit\u00e9cnica del Carchi tenga un crecimiento evidente en el indicador Educaci\u00f3n e Investigaci\u00f3n, logrando subir 425 puntos por investigaciones realizadas para la gesti\u00f3n adecuada de los recursos, demostrando un desarrollo acad\u00e9mico eficiente, alcanzando la calidad de la ense\u00f1anza y los servicios complementarios de la misma.<br><br>\n\nJorge Mina, rector de la UPEC, indic\u00f3 que es un orgullo ser la universidad m\u00e1s sostenible de la regi\u00f3n. \u201cEste es un logro que la comunidad universitaria se compromete a desafiar para convertir a la UPEC en la m\u00e1s sostenible del Ecuador\u201d.<br><br>\n<\/h2>\t\t\t\t<\/div>\n\t\t\t\t<\/div>\n\t\t\t\t\t<\/div>\n\t\t<\/div>\n\t\t\t\t\t<\/div>\n\t\t<\/section>\n\t\t\t\t<section class=\"elementor-section elementor-top-section elementor-element elementor-element-2cd4369 elementor-section-full_width elementor-section-height-min-height elementor-section-items-top elementor-section-height-default\" data-id=\"2cd4369\" data-element_type=\"section\">\n\t\t\t\t\t\t<div class=\"elementor-container elementor-column-gap-no\">\n\t\t\t\t\t<div class=\"elementor-column elementor-col-100 elementor-top-column elementor-element elementor-element-a7fd849\" data-id=\"a7fd849\" data-element_type=\"column\">\n\t\t\t<div class=\"elementor-widget-wrap elementor-element-populated\">\n\t\t\t\t\t\t<div class=\"elementor-element elementor-element-7d43ed9 elementor-widget__width-initial elementor-widget elementor-widget-image\" data-id=\"7d43ed9\" data-element_type=\"widget\" data-widget_type=\"image.default\">\n\t\t\t\t<div class=\"elementor-widget-container\">\n\t\t\t\t\t\t\t\t\t\t\t\t\t\t\t<img decoding=\"async\" src=\"https:\/\/upec.edu.ec\/wp-content\/uploads\/elementor\/thumbs\/boletin_01_01-ralkdwz6g7g9ge1y1qyzu8609f7vy6r8lq9q1ljanu.jpg\" title=\"boletin_01_01\" alt=\"boletin_01_01\" loading=\"lazy\" \/>\t\t\t\t\t\t\t\t\t\t\t\t\t\t\t<\/div>\n\t\t\t\t<\/div>\n\t\t\t\t<div class=\"elementor-element elementor-element-ff78700 elementor-widget__width-initial elementor-widget elementor-widget-image\" data-id=\"ff78700\" data-element_type=\"widget\" data-widget_type=\"image.default\">\n\t\t\t\t<div class=\"elementor-widget-container\">\n\t\t\t\t\t\t\t\t\t\t\t\t\t\t\t<img decoding=\"async\" src=\"https:\/\/upec.edu.ec\/wp-content\/uploads\/elementor\/thumbs\/boletin_01_02-ralkdwz6g7g9ge1y1qyzu8609f7vy6r8lq9q1ljanu.jpg\" title=\"boletin_01_02\" alt=\"boletin_01_02\" loading=\"lazy\" \/>\t\t\t\t\t\t\t\t\t\t\t\t\t\t\t<\/div>\n\t\t\t\t<\/div>\n\t\t\t\t\t<\/div>\n\t\t<\/div>\n\t\t\t\t\t<\/div>\n\t\t<\/section>\n\t\t\t\t<section class=\"elementor-section elementor-top-section elementor-element elementor-element-b1f7cd2 elementor-section-full_width elementor-section-height-min-height elementor-section-items-top elementor-section-height-default\" data-id=\"b1f7cd2\" data-element_type=\"section\">\n\t\t\t\t\t\t<div class=\"elementor-container elementor-column-gap-no\">\n\t\t\t\t\t<div class=\"elementor-column elementor-col-100 elementor-top-column elementor-element elementor-element-2b2b894\" data-id=\"2b2b894\" data-element_type=\"column\">\n\t\t\t<div class=\"elementor-widget-wrap elementor-element-populated\">\n\t\t\t\t\t\t<div class=\"elementor-element elementor-element-e6cd8cf elementor-widget elementor-widget-text-editor\" data-id=\"e6cd8cf\" data-element_type=\"widget\" data-widget_type=\"text-editor.default\">\n\t\t\t\t<div class=\"elementor-widget-container\">\n\t\t\t\t\t\t\t\t\t<p style=\"text-align: center;\"><span style=\"color: #999999;\">Pie de foto: <span class=\"x_ContentPasted1\" lang=\"ES-MX\">La UPEC es la segunda universidad m\u00e1s sostenible del pa\u00eds y la primera en la regi\u00f3n sierra seg\u00fan el ranking GreenMetric.<\/span><\/span><\/p>\t\t\t\t\t\t\t\t<\/div>\n\t\t\t\t<\/div>\n\t\t\t\t\t<\/div>\n\t\t<\/div>\n\t\t\t\t\t<\/div>\n\t\t<\/section>\n\t\t\t\t<section class=\"elementor-section elementor-top-section elementor-element elementor-element-3d0f6cb elementor-section-boxed elementor-section-height-default elementor-section-height-default\" data-id=\"3d0f6cb\" data-element_type=\"section\">\n\t\t\t\t\t\t<div class=\"elementor-container elementor-column-gap-default\">\n\t\t\t\t\t<div class=\"elementor-column elementor-col-100 elementor-top-column elementor-element elementor-element-ae879ca\" data-id=\"ae879ca\" data-element_type=\"column\">\n\t\t\t<div class=\"elementor-widget-wrap\">\n\t\t\t\t\t\t\t<\/div>\n\t\t<\/div>\n\t\t\t\t\t<\/div>\n\t\t<\/section>\n\t\t\t\t<\/div>\n\t\t","protected":false},"excerpt":{"rendered":"<p>LA UPEC ES LA UNIVERSIDAD M\u00c1S SOSTENIBLE DE LA REGI\u00d3N Y SEGUNDA EN ECUADOR Por segundo a\u00f1o consecutivo, la Universidad Polit\u00e9cnica Estatal del Carchi (UPEC) se posiciona como la segunda universidad m\u00e1s sostenible del Ecuador y la primera de la regi\u00f3n, de acuerdo a los indicadores que establece el Ranking GreenMetric; evaluaci\u00f3n anual que mide [&hellip;]<\/p>\n","protected":false},"author":2,"featured_media":0,"parent":0,"menu_order":0,"comment_status":"closed","ping_status":"closed","template":"","meta":{"site-sidebar-layout":"default","site-content-layout":"","ast-site-content-layout":"default","site-content-style":"default","site-sidebar-style":"default","ast-global-header-display":"","ast-banner-title-visibility":"","ast-main-header-display":"","ast-hfb-above-header-display":"","ast-hfb-below-header-display":"","ast-hfb-mobile-header-display":"","site-post-title":"disabled","ast-breadcrumbs-content":"","ast-featured-img":"","footer-sml-layout":"","theme-transparent-header-meta":"","adv-header-id-meta":"","stick-header-meta":"","header-above-stick-meta":"","header-main-stick-meta":"","header-below-stick-meta":"","astra-migrate-meta-layouts":"set","ast-page-background-enabled":"default","ast-page-background-meta":{"desktop":{"background-color":"var(--ast-global-color-4)","background-image":"","background-repeat":"repeat","background-position":"center center","background-size":"auto","background-attachment":"scroll","background-type":"","background-media":"","overlay-type":"","overlay-color":"","overlay-opacity":"","overlay-gradient":""},"tablet":{"background-color":"","background-image":"","background-repeat":"repeat","background-position":"center center","background-size":"auto","background-attachment":"scroll","background-type":"","background-media":"","overlay-type":"","overlay-color":"","overlay-opacity":"","overlay-gradient":""},"mobile":{"background-color":"","background-image":"","background-repeat":"repeat","background-position":"center center","background-size":"auto","background-attachment":"scroll","background-type":"","background-media":"","overlay-type":"","overlay-color":"","overlay-opacity":"","overlay-gradient":""}},"ast-content-background-meta":{"desktop":{"background-color":"var(--ast-global-color-5)","background-image":"","background-repeat":"repeat","background-position":"center center","background-size":"auto","background-attachment":"scroll","background-type":"","background-media":"","overlay-type":"","overlay-color":"","overlay-opacity":"","overlay-gradient":""},"tablet":{"background-color":"var(--ast-global-color-5)","background-image":"","background-repeat":"repeat","background-position":"center center","background-size":"auto","background-attachment":"scroll","background-type":"","background-media":"","overlay-type":"","overlay-color":"","overlay-opacity":"","overlay-gradient":""},"mobile":{"background-color":"var(--ast-global-color-5)","background-image":"","background-repeat":"repeat","background-position":"center center","background-size":"auto","background-attachment":"scroll","background-type":"","background-media":"","overlay-type":"","overlay-color":"","overlay-opacity":"","overlay-gradient":""}},"footnotes":""},"class_list":["post-21180","page","type-page","status-publish","hentry"],"_links":{"self":[{"href":"https:\/\/upec.edu.ec\/index.php\/wp-json\/wp\/v2\/pages\/21180","targetHints":{"allow":["GET"]}}],"collection":[{"href":"https:\/\/upec.edu.ec\/index.php\/wp-json\/wp\/v2\/pages"}],"about":[{"href":"https:\/\/upec.edu.ec\/index.php\/wp-json\/wp\/v2\/types\/page"}],"author":[{"embeddable":true,"href":"https:\/\/upec.edu.ec\/index.php\/wp-json\/wp\/v2\/users\/2"}],"replies":[{"embeddable":true,"href":"https:\/\/upec.edu.ec\/index.php\/wp-json\/wp\/v2\/comments?post=21180"}],"version-history":[{"count":10,"href":"https:\/\/upec.edu.ec\/index.php\/wp-json\/wp\/v2\/pages\/21180\/revisions"}],"predecessor-version":[{"id":21191,"href":"https:\/\/upec.edu.ec\/index.php\/wp-json\/wp\/v2\/pages\/21180\/revisions\/21191"}],"wp:attachment":[{"href":"https:\/\/upec.edu.ec\/index.php\/wp-json\/wp\/v2\/media?parent=21180"}],"curies":[{"name":"wp","href":"https:\/\/api.w.org\/{rel}","templated":true}]}}