{"id":21051,"date":"2023-12-21T12:21:07","date_gmt":"2023-12-21T17:21:07","guid":{"rendered":"https:\/\/upec.edu.ec\/?page_id=21051"},"modified":"2023-12-21T12:35:39","modified_gmt":"2023-12-21T17:35:39","slug":"boletin-136","status":"publish","type":"page","link":"https:\/\/upec.edu.ec\/index.php\/boletin-136\/","title":{"rendered":"Bolet\u00edn 136"},"content":{"rendered":"\t\t<div data-elementor-type=\"wp-page\" data-elementor-id=\"21051\" class=\"elementor elementor-21051\">\n\t\t\t\t\t\t<section class=\"elementor-section elementor-top-section elementor-element elementor-element-86c772d elementor-section-full_width elementor-section-height-min-height elementor-section-items-top elementor-section-height-default\" data-id=\"86c772d\" data-element_type=\"section\">\n\t\t\t\t\t\t<div class=\"elementor-container elementor-column-gap-no\">\n\t\t\t\t\t<div class=\"elementor-column elementor-col-100 elementor-top-column elementor-element elementor-element-6caf56e\" data-id=\"6caf56e\" data-element_type=\"column\">\n\t\t\t<div class=\"elementor-widget-wrap elementor-element-populated\">\n\t\t\t\t\t\t<div class=\"elementor-element elementor-element-9fe77fd elementor-widget__width-auto elementor-widget elementor-widget-heading\" data-id=\"9fe77fd\" data-element_type=\"widget\" data-widget_type=\"heading.default\">\n\t\t\t\t<div class=\"elementor-widget-container\">\n\t\t\t\t\t<h2 class=\"elementor-heading-title elementor-size-default\">RESULTADOS POSITVOS PRESENTAN LOS CLUBES DE LA CARRERA DE COMPUTACI\u00d3N<\/h2>\t\t\t\t<\/div>\n\t\t\t\t<\/div>\n\t\t\t\t<div class=\"elementor-element elementor-element-6256772 elementor-widget elementor-widget-heading\" data-id=\"6256772\" data-element_type=\"widget\" data-widget_type=\"heading.default\">\n\t\t\t\t<div class=\"elementor-widget-container\">\n\t\t\t\t\t<h2 class=\"elementor-heading-title elementor-size-default\">Estudiantes del Club de Optimizaci\u00f3n Matem\u00e1tica y Computacional y del Club de Programaci\u00f3n de la Universidad Polit\u00e9cnica Estatal del Carchi, hicieron una reuni\u00f3n corporativa sobre el trabajo que vienen desempe\u00f1ando y las acciones que tienen previsto realizar en el 2024, esto en presencia de Jorge Mina, rector de la UPEC, y de docentes de la carrera de Computaci\u00f3n.<br><br>\n\nEsta iniciativa que naci\u00f3 de los presidentes de los clubes mencionados, Erika Delgado y Cristian Tenesaca, respectivamente, tuvo como finalidad realizar un balance de lo obtenido en materia acad\u00e9mica durante el 2023 y presentar 2 ponencias con tem\u00e1ticas que tienen que ver con la sostenibilidad y la inform\u00e1tica.<br><br>\n\nJohn Cort\u00e9s, estudiante de Computaci\u00f3n, present\u00f3 la ponencia denominada: Modelos de optimizaci\u00f3n matem\u00e1tica para el desarrollo local sostenible en la zona 1 del Ecuador, con el objetivo de crear un procedimiento para la evaluaci\u00f3n del desarrollo local y dimensional de la Zona 1 del Ecuador. Mientras que Cristian Tenesaca present\u00f3 la ponencia: Avances y aplicaci\u00f3n de las energ\u00edas renovables, cuyo objetivo es buscar la posibilidad de implementar sistemas de energ\u00eda limpia en el campus universitario.<br><br>\n\nLa presidenta del Club de Optimizaci\u00f3n Matem\u00e1tica y Computacional, en una especie de rendici\u00f3n de cuentas, dijo que tienen previsto algunos eventos acad\u00e9micos para el pr\u00f3ximo a\u00f1o, entre ellos un conversatorio sobre modelos de matem\u00e1tica aplicada para el desarrollo territorial local y territorial y sostenible del Ecuador, con las Universidades Yachay e Ikiam de la Amazon\u00eda. Tambi\u00e9n est\u00e1 en la lista hacer un taller binacional con universidades de Ecuador y Colombia, cursos permanentes de preparaci\u00f3n para el estudiantado, programas de vinculaci\u00f3n con la sociedad y las olimpiadas acad\u00e9micas dentro de la UPEC.<br><br>\n\nLa autoridad universitaria ratific\u00f3 su compromiso y apoyo a los clubes de la universidad. Solicit\u00f3 que no se limiten en pedir informaci\u00f3n para desarrollar proyectos cient\u00edficos o sociales, ya que la universidad est\u00e1 presta a brindar y transparentar la informaci\u00f3n.\n\nSamuel Lascano, docente de Computaci\u00f3n, resalt\u00f3 que estos clubes pertenecen al proyecto de investigaci\u00f3n Smart Data Lab, proyecto que naci\u00f3 en el a\u00f1o 2022 con el prop\u00f3sito de centralizar los datos de investigaci\u00f3n desarrollados en la UPEC.<br><br>\n\nFinalmente, docentes de la carrera entregaron varios reconocimientos a los estudiantes que lideran estos clubes y plantean ideas innovadoras para beneficio de la comunidad universitaria.<br><br><\/h2>\t\t\t\t<\/div>\n\t\t\t\t<\/div>\n\t\t\t\t\t<\/div>\n\t\t<\/div>\n\t\t\t\t\t<\/div>\n\t\t<\/section>\n\t\t\t\t<section class=\"elementor-section elementor-top-section elementor-element elementor-element-2cd4369 elementor-section-full_width elementor-section-height-min-height elementor-section-items-top elementor-section-height-default\" data-id=\"2cd4369\" data-element_type=\"section\">\n\t\t\t\t\t\t<div class=\"elementor-container elementor-column-gap-no\">\n\t\t\t\t\t<div class=\"elementor-column elementor-col-100 elementor-top-column elementor-element elementor-element-a7fd849\" data-id=\"a7fd849\" data-element_type=\"column\">\n\t\t\t<div class=\"elementor-widget-wrap elementor-element-populated\">\n\t\t\t\t\t\t<div class=\"elementor-element elementor-element-7d43ed9 elementor-widget__width-initial elementor-widget elementor-widget-image\" data-id=\"7d43ed9\" data-element_type=\"widget\" data-widget_type=\"image.default\">\n\t\t\t\t<div class=\"elementor-widget-container\">\n\t\t\t\t\t\t\t\t\t\t\t\t\t\t\t<img decoding=\"async\" src=\"https:\/\/upec.edu.ec\/wp-content\/uploads\/elementor\/thumbs\/boletin_136_01-ralkdxx0n1hjs00kw9dmepxgut395vuyxux7ivhsy4.jpg\" title=\"boletin_136_01\" alt=\"boletin_136_01\" loading=\"lazy\" \/>\t\t\t\t\t\t\t\t\t\t\t\t\t\t\t<\/div>\n\t\t\t\t<\/div>\n\t\t\t\t<div class=\"elementor-element elementor-element-ff78700 elementor-widget__width-initial elementor-widget elementor-widget-image\" data-id=\"ff78700\" data-element_type=\"widget\" data-widget_type=\"image.default\">\n\t\t\t\t<div class=\"elementor-widget-container\">\n\t\t\t\t\t\t\t\t\t\t\t\t\t\t\t<img decoding=\"async\" src=\"https:\/\/upec.edu.ec\/wp-content\/uploads\/elementor\/thumbs\/boletin_136_02-ralkdxx0n1hjs00kw9dmepxgut395vuyxux7ivhsy4.jpg\" title=\"boletin_136_02\" alt=\"boletin_136_02\" loading=\"lazy\" \/>\t\t\t\t\t\t\t\t\t\t\t\t\t\t\t<\/div>\n\t\t\t\t<\/div>\n\t\t\t\t<div class=\"elementor-element elementor-element-2dcd3b7 elementor-widget__width-initial elementor-widget elementor-widget-image\" data-id=\"2dcd3b7\" data-element_type=\"widget\" data-widget_type=\"image.default\">\n\t\t\t\t<div class=\"elementor-widget-container\">\n\t\t\t\t\t\t\t\t\t\t\t\t\t\t\t<img decoding=\"async\" src=\"https:\/\/upec.edu.ec\/wp-content\/uploads\/elementor\/thumbs\/boletin_136_04-ralkdxx0n1hjs00kw9dmepxgut395vuyxux7ivhsy4.jpg\" title=\"boletin_136_04\" alt=\"boletin_136_04\" loading=\"lazy\" \/>\t\t\t\t\t\t\t\t\t\t\t\t\t\t\t<\/div>\n\t\t\t\t<\/div>\n\t\t\t\t\t<\/div>\n\t\t<\/div>\n\t\t\t\t\t<\/div>\n\t\t<\/section>\n\t\t\t\t<section class=\"elementor-section elementor-top-section elementor-element elementor-element-b1f7cd2 elementor-section-full_width elementor-section-height-min-height elementor-section-items-top elementor-section-height-default\" data-id=\"b1f7cd2\" data-element_type=\"section\">\n\t\t\t\t\t\t<div class=\"elementor-container elementor-column-gap-no\">\n\t\t\t\t\t<div class=\"elementor-column elementor-col-100 elementor-top-column elementor-element elementor-element-2b2b894\" data-id=\"2b2b894\" data-element_type=\"column\">\n\t\t\t<div class=\"elementor-widget-wrap elementor-element-populated\">\n\t\t\t\t\t\t<div class=\"elementor-element elementor-element-e6cd8cf elementor-widget elementor-widget-text-editor\" data-id=\"e6cd8cf\" data-element_type=\"widget\" data-widget_type=\"text-editor.default\">\n\t\t\t\t<div class=\"elementor-widget-container\">\n\t\t\t\t\t\t\t\t\t<p style=\"text-align: center;\"><span style=\"color: #999999;\">Pie de foto: Estudiantes de la carrera de Computaci\u00f3n mantuvieron una reuni\u00f3n con el rector Jorge Mina y expusieron el trabajo de los clubes que lideran<\/span><span style=\"color: #999999;\">.<\/span><\/p>\t\t\t\t\t\t\t\t<\/div>\n\t\t\t\t<\/div>\n\t\t\t\t\t<\/div>\n\t\t<\/div>\n\t\t\t\t\t<\/div>\n\t\t<\/section>\n\t\t\t\t<section class=\"elementor-section elementor-top-section elementor-element elementor-element-3d0f6cb elementor-section-boxed elementor-section-height-default elementor-section-height-default\" data-id=\"3d0f6cb\" data-element_type=\"section\">\n\t\t\t\t\t\t<div class=\"elementor-container elementor-column-gap-default\">\n\t\t\t\t\t<div class=\"elementor-column elementor-col-100 elementor-top-column elementor-element elementor-element-ae879ca\" data-id=\"ae879ca\" data-element_type=\"column\">\n\t\t\t<div class=\"elementor-widget-wrap\">\n\t\t\t\t\t\t\t<\/div>\n\t\t<\/div>\n\t\t\t\t\t<\/div>\n\t\t<\/section>\n\t\t\t\t<\/div>\n\t\t","protected":false},"excerpt":{"rendered":"<p>RESULTADOS POSITVOS PRESENTAN LOS CLUBES DE LA CARRERA DE COMPUTACI\u00d3N Estudiantes del Club de Optimizaci\u00f3n Matem\u00e1tica y Computacional y del Club de Programaci\u00f3n de la Universidad Polit\u00e9cnica Estatal del Carchi, hicieron una reuni\u00f3n corporativa sobre el trabajo que vienen desempe\u00f1ando y las acciones que tienen previsto realizar en el 2024, esto en presencia de Jorge [&hellip;]<\/p>\n","protected":false},"author":2,"featured_media":0,"parent":0,"menu_order":0,"comment_status":"closed","ping_status":"closed","template":"","meta":{"site-sidebar-layout":"default","site-content-layout":"","ast-site-content-layout":"default","site-content-style":"default","site-sidebar-style":"default","ast-global-header-display":"","ast-banner-title-visibility":"","ast-main-header-display":"","ast-hfb-above-header-display":"","ast-hfb-below-header-display":"","ast-hfb-mobile-header-display":"","site-post-title":"disabled","ast-breadcrumbs-content":"","ast-featured-img":"","footer-sml-layout":"","theme-transparent-header-meta":"","adv-header-id-meta":"","stick-header-meta":"","header-above-stick-meta":"","header-main-stick-meta":"","header-below-stick-meta":"","astra-migrate-meta-layouts":"set","ast-page-background-enabled":"default","ast-page-background-meta":{"desktop":{"background-color":"var(--ast-global-color-4)","background-image":"","background-repeat":"repeat","background-position":"center center","background-size":"auto","background-attachment":"scroll","background-type":"","background-media":"","overlay-type":"","overlay-color":"","overlay-opacity":"","overlay-gradient":""},"tablet":{"background-color":"","background-image":"","background-repeat":"repeat","background-position":"center center","background-size":"auto","background-attachment":"scroll","background-type":"","background-media":"","overlay-type":"","overlay-color":"","overlay-opacity":"","overlay-gradient":""},"mobile":{"background-color":"","background-image":"","background-repeat":"repeat","background-position":"center center","background-size":"auto","background-attachment":"scroll","background-type":"","background-media":"","overlay-type":"","overlay-color":"","overlay-opacity":"","overlay-gradient":""}},"ast-content-background-meta":{"desktop":{"background-color":"var(--ast-global-color-5)","background-image":"","background-repeat":"repeat","background-position":"center center","background-size":"auto","background-attachment":"scroll","background-type":"","background-media":"","overlay-type":"","overlay-color":"","overlay-opacity":"","overlay-gradient":""},"tablet":{"background-color":"var(--ast-global-color-5)","background-image":"","background-repeat":"repeat","background-position":"center center","background-size":"auto","background-attachment":"scroll","background-type":"","background-media":"","overlay-type":"","overlay-color":"","overlay-opacity":"","overlay-gradient":""},"mobile":{"background-color":"var(--ast-global-color-5)","background-image":"","background-repeat":"repeat","background-position":"center center","background-size":"auto","background-attachment":"scroll","background-type":"","background-media":"","overlay-type":"","overlay-color":"","overlay-opacity":"","overlay-gradient":""}},"footnotes":""},"class_list":["post-21051","page","type-page","status-publish","hentry"],"_links":{"self":[{"href":"https:\/\/upec.edu.ec\/index.php\/wp-json\/wp\/v2\/pages\/21051","targetHints":{"allow":["GET"]}}],"collection":[{"href":"https:\/\/upec.edu.ec\/index.php\/wp-json\/wp\/v2\/pages"}],"about":[{"href":"https:\/\/upec.edu.ec\/index.php\/wp-json\/wp\/v2\/types\/page"}],"author":[{"embeddable":true,"href":"https:\/\/upec.edu.ec\/index.php\/wp-json\/wp\/v2\/users\/2"}],"replies":[{"embeddable":true,"href":"https:\/\/upec.edu.ec\/index.php\/wp-json\/wp\/v2\/comments?post=21051"}],"version-history":[{"count":13,"href":"https:\/\/upec.edu.ec\/index.php\/wp-json\/wp\/v2\/pages\/21051\/revisions"}],"predecessor-version":[{"id":21079,"href":"https:\/\/upec.edu.ec\/index.php\/wp-json\/wp\/v2\/pages\/21051\/revisions\/21079"}],"wp:attachment":[{"href":"https:\/\/upec.edu.ec\/index.php\/wp-json\/wp\/v2\/media?parent=21051"}],"curies":[{"name":"wp","href":"https:\/\/api.w.org\/{rel}","templated":true}]}}