{"id":20680,"date":"2023-12-11T17:43:07","date_gmt":"2023-12-11T22:43:07","guid":{"rendered":"https:\/\/upec.edu.ec\/?page_id=20680"},"modified":"2023-12-11T17:49:08","modified_gmt":"2023-12-11T22:49:08","slug":"boletin-126","status":"publish","type":"page","link":"https:\/\/upec.edu.ec\/index.php\/boletin-126\/","title":{"rendered":"Bolet\u00edn 126"},"content":{"rendered":"\t\t<div data-elementor-type=\"wp-page\" data-elementor-id=\"20680\" class=\"elementor elementor-20680\">\n\t\t\t\t\t\t<section class=\"elementor-section elementor-top-section elementor-element elementor-element-86c772d elementor-section-full_width elementor-section-height-min-height elementor-section-items-top elementor-section-height-default\" data-id=\"86c772d\" data-element_type=\"section\">\n\t\t\t\t\t\t<div class=\"elementor-container elementor-column-gap-no\">\n\t\t\t\t\t<div class=\"elementor-column elementor-col-100 elementor-top-column elementor-element elementor-element-6caf56e\" data-id=\"6caf56e\" data-element_type=\"column\">\n\t\t\t<div class=\"elementor-widget-wrap elementor-element-populated\">\n\t\t\t\t\t\t<div class=\"elementor-element elementor-element-9fe77fd elementor-widget__width-auto elementor-widget elementor-widget-heading\" data-id=\"9fe77fd\" data-element_type=\"widget\" data-widget_type=\"heading.default\">\n\t\t\t\t<div class=\"elementor-widget-container\">\n\t\t\t\t\t<h2 class=\"elementor-heading-title elementor-size-default\">ACUERDO CON LA DIAN PROMUEVE MOVILIDAD ACAD\u00c9MICA<\/h2>\t\t\t\t<\/div>\n\t\t\t\t<\/div>\n\t\t\t\t<div class=\"elementor-element elementor-element-6256772 elementor-widget elementor-widget-heading\" data-id=\"6256772\" data-element_type=\"widget\" data-widget_type=\"heading.default\">\n\t\t\t\t<div class=\"elementor-widget-container\">\n\t\t\t\t\t<h2 class=\"elementor-heading-title elementor-size-default\">El fortalecimiento de las relaciones binacionales entre la Universidad Polit\u00e9cnica Estatal del Carchi (UPEC) y las instituciones colombianas se afianza con la firma de la alianza estrat\u00e9gica de la carrera Comercio Exterior y la Direcci\u00f3n de Impuestos y Aduanas Nacionales de Colombia (DIAN). El acuerdo interinstitucional proporcionar\u00e1 oportunidades excepcionales para estudiantes y docentes.<br><br>\n\nLa firma del acuerdo se llev\u00f3 a cabo en las oficinas de la DIAN y la efectu\u00f3 Gerardo Mera, director de la carrera Comercio Exterior y Oswaldo Gaviria, director de la DIAN en Ipiales-Nari\u00f1o. Como resultado de esta colaboraci\u00f3n se encuentra la creaci\u00f3n de espacios espec\u00edficos para estudiantes y docentes de la UPEC en la DIAN, facilitando as\u00ed movilidades y pasant\u00edas entre ambas naciones.<br><br>\n\nPara Gerardo Mera, \u201ceste hito representa un avance significativo en el fortalecimiento de la formaci\u00f3n acad\u00e9mica de nuestros estudiantes, brind\u00e1ndoles la oportunidad de obtener experiencia pr\u00e1ctica en el \u00e1mbito internacional y enriqueciendo su conocimiento en comercio exterior\u201d.<br><br>\n\nPor su parte Gaviria, director de la DIAN, comparti\u00f3 su visi\u00f3n sobre la alianza; \"la colaboraci\u00f3n con la UPEC es un paso significativo para fomentar el intercambio de conocimientos y experiencias entre nuestras instituciones. Estamos comprometidos a proporcionar un entorno propicio para el aprendizaje pr\u00e1ctico y a facilitar la integraci\u00f3n de los estudiantes en el \u00e1mbito profesional\".<br><br>\n\nLa Polit\u00e9cnica del Carchi y la DIAN celebran este logro conjunto y anticipan con entusiasmo los frutos de esta colaboraci\u00f3n, que contribuir\u00e1 al desarrollo integral de los estudiantes y fortalecer\u00e1 los lazos bilaterales en el \u00e1mbito acad\u00e9mico y profesional.<br><br><\/h2>\t\t\t\t<\/div>\n\t\t\t\t<\/div>\n\t\t\t\t\t<\/div>\n\t\t<\/div>\n\t\t\t\t\t<\/div>\n\t\t<\/section>\n\t\t\t\t<section class=\"elementor-section elementor-top-section elementor-element elementor-element-2cd4369 elementor-section-full_width elementor-section-height-min-height elementor-section-items-top elementor-section-height-default\" data-id=\"2cd4369\" data-element_type=\"section\">\n\t\t\t\t\t\t<div class=\"elementor-container elementor-column-gap-no\">\n\t\t\t\t\t<div class=\"elementor-column elementor-col-100 elementor-top-column elementor-element elementor-element-a7fd849\" data-id=\"a7fd849\" data-element_type=\"column\">\n\t\t\t<div class=\"elementor-widget-wrap elementor-element-populated\">\n\t\t\t\t\t\t<div class=\"elementor-element elementor-element-7d43ed9 elementor-widget__width-initial elementor-widget elementor-widget-image\" data-id=\"7d43ed9\" data-element_type=\"widget\" data-widget_type=\"image.default\">\n\t\t\t\t<div class=\"elementor-widget-container\">\n\t\t\t\t\t\t\t\t\t\t\t\t\t\t\t<img decoding=\"async\" src=\"https:\/\/upec.edu.ec\/wp-content\/uploads\/elementor\/thumbs\/boletin_126_01-e1702922183237-ralkdxx0n1hjs00kw9dmepxgut395vuyxux7ivhsyo.jpg\" title=\"boletin_126_01\" alt=\"boletin_126_01\" loading=\"lazy\" \/>\t\t\t\t\t\t\t\t\t\t\t\t\t\t\t<\/div>\n\t\t\t\t<\/div>\n\t\t\t\t<div class=\"elementor-element elementor-element-89d3d58 elementor-widget__width-initial elementor-widget elementor-widget-image\" data-id=\"89d3d58\" data-element_type=\"widget\" data-widget_type=\"image.default\">\n\t\t\t\t<div class=\"elementor-widget-container\">\n\t\t\t\t\t\t\t\t\t\t\t\t\t\t\t<img decoding=\"async\" src=\"https:\/\/upec.edu.ec\/wp-content\/uploads\/elementor\/thumbs\/boletin_126_02-ralkdxx0n1hjs00kw9dmepxgut395vuyxux7ivhsrq.jpg\" title=\"boletin_126_02\" alt=\"boletin_126_02\" loading=\"lazy\" \/>\t\t\t\t\t\t\t\t\t\t\t\t\t\t\t<\/div>\n\t\t\t\t<\/div>\n\t\t\t\t\t<\/div>\n\t\t<\/div>\n\t\t\t\t\t<\/div>\n\t\t<\/section>\n\t\t\t\t<section class=\"elementor-section elementor-top-section elementor-element elementor-element-b1f7cd2 elementor-section-full_width elementor-section-height-min-height elementor-section-items-top elementor-section-height-default\" data-id=\"b1f7cd2\" data-element_type=\"section\">\n\t\t\t\t\t\t<div class=\"elementor-container elementor-column-gap-no\">\n\t\t\t\t\t<div class=\"elementor-column elementor-col-100 elementor-top-column elementor-element elementor-element-2b2b894\" data-id=\"2b2b894\" data-element_type=\"column\">\n\t\t\t<div class=\"elementor-widget-wrap elementor-element-populated\">\n\t\t\t\t\t\t<div class=\"elementor-element elementor-element-3416fb5 elementor-widget elementor-widget-heading\" data-id=\"3416fb5\" data-element_type=\"widget\" data-widget_type=\"heading.default\">\n\t\t\t\t<div class=\"elementor-widget-container\">\n\t\t\t\t\t<h2 class=\"elementor-heading-title elementor-size-default\">Pie de foto: La firma del acuerdo se llev\u00f3 a cabo en las oficinas de la DIAN y la efectu\u00f3 Gerardo Mera, director de la carrera Comercio Exterior y Oswaldo Gaviria, director de la DIAN en Ipiales-Nari\u00f1o.<\/h2>\t\t\t\t<\/div>\n\t\t\t\t<\/div>\n\t\t\t\t\t<\/div>\n\t\t<\/div>\n\t\t\t\t\t<\/div>\n\t\t<\/section>\n\t\t\t\t<section class=\"elementor-section elementor-top-section elementor-element elementor-element-3d0f6cb elementor-section-boxed elementor-section-height-default elementor-section-height-default\" data-id=\"3d0f6cb\" data-element_type=\"section\">\n\t\t\t\t\t\t<div class=\"elementor-container elementor-column-gap-default\">\n\t\t\t\t\t<div class=\"elementor-column elementor-col-100 elementor-top-column elementor-element elementor-element-ae879ca\" data-id=\"ae879ca\" data-element_type=\"column\">\n\t\t\t<div class=\"elementor-widget-wrap\">\n\t\t\t\t\t\t\t<\/div>\n\t\t<\/div>\n\t\t\t\t\t<\/div>\n\t\t<\/section>\n\t\t\t\t<\/div>\n\t\t","protected":false},"excerpt":{"rendered":"<p>ACUERDO CON LA DIAN PROMUEVE MOVILIDAD ACAD\u00c9MICA El fortalecimiento de las relaciones binacionales entre la Universidad Polit\u00e9cnica Estatal del Carchi (UPEC) y las instituciones colombianas se afianza con la firma de la alianza estrat\u00e9gica de la carrera Comercio Exterior y la Direcci\u00f3n de Impuestos y Aduanas Nacionales de Colombia (DIAN). El acuerdo interinstitucional proporcionar\u00e1 oportunidades [&hellip;]<\/p>\n","protected":false},"author":2,"featured_media":0,"parent":0,"menu_order":0,"comment_status":"closed","ping_status":"closed","template":"","meta":{"site-sidebar-layout":"default","site-content-layout":"","ast-site-content-layout":"default","site-content-style":"default","site-sidebar-style":"default","ast-global-header-display":"","ast-banner-title-visibility":"","ast-main-header-display":"","ast-hfb-above-header-display":"","ast-hfb-below-header-display":"","ast-hfb-mobile-header-display":"","site-post-title":"disabled","ast-breadcrumbs-content":"","ast-featured-img":"","footer-sml-layout":"","theme-transparent-header-meta":"","adv-header-id-meta":"","stick-header-meta":"","header-above-stick-meta":"","header-main-stick-meta":"","header-below-stick-meta":"","astra-migrate-meta-layouts":"set","ast-page-background-enabled":"default","ast-page-background-meta":{"desktop":{"background-color":"var(--ast-global-color-4)","background-image":"","background-repeat":"repeat","background-position":"center center","background-size":"auto","background-attachment":"scroll","background-type":"","background-media":"","overlay-type":"","overlay-color":"","overlay-opacity":"","overlay-gradient":""},"tablet":{"background-color":"","background-image":"","background-repeat":"repeat","background-position":"center center","background-size":"auto","background-attachment":"scroll","background-type":"","background-media":"","overlay-type":"","overlay-color":"","overlay-opacity":"","overlay-gradient":""},"mobile":{"background-color":"","background-image":"","background-repeat":"repeat","background-position":"center center","background-size":"auto","background-attachment":"scroll","background-type":"","background-media":"","overlay-type":"","overlay-color":"","overlay-opacity":"","overlay-gradient":""}},"ast-content-background-meta":{"desktop":{"background-color":"var(--ast-global-color-5)","background-image":"","background-repeat":"repeat","background-position":"center center","background-size":"auto","background-attachment":"scroll","background-type":"","background-media":"","overlay-type":"","overlay-color":"","overlay-opacity":"","overlay-gradient":""},"tablet":{"background-color":"var(--ast-global-color-5)","background-image":"","background-repeat":"repeat","background-position":"center center","background-size":"auto","background-attachment":"scroll","background-type":"","background-media":"","overlay-type":"","overlay-color":"","overlay-opacity":"","overlay-gradient":""},"mobile":{"background-color":"var(--ast-global-color-5)","background-image":"","background-repeat":"repeat","background-position":"center center","background-size":"auto","background-attachment":"scroll","background-type":"","background-media":"","overlay-type":"","overlay-color":"","overlay-opacity":"","overlay-gradient":""}},"footnotes":""},"class_list":["post-20680","page","type-page","status-publish","hentry"],"_links":{"self":[{"href":"https:\/\/upec.edu.ec\/index.php\/wp-json\/wp\/v2\/pages\/20680","targetHints":{"allow":["GET"]}}],"collection":[{"href":"https:\/\/upec.edu.ec\/index.php\/wp-json\/wp\/v2\/pages"}],"about":[{"href":"https:\/\/upec.edu.ec\/index.php\/wp-json\/wp\/v2\/types\/page"}],"author":[{"embeddable":true,"href":"https:\/\/upec.edu.ec\/index.php\/wp-json\/wp\/v2\/users\/2"}],"replies":[{"embeddable":true,"href":"https:\/\/upec.edu.ec\/index.php\/wp-json\/wp\/v2\/comments?post=20680"}],"version-history":[{"count":13,"href":"https:\/\/upec.edu.ec\/index.php\/wp-json\/wp\/v2\/pages\/20680\/revisions"}],"predecessor-version":[{"id":20697,"href":"https:\/\/upec.edu.ec\/index.php\/wp-json\/wp\/v2\/pages\/20680\/revisions\/20697"}],"wp:attachment":[{"href":"https:\/\/upec.edu.ec\/index.php\/wp-json\/wp\/v2\/media?parent=20680"}],"curies":[{"name":"wp","href":"https:\/\/api.w.org\/{rel}","templated":true}]}}