{"id":19410,"date":"2023-11-07T17:56:41","date_gmt":"2023-11-07T22:56:41","guid":{"rendered":"https:\/\/upec.edu.ec\/?page_id=19410"},"modified":"2023-11-08T16:03:13","modified_gmt":"2023-11-08T21:03:13","slug":"boletin-116","status":"publish","type":"page","link":"https:\/\/upec.edu.ec\/index.php\/boletin-116\/","title":{"rendered":"Bolet\u00edn 116"},"content":{"rendered":"\t\t<div data-elementor-type=\"wp-page\" data-elementor-id=\"19410\" class=\"elementor elementor-19410\">\n\t\t\t\t\t\t<section class=\"elementor-section elementor-top-section elementor-element elementor-element-86c772d elementor-section-full_width elementor-section-height-min-height elementor-section-items-top elementor-section-height-default\" data-id=\"86c772d\" data-element_type=\"section\">\n\t\t\t\t\t\t<div class=\"elementor-container elementor-column-gap-no\">\n\t\t\t\t\t<div class=\"elementor-column elementor-col-100 elementor-top-column elementor-element elementor-element-6caf56e\" data-id=\"6caf56e\" data-element_type=\"column\">\n\t\t\t<div class=\"elementor-widget-wrap elementor-element-populated\">\n\t\t\t\t\t\t<div class=\"elementor-element elementor-element-9fe77fd elementor-widget__width-auto elementor-widget elementor-widget-heading\" data-id=\"9fe77fd\" data-element_type=\"widget\" data-widget_type=\"heading.default\">\n\t\t\t\t<div class=\"elementor-widget-container\">\n\t\t\t\t\t<h2 class=\"elementor-heading-title elementor-size-default\">LA UPEC CUMPLE AGENDA ACAD\u00c9MICA POR LA SOSTENIBILIDAD<\/h2>\t\t\t\t<\/div>\n\t\t\t\t<\/div>\n\t\t\t\t<div class=\"elementor-element elementor-element-6256772 elementor-widget elementor-widget-heading\" data-id=\"6256772\" data-element_type=\"widget\" data-widget_type=\"heading.default\">\n\t\t\t\t<div class=\"elementor-widget-container\">\n\t\t\t\t\t<h2 class=\"elementor-heading-title elementor-size-default\">El Club de Sostenibilidad y el Semillero de Investigaci\u00f3n \u201cSustainability in Higher Education\u201d, de la carrera Comercio Exterior de la Universidad Polit\u00e9cnica Estatal del Carchi (UPEC), participaron de varios encuentros acad\u00e9micos internacionales para dar a conocer y afianzar el proceso de investigaci\u00f3n hacia una educaci\u00f3n superior sostenible, que llevan en comuni\u00f3n l\u00edderes estudiantiles y docentes de la UPEC.<br><br>\n\nLa agenda cumplida por el estudiante Juan Imbago y el docente Jaime Moreno, inici\u00f3 en el evento \"Gesti\u00f3n de Sostenibilidad en Instituciones de Educaci\u00f3n Superior (IES)\", organizado en el campus de la Universidad San Francisco de Quito (USFQ); mismo que cont\u00f3 con actividades relacionadas al taller nacional del Ranking Green Metrics para las IES en Ecuador, con el objetivo de promover el uso de herramientas de gesti\u00f3n de sostenibilidad para fortalecer su desempe\u00f1o.<br><br>\n\nLa Direcci\u00f3n de Planificaci\u00f3n y el equipo de Posgrados de la UPEC, tambi\u00e9n asistieron al evento en el que lograron compartir con la delegaci\u00f3n de Green Metrics de Indonesia, expertos que brindaron detalles sobre c\u00f3mo aprovechar este ranking de reconocimiento mundial y mejorar la gesti\u00f3n de la sostenibilidad en las universidades.<br><br>\n\nMientras que, en la Universidad del Valle - Cali, la representaci\u00f3n de la UPEC, estuvo presente en el \"Encuentro Internacional de Investigadores en Administraci\u00f3n\u201d, en donde se present\u00f3 la ponencia internacional y el art\u00edculo cient\u00edfico seleccionado por pares ciegos internacionales; \"Gesti\u00f3n acad\u00e9mica y pol\u00edtica institucional para la sostenibilidad en la educaci\u00f3n superior - Estudio de caso UPEC\". <br> <br>\n\nFinalmente, Imbago y Moreno, asistieron a la \"S\u00e9ptima Convenci\u00f3n Cient\u00edfica Internacional de la Universidad T\u00e9cnica de Manab\u00ed\". Durante este evento, se present\u00f3 dos ponencias que estar\u00e1n publicadas en el libro de memorias internacionales de la UTM. Las tem\u00e1ticas presentadas: \u201cEl liderazgo electr\u00f3nico como estrategia de mejora continua en las instituciones de educaci\u00f3n superior (IES)\u201d y \u201cLa Importancia de la Gesti\u00f3n Acad\u00e9mica para la Sostenibilidad en la Educaci\u00f3n Superior\u201d.<br><br>\n\nEstas experiencias permiten el intercambio de conocimientos y la creaci\u00f3n de colaboraciones en pro de un futuro m\u00e1s sostenible, marcando el inicio de la formaci\u00f3n de una red de sostenibilidad en instituciones de educaci\u00f3n superior del Ecuador y la regi\u00f3n.<\/h2>\t\t\t\t<\/div>\n\t\t\t\t<\/div>\n\t\t\t\t\t<\/div>\n\t\t<\/div>\n\t\t\t\t\t<\/div>\n\t\t<\/section>\n\t\t\t\t<section class=\"elementor-section elementor-top-section elementor-element elementor-element-2cd4369 elementor-section-full_width elementor-section-height-min-height elementor-section-items-top elementor-section-height-default\" data-id=\"2cd4369\" data-element_type=\"section\">\n\t\t\t\t\t\t<div class=\"elementor-container elementor-column-gap-no\">\n\t\t\t\t\t<div class=\"elementor-column elementor-col-100 elementor-top-column elementor-element elementor-element-a7fd849\" data-id=\"a7fd849\" data-element_type=\"column\">\n\t\t\t<div class=\"elementor-widget-wrap elementor-element-populated\">\n\t\t\t\t\t\t<div class=\"elementor-element elementor-element-7d43ed9 elementor-widget elementor-widget-image\" data-id=\"7d43ed9\" data-element_type=\"widget\" data-widget_type=\"image.default\">\n\t\t\t\t<div class=\"elementor-widget-container\">\n\t\t\t\t\t\t\t\t\t\t\t\t\t\t\t<img decoding=\"async\" src=\"https:\/\/upec.edu.ec\/wp-content\/uploads\/elementor\/thumbs\/boletin_116_01-ralkdxx0145ic5cqe635mhy87kg4tcxccevj0engn6.jpg\" title=\"boletin_116_01\" alt=\"boletin_116_01\" loading=\"lazy\" \/>\t\t\t\t\t\t\t\t\t\t\t\t\t\t\t<\/div>\n\t\t\t\t<\/div>\n\t\t\t\t<div class=\"elementor-element elementor-element-51c67b6 elementor-widget elementor-widget-image\" data-id=\"51c67b6\" data-element_type=\"widget\" data-widget_type=\"image.default\">\n\t\t\t\t<div class=\"elementor-widget-container\">\n\t\t\t\t\t\t\t\t\t\t\t\t\t\t\t<img decoding=\"async\" src=\"https:\/\/upec.edu.ec\/wp-content\/uploads\/elementor\/thumbs\/boletin_116_02-ralkdxx0145ic5cqe635mhy87kg4tcxccevj0engn6.jpg\" title=\"boletin_116_02\" alt=\"boletin_116_02\" loading=\"lazy\" \/>\t\t\t\t\t\t\t\t\t\t\t\t\t\t\t<\/div>\n\t\t\t\t<\/div>\n\t\t\t\t\t<\/div>\n\t\t<\/div>\n\t\t\t\t\t<\/div>\n\t\t<\/section>\n\t\t\t\t<section class=\"elementor-section elementor-top-section elementor-element elementor-element-b1f7cd2 elementor-section-full_width elementor-section-height-min-height elementor-section-items-top elementor-section-height-default\" data-id=\"b1f7cd2\" data-element_type=\"section\">\n\t\t\t\t\t\t<div class=\"elementor-container elementor-column-gap-no\">\n\t\t\t\t\t<div class=\"elementor-column elementor-col-100 elementor-top-column elementor-element elementor-element-2b2b894\" data-id=\"2b2b894\" data-element_type=\"column\">\n\t\t\t<div class=\"elementor-widget-wrap elementor-element-populated\">\n\t\t\t\t\t\t<div class=\"elementor-element elementor-element-3416fb5 elementor-widget elementor-widget-heading\" data-id=\"3416fb5\" data-element_type=\"widget\" data-widget_type=\"heading.default\">\n\t\t\t\t<div class=\"elementor-widget-container\">\n\t\t\t\t\t<h2 class=\"elementor-heading-title elementor-size-default\">Pie de foto: Entre varias actividades cumplidas, una delegaci\u00f3n de la UPEC estuvo presente en el al taller nacional del Ranking Green Metrics para las IES en Ecuador.<\/h2>\t\t\t\t<\/div>\n\t\t\t\t<\/div>\n\t\t\t\t\t<\/div>\n\t\t<\/div>\n\t\t\t\t\t<\/div>\n\t\t<\/section>\n\t\t\t\t<section class=\"elementor-section elementor-top-section elementor-element elementor-element-3d0f6cb elementor-section-boxed elementor-section-height-default elementor-section-height-default\" data-id=\"3d0f6cb\" data-element_type=\"section\">\n\t\t\t\t\t\t<div class=\"elementor-container elementor-column-gap-default\">\n\t\t\t\t\t<div class=\"elementor-column elementor-col-100 elementor-top-column elementor-element elementor-element-ae879ca\" data-id=\"ae879ca\" data-element_type=\"column\">\n\t\t\t<div class=\"elementor-widget-wrap\">\n\t\t\t\t\t\t\t<\/div>\n\t\t<\/div>\n\t\t\t\t\t<\/div>\n\t\t<\/section>\n\t\t\t\t<\/div>\n\t\t","protected":false},"excerpt":{"rendered":"<p>LA UPEC CUMPLE AGENDA ACAD\u00c9MICA POR LA SOSTENIBILIDAD El Club de Sostenibilidad y el Semillero de Investigaci\u00f3n \u201cSustainability in Higher Education\u201d, de la carrera Comercio Exterior de la Universidad Polit\u00e9cnica Estatal del Carchi (UPEC), participaron de varios encuentros acad\u00e9micos internacionales para dar a conocer y afianzar el proceso de investigaci\u00f3n hacia una educaci\u00f3n superior sostenible, [&hellip;]<\/p>\n","protected":false},"author":2,"featured_media":0,"parent":0,"menu_order":0,"comment_status":"closed","ping_status":"closed","template":"","meta":{"site-sidebar-layout":"default","site-content-layout":"","ast-site-content-layout":"default","site-content-style":"default","site-sidebar-style":"default","ast-global-header-display":"","ast-banner-title-visibility":"","ast-main-header-display":"","ast-hfb-above-header-display":"","ast-hfb-below-header-display":"","ast-hfb-mobile-header-display":"","site-post-title":"disabled","ast-breadcrumbs-content":"","ast-featured-img":"","footer-sml-layout":"","theme-transparent-header-meta":"","adv-header-id-meta":"","stick-header-meta":"","header-above-stick-meta":"","header-main-stick-meta":"","header-below-stick-meta":"","astra-migrate-meta-layouts":"set","ast-page-background-enabled":"default","ast-page-background-meta":{"desktop":{"background-color":"var(--ast-global-color-4)","background-image":"","background-repeat":"repeat","background-position":"center center","background-size":"auto","background-attachment":"scroll","background-type":"","background-media":"","overlay-type":"","overlay-color":"","overlay-opacity":"","overlay-gradient":""},"tablet":{"background-color":"","background-image":"","background-repeat":"repeat","background-position":"center center","background-size":"auto","background-attachment":"scroll","background-type":"","background-media":"","overlay-type":"","overlay-color":"","overlay-opacity":"","overlay-gradient":""},"mobile":{"background-color":"","background-image":"","background-repeat":"repeat","background-position":"center center","background-size":"auto","background-attachment":"scroll","background-type":"","background-media":"","overlay-type":"","overlay-color":"","overlay-opacity":"","overlay-gradient":""}},"ast-content-background-meta":{"desktop":{"background-color":"var(--ast-global-color-5)","background-image":"","background-repeat":"repeat","background-position":"center center","background-size":"auto","background-attachment":"scroll","background-type":"","background-media":"","overlay-type":"","overlay-color":"","overlay-opacity":"","overlay-gradient":""},"tablet":{"background-color":"var(--ast-global-color-5)","background-image":"","background-repeat":"repeat","background-position":"center center","background-size":"auto","background-attachment":"scroll","background-type":"","background-media":"","overlay-type":"","overlay-color":"","overlay-opacity":"","overlay-gradient":""},"mobile":{"background-color":"var(--ast-global-color-5)","background-image":"","background-repeat":"repeat","background-position":"center center","background-size":"auto","background-attachment":"scroll","background-type":"","background-media":"","overlay-type":"","overlay-color":"","overlay-opacity":"","overlay-gradient":""}},"footnotes":""},"class_list":["post-19410","page","type-page","status-publish","hentry"],"_links":{"self":[{"href":"https:\/\/upec.edu.ec\/index.php\/wp-json\/wp\/v2\/pages\/19410","targetHints":{"allow":["GET"]}}],"collection":[{"href":"https:\/\/upec.edu.ec\/index.php\/wp-json\/wp\/v2\/pages"}],"about":[{"href":"https:\/\/upec.edu.ec\/index.php\/wp-json\/wp\/v2\/types\/page"}],"author":[{"embeddable":true,"href":"https:\/\/upec.edu.ec\/index.php\/wp-json\/wp\/v2\/users\/2"}],"replies":[{"embeddable":true,"href":"https:\/\/upec.edu.ec\/index.php\/wp-json\/wp\/v2\/comments?post=19410"}],"version-history":[{"count":13,"href":"https:\/\/upec.edu.ec\/index.php\/wp-json\/wp\/v2\/pages\/19410\/revisions"}],"predecessor-version":[{"id":19428,"href":"https:\/\/upec.edu.ec\/index.php\/wp-json\/wp\/v2\/pages\/19410\/revisions\/19428"}],"wp:attachment":[{"href":"https:\/\/upec.edu.ec\/index.php\/wp-json\/wp\/v2\/media?parent=19410"}],"curies":[{"name":"wp","href":"https:\/\/api.w.org\/{rel}","templated":true}]}}