{"id":14875,"date":"2023-08-23T10:54:43","date_gmt":"2023-08-23T15:54:43","guid":{"rendered":"http:\/\/prueba.upec.edu.ec\/?page_id=14875"},"modified":"2023-09-03T09:46:21","modified_gmt":"2023-09-03T14:46:21","slug":"boletin_002_sostenibilidad","status":"publish","type":"page","link":"https:\/\/upec.edu.ec\/index.php\/boletin_002_sostenibilidad\/","title":{"rendered":"Bolet\u00edn 002_sostenibilidad"},"content":{"rendered":"\t\t<div data-elementor-type=\"wp-page\" data-elementor-id=\"14875\" class=\"elementor elementor-14875\">\n\t\t\t\t\t\t<section class=\"elementor-section elementor-top-section elementor-element elementor-element-86c772d elementor-section-full_width elementor-section-height-min-height elementor-section-items-top elementor-section-height-default\" data-id=\"86c772d\" data-element_type=\"section\">\n\t\t\t\t\t\t<div class=\"elementor-container elementor-column-gap-no\">\n\t\t\t\t\t<div class=\"elementor-column elementor-col-100 elementor-top-column elementor-element elementor-element-6caf56e\" data-id=\"6caf56e\" data-element_type=\"column\">\n\t\t\t<div class=\"elementor-widget-wrap elementor-element-populated\">\n\t\t\t\t\t\t<div class=\"elementor-element elementor-element-9fe77fd elementor-widget__width-auto elementor-widget elementor-widget-heading\" data-id=\"9fe77fd\" data-element_type=\"widget\" data-widget_type=\"heading.default\">\n\t\t\t\t<div class=\"elementor-widget-container\">\n\t\t\t\t\t<h2 class=\"elementor-heading-title elementor-size-default\">CLUB DE SOSTENIBILIDAD IMPULSA LA ESPERANZA VERDE <\/h2>\t\t\t\t<\/div>\n\t\t\t\t<\/div>\n\t\t\t\t<div class=\"elementor-element elementor-element-6256772 elementor-widget elementor-widget-heading\" data-id=\"6256772\" data-element_type=\"widget\" data-widget_type=\"heading.default\">\n\t\t\t\t<div class=\"elementor-widget-container\">\n\t\t\t\t\t<h2 class=\"elementor-heading-title elementor-size-default\">El Club de Sostenibilidad de la Polit\u00e9cnica del Carchi conmemor\u00f3 el d\u00eda mundial de la educaci\u00f3n ambiental, promoviendo buenas pr\u00e1cticas en una noche sostenible denominada \u201cGreen Hope\u201d.<br> <br>\nLa velada incluy\u00f3 una propuesta innovadora para el ahorro de energ\u00eda el\u00e9ctrica, se recorri\u00f3 el campus universitario con faroles elaborados con materiales reciclados, la concha ac\u00fastica fue el escenario para la integraci\u00f3n de los estudiantes con autoridades y docentes, y luego en el programa, los integrantes del club rindieron un tributo a la sostenibilidad con diferentes expresiones art\u00edsticas.<br> <br>\n\nJuan Pablo Imbaquingo, presidente del club de sostenibilidad, indic\u00f3 que esta actividad se convierte en la plataforma para visibilizar el trabajo que vienen desarrollando en la universidad para promover las practicas sostenibles, adem\u00e1s realiza una invitaci\u00f3n para que los alumnos y docentes se unan al club.<br> <br> \n\nJorge Mina, Rector de la UPEC, felicit\u00f3 a los j\u00f3venes por la iniciativa y los anim\u00f3 a continuar con este tipo de activaciones que demuestran el compromiso con su universidad. Tambi\u00e9n manifest\u00f3 que gracias a estos eventos la Polit\u00e9cnica del Carchi hoy en d\u00eda es la segunda universidad en Ecuador con mejores pr\u00e1cticas sostenibles.<br><br>\n\nEl club se conform\u00f3 por treinta estudiantes en junio de 2022 y actualmente cincuenta j\u00f3venes ya persiguen la esperanza verde.  <\/h2>\t\t\t\t<\/div>\n\t\t\t\t<\/div>\n\t\t\t\t\t<\/div>\n\t\t<\/div>\n\t\t\t\t\t<\/div>\n\t\t<\/section>\n\t\t\t\t<section class=\"elementor-section elementor-top-section elementor-element elementor-element-2cd4369 elementor-section-full_width elementor-section-height-min-height elementor-section-items-top elementor-section-height-default\" data-id=\"2cd4369\" data-element_type=\"section\">\n\t\t\t\t\t\t<div class=\"elementor-container elementor-column-gap-no\">\n\t\t\t\t\t<div class=\"elementor-column elementor-col-100 elementor-top-column elementor-element elementor-element-a7fd849\" data-id=\"a7fd849\" data-element_type=\"column\">\n\t\t\t<div class=\"elementor-widget-wrap elementor-element-populated\">\n\t\t\t\t\t\t<div class=\"elementor-element elementor-element-e36ec55 elementor-widget elementor-widget-image\" data-id=\"e36ec55\" data-element_type=\"widget\" data-widget_type=\"image.default\">\n\t\t\t\t<div class=\"elementor-widget-container\">\n\t\t\t\t\t\t\t\t\t\t\t\t\t\t\t<img decoding=\"async\" src=\"https:\/\/upec.edu.ec\/wp-content\/uploads\/elementor\/thumbs\/Boletin002_01_s-ralkdxx0145ic5cqe635mhy87kg4tcxccevj0engn6.jpg\" title=\"Boletin002_01_s\" alt=\"Boletin002_01_s\" loading=\"lazy\" \/>\t\t\t\t\t\t\t\t\t\t\t\t\t\t\t<\/div>\n\t\t\t\t<\/div>\n\t\t\t\t<div class=\"elementor-element elementor-element-f81d4f1 elementor-widget elementor-widget-image\" data-id=\"f81d4f1\" data-element_type=\"widget\" data-widget_type=\"image.default\">\n\t\t\t\t<div class=\"elementor-widget-container\">\n\t\t\t\t\t\t\t\t\t\t\t\t\t\t\t<img decoding=\"async\" src=\"https:\/\/upec.edu.ec\/wp-content\/uploads\/elementor\/thumbs\/Boletin002_02_s-ralkdxx0145ic5cqe635mhy87kg4tcxccevj0engn6.jpg\" title=\"Boletin002_02_s\" alt=\"Boletin002_02_s\" loading=\"lazy\" \/>\t\t\t\t\t\t\t\t\t\t\t\t\t\t\t<\/div>\n\t\t\t\t<\/div>\n\t\t\t\t<div class=\"elementor-element elementor-element-0924bc6 elementor-widget elementor-widget-image\" data-id=\"0924bc6\" data-element_type=\"widget\" data-widget_type=\"image.default\">\n\t\t\t\t<div class=\"elementor-widget-container\">\n\t\t\t\t\t\t\t\t\t\t\t\t\t\t\t<img decoding=\"async\" src=\"https:\/\/upec.edu.ec\/wp-content\/uploads\/elementor\/thumbs\/Boletin002_03_s-ralkdxx0145ic5cqe635mhy87kg4tcxccevj0engn6.jpg\" title=\"Boletin002_03_s\" alt=\"Boletin002_03_s\" loading=\"lazy\" \/>\t\t\t\t\t\t\t\t\t\t\t\t\t\t\t<\/div>\n\t\t\t\t<\/div>\n\t\t\t\t<div class=\"elementor-element elementor-element-732d175 elementor-widget elementor-widget-heading\" data-id=\"732d175\" data-element_type=\"widget\" data-widget_type=\"heading.default\">\n\t\t\t\t<div class=\"elementor-widget-container\">\n\t\t\t\t\t<h2 class=\"elementor-heading-title elementor-size-default\">Pie de foto: Estudiantes y docentes de las carreras que conforman la FCIIAEE dialogaron con el rector de manera directa para abordar los temas de inter\u00e9s y promover mejoras y cada \u00e1rea.<\/h2>\t\t\t\t<\/div>\n\t\t\t\t<\/div>\n\t\t\t\t\t<\/div>\n\t\t<\/div>\n\t\t\t\t\t<\/div>\n\t\t<\/section>\n\t\t\t\t<section class=\"elementor-section elementor-top-section elementor-element elementor-element-a946e7a elementor-section-full_width elementor-section-height-min-height elementor-section-items-top elementor-section-height-default\" data-id=\"a946e7a\" data-element_type=\"section\">\n\t\t\t\t\t\t<div class=\"elementor-container elementor-column-gap-no\">\n\t\t\t\t\t<div class=\"elementor-column elementor-col-100 elementor-top-column elementor-element elementor-element-a92f290\" data-id=\"a92f290\" data-element_type=\"column\">\n\t\t\t<div class=\"elementor-widget-wrap\">\n\t\t\t\t\t\t\t<\/div>\n\t\t<\/div>\n\t\t\t\t\t<\/div>\n\t\t<\/section>\n\t\t\t\t<\/div>\n\t\t","protected":false},"excerpt":{"rendered":"<p>CLUB DE SOSTENIBILIDAD IMPULSA LA ESPERANZA VERDE El Club de Sostenibilidad de la Polit\u00e9cnica del Carchi conmemor\u00f3 el d\u00eda mundial de la educaci\u00f3n ambiental, promoviendo buenas pr\u00e1cticas en una noche sostenible denominada \u201cGreen Hope\u201d. La velada incluy\u00f3 una propuesta innovadora para el ahorro de energ\u00eda el\u00e9ctrica, se recorri\u00f3 el campus universitario con faroles elaborados con [&hellip;]<\/p>\n","protected":false},"author":2,"featured_media":0,"parent":0,"menu_order":0,"comment_status":"closed","ping_status":"closed","template":"","meta":{"site-sidebar-layout":"default","site-content-layout":"","ast-site-content-layout":"default","site-content-style":"default","site-sidebar-style":"default","ast-global-header-display":"","ast-banner-title-visibility":"","ast-main-header-display":"","ast-hfb-above-header-display":"","ast-hfb-below-header-display":"","ast-hfb-mobile-header-display":"","site-post-title":"disabled","ast-breadcrumbs-content":"","ast-featured-img":"","footer-sml-layout":"","theme-transparent-header-meta":"","adv-header-id-meta":"","stick-header-meta":"","header-above-stick-meta":"","header-main-stick-meta":"","header-below-stick-meta":"","astra-migrate-meta-layouts":"set","ast-page-background-enabled":"default","ast-page-background-meta":{"desktop":{"background-color":"var(--ast-global-color-4)","background-image":"","background-repeat":"repeat","background-position":"center center","background-size":"auto","background-attachment":"scroll","background-type":"","background-media":"","overlay-type":"","overlay-color":"","overlay-opacity":"","overlay-gradient":""},"tablet":{"background-color":"","background-image":"","background-repeat":"repeat","background-position":"center center","background-size":"auto","background-attachment":"scroll","background-type":"","background-media":"","overlay-type":"","overlay-color":"","overlay-opacity":"","overlay-gradient":""},"mobile":{"background-color":"","background-image":"","background-repeat":"repeat","background-position":"center center","background-size":"auto","background-attachment":"scroll","background-type":"","background-media":"","overlay-type":"","overlay-color":"","overlay-opacity":"","overlay-gradient":""}},"ast-content-background-meta":{"desktop":{"background-color":"var(--ast-global-color-5)","background-image":"","background-repeat":"repeat","background-position":"center center","background-size":"auto","background-attachment":"scroll","background-type":"","background-media":"","overlay-type":"","overlay-color":"","overlay-opacity":"","overlay-gradient":""},"tablet":{"background-color":"var(--ast-global-color-5)","background-image":"","background-repeat":"repeat","background-position":"center center","background-size":"auto","background-attachment":"scroll","background-type":"","background-media":"","overlay-type":"","overlay-color":"","overlay-opacity":"","overlay-gradient":""},"mobile":{"background-color":"var(--ast-global-color-5)","background-image":"","background-repeat":"repeat","background-position":"center center","background-size":"auto","background-attachment":"scroll","background-type":"","background-media":"","overlay-type":"","overlay-color":"","overlay-opacity":"","overlay-gradient":""}},"footnotes":""},"class_list":["post-14875","page","type-page","status-publish","hentry"],"_links":{"self":[{"href":"https:\/\/upec.edu.ec\/index.php\/wp-json\/wp\/v2\/pages\/14875","targetHints":{"allow":["GET"]}}],"collection":[{"href":"https:\/\/upec.edu.ec\/index.php\/wp-json\/wp\/v2\/pages"}],"about":[{"href":"https:\/\/upec.edu.ec\/index.php\/wp-json\/wp\/v2\/types\/page"}],"author":[{"embeddable":true,"href":"https:\/\/upec.edu.ec\/index.php\/wp-json\/wp\/v2\/users\/2"}],"replies":[{"embeddable":true,"href":"https:\/\/upec.edu.ec\/index.php\/wp-json\/wp\/v2\/comments?post=14875"}],"version-history":[{"count":23,"href":"https:\/\/upec.edu.ec\/index.php\/wp-json\/wp\/v2\/pages\/14875\/revisions"}],"predecessor-version":[{"id":16194,"href":"https:\/\/upec.edu.ec\/index.php\/wp-json\/wp\/v2\/pages\/14875\/revisions\/16194"}],"wp:attachment":[{"href":"https:\/\/upec.edu.ec\/index.php\/wp-json\/wp\/v2\/media?parent=14875"}],"curies":[{"name":"wp","href":"https:\/\/api.w.org\/{rel}","templated":true}]}}